{"id":4403,"date":"2019-12-18T08:51:04","date_gmt":"2019-12-18T07:51:04","guid":{"rendered":"http:\/\/www.ub.edu\/grop\/?page_id=4403"},"modified":"2024-12-11T10:52:56","modified_gmt":"2024-12-11T09:52:56","slug":"happy","status":"publish","type":"page","link":"https:\/\/www.ub.edu\/grop\/happy\/","title":{"rendered":"VIDEOJOC HAPPY 8-12"},"content":{"rendered":"\t\t<div data-elementor-type=\"wp-post\" data-elementor-id=\"4403\" class=\"elementor elementor-4403\">\n\t\t\t\t\t\t<section class=\"elementor-section elementor-top-section elementor-element elementor-element-43063cc elementor-section-full_width elementor-section-height-default elementor-section-height-default\" data-id=\"43063cc\" data-element_type=\"section\" data-e-type=\"section\">\n\t\t\t\t\t\t<div class=\"elementor-container elementor-column-gap-default\">\n\t\t\t\t\t<div class=\"elementor-column elementor-col-100 elementor-top-column elementor-element elementor-element-687ad76\" data-id=\"687ad76\" data-element_type=\"column\" data-e-type=\"column\">\n\t\t\t<div class=\"elementor-widget-wrap elementor-element-populated\">\n\t\t\t\t\t\t<section class=\"elementor-section elementor-inner-section elementor-element elementor-element-ea4076d elementor-section-boxed elementor-section-height-default elementor-section-height-default\" data-id=\"ea4076d\" data-element_type=\"section\" data-e-type=\"section\">\n\t\t\t\t\t\t<div class=\"elementor-container elementor-column-gap-default\">\n\t\t\t\t\t<div class=\"elementor-column elementor-col-50 elementor-inner-column elementor-element elementor-element-c3df0e3\" data-id=\"c3df0e3\" data-element_type=\"column\" data-e-type=\"column\">\n\t\t\t<div class=\"elementor-widget-wrap elementor-element-populated\">\n\t\t\t\t\t\t<div class=\"elementor-element elementor-element-085279d elementor-widget elementor-widget-image\" data-id=\"085279d\" data-element_type=\"widget\" data-e-type=\"widget\" data-widget_type=\"image.default\">\n\t\t\t\t<div class=\"elementor-widget-container\">\n\t\t\t\t\t\t\t\t\t\t\t\t\t\t\t<img fetchpriority=\"high\" decoding=\"async\" width=\"800\" height=\"566\" src=\"https:\/\/www.ub.edu\/grop\/wp-content\/uploads\/2020\/12\/Happy8-12-1-1024x725.png\" class=\"attachment-large size-large wp-image-5410\" alt=\"\" srcset=\"https:\/\/www.ub.edu\/grop\/wp-content\/uploads\/2020\/12\/Happy8-12-1-1024x725.png 1024w, https:\/\/www.ub.edu\/grop\/wp-content\/uploads\/2020\/12\/Happy8-12-1-300x212.png 300w, https:\/\/www.ub.edu\/grop\/wp-content\/uploads\/2020\/12\/Happy8-12-1-768x544.png 768w, https:\/\/www.ub.edu\/grop\/wp-content\/uploads\/2020\/12\/Happy8-12-1.png 1295w\" sizes=\"(max-width: 800px) 100vw, 800px\" \/>\t\t\t\t\t\t\t\t\t\t\t\t\t\t\t<\/div>\n\t\t\t\t<\/div>\n\t\t\t\t\t<\/div>\n\t\t<\/div>\n\t\t\t\t<div class=\"elementor-column elementor-col-50 elementor-inner-column elementor-element elementor-element-37cacfa\" data-id=\"37cacfa\" data-element_type=\"column\" data-e-type=\"column\">\n\t\t\t<div class=\"elementor-widget-wrap elementor-element-populated\">\n\t\t\t\t\t\t<div class=\"elementor-element elementor-element-ada96ce elementor-widget elementor-widget-heading\" data-id=\"ada96ce\" data-element_type=\"widget\" data-e-type=\"widget\" data-widget_type=\"heading.default\">\n\t\t\t\t<div class=\"elementor-widget-container\">\n\t\t\t\t\t<h2 class=\"elementor-heading-title elementor-size-medium\">VIDEOJOC HAPPY 8-12<\/h2>\t\t\t\t<\/div>\n\t\t\t\t<\/div>\n\t\t\t\t<div class=\"elementor-element elementor-element-4cd8c0b elementor-widget elementor-widget-text-editor\" data-id=\"4cd8c0b\" data-element_type=\"widget\" data-e-type=\"widget\" data-widget_type=\"text-editor.default\">\n\t\t\t\t<div class=\"elementor-widget-container\">\n\t\t\t\t\t\t\t\t\t<p>Si tens inter\u00e8s a disposar del videojoc &#8220;Happy 8-12&#8221;, envia&#8217;ns un missatge a: <a href=\"mailto:sct.convivencia@udl.cat\">sct.convivencia@udl.cat<\/a><\/p><p>Aquest videojoc est\u00e0 recomanat pel Departament d&#8217;Educaci\u00f3 com un recurs per la millora de la conviv\u00e8ncia als centres educatius, que t\u00e9 com a objectiu entrenar la gesti\u00f3 emocional dels infants i que est\u00e0 enfocat a la resoluci\u00f3 assertiva dels conflictes.<\/p><p>\u00a0<\/p>\t\t\t\t\t\t\t\t<\/div>\n\t\t\t\t<\/div>\n\t\t\t\t<div class=\"elementor-element elementor-element-687eecd elementor-align-center elementor-invisible elementor-widget elementor-widget-button\" data-id=\"687eecd\" data-element_type=\"widget\" data-e-type=\"widget\" data-settings=\"{&quot;_animation&quot;:&quot;pulse&quot;}\" data-widget_type=\"button.default\">\n\t\t\t\t<div class=\"elementor-widget-container\">\n\t\t\t\t\t\t\t\t\t<div class=\"elementor-button-wrapper\">\n\t\t\t\t\t<a class=\"elementor-button elementor-button-link elementor-size-lg\" href=\"https:\/\/www.ub.edu\/grop\/docs\/Happy8-12.pdf\" target=\"_blank\">\n\t\t\t\t\t\t<span class=\"elementor-button-content-wrapper\">\n\t\t\t\t\t\t\t\t\t<span class=\"elementor-button-text\">Descarregar guia interactiva<\/span>\n\t\t\t\t\t<\/span>\n\t\t\t\t\t<\/a>\n\t\t\t\t<\/div>\n\t\t\t\t\t\t\t\t<\/div>\n\t\t\t\t<\/div>\n\t\t\t\t\t<\/div>\n\t\t<\/div>\n\t\t\t\t\t<\/div>\n\t\t<\/section>\n\t\t\t\t<div class=\"elementor-element elementor-element-8945126 elementor-widget-divider--view-line elementor-widget elementor-widget-divider\" data-id=\"8945126\" data-element_type=\"widget\" data-e-type=\"widget\" data-widget_type=\"divider.default\">\n\t\t\t\t<div class=\"elementor-widget-container\">\n\t\t\t\t\t\t\t<div class=\"elementor-divider\">\n\t\t\t<span class=\"elementor-divider-separator\">\n\t\t\t\t\t\t<\/span>\n\t\t<\/div>\n\t\t\t\t\t\t<\/div>\n\t\t\t\t<\/div>\n\t\t\t\t<section class=\"elementor-section elementor-inner-section elementor-element elementor-element-444aeb4 elementor-section-boxed elementor-section-height-default elementor-section-height-default\" data-id=\"444aeb4\" data-element_type=\"section\" data-e-type=\"section\">\n\t\t\t\t\t\t<div class=\"elementor-container elementor-column-gap-default\">\n\t\t\t\t\t<div class=\"elementor-column elementor-col-50 elementor-inner-column elementor-element elementor-element-937fb40\" data-id=\"937fb40\" data-element_type=\"column\" data-e-type=\"column\">\n\t\t\t<div class=\"elementor-widget-wrap elementor-element-populated\">\n\t\t\t\t\t\t<div class=\"elementor-element elementor-element-9c82e69 elementor-widget elementor-widget-image\" data-id=\"9c82e69\" data-element_type=\"widget\" data-e-type=\"widget\" data-widget_type=\"image.default\">\n\t\t\t\t<div class=\"elementor-widget-container\">\n\t\t\t\t\t\t\t\t\t\t\t\t\t\t\t<img decoding=\"async\" width=\"800\" height=\"566\" src=\"https:\/\/www.ub.edu\/grop\/wp-content\/uploads\/2020\/12\/Happy12-16-1024x725.png\" class=\"attachment-large size-large wp-image-5409\" alt=\"\" srcset=\"https:\/\/www.ub.edu\/grop\/wp-content\/uploads\/2020\/12\/Happy12-16-1024x725.png 1024w, https:\/\/www.ub.edu\/grop\/wp-content\/uploads\/2020\/12\/Happy12-16-300x212.png 300w, https:\/\/www.ub.edu\/grop\/wp-content\/uploads\/2020\/12\/Happy12-16-768x544.png 768w, https:\/\/www.ub.edu\/grop\/wp-content\/uploads\/2020\/12\/Happy12-16.png 1295w\" sizes=\"(max-width: 800px) 100vw, 800px\" \/>\t\t\t\t\t\t\t\t\t\t\t\t\t\t\t<\/div>\n\t\t\t\t<\/div>\n\t\t\t\t\t<\/div>\n\t\t<\/div>\n\t\t\t\t<div class=\"elementor-column elementor-col-50 elementor-inner-column elementor-element elementor-element-878a691\" data-id=\"878a691\" data-element_type=\"column\" data-e-type=\"column\">\n\t\t\t<div class=\"elementor-widget-wrap elementor-element-populated\">\n\t\t\t\t\t\t<div class=\"elementor-element elementor-element-c38429b elementor-widget elementor-widget-heading\" data-id=\"c38429b\" data-element_type=\"widget\" data-e-type=\"widget\" data-widget_type=\"heading.default\">\n\t\t\t\t<div class=\"elementor-widget-container\">\n\t\t\t\t\t<h2 class=\"elementor-heading-title elementor-size-medium\">VIDEOJOC HAPPY 12-16<\/h2>\t\t\t\t<\/div>\n\t\t\t\t<\/div>\n\t\t\t\t<div class=\"elementor-element elementor-element-b02855e elementor-widget elementor-widget-text-editor\" data-id=\"b02855e\" data-element_type=\"widget\" data-e-type=\"widget\" data-widget_type=\"text-editor.default\">\n\t\t\t\t<div class=\"elementor-widget-container\">\n\t\t\t\t\t\t\t\t\t<p>Si tens inter\u00e8s a disposar del videojoc &#8220;Happy 12-16&#8221;, envia&#8217;ns un missatge a: <a href=\"mailto:sct.convivencia@udl.cat\">sct.convivencia@udl.cat<\/a><\/p><p>Aquest videojoc est\u00e0 recomanat pel Departament d&#8217;Educaci\u00f3 com un recurs per la millora de la conviv\u00e8ncia als centres educatius, que t\u00e9 com a objectiu entrenar la gesti\u00f3 emocional dels infants i que est\u00e0 enfocat a la resoluci\u00f3 assertiva dels conflictes.<\/p>\t\t\t\t\t\t\t\t<\/div>\n\t\t\t\t<\/div>\n\t\t\t\t<div class=\"elementor-element elementor-element-e581fb2 elementor-align-center elementor-invisible elementor-widget elementor-widget-button\" data-id=\"e581fb2\" data-element_type=\"widget\" data-e-type=\"widget\" data-settings=\"{&quot;_animation&quot;:&quot;pulse&quot;}\" data-widget_type=\"button.default\">\n\t\t\t\t<div class=\"elementor-widget-container\">\n\t\t\t\t\t\t\t\t\t<div class=\"elementor-button-wrapper\">\n\t\t\t\t\t<a class=\"elementor-button elementor-button-link elementor-size-lg\" href=\"https:\/\/www.ub.edu\/grop\/wp-content\/uploads\/2020\/12\/Happy12-16.pdf\" target=\"_blank\">\n\t\t\t\t\t\t<span class=\"elementor-button-content-wrapper\">\n\t\t\t\t\t\t\t\t\t<span class=\"elementor-button-text\">Descarregar guia interactiva<\/span>\n\t\t\t\t\t<\/span>\n\t\t\t\t\t<\/a>\n\t\t\t\t<\/div>\n\t\t\t\t\t\t\t\t<\/div>\n\t\t\t\t<\/div>\n\t\t\t\t\t<\/div>\n\t\t<\/div>\n\t\t\t\t\t<\/div>\n\t\t<\/section>\n\t\t\t\t\t<\/div>\n\t\t<\/div>\n\t\t\t\t\t<\/div>\n\t\t<\/section>\n\t\t\t\t<section class=\"elementor-section elementor-top-section elementor-element elementor-element-80d8da5 elementor-section-boxed elementor-section-height-default elementor-section-height-default\" data-id=\"80d8da5\" data-element_type=\"section\" data-e-type=\"section\">\n\t\t\t\t\t\t<div class=\"elementor-container elementor-column-gap-default\">\n\t\t\t\t\t<div class=\"elementor-column elementor-col-100 elementor-top-column elementor-element elementor-element-6354f3c\" data-id=\"6354f3c\" data-element_type=\"column\" data-e-type=\"column\">\n\t\t\t<div class=\"elementor-widget-wrap\">\n\t\t\t\t\t\t\t<\/div>\n\t\t<\/div>\n\t\t\t\t\t<\/div>\n\t\t<\/section>\n\t\t\t\t<\/div>\n\t\t","protected":false},"excerpt":{"rendered":"<p>VIDEOJOC HAPPY 8-12 Si tens inter\u00e8s a disposar del videojoc &#8220;Happy 8-12&#8221;, envia&#8217;ns un missatge a: sct.convivencia@udl.cat Aquest videojoc est\u00e0 recomanat pel Departament d&#8217;Educaci\u00f3 com un recurs per la millora de la conviv\u00e8ncia als centres educatius, que t\u00e9 com a objectiu entrenar la gesti\u00f3 emocional dels infants i que est\u00e0 enfocat a la resoluci\u00f3 assertiva [&hellip;]<\/p>\n","protected":false},"author":1,"featured_media":0,"parent":0,"menu_order":0,"comment_status":"closed","ping_status":"closed","template":"elementor_canvas","meta":{"footnotes":""},"class_list":["post-4403","page","type-page","status-publish","hentry"],"_links":{"self":[{"href":"https:\/\/www.ub.edu\/grop\/wp-json\/wp\/v2\/pages\/4403","targetHints":{"allow":["GET"]}}],"collection":[{"href":"https:\/\/www.ub.edu\/grop\/wp-json\/wp\/v2\/pages"}],"about":[{"href":"https:\/\/www.ub.edu\/grop\/wp-json\/wp\/v2\/types\/page"}],"author":[{"embeddable":true,"href":"https:\/\/www.ub.edu\/grop\/wp-json\/wp\/v2\/users\/1"}],"replies":[{"embeddable":true,"href":"https:\/\/www.ub.edu\/grop\/wp-json\/wp\/v2\/comments?post=4403"}],"version-history":[{"count":1,"href":"https:\/\/www.ub.edu\/grop\/wp-json\/wp\/v2\/pages\/4403\/revisions"}],"predecessor-version":[{"id":7104,"href":"https:\/\/www.ub.edu\/grop\/wp-json\/wp\/v2\/pages\/4403\/revisions\/7104"}],"wp:attachment":[{"href":"https:\/\/www.ub.edu\/grop\/wp-json\/wp\/v2\/media?parent=4403"}],"curies":[{"name":"wp","href":"https:\/\/api.w.org\/{rel}","templated":true}]}}