{"id":5601,"date":"2021-01-22T20:12:48","date_gmt":"2021-01-22T19:12:48","guid":{"rendered":"http:\/\/www.ub.edu\/grop\/?page_id=5601"},"modified":"2026-02-09T13:09:22","modified_gmt":"2026-02-09T12:09:22","slug":"informes-recerca","status":"publish","type":"page","link":"https:\/\/www.ub.edu\/grop\/informes-recerca\/","title":{"rendered":"Informes de recerca"},"content":{"rendered":"\t\t<div data-elementor-type=\"wp-page\" data-elementor-id=\"5601\" class=\"elementor elementor-5601\">\n\t\t\t\t\t\t<section class=\"elementor-section elementor-top-section elementor-element elementor-element-2649822 elementor-section-boxed elementor-section-height-default elementor-section-height-default\" data-id=\"2649822\" data-element_type=\"section\" data-e-type=\"section\">\n\t\t\t\t\t\t<div class=\"elementor-container elementor-column-gap-default\">\n\t\t\t\t\t<div class=\"elementor-column elementor-col-100 elementor-top-column elementor-element elementor-element-63b108e\" data-id=\"63b108e\" data-element_type=\"column\" data-e-type=\"column\">\n\t\t\t<div class=\"elementor-widget-wrap elementor-element-populated\">\n\t\t\t\t\t\t<div class=\"elementor-element elementor-element-cad48e7 elementor-widget elementor-widget-heading\" data-id=\"cad48e7\" data-element_type=\"widget\" data-e-type=\"widget\" data-widget_type=\"heading.default\">\n\t\t\t\t<div class=\"elementor-widget-container\">\n\t\t\t\t\t<h1 class=\"elementor-heading-title elementor-size-default\">INFORMES DE RECERCA<\/h1>\t\t\t\t<\/div>\n\t\t\t\t<\/div>\n\t\t\t\t\t<\/div>\n\t\t<\/div>\n\t\t\t\t\t<\/div>\n\t\t<\/section>\n\t\t\t\t<section class=\"elementor-section elementor-top-section elementor-element elementor-element-ebca02f elementor-section-boxed elementor-section-height-default elementor-section-height-default\" data-id=\"ebca02f\" data-element_type=\"section\" data-e-type=\"section\">\n\t\t\t\t\t\t<div class=\"elementor-container elementor-column-gap-default\">\n\t\t\t\t\t<div class=\"elementor-column elementor-col-100 elementor-top-column elementor-element elementor-element-c1ed901\" data-id=\"c1ed901\" data-element_type=\"column\" data-e-type=\"column\">\n\t\t\t<div class=\"elementor-widget-wrap elementor-element-populated\">\n\t\t\t\t\t\t<div class=\"elementor-element elementor-element-6ef9528 elementor-widget elementor-widget-shortcode\" data-id=\"6ef9528\" data-element_type=\"widget\" data-e-type=\"widget\" data-widget_type=\"shortcode.default\">\n\t\t\t\t<div class=\"elementor-widget-container\">\n\t\t\t\t\t\t\t<div class=\"elementor-shortcode\">\t\t<div data-elementor-type=\"wp-post\" data-elementor-id=\"5878\" class=\"elementor elementor-5878\">\n\t\t\t\t\t\t<section class=\"elementor-section elementor-top-section elementor-element elementor-element-f41b951 elementor-section-boxed elementor-section-height-default elementor-section-height-default\" data-id=\"f41b951\" data-element_type=\"section\" data-e-type=\"section\">\n\t\t\t\t\t\t<div class=\"elementor-container elementor-column-gap-default\">\n\t\t\t\t\t<div class=\"elementor-column elementor-col-100 elementor-top-column elementor-element elementor-element-015df73\" data-id=\"015df73\" data-element_type=\"column\" data-e-type=\"column\">\n\t\t\t<div class=\"elementor-widget-wrap elementor-element-populated\">\n\t\t\t\t\t\t<div class=\"elementor-element elementor-element-c578266 elementor-widget elementor-widget-heading\" data-id=\"c578266\" data-element_type=\"widget\" data-e-type=\"widget\" data-widget_type=\"heading.default\">\n\t\t\t\t<div class=\"elementor-widget-container\">\n\t\t\t\t\t<h2 class=\"elementor-heading-title elementor-size-default\">2021<\/h2>\t\t\t\t<\/div>\n\t\t\t\t<\/div>\n\t\t\t\t<div class=\"elementor-element elementor-element-1f3381b elementor-widget elementor-widget-text-editor\" data-id=\"1f3381b\" data-element_type=\"widget\" data-e-type=\"widget\" data-widget_type=\"text-editor.default\">\n\t\t\t\t<div class=\"elementor-widget-container\">\n\t\t\t\t\t\t\t\t\t<p>L\u00f3pez-Cass\u00e0, \u00c8. i P\u00e9rez-Escoda, N. (2021). La influ\u00e8ncia de les emocions en l\u2019educaci\u00f3 davant la COVID-19: El cas de Catalunya des de la percepci\u00f3 del professorat. Barcelona, Universitat de Barcelona. GROP. Document electr\u00f2nic. [Disponible a: <a href=\"https:\/\/hdl.handle.net\/2445\/180654\" target=\"_blank\" rel=\"noopener\">https:\/\/hdl.handle.net\/2445\/180654<\/a>]<\/p>\t\t\t\t\t\t\t\t<\/div>\n\t\t\t\t<\/div>\n\t\t\t\t<div class=\"elementor-element elementor-element-c754aca elementor-widget elementor-widget-text-editor\" data-id=\"c754aca\" data-element_type=\"widget\" data-e-type=\"widget\" data-widget_type=\"text-editor.default\">\n\t\t\t\t<div class=\"elementor-widget-container\">\n\t\t\t\t\t\t\t\t\t<p>P\u00e9rez-Escoda, N. y Velar Ceballos, K. (2021).\u00a0<i>Mem\u00f2ria final. Informe t\u00e8cnic d\u2019avaluaci\u00f3 del Programa Orientadors\/es Emocionalment Competents (POEC) desenvolupat per la Fundaci\u00f3 Gentis<\/i>. GROP. Document electr\u00f2nic. [Disponible en:\u00a0<a href=\"https:\/\/diposit.ub.edu\/dspace\/handle\/2445\/173436\" target=\"_blank\" rel=\"noopener noreferrer\" data-auth=\"NotApplicable\" data-linkindex=\"0\">https:\/\/diposit.ub.edu\/dspace\/handle\/2445\/173436]<\/a><\/p>\t\t\t\t\t\t\t\t<\/div>\n\t\t\t\t<\/div>\n\t\t\t\t<div class=\"elementor-element elementor-element-657eb1a elementor-widget elementor-widget-text-editor\" data-id=\"657eb1a\" data-element_type=\"widget\" data-e-type=\"widget\" data-widget_type=\"text-editor.default\">\n\t\t\t\t<div class=\"elementor-widget-container\">\n\t\t\t\t\t\t\t\t\t<p>P\u00e9rez-Escoda, N. (2021).\u00a0Informe de l\u2019estudi del projecte: India: angl\u00e8s i valors de \u201cLa Granja, Ability Training Center\u201d.\u00a0Barcelona. Universitat de Barcelona. GROP. Document electr\u00f2nic<\/p>\t\t\t\t\t\t\t\t<\/div>\n\t\t\t\t<\/div>\n\t\t\t\t\t<\/div>\n\t\t<\/div>\n\t\t\t\t\t<\/div>\n\t\t<\/section>\n\t\t\t\t<section class=\"elementor-section elementor-top-section elementor-element elementor-element-b3fb623 elementor-section-boxed elementor-section-height-default elementor-section-height-default\" data-id=\"b3fb623\" data-element_type=\"section\" data-e-type=\"section\">\n\t\t\t\t\t\t<div class=\"elementor-container elementor-column-gap-default\">\n\t\t\t\t\t<div class=\"elementor-column elementor-col-100 elementor-top-column elementor-element elementor-element-c6ad35d\" data-id=\"c6ad35d\" data-element_type=\"column\" data-e-type=\"column\">\n\t\t\t<div class=\"elementor-widget-wrap elementor-element-populated\">\n\t\t\t\t\t\t<div class=\"elementor-element elementor-element-50e02e4 elementor-widget elementor-widget-heading\" data-id=\"50e02e4\" data-element_type=\"widget\" data-e-type=\"widget\" data-widget_type=\"heading.default\">\n\t\t\t\t<div class=\"elementor-widget-container\">\n\t\t\t\t\t<h2 class=\"elementor-heading-title elementor-size-default\">2020<\/h2>\t\t\t\t<\/div>\n\t\t\t\t<\/div>\n\t\t\t\t<div class=\"elementor-element elementor-element-2c8a5d7 elementor-widget elementor-widget-text-editor\" data-id=\"2c8a5d7\" data-element_type=\"widget\" data-e-type=\"widget\" data-widget_type=\"text-editor.default\">\n\t\t\t\t<div class=\"elementor-widget-container\">\n\t\t\t\t\t\t\t\t\t<p>L\u00f3pez-Cass\u00e0 E y\u00a0P\u00e9rez-Escoda N. (2020<em>). \u00a0<a href=\"https:\/\/diposit.ub.edu\/dspace\/bitstream\/2445\/173449\/4\/2020_Informe_La%20influencia%20de%20las%20emociones%20en%20la%20educaci%c3%b3n%20ante%20la%20COVID-19.pdf\">La influencia de las emociones en la educaci\u00f3n ante la COVID-19. El caso de Espa\u00f1a desde la percepci\u00f3n del profesorado.<\/a>\u00a0<\/em>Universitat de Barcelona. GROP. Documento electr\u00f3nico.<\/p>\t\t\t\t\t\t\t\t<\/div>\n\t\t\t\t<\/div>\n\t\t\t\t<div class=\"elementor-element elementor-element-449fc87 elementor-widget elementor-widget-text-editor\" data-id=\"449fc87\" data-element_type=\"widget\" data-e-type=\"widget\" data-widget_type=\"text-editor.default\">\n\t\t\t\t<div class=\"elementor-widget-container\">\n\t\t\t\t\t\t\t\t\t<p>P\u00e9rez-Escoda, N. (2020). <a href=\"https:\/\/diposit.ub.edu\/dspace\/bitstream\/2445\/174011\/4\/Informe_INDIA_200314.pdf\">Informe de l\u2019estudi del projecte: India: angl\u00e8s i valors de \u201cLa Granja, Ability Training Center&#8221;.<\/a> Barcelona, Universitat de Barcelona. GROP. Document electr\u00f2nic<\/p>\t\t\t\t\t\t\t\t<\/div>\n\t\t\t\t<\/div>\n\t\t\t\t\t<\/div>\n\t\t<\/div>\n\t\t\t\t\t<\/div>\n\t\t<\/section>\n\t\t\t\t<section class=\"elementor-section elementor-top-section elementor-element elementor-element-e5611e7 elementor-section-boxed elementor-section-height-default elementor-section-height-default\" data-id=\"e5611e7\" data-element_type=\"section\" data-e-type=\"section\">\n\t\t\t\t\t\t<div class=\"elementor-container elementor-column-gap-default\">\n\t\t\t\t\t<div class=\"elementor-column elementor-col-100 elementor-top-column elementor-element elementor-element-9eeba30\" data-id=\"9eeba30\" data-element_type=\"column\" data-e-type=\"column\">\n\t\t\t<div class=\"elementor-widget-wrap elementor-element-populated\">\n\t\t\t\t\t\t<div class=\"elementor-element elementor-element-c5df597 elementor-widget elementor-widget-heading\" data-id=\"c5df597\" data-element_type=\"widget\" data-e-type=\"widget\" data-widget_type=\"heading.default\">\n\t\t\t\t<div class=\"elementor-widget-container\">\n\t\t\t\t\t<h2 class=\"elementor-heading-title elementor-size-default\">2018<\/h2>\t\t\t\t<\/div>\n\t\t\t\t<\/div>\n\t\t\t\t<div class=\"elementor-element elementor-element-fbe3c54 elementor-widget elementor-widget-text-editor\" data-id=\"fbe3c54\" data-element_type=\"widget\" data-e-type=\"widget\" data-widget_type=\"text-editor.default\">\n\t\t\t\t<div class=\"elementor-widget-container\">\n\t\t\t\t\t\t\t\t\t<p>P\u00e9rez-Escoda, N. (2018). <a href=\"https:\/\/diposit.ub.edu\/dspace\/bitstream\/2445\/174013\/4\/Informe_Desenvolupament_del_Talent_dels_Educadors_Emocionals_181103.pdf\">Informe de l\u2019estudi del projecte: Desenvolupament del Talent dels Educadors Emocionals a \u201cLa Granja, Ability Training Center&#8221;.<\/a> Barcelona, Universitat de Barcelona. GROP. Document electr\u00f2nic.<\/p>\t\t\t\t\t\t\t\t<\/div>\n\t\t\t\t<\/div>\n\t\t\t\t<div class=\"elementor-element elementor-element-ebe677a elementor-widget elementor-widget-text-editor\" data-id=\"ebe677a\" data-element_type=\"widget\" data-e-type=\"widget\" data-widget_type=\"text-editor.default\">\n\t\t\t\t<div class=\"elementor-widget-container\">\n\t\t\t\t\t\t\t\t\t<p>P\u00e9rez-Escoda, N. (2018). <a href=\"https:\/\/diposit.ub.edu\/dspace\/bitstream\/2445\/174010\/4\/Informe_Estudi_Cient%c3%adfic%20-%20colonies%20emocionals.pdf\">L\u2019impacte del m\u00e8tode &#8220;la granja&#8221; a les col\u00f2nies emocionals.<\/a> Barcelona, Universitat de Barcelona. Grup de Recerca en Orientaci\u00f3 Psicopedag\u00f2gica (GROP). ISBN: 978-84-09-28111-4. Document electr\u00f2nico.<\/p>\t\t\t\t\t\t\t\t<\/div>\n\t\t\t\t<\/div>\n\t\t\t\t<div class=\"elementor-element elementor-element-51e0a68 elementor-widget elementor-widget-text-editor\" data-id=\"51e0a68\" data-element_type=\"widget\" data-e-type=\"widget\" data-widget_type=\"text-editor.default\">\n\t\t\t\t<div class=\"elementor-widget-container\">\n\t\t\t\t\t\t\t\t\t<p>P\u00e9rez-Escoda, N. i Velar, Katia. (2018). <a href=\"https:\/\/diposit.ub.edu\/dspace\/bitstream\/2445\/173996\/4\/Informe_avaluaci%c3%b3_DEC_Projecte_Br%c3%baixola_GROP.pdf\">Informe d\u2019avaluaci\u00f3. Projecte Buixola. Capacitaci\u00f3 Professional en Orientaci\u00f3 i Inserci\u00f3 Sociolaboral: Desenvolupament de compet\u00e8ncies emocionals.<\/a> Barcelona, Universitat de Barcelona. GROP. ISBN: 978-84-09-28110-7. Document electr\u00f2nic.<\/p>\t\t\t\t\t\t\t\t<\/div>\n\t\t\t\t<\/div>\n\t\t\t\t\t<\/div>\n\t\t<\/div>\n\t\t\t\t\t<\/div>\n\t\t<\/section>\n\t\t\t\t<\/div>\n\t\t<\/div>\n\t\t\t\t\t\t<\/div>\n\t\t\t\t<\/div>\n\t\t\t\t\t<\/div>\n\t\t<\/div>\n\t\t\t\t\t<\/div>\n\t\t<\/section>\n\t\t\t\t<\/div>\n\t\t","protected":false},"excerpt":{"rendered":"<p>INFORMES DE RECERCA<\/p>\n","protected":false},"author":1,"featured_media":0,"parent":0,"menu_order":0,"comment_status":"closed","ping_status":"closed","template":"elementor_canvas","meta":{"footnotes":""},"class_list":["post-5601","page","type-page","status-publish","hentry"],"_links":{"self":[{"href":"https:\/\/www.ub.edu\/grop\/wp-json\/wp\/v2\/pages\/5601","targetHints":{"allow":["GET"]}}],"collection":[{"href":"https:\/\/www.ub.edu\/grop\/wp-json\/wp\/v2\/pages"}],"about":[{"href":"https:\/\/www.ub.edu\/grop\/wp-json\/wp\/v2\/types\/page"}],"author":[{"embeddable":true,"href":"https:\/\/www.ub.edu\/grop\/wp-json\/wp\/v2\/users\/1"}],"replies":[{"embeddable":true,"href":"https:\/\/www.ub.edu\/grop\/wp-json\/wp\/v2\/comments?post=5601"}],"version-history":[{"count":1,"href":"https:\/\/www.ub.edu\/grop\/wp-json\/wp\/v2\/pages\/5601\/revisions"}],"predecessor-version":[{"id":7723,"href":"https:\/\/www.ub.edu\/grop\/wp-json\/wp\/v2\/pages\/5601\/revisions\/7723"}],"wp:attachment":[{"href":"https:\/\/www.ub.edu\/grop\/wp-json\/wp\/v2\/media?parent=5601"}],"curies":[{"name":"wp","href":"https:\/\/api.w.org\/{rel}","templated":true}]}}