{"id":6894,"date":"2024-12-10T18:11:14","date_gmt":"2024-12-10T17:11:14","guid":{"rendered":"https:\/\/www.ub.edu\/grop\/?page_id=6894"},"modified":"2026-03-19T10:15:20","modified_gmt":"2026-03-19T09:15:20","slug":"presentacion-grop","status":"publish","type":"page","link":"https:\/\/www.ub.edu\/grop\/presentacion-grop\/","title":{"rendered":"PRESENTACI\u00d3N GROP"},"content":{"rendered":"\t\t<div data-elementor-type=\"wp-post\" data-elementor-id=\"6894\" class=\"elementor elementor-6894\">\n\t\t\t\t\t\t<section class=\"elementor-section elementor-top-section elementor-element elementor-element-d939656 elementor-section-boxed elementor-section-height-default elementor-section-height-default\" data-id=\"d939656\" data-element_type=\"section\" data-e-type=\"section\" data-settings=\"{&quot;background_background&quot;:&quot;classic&quot;}\">\n\t\t\t\t\t\t<div class=\"elementor-container elementor-column-gap-default\">\n\t\t\t\t\t<div class=\"elementor-column elementor-col-100 elementor-top-column elementor-element elementor-element-fe04ba9\" data-id=\"fe04ba9\" data-element_type=\"column\" data-e-type=\"column\">\n\t\t\t<div class=\"elementor-widget-wrap elementor-element-populated\">\n\t\t\t\t\t\t<div class=\"elementor-element elementor-element-8c5e69d elementor-widget elementor-widget-image\" data-id=\"8c5e69d\" data-element_type=\"widget\" data-e-type=\"widget\" data-widget_type=\"image.default\">\n\t\t\t\t<div class=\"elementor-widget-container\">\n\t\t\t\t\t\t\t\t\t\t\t\t\t\t\t<img fetchpriority=\"high\" decoding=\"async\" width=\"2268\" height=\"759\" src=\"https:\/\/www.ub.edu\/grop\/wp-content\/uploads\/2026\/03\/Noubanner2.png\" class=\"attachment-full size-full wp-image-7752\" alt=\"\" srcset=\"https:\/\/www.ub.edu\/grop\/wp-content\/uploads\/2026\/03\/Noubanner2.png 2268w, https:\/\/www.ub.edu\/grop\/wp-content\/uploads\/2026\/03\/Noubanner2-300x100.png 300w, https:\/\/www.ub.edu\/grop\/wp-content\/uploads\/2026\/03\/Noubanner2-1024x343.png 1024w, https:\/\/www.ub.edu\/grop\/wp-content\/uploads\/2026\/03\/Noubanner2-768x257.png 768w, https:\/\/www.ub.edu\/grop\/wp-content\/uploads\/2026\/03\/Noubanner2-1536x514.png 1536w, https:\/\/www.ub.edu\/grop\/wp-content\/uploads\/2026\/03\/Noubanner2-2048x685.png 2048w\" sizes=\"(max-width: 2268px) 100vw, 2268px\" \/>\t\t\t\t\t\t\t\t\t\t\t\t\t\t\t<\/div>\n\t\t\t\t<\/div>\n\t\t\t\t<div class=\"elementor-element elementor-element-5a8318b elementor-widget elementor-widget-text-editor\" data-id=\"5a8318b\" data-element_type=\"widget\" data-e-type=\"widget\" data-widget_type=\"text-editor.default\">\n\t\t\t\t<div class=\"elementor-widget-container\">\n\t\t\t\t\t\t\t\t\t<p>El GROP (Grupo de Investigaci\u00f3n en Orientaci\u00f3n Psicopedag\u00f3gica, por sus siglas en catal\u00e1n)\u00a0es un grupo interuniversitario de investigaci\u00f3n consolidado y reconocido por la Generalitat de Catalunya (2021SGR 00243).<\/p><p>Es un grupo integrado por profesionales de varias disciplinas de la Universitat de Barcelona (UB) y la Universitat de Lleida (UdL). As\u00ed, el GROP de la UB es dirigido por la Dra. \u00c8lia L\u00f3pez-Cass\u00e0, mientras que a la UdL es liderado por la Dra. Gemma Filella Guiu.<\/p><p>La l\u00ednea general de investigaci\u00f3n del grupo se centra en la orientaci\u00f3n psicopedag\u00f3gica y se focaliza en dos l\u00edneas principales de investigaci\u00f3n: La Educaci\u00f3n emocional y la Orientaci\u00f3n educativa<\/p>\t\t\t\t\t\t\t\t<\/div>\n\t\t\t\t<\/div>\n\t\t\t\t<div class=\"elementor-element elementor-element-7c5c7da elementor-widget elementor-widget-spacer\" data-id=\"7c5c7da\" data-element_type=\"widget\" data-e-type=\"widget\" data-widget_type=\"spacer.default\">\n\t\t\t\t<div class=\"elementor-widget-container\">\n\t\t\t\t\t\t\t<div class=\"elementor-spacer\">\n\t\t\t<div class=\"elementor-spacer-inner\"><\/div>\n\t\t<\/div>\n\t\t\t\t\t\t<\/div>\n\t\t\t\t<\/div>\n\t\t\t\t\t<\/div>\n\t\t<\/div>\n\t\t\t\t\t<\/div>\n\t\t<\/section>\n\t\t\t\t<section class=\"elementor-section elementor-top-section elementor-element elementor-element-4a609d9 elementor-section-boxed elementor-section-height-default elementor-section-height-default\" data-id=\"4a609d9\" data-element_type=\"section\" data-e-type=\"section\">\n\t\t\t\t\t\t<div class=\"elementor-container elementor-column-gap-default\">\n\t\t\t\t\t<div class=\"elementor-column elementor-col-100 elementor-top-column elementor-element elementor-element-4c8b9c7\" data-id=\"4c8b9c7\" data-element_type=\"column\" data-e-type=\"column\">\n\t\t\t<div class=\"elementor-widget-wrap elementor-element-populated\">\n\t\t\t\t\t\t<div class=\"elementor-element elementor-element-ea78b54 elementor-widget elementor-widget-html\" data-id=\"ea78b54\" data-element_type=\"widget\" data-e-type=\"widget\" data-widget_type=\"html.default\">\n\t\t\t\t<div class=\"elementor-widget-container\">\n\t\t\t\t\t<video width=\"100%\" controls=\"true\"  poster=\"https:\/\/cdnsecakmi.kaltura.com\/p\/3221703\/thumbnail\/entry_id\/1_3ja87xsw\/format\/webp\/width\/2048\">\r\n  <source src=\"https:\/\/cdnapi.kaltura.com\/p\/3221703\/sp\/322170300\/playManifest\/entryId\/1_3ja87xsw\/format\/download\/protocol\/https\/flavorParamIds\/487061\" type=\"video\/mp4\">\r\n  <\/video>\t\t\t\t<\/div>\n\t\t\t\t<\/div>\n\t\t\t\t\t<\/div>\n\t\t<\/div>\n\t\t\t\t\t<\/div>\n\t\t<\/section>\n\t\t\t\t<section class=\"elementor-section elementor-top-section elementor-element elementor-element-d010a3b elementor-section-boxed elementor-section-height-default elementor-section-height-default\" data-id=\"d010a3b\" data-element_type=\"section\" data-e-type=\"section\">\n\t\t\t\t\t\t<div class=\"elementor-container elementor-column-gap-default\">\n\t\t\t\t\t<div class=\"elementor-column elementor-col-100 elementor-top-column elementor-element elementor-element-868f931\" data-id=\"868f931\" data-element_type=\"column\" data-e-type=\"column\">\n\t\t\t<div class=\"elementor-widget-wrap elementor-element-populated\">\n\t\t\t\t\t\t<div class=\"elementor-element elementor-element-fbde2d7 elementor-shape-rounded elementor-grid-0 e-grid-align-center elementor-widget elementor-widget-social-icons\" data-id=\"fbde2d7\" data-element_type=\"widget\" data-e-type=\"widget\" data-widget_type=\"social-icons.default\">\n\t\t\t\t<div class=\"elementor-widget-container\">\n\t\t\t\t\t\t\t<div class=\"elementor-social-icons-wrapper elementor-grid\" role=\"list\">\n\t\t\t\t\t\t\t<span class=\"elementor-grid-item\" role=\"listitem\">\n\t\t\t\t\t<a class=\"elementor-icon elementor-social-icon elementor-social-icon-instagram elementor-repeater-item-afaa607\" href=\"https:\/\/www.instagram.com\/gropub\/\" target=\"_blank\">\n\t\t\t\t\t\t<span class=\"elementor-screen-only\">Instagram<\/span>\n\t\t\t\t\t\t<i aria-hidden=\"true\" class=\"fab fa-instagram\"><\/i>\t\t\t\t\t<\/a>\n\t\t\t\t<\/span>\n\t\t\t\t\t\t\t<span class=\"elementor-grid-item\" role=\"listitem\">\n\t\t\t\t\t<a class=\"elementor-icon elementor-social-icon elementor-social-icon-twitter elementor-repeater-item-64f562a\" href=\"https:\/\/x.com\/GROPbarcelona\" target=\"_blank\">\n\t\t\t\t\t\t<span class=\"elementor-screen-only\">Twitter<\/span>\n\t\t\t\t\t\t<i aria-hidden=\"true\" class=\"fab fa-twitter\"><\/i>\t\t\t\t\t<\/a>\n\t\t\t\t<\/span>\n\t\t\t\t\t\t\t<span class=\"elementor-grid-item\" role=\"listitem\">\n\t\t\t\t\t<a class=\"elementor-icon elementor-social-icon elementor-social-icon-linkedin elementor-repeater-item-c769243\" href=\"http:\/\/www.linkedin.com\/in\/gropubarcelona\" target=\"_blank\">\n\t\t\t\t\t\t<span class=\"elementor-screen-only\">Linkedin<\/span>\n\t\t\t\t\t\t<i aria-hidden=\"true\" class=\"fab fa-linkedin\"><\/i>\t\t\t\t\t<\/a>\n\t\t\t\t<\/span>\n\t\t\t\t\t\t\t<span class=\"elementor-grid-item\" role=\"listitem\">\n\t\t\t\t\t<a class=\"elementor-icon elementor-social-icon elementor-social-icon-facebook elementor-repeater-item-509ed0c\" href=\"https:\/\/www.facebook.com\/gropub\" target=\"_blank\">\n\t\t\t\t\t\t<span class=\"elementor-screen-only\">Facebook<\/span>\n\t\t\t\t\t\t<i aria-hidden=\"true\" class=\"fab fa-facebook\"><\/i>\t\t\t\t\t<\/a>\n\t\t\t\t<\/span>\n\t\t\t\t\t<\/div>\n\t\t\t\t\t\t<\/div>\n\t\t\t\t<\/div>\n\t\t\t\t\t<\/div>\n\t\t<\/div>\n\t\t\t\t\t<\/div>\n\t\t<\/section>\n\t\t\t\t<\/div>\n\t\t","protected":false},"excerpt":{"rendered":"<p>El GROP (Grupo de Investigaci\u00f3n en Orientaci\u00f3n Psicopedag\u00f3gica, por sus siglas en catal\u00e1n)\u00a0es un grupo interuniversitario de investigaci\u00f3n consolidado y reconocido por la Generalitat de Catalunya (2021SGR 00243). Es un grupo integrado por profesionales de varias disciplinas de la Universitat de Barcelona (UB) y la Universitat de Lleida (UdL). As\u00ed, el GROP de la UB [&hellip;]<\/p>\n","protected":false},"author":1,"featured_media":0,"parent":0,"menu_order":0,"comment_status":"closed","ping_status":"closed","template":"elementor_canvas","meta":{"footnotes":""},"class_list":["post-6894","page","type-page","status-publish","hentry"],"_links":{"self":[{"href":"https:\/\/www.ub.edu\/grop\/wp-json\/wp\/v2\/pages\/6894","targetHints":{"allow":["GET"]}}],"collection":[{"href":"https:\/\/www.ub.edu\/grop\/wp-json\/wp\/v2\/pages"}],"about":[{"href":"https:\/\/www.ub.edu\/grop\/wp-json\/wp\/v2\/types\/page"}],"author":[{"embeddable":true,"href":"https:\/\/www.ub.edu\/grop\/wp-json\/wp\/v2\/users\/1"}],"replies":[{"embeddable":true,"href":"https:\/\/www.ub.edu\/grop\/wp-json\/wp\/v2\/comments?post=6894"}],"version-history":[{"count":12,"href":"https:\/\/www.ub.edu\/grop\/wp-json\/wp\/v2\/pages\/6894\/revisions"}],"predecessor-version":[{"id":7758,"href":"https:\/\/www.ub.edu\/grop\/wp-json\/wp\/v2\/pages\/6894\/revisions\/7758"}],"wp:attachment":[{"href":"https:\/\/www.ub.edu\/grop\/wp-json\/wp\/v2\/media?parent=6894"}],"curies":[{"name":"wp","href":"https:\/\/api.w.org\/{rel}","templated":true}]}}