{"id":7612,"date":"2025-06-13T14:12:02","date_gmt":"2025-06-13T13:12:02","guid":{"rendered":"https:\/\/www.ub.edu\/grop\/?page_id=7612"},"modified":"2025-06-13T14:12:48","modified_gmt":"2025-06-13T13:12:48","slug":"transferencia-de-conocimiento-e-impacto-social","status":"publish","type":"page","link":"https:\/\/www.ub.edu\/grop\/transferencia-de-conocimiento-e-impacto-social\/","title":{"rendered":"TRANSFERENCIA DE CONOCIMIENTO E IMPACTO SOCIAL"},"content":{"rendered":"\t\t<div data-elementor-type=\"wp-page\" data-elementor-id=\"7612\" class=\"elementor elementor-7612\">\n\t\t\t\t\t\t<section class=\"elementor-section elementor-top-section elementor-element elementor-element-ae2089e elementor-section-boxed elementor-section-height-default elementor-section-height-default\" data-id=\"ae2089e\" data-element_type=\"section\" data-e-type=\"section\">\n\t\t\t\t\t\t<div class=\"elementor-container elementor-column-gap-default\">\n\t\t\t\t\t<div class=\"elementor-column elementor-col-100 elementor-top-column elementor-element elementor-element-70cfc04\" data-id=\"70cfc04\" data-element_type=\"column\" data-e-type=\"column\">\n\t\t\t<div class=\"elementor-widget-wrap elementor-element-populated\">\n\t\t\t\t\t\t<div class=\"elementor-element elementor-element-46e1410 elementor-widget elementor-widget-image\" data-id=\"46e1410\" data-element_type=\"widget\" data-e-type=\"widget\" data-widget_type=\"image.default\">\n\t\t\t\t<div class=\"elementor-widget-container\">\n\t\t\t\t\t\t\t\t\t\t\t\t\t\t\t<img fetchpriority=\"high\" decoding=\"async\" width=\"800\" height=\"402\" src=\"https:\/\/www.ub.edu\/grop\/wp-content\/uploads\/2025\/06\/Escuela-1024x515.jpg\" class=\"attachment-large size-large wp-image-7608\" alt=\"\" srcset=\"https:\/\/www.ub.edu\/grop\/wp-content\/uploads\/2025\/06\/Escuela-1024x515.jpg 1024w, https:\/\/www.ub.edu\/grop\/wp-content\/uploads\/2025\/06\/Escuela-300x151.jpg 300w, https:\/\/www.ub.edu\/grop\/wp-content\/uploads\/2025\/06\/Escuela-768x386.jpg 768w, https:\/\/www.ub.edu\/grop\/wp-content\/uploads\/2025\/06\/Escuela.jpg 1320w\" sizes=\"(max-width: 800px) 100vw, 800px\" \/>\t\t\t\t\t\t\t\t\t\t\t\t\t\t\t<\/div>\n\t\t\t\t<\/div>\n\t\t\t\t\t<\/div>\n\t\t<\/div>\n\t\t\t\t\t<\/div>\n\t\t<\/section>\n\t\t\t\t<section class=\"elementor-section elementor-top-section elementor-element elementor-element-e5394a9 elementor-section-boxed elementor-section-height-default elementor-section-height-default\" data-id=\"e5394a9\" data-element_type=\"section\" data-e-type=\"section\">\n\t\t\t\t\t\t<div class=\"elementor-container elementor-column-gap-default\">\n\t\t\t\t\t<div class=\"elementor-column elementor-col-100 elementor-top-column elementor-element elementor-element-a6acc99\" data-id=\"a6acc99\" data-element_type=\"column\" data-e-type=\"column\">\n\t\t\t<div class=\"elementor-widget-wrap elementor-element-populated\">\n\t\t\t\t\t\t<div class=\"elementor-element elementor-element-fc2e93f elementor-widget elementor-widget-text-editor\" data-id=\"fc2e93f\" data-element_type=\"widget\" data-e-type=\"widget\" data-widget_type=\"text-editor.default\">\n\t\t\t\t<div class=\"elementor-widget-container\">\n\t\t\t\t\t\t\t\t\t<p>El grupo de investigaci\u00f3n promueve el compromiso con la transferencia del conocimiento y la corresponsabilidad social mediante la colaboraci\u00f3n con fundaciones, centros educativos y administraciones p\u00fablicas.<\/p>\t\t\t\t\t\t\t\t<\/div>\n\t\t\t\t<\/div>\n\t\t\t\t\t<\/div>\n\t\t<\/div>\n\t\t\t\t\t<\/div>\n\t\t<\/section>\n\t\t\t\t<\/div>\n\t\t","protected":false},"excerpt":{"rendered":"<p>El grupo de investigaci\u00f3n promueve el compromiso con la transferencia del conocimiento y la corresponsabilidad social mediante la colaboraci\u00f3n con fundaciones, centros educativos y administraciones p\u00fablicas.<\/p>\n","protected":false},"author":1,"featured_media":0,"parent":0,"menu_order":0,"comment_status":"closed","ping_status":"closed","template":"","meta":{"footnotes":""},"class_list":["post-7612","page","type-page","status-publish","hentry"],"_links":{"self":[{"href":"https:\/\/www.ub.edu\/grop\/wp-json\/wp\/v2\/pages\/7612","targetHints":{"allow":["GET"]}}],"collection":[{"href":"https:\/\/www.ub.edu\/grop\/wp-json\/wp\/v2\/pages"}],"about":[{"href":"https:\/\/www.ub.edu\/grop\/wp-json\/wp\/v2\/types\/page"}],"author":[{"embeddable":true,"href":"https:\/\/www.ub.edu\/grop\/wp-json\/wp\/v2\/users\/1"}],"replies":[{"embeddable":true,"href":"https:\/\/www.ub.edu\/grop\/wp-json\/wp\/v2\/comments?post=7612"}],"version-history":[{"count":4,"href":"https:\/\/www.ub.edu\/grop\/wp-json\/wp\/v2\/pages\/7612\/revisions"}],"predecessor-version":[{"id":7616,"href":"https:\/\/www.ub.edu\/grop\/wp-json\/wp\/v2\/pages\/7612\/revisions\/7616"}],"wp:attachment":[{"href":"https:\/\/www.ub.edu\/grop\/wp-json\/wp\/v2\/media?parent=7612"}],"curies":[{"name":"wp","href":"https:\/\/api.w.org\/{rel}","templated":true}]}}