{"id":122,"date":"2024-02-01T17:12:52","date_gmt":"2024-02-01T15:12:52","guid":{"rendered":"https:\/\/www.ub.edu\/grups-conversa\/?page_id=122"},"modified":"2025-10-20T17:47:37","modified_gmt":"2025-10-20T15:47:37","slug":"inici","status":"publish","type":"page","link":"https:\/\/www.ub.edu\/grups-conversa\/","title":{"rendered":"Inici"},"content":{"rendered":"\n<div class=\"wp-block-group alignwide is-nowrap is-layout-flex wp-container-core-group-is-layout-6c531013 wp-block-group-is-layout-flex\">\n<div class=\"wp-block-columns are-vertically-aligned-top wp-container-content-958eb9dc is-layout-flex wp-container-core-columns-is-layout-83ef8e01 wp-block-columns-is-layout-flex\" style=\"margin-bottom:25px\">\n<div class=\"wp-block-column is-vertically-aligned-top is-layout-flow wp-block-column-is-layout-flow\" style=\"flex-basis:100%\">\n<figure class=\"wp-block-image aligncenter size-full\"><img loading=\"lazy\" decoding=\"async\" width=\"1168\" height=\"400\" src=\"https:\/\/www.ub.edu\/grups-conversa\/wp-content\/uploads\/capcalera-1.png\" alt=\"\" class=\"wp-image-258\" srcset=\"https:\/\/www.ub.edu\/grups-conversa\/wp-content\/uploads\/capcalera-1.png 1168w, https:\/\/www.ub.edu\/grups-conversa\/wp-content\/uploads\/capcalera-1-300x103.png 300w, https:\/\/www.ub.edu\/grups-conversa\/wp-content\/uploads\/capcalera-1-1024x351.png 1024w, https:\/\/www.ub.edu\/grups-conversa\/wp-content\/uploads\/capcalera-1-150x51.png 150w, https:\/\/www.ub.edu\/grups-conversa\/wp-content\/uploads\/capcalera-1-768x263.png 768w\" sizes=\"auto, (max-width: 1168px) 100vw, 1168px\" \/><\/figure>\n<\/div>\n<\/div>\n<\/div>\n\n\n\n<div class=\"wp-block-group is-nowrap is-layout-flex wp-container-core-group-is-layout-6c531013 wp-block-group-is-layout-flex\">\n<div class=\"wp-block-columns wp-container-content-9cfa9a5a is-layout-flex wp-container-core-columns-is-layout-28f84493 wp-block-columns-is-layout-flex\">\n<div class=\"wp-block-column is-layout-flow wp-block-column-is-layout-flow\" style=\"border-style:none;border-width:0px;flex-basis:100%\">\n<h3 class=\"wp-block-heading has-text-align-center\">Grups de conversa d&#8217;una sessi\u00f3 setmanal amb un nombre redu\u00eft d&#8217;assistents.<br>Activitat gratu\u00efta i oberta a estudiants de la Universitat de Barcelona<\/h3>\n\n\n\n<h2 class=\"wp-block-heading has-text-align-center\">Participa-hi i practica lleng\u00fces!<\/h2>\n<\/div>\n<\/div>\n<\/div>\n\n\n\n<div class=\"wp-block-group is-nowrap is-layout-flex wp-container-core-group-is-layout-6c531013 wp-block-group-is-layout-flex\">\n<div class=\"wp-block-columns wp-container-content-9cfa9a5a is-layout-flex wp-container-core-columns-is-layout-9cf8123d wp-block-columns-is-layout-flex\">\n<div class=\"wp-block-column is-layout-flow wp-block-column-is-layout-flow\" style=\"border-style:none;border-width:0px;flex-basis:50%\">\n<p class=\"has-text-align-left h6\"><a href=\"http:\/\/ub.edu\/sl\/caluniversitat\">Grups de conversa a l&#8217;Edifici Hist\u00f2ric, als campus Raval, Mundet i Sants, <\/a><br><a href=\"http:\/\/ub.edu\/sl\/caluniversitat\">i tamb\u00e9 grups en l\u00ednia<\/a><\/p>\n\n\n\n<p class=\"has-text-align-left\">Gestionats des del Centre d&#8217;Autoaprenentatge de Lleng\u00fces de Pla\u00e7a Universitat<br>934 035 299<br><a href=\"mailto:sl.cal.universitat@ub.edu\">sl.cal.universitat@ub.edu<\/a><\/p>\n\n\n\n<figure class=\"wp-block-image size-full has-custom-border ico_IG\"><a href=\"https:\/\/www.instagram.com\/caluniversitat\/\"><img loading=\"lazy\" decoding=\"async\" width=\"30\" height=\"30\" src=\"https:\/\/www.ub.edu\/grups-conversa\/wp-content\/uploads\/ico_IG.png\" alt=\"\" class=\"wp-image-137\" style=\"border-style:none;border-width:0px;border-radius:0px\"\/><\/a><\/figure>\n\n\n\n<div class=\"wp-block-buttons is-layout-flex wp-block-buttons-is-layout-flex\">\n<div class=\"wp-block-button\"><a class=\"wp-block-button__link wp-element-button\" href=\"http:\/\/ub.edu\/sl\/caluniversitat\">Informaci\u00f3 i inscripcions<\/a><\/div>\n<\/div>\n<\/div>\n\n\n\n<div class=\"wp-block-column is-layout-flow wp-block-column-is-layout-flow\" style=\"border-style:none;border-width:0px;flex-basis:50%\">\n<p class=\"has-text-align-left h6\"><a href=\"http:\/\/ub.edu\/sl\/caldiagonal\">Grups de conversa als campus Diagonal, Cl\u00ednic i Bellvitge, <\/a><br><a href=\"http:\/\/ub.edu\/sl\/caldiagonal\">i tamb\u00e9 grups en l\u00ednia<\/a><\/p>\n\n\n\n<p class=\"has-text-align-left\">Gestionats des del Centre d&#8217;Autoaprenentatge de Lleng\u00fces de Diagonal<br>934 021 861<br><a href=\"mailto:sl.cal.diagonal@ub.edu\">sl.cal.diagonal@ub.edu<\/a><\/p>\n\n\n\n<figure class=\"wp-block-image size-full ico_IG\"><a href=\"https:\/\/www.instagram.com\/caldiagonal\/\"><img loading=\"lazy\" decoding=\"async\" width=\"30\" height=\"30\" src=\"https:\/\/www.ub.edu\/grups-conversa\/wp-content\/uploads\/ico_IG.png\" alt=\"\" class=\"wp-image-137\"\/><\/a><\/figure>\n\n\n\n<div class=\"wp-block-buttons is-layout-flex wp-block-buttons-is-layout-flex\">\n<div class=\"wp-block-button\"><a class=\"wp-block-button__link wp-element-button\" href=\"http:\/\/ub.edu\/sl\/caldiagonal\">Informaci\u00f3 i inscripcions<\/a><\/div>\n<\/div>\n<\/div>\n<\/div>\n<\/div>\n\n\n\n<div class=\"wp-block-group is-nowrap is-layout-flex wp-container-core-group-is-layout-f31879f4 wp-block-group-is-layout-flex\" style=\"margin-top:50px\">\n<div class=\"wp-block-columns wp-container-content-9cfa9a5a is-layout-flex wp-container-core-columns-is-layout-28f84493 wp-block-columns-is-layout-flex\">\n<div class=\"wp-block-column is-layout-flow wp-block-column-is-layout-flow\" style=\"border-style:none;border-width:0px;flex-basis:100%\">\n<h2 class=\"wp-block-heading has-text-align-center\">Coneix els grups<\/h2>\n<\/div>\n<\/div>\n<\/div>\n\n\n\n<div class=\"wp-block-group is-nowrap is-layout-flex wp-container-core-group-is-layout-6c531013 wp-block-group-is-layout-flex\">\n<div class=\"wp-block-columns wp-container-content-9cfa9a5a is-layout-flex wp-container-core-columns-is-layout-9cf8123d wp-block-columns-is-layout-flex\">\n<div class=\"wp-block-column is-layout-flow wp-block-column-is-layout-flow\" style=\"border-style:none;border-width:0px;flex-basis:33.33%\">\n<figure class=\"wp-block-embed is-type-video is-provider-youtube wp-block-embed-youtube wp-embed-aspect-16-9 wp-has-aspect-ratio\"><div class=\"wp-block-embed__wrapper\">\n<iframe loading=\"lazy\" title=\"Grup de conversa d\u2019angl\u00e8s de nivells C1-C2 a la Facultat d\u2019Economia i Empresa\" width=\"500\" height=\"281\" src=\"https:\/\/www.youtube.com\/embed\/r15xfLRWGU4?feature=oembed\" frameborder=\"0\" allow=\"accelerometer; autoplay; clipboard-write; encrypted-media; gyroscope; picture-in-picture; web-share\" referrerpolicy=\"strict-origin-when-cross-origin\" allowfullscreen><\/iframe>\n<\/div><figcaption class=\"wp-element-caption\">Grup de conversa d&#8217;angl\u00e8s C1-C2<\/figcaption><\/figure>\n<\/div>\n\n\n\n<div class=\"wp-block-column is-layout-flow wp-block-column-is-layout-flow\" style=\"border-style:none;border-width:0px;flex-basis:33.33%\">\n<figure class=\"wp-block-embed is-type-video is-provider-youtube wp-block-embed-youtube wp-embed-aspect-16-9 wp-has-aspect-ratio\"><div class=\"wp-block-embed__wrapper\">\n<iframe loading=\"lazy\" title=\"Grup de conversa de franc\u00e8s de nivell B1 a la Facultat d\u2019Economia i Empresa\" width=\"500\" height=\"281\" src=\"https:\/\/www.youtube.com\/embed\/0IfSXSZmKMc?feature=oembed\" frameborder=\"0\" allow=\"accelerometer; autoplay; clipboard-write; encrypted-media; gyroscope; picture-in-picture; web-share\" referrerpolicy=\"strict-origin-when-cross-origin\" allowfullscreen><\/iframe>\n<\/div><figcaption class=\"wp-element-caption\">Grup de conversa de franc\u00e8s B1<\/figcaption><\/figure>\n<\/div>\n\n\n\n<div class=\"wp-block-column is-layout-flow wp-block-column-is-layout-flow\" style=\"border-style:none;border-width:0px;flex-basis:33.33%\">\n<figure class=\"wp-block-embed is-type-video is-provider-youtube wp-block-embed-youtube wp-embed-aspect-16-9 wp-has-aspect-ratio\"><div class=\"wp-block-embed__wrapper\">\n<iframe loading=\"lazy\" title=\"Club de lectura en angl\u00e8s de nivells B2-C2 a la Facultat d&#039;Economia i Empresa\" width=\"500\" height=\"281\" src=\"https:\/\/www.youtube.com\/embed\/BAQKpuLHL14?feature=oembed\" frameborder=\"0\" allow=\"accelerometer; autoplay; clipboard-write; encrypted-media; gyroscope; picture-in-picture; web-share\" referrerpolicy=\"strict-origin-when-cross-origin\" allowfullscreen><\/iframe>\n<\/div><figcaption class=\"wp-element-caption\">Club de lectura en angl\u00e8s B2-C2<\/figcaption><\/figure>\n<\/div>\n<\/div>\n<\/div>\n\n\n\n<div class=\"wp-block-group is-nowrap is-layout-flex wp-container-core-group-is-layout-6c531013 wp-block-group-is-layout-flex\">\n<div class=\"wp-block-columns wp-container-content-9cfa9a5a is-layout-flex wp-container-core-columns-is-layout-9cf8123d wp-block-columns-is-layout-flex\">\n<div class=\"wp-block-column is-layout-flow wp-block-column-is-layout-flow\" style=\"border-style:none;border-width:0px;flex-basis:33.33%\">\n<figure class=\"wp-block-embed is-type-video is-provider-youtube wp-block-embed-youtube wp-embed-aspect-16-9 wp-has-aspect-ratio\"><div class=\"wp-block-embed__wrapper\">\n<iframe loading=\"lazy\" title=\"Grup de teatre en angl\u00e8s de nivells B2-C2 a la Facultat d&#039;Economia i Empresa\" width=\"500\" height=\"281\" src=\"https:\/\/www.youtube.com\/embed\/jRCp97th-OE?feature=oembed\" frameborder=\"0\" allow=\"accelerometer; autoplay; clipboard-write; encrypted-media; gyroscope; picture-in-picture; web-share\" referrerpolicy=\"strict-origin-when-cross-origin\" allowfullscreen><\/iframe>\n<\/div><figcaption class=\"wp-element-caption\">Grup de teatre en angl\u00e8s B2-C2<\/figcaption><\/figure>\n<\/div>\n\n\n\n<div class=\"wp-block-column is-layout-flow wp-block-column-is-layout-flow\" style=\"border-style:none;border-width:0px;flex-basis:33.33%\"><\/div>\n\n\n\n<div class=\"wp-block-column is-layout-flow wp-block-column-is-layout-flow\" style=\"border-style:none;border-width:0px;flex-basis:33.33%\"><\/div>\n<\/div>\n<\/div>\n\n\n\n<div class=\"wp-block-group is-nowrap is-layout-flex wp-container-core-group-is-layout-f31879f4 wp-block-group-is-layout-flex\" style=\"margin-top:50px\">\n<div class=\"wp-block-columns wp-container-content-9cfa9a5a is-layout-flex wp-container-core-columns-is-layout-28f84493 wp-block-columns-is-layout-flex\">\n<div class=\"wp-block-column is-layout-flow wp-block-column-is-layout-flow\" style=\"border-style:none;border-width:0px;flex-basis:100%\">\n<h2 class=\"wp-block-heading has-text-align-center\">Activitats de conversa en angl\u00e8s<\/h2>\n<\/div>\n<\/div>\n<\/div>\n\n\n\n<div class=\"wp-block-group nivellsHome is-horizontal is-content-justification-center is-layout-flex wp-container-core-group-is-layout-8558f6ec wp-block-group-is-layout-flex\">\n<div class=\"wp-block-columns wp-container-content-9cfa9a5a is-layout-flex wp-container-core-columns-is-layout-9cf8123d wp-block-columns-is-layout-flex\" style=\"border-style:none;border-width:0px;border-radius:0px\">\n<div class=\"wp-block-column is-layout-flow wp-block-column-is-layout-flow\" style=\"border-style:none;border-width:0px\">\n<p class=\"has-text-align-center\"><a href=\"https:\/\/www.ub.edu\/grups-conversa\/nivell-b1\/\" data-type=\"page\" data-id=\"307\">B1<\/a><\/p>\n<\/div>\n\n\n\n<div class=\"wp-block-column is-layout-flow wp-block-column-is-layout-flow\" style=\"border-style:none;border-width:0px\">\n<p class=\"has-text-align-center\"><a href=\"https:\/\/www.ub.edu\/grups-conversa\/nivell-b2\/\" data-type=\"page\" data-id=\"328\">B2<\/a><\/p>\n<\/div>\n\n\n\n<div class=\"wp-block-column is-layout-flow wp-block-column-is-layout-flow\" style=\"border-style:none;border-width:0px\">\n<p class=\"has-text-align-center\"><a href=\"https:\/\/www.ub.edu\/grups-conversa\/nivell-c1\/\" data-type=\"page\" data-id=\"330\">C1<\/a><\/p>\n<\/div>\n\n\n\n<div class=\"wp-block-column is-layout-flow wp-block-column-is-layout-flow\" style=\"border-style:none;border-width:0px\">\n<p class=\"has-text-align-center\"><a href=\"https:\/\/www.ub.edu\/grups-conversa\/nivell-c2\/\" data-type=\"page\" data-id=\"336\">C2<\/a><\/p>\n<\/div>\n<\/div>\n<\/div>\n","protected":false},"excerpt":{"rendered":"<p>Grups de conversa d&#8217;una sessi\u00f3 setmanal amb un nombre redu\u00eft d&#8217;assistents.Activitat gratu\u00efta i oberta a estudiants de la Universitat de Barcelona Participa-hi i practica lleng\u00fces! Grups de conversa a l&#8217;Edifici Hist\u00f2ric, als campus Raval, Mundet i Sants, i tamb\u00e9 grups en l\u00ednia Gestionats des del Centre d&#8217;Autoaprenentatge de Lleng\u00fces de Pla\u00e7a Universitat934 035 299sl.cal.universitat@ub.edu Grups [&hellip;]<\/p>\n","protected":false},"author":1,"featured_media":123,"parent":0,"menu_order":0,"comment_status":"closed","ping_status":"closed","template":"page-no-title","meta":{"footnotes":""},"class_list":["post-122","page","type-page","status-publish","has-post-thumbnail","hentry"],"_links":{"self":[{"href":"https:\/\/www.ub.edu\/grups-conversa\/wp-json\/wp\/v2\/pages\/122","targetHints":{"allow":["GET"]}}],"collection":[{"href":"https:\/\/www.ub.edu\/grups-conversa\/wp-json\/wp\/v2\/pages"}],"about":[{"href":"https:\/\/www.ub.edu\/grups-conversa\/wp-json\/wp\/v2\/types\/page"}],"author":[{"embeddable":true,"href":"https:\/\/www.ub.edu\/grups-conversa\/wp-json\/wp\/v2\/users\/1"}],"replies":[{"embeddable":true,"href":"https:\/\/www.ub.edu\/grups-conversa\/wp-json\/wp\/v2\/comments?post=122"}],"version-history":[{"count":93,"href":"https:\/\/www.ub.edu\/grups-conversa\/wp-json\/wp\/v2\/pages\/122\/revisions"}],"predecessor-version":[{"id":760,"href":"https:\/\/www.ub.edu\/grups-conversa\/wp-json\/wp\/v2\/pages\/122\/revisions\/760"}],"wp:featuredmedia":[{"embeddable":true,"href":"https:\/\/www.ub.edu\/grups-conversa\/wp-json\/wp\/v2\/media\/123"}],"wp:attachment":[{"href":"https:\/\/www.ub.edu\/grups-conversa\/wp-json\/wp\/v2\/media?parent=122"}],"curies":[{"name":"wp","href":"https:\/\/api.w.org\/{rel}","templated":true}]}}