{"id":307,"date":"2024-02-14T14:09:26","date_gmt":"2024-02-14T12:09:26","guid":{"rendered":"https:\/\/www.ub.edu\/grups-conversa\/?page_id=307"},"modified":"2024-06-07T14:28:24","modified_gmt":"2024-06-07T12:28:24","slug":"nivell-b1","status":"publish","type":"page","link":"https:\/\/www.ub.edu\/grups-conversa\/nivell-b1\/","title":{"rendered":"Activitats de conversa d&#8217;angl\u00e8s B1"},"content":{"rendered":"\n<div class=\"wp-block-group is-nowrap is-layout-flex wp-container-core-group-is-layout-6c531013 wp-block-group-is-layout-flex\">\n<figure class=\"wp-block-image size-full\"><a href=\"inici\"><img loading=\"lazy\" decoding=\"async\" width=\"1168\" height=\"400\" src=\"https:\/\/www.ub.edu\/grups-conversa\/wp-content\/uploads\/capcalera-1.png\" alt=\"\" class=\"wp-image-258\" srcset=\"https:\/\/www.ub.edu\/grups-conversa\/wp-content\/uploads\/capcalera-1.png 1168w, https:\/\/www.ub.edu\/grups-conversa\/wp-content\/uploads\/capcalera-1-300x103.png 300w, https:\/\/www.ub.edu\/grups-conversa\/wp-content\/uploads\/capcalera-1-1024x351.png 1024w, https:\/\/www.ub.edu\/grups-conversa\/wp-content\/uploads\/capcalera-1-150x51.png 150w, https:\/\/www.ub.edu\/grups-conversa\/wp-content\/uploads\/capcalera-1-768x263.png 768w\" sizes=\"auto, (max-width: 1168px) 100vw, 1168px\" \/><\/a><\/figure>\n<\/div>\n\n\n\n<div class=\"wp-block-group is-nowrap is-layout-flex wp-container-core-group-is-layout-6c531013 wp-block-group-is-layout-flex\"><h2 class=\"wp-block-post-title\">Activitats de conversa d&#8217;angl\u00e8s B1<\/h2><\/div>\n\n\n\n<div class=\"wp-block-group is-nowrap is-layout-flex wp-container-core-group-is-layout-76d5f5c4 wp-block-group-is-layout-flex\" style=\"padding-bottom:30px\">\n<p>Als <strong>grups de conversa<\/strong>, les activitats s\u00f3n molt variades: des de jocs fins a debats, passant per lectures o din\u00e0miques per treballar el vocabulari. Aqu\u00ed es mostren alguns exemples d&#8217;activitats de nivell B1 en format <strong>PDF descarregable<\/strong>, tot i que <strong>no s\u00f3n les \u00faniques<\/strong> que s&#8217;hi fan.<\/p>\n<\/div>\n\n\n\n<div class=\"wp-block-group activitatsPC is-nowrap is-layout-flex wp-container-core-group-is-layout-76d5f5c4 wp-block-group-is-layout-flex\" style=\"padding-bottom:30px\">\n<div class=\"wp-block-columns is-not-stacked-on-mobile wp-container-content-9cfa9a5a is-layout-flex wp-container-core-columns-is-layout-92515837 wp-block-columns-is-layout-flex\">\n<div class=\"wp-block-column has-global-padding is-content-justification-left is-layout-constrained wp-container-core-column-is-layout-12dd3699 wp-block-column-is-layout-constrained\">\n<h3 class=\"wp-block-heading\"><strong><strong>B1<\/strong><\/strong>. This or that?<\/h3>\n\n\n\n<figure class=\"wp-block-image size-full\"><a href=\"https:\/\/www.ub.edu\/grups-conversa\/wp-content\/uploads\/B1_1_This_or_that.pdf\"><img loading=\"lazy\" decoding=\"async\" width=\"476\" height=\"674\" src=\"https:\/\/www.ub.edu\/grups-conversa\/wp-content\/uploads\/B1_1_This_or_that.png\" alt=\"\" class=\"wp-image-425\" srcset=\"https:\/\/www.ub.edu\/grups-conversa\/wp-content\/uploads\/B1_1_This_or_that.png 476w, https:\/\/www.ub.edu\/grups-conversa\/wp-content\/uploads\/B1_1_This_or_that-212x300.png 212w, https:\/\/www.ub.edu\/grups-conversa\/wp-content\/uploads\/B1_1_This_or_that-106x150.png 106w\" sizes=\"auto, (max-width: 476px) 100vw, 476px\" \/><\/a><\/figure>\n<\/div>\n\n\n\n<div class=\"wp-block-column has-global-padding is-content-justification-left is-layout-constrained wp-container-core-column-is-layout-12dd3699 wp-block-column-is-layout-constrained\">\n<h3 class=\"wp-block-heading\"><strong><strong>B1<\/strong><\/strong>. School days<\/h3>\n\n\n\n<figure class=\"wp-block-image size-full\"><a href=\"https:\/\/www.ub.edu\/grups-conversa\/wp-content\/uploads\/B1_2_School_days.pdf\"><img loading=\"lazy\" decoding=\"async\" width=\"476\" height=\"674\" src=\"https:\/\/www.ub.edu\/grups-conversa\/wp-content\/uploads\/B1_2_School_days.png\" alt=\"\" class=\"wp-image-427\" srcset=\"https:\/\/www.ub.edu\/grups-conversa\/wp-content\/uploads\/B1_2_School_days.png 476w, https:\/\/www.ub.edu\/grups-conversa\/wp-content\/uploads\/B1_2_School_days-212x300.png 212w, https:\/\/www.ub.edu\/grups-conversa\/wp-content\/uploads\/B1_2_School_days-106x150.png 106w\" sizes=\"auto, (max-width: 476px) 100vw, 476px\" \/><\/a><\/figure>\n<\/div>\n\n\n\n<div class=\"wp-block-column has-global-padding is-content-justification-left is-layout-constrained wp-container-core-column-is-layout-12dd3699 wp-block-column-is-layout-constrained\">\n<h3 class=\"wp-block-heading\"><strong><strong>B1<\/strong><\/strong>. House and home<\/h3>\n\n\n\n<figure class=\"wp-block-image size-full\"><a href=\"https:\/\/www.ub.edu\/grups-conversa\/wp-content\/uploads\/B1_3_House_and_home.pdf\"><img decoding=\"async\" src=\"https:\/\/www.ub.edu\/grups-conversa\/wp-content\/uploads\/B1_3_House_and_home.png\" alt=\"\" class=\"wp-image-428\"\/><\/a><\/figure>\n<\/div>\n\n\n\n<div class=\"wp-block-column has-global-padding is-content-justification-left is-layout-constrained wp-container-core-column-is-layout-12dd3699 wp-block-column-is-layout-constrained\">\n<h3 class=\"wp-block-heading\"><strong><strong>B1<\/strong><\/strong>. Holidays!<\/h3>\n\n\n\n<figure class=\"wp-block-image size-full\"><a href=\"https:\/\/www.ub.edu\/grups-conversa\/wp-content\/uploads\/B1_4_Holidays.pdf\"><img decoding=\"async\" src=\"https:\/\/www.ub.edu\/grups-conversa\/wp-content\/uploads\/B1_4_Holidays.png\" alt=\"\" class=\"wp-image-429\"\/><\/a><\/figure>\n<\/div>\n<\/div>\n<\/div>\n\n\n\n<div class=\"wp-block-group activitatsPC is-nowrap is-layout-flex wp-container-core-group-is-layout-d16541ce wp-block-group-is-layout-flex\" style=\"padding-bottom:10px\">\n<div class=\"wp-block-columns is-not-stacked-on-mobile wp-container-content-9cfa9a5a is-layout-flex wp-container-core-columns-is-layout-92515837 wp-block-columns-is-layout-flex\">\n<div class=\"wp-block-column is-layout-flow wp-block-column-is-layout-flow\" style=\"flex-basis:25%\">\n<h3 class=\"wp-block-heading\"><strong><strong>B1<\/strong><\/strong>. Time for lunch!<\/h3>\n\n\n\n<figure class=\"wp-block-image size-full\"><a href=\"https:\/\/www.ub.edu\/grups-conversa\/wp-content\/uploads\/B1_5_Time_for_lunch.pdf\"><img loading=\"lazy\" decoding=\"async\" width=\"476\" height=\"674\" src=\"https:\/\/www.ub.edu\/grups-conversa\/wp-content\/uploads\/B1_5_Time_for_lunch.png\" alt=\"\" class=\"wp-image-441\" srcset=\"https:\/\/www.ub.edu\/grups-conversa\/wp-content\/uploads\/B1_5_Time_for_lunch.png 476w, https:\/\/www.ub.edu\/grups-conversa\/wp-content\/uploads\/B1_5_Time_for_lunch-212x300.png 212w, https:\/\/www.ub.edu\/grups-conversa\/wp-content\/uploads\/B1_5_Time_for_lunch-106x150.png 106w\" sizes=\"auto, (max-width: 476px) 100vw, 476px\" \/><\/a><\/figure>\n<\/div>\n\n\n\n<div class=\"wp-block-column is-layout-flow wp-block-column-is-layout-flow\" style=\"flex-basis:25%\">\n<h3 class=\"wp-block-heading\"><strong><strong>B1<\/strong><\/strong>. Family and friends<\/h3>\n\n\n\n<figure class=\"wp-block-image size-full\"><a href=\"https:\/\/www.ub.edu\/grups-conversa\/wp-content\/uploads\/B1_6_Family_and_friends.pdf\"><img loading=\"lazy\" decoding=\"async\" width=\"476\" height=\"674\" src=\"https:\/\/www.ub.edu\/grups-conversa\/wp-content\/uploads\/B1_6_Family_and_friends.png\" alt=\"\" class=\"wp-image-442\" srcset=\"https:\/\/www.ub.edu\/grups-conversa\/wp-content\/uploads\/B1_6_Family_and_friends.png 476w, https:\/\/www.ub.edu\/grups-conversa\/wp-content\/uploads\/B1_6_Family_and_friends-212x300.png 212w, https:\/\/www.ub.edu\/grups-conversa\/wp-content\/uploads\/B1_6_Family_and_friends-106x150.png 106w\" sizes=\"auto, (max-width: 476px) 100vw, 476px\" \/><\/a><\/figure>\n<\/div>\n\n\n\n<div class=\"wp-block-column is-layout-flow wp-block-column-is-layout-flow\" style=\"flex-basis:25%\">\n<h3 class=\"wp-block-heading\"><strong><strong>B1<\/strong><\/strong>. Shopping<\/h3>\n\n\n\n<figure class=\"wp-block-image size-full\"><a href=\"https:\/\/www.ub.edu\/grups-conversa\/wp-content\/uploads\/B1_7_Shopping.pdf\"><img loading=\"lazy\" decoding=\"async\" width=\"476\" height=\"674\" src=\"https:\/\/www.ub.edu\/grups-conversa\/wp-content\/uploads\/B1_7_Shopping.png\" alt=\"\" class=\"wp-image-443\" srcset=\"https:\/\/www.ub.edu\/grups-conversa\/wp-content\/uploads\/B1_7_Shopping.png 476w, https:\/\/www.ub.edu\/grups-conversa\/wp-content\/uploads\/B1_7_Shopping-212x300.png 212w, https:\/\/www.ub.edu\/grups-conversa\/wp-content\/uploads\/B1_7_Shopping-106x150.png 106w\" sizes=\"auto, (max-width: 476px) 100vw, 476px\" \/><\/a><\/figure>\n<\/div>\n\n\n\n<div class=\"wp-block-column is-layout-flow wp-block-column-is-layout-flow\" style=\"flex-basis:25%\">\n<h3 class=\"wp-block-heading\"><strong><strong>B1<\/strong><\/strong>. That&#8217;s entertainment!<\/h3>\n\n\n\n<figure class=\"wp-block-image size-full\"><a href=\"https:\/\/www.ub.edu\/grups-conversa\/wp-content\/uploads\/B1_8_Thats_entertainment.pdf\"><img loading=\"lazy\" decoding=\"async\" width=\"476\" height=\"674\" src=\"https:\/\/www.ub.edu\/grups-conversa\/wp-content\/uploads\/B1_8_Thats_entertainment.png\" alt=\"\" class=\"wp-image-444\" srcset=\"https:\/\/www.ub.edu\/grups-conversa\/wp-content\/uploads\/B1_8_Thats_entertainment.png 476w, https:\/\/www.ub.edu\/grups-conversa\/wp-content\/uploads\/B1_8_Thats_entertainment-212x300.png 212w, https:\/\/www.ub.edu\/grups-conversa\/wp-content\/uploads\/B1_8_Thats_entertainment-106x150.png 106w\" sizes=\"auto, (max-width: 476px) 100vw, 476px\" \/><\/a><\/figure>\n<\/div>\n<\/div>\n<\/div>\n\n\n\n<div class=\"wp-block-group activitatsMOBIL is-nowrap is-layout-flex wp-container-core-group-is-layout-76d5f5c4 wp-block-group-is-layout-flex\" style=\"padding-bottom:30px\">\n<div class=\"wp-block-columns is-not-stacked-on-mobile wp-container-content-9cfa9a5a is-layout-flex wp-container-core-columns-is-layout-92515837 wp-block-columns-is-layout-flex\">\n<div class=\"wp-block-column has-global-padding is-content-justification-left is-layout-constrained wp-container-core-column-is-layout-12dd3699 wp-block-column-is-layout-constrained\">\n<h3 class=\"wp-block-heading\"><strong><strong>B1<\/strong><\/strong>. This or that?<\/h3>\n\n\n\n<figure class=\"wp-block-image size-full\"><a href=\"https:\/\/www.ub.edu\/grups-conversa\/wp-content\/uploads\/B1_1_This_or_that.pdf\"><img loading=\"lazy\" decoding=\"async\" width=\"476\" height=\"674\" src=\"https:\/\/www.ub.edu\/grups-conversa\/wp-content\/uploads\/B1_1_This_or_that.png\" alt=\"\" class=\"wp-image-425\" srcset=\"https:\/\/www.ub.edu\/grups-conversa\/wp-content\/uploads\/B1_1_This_or_that.png 476w, https:\/\/www.ub.edu\/grups-conversa\/wp-content\/uploads\/B1_1_This_or_that-212x300.png 212w, https:\/\/www.ub.edu\/grups-conversa\/wp-content\/uploads\/B1_1_This_or_that-106x150.png 106w\" sizes=\"auto, (max-width: 476px) 100vw, 476px\" \/><\/a><\/figure>\n<\/div>\n\n\n\n<div class=\"wp-block-column has-global-padding is-content-justification-left is-layout-constrained wp-container-core-column-is-layout-12dd3699 wp-block-column-is-layout-constrained\">\n<h3 class=\"wp-block-heading\"><strong><strong>B1<\/strong><\/strong>. School days<\/h3>\n\n\n\n<figure class=\"wp-block-image size-full\"><a href=\"https:\/\/www.ub.edu\/grups-conversa\/wp-content\/uploads\/B1_2_School_days.pdf\"><img loading=\"lazy\" decoding=\"async\" width=\"476\" height=\"674\" src=\"https:\/\/www.ub.edu\/grups-conversa\/wp-content\/uploads\/B1_2_School_days.png\" alt=\"\" class=\"wp-image-427\" srcset=\"https:\/\/www.ub.edu\/grups-conversa\/wp-content\/uploads\/B1_2_School_days.png 476w, https:\/\/www.ub.edu\/grups-conversa\/wp-content\/uploads\/B1_2_School_days-212x300.png 212w, https:\/\/www.ub.edu\/grups-conversa\/wp-content\/uploads\/B1_2_School_days-106x150.png 106w\" sizes=\"auto, (max-width: 476px) 100vw, 476px\" \/><\/a><\/figure>\n<\/div>\n<\/div>\n<\/div>\n\n\n\n<div class=\"wp-block-group activitatsMOBIL is-nowrap is-layout-flex wp-container-core-group-is-layout-76d5f5c4 wp-block-group-is-layout-flex\" style=\"padding-bottom:30px\">\n<div class=\"wp-block-columns is-not-stacked-on-mobile wp-container-content-9cfa9a5a is-layout-flex wp-container-core-columns-is-layout-92515837 wp-block-columns-is-layout-flex\">\n<div class=\"wp-block-column has-global-padding is-content-justification-left is-layout-constrained wp-container-core-column-is-layout-12dd3699 wp-block-column-is-layout-constrained\">\n<h3 class=\"wp-block-heading\"><strong><strong>B1<\/strong><\/strong>. House and home<\/h3>\n\n\n\n<figure class=\"wp-block-image size-full\"><a href=\"https:\/\/www.ub.edu\/grups-conversa\/wp-content\/uploads\/B1_3_House_and_home.pdf\"><img decoding=\"async\" src=\"https:\/\/www.ub.edu\/grups-conversa\/wp-content\/uploads\/B1_3_House_and_home.png\" alt=\"\" class=\"wp-image-428\"\/><\/a><\/figure>\n<\/div>\n\n\n\n<div class=\"wp-block-column has-global-padding is-content-justification-left is-layout-constrained wp-container-core-column-is-layout-12dd3699 wp-block-column-is-layout-constrained\">\n<h3 class=\"wp-block-heading\"><strong><strong>B1<\/strong><\/strong>. Holidays!<\/h3>\n\n\n\n<figure class=\"wp-block-image size-full\"><a href=\"https:\/\/www.ub.edu\/grups-conversa\/wp-content\/uploads\/B1_4_Holidays.pdf\"><img decoding=\"async\" src=\"https:\/\/www.ub.edu\/grups-conversa\/wp-content\/uploads\/B1_4_Holidays.png\" alt=\"\" class=\"wp-image-429\"\/><\/a><\/figure>\n<\/div>\n<\/div>\n<\/div>\n\n\n\n<div class=\"wp-block-group activitatsMOBIL is-nowrap is-layout-flex wp-container-core-group-is-layout-76d5f5c4 wp-block-group-is-layout-flex\" style=\"padding-bottom:30px\">\n<div class=\"wp-block-columns is-not-stacked-on-mobile wp-container-content-9cfa9a5a is-layout-flex wp-container-core-columns-is-layout-92515837 wp-block-columns-is-layout-flex\">\n<div class=\"wp-block-column is-layout-flow wp-block-column-is-layout-flow\">\n<h3 class=\"wp-block-heading\"><strong><strong>B1<\/strong><\/strong>. Time for lunch!<\/h3>\n\n\n\n<figure class=\"wp-block-image size-full\"><a href=\"https:\/\/www.ub.edu\/grups-conversa\/wp-content\/uploads\/B1_5_Time_for_lunch.pdf\"><img loading=\"lazy\" decoding=\"async\" width=\"476\" height=\"674\" src=\"https:\/\/www.ub.edu\/grups-conversa\/wp-content\/uploads\/B1_5_Time_for_lunch.png\" alt=\"\" class=\"wp-image-441\" srcset=\"https:\/\/www.ub.edu\/grups-conversa\/wp-content\/uploads\/B1_5_Time_for_lunch.png 476w, https:\/\/www.ub.edu\/grups-conversa\/wp-content\/uploads\/B1_5_Time_for_lunch-212x300.png 212w, https:\/\/www.ub.edu\/grups-conversa\/wp-content\/uploads\/B1_5_Time_for_lunch-106x150.png 106w\" sizes=\"auto, (max-width: 476px) 100vw, 476px\" \/><\/a><\/figure>\n<\/div>\n\n\n\n<div class=\"wp-block-column is-layout-flow wp-block-column-is-layout-flow\">\n<h3 class=\"wp-block-heading\"><strong><strong>B1<\/strong><\/strong>. Family and friends<\/h3>\n\n\n\n<figure class=\"wp-block-image size-full\"><a href=\"https:\/\/www.ub.edu\/grups-conversa\/wp-content\/uploads\/B1_6_Family_and_friends.pdf\"><img loading=\"lazy\" decoding=\"async\" width=\"476\" height=\"674\" src=\"https:\/\/www.ub.edu\/grups-conversa\/wp-content\/uploads\/B1_6_Family_and_friends.png\" alt=\"\" class=\"wp-image-442\" srcset=\"https:\/\/www.ub.edu\/grups-conversa\/wp-content\/uploads\/B1_6_Family_and_friends.png 476w, https:\/\/www.ub.edu\/grups-conversa\/wp-content\/uploads\/B1_6_Family_and_friends-212x300.png 212w, https:\/\/www.ub.edu\/grups-conversa\/wp-content\/uploads\/B1_6_Family_and_friends-106x150.png 106w\" sizes=\"auto, (max-width: 476px) 100vw, 476px\" \/><\/a><\/figure>\n<\/div>\n<\/div>\n<\/div>\n\n\n\n<div class=\"wp-block-group activitatsMOBIL is-nowrap is-layout-flex wp-container-core-group-is-layout-6c531013 wp-block-group-is-layout-flex\">\n<div class=\"wp-block-columns is-not-stacked-on-mobile wp-container-content-9cfa9a5a is-layout-flex wp-container-core-columns-is-layout-92515837 wp-block-columns-is-layout-flex\">\n<div class=\"wp-block-column is-layout-flow wp-block-column-is-layout-flow\">\n<h3 class=\"wp-block-heading\"><strong><strong>B1<\/strong><\/strong>. Shopping<\/h3>\n\n\n\n<figure class=\"wp-block-image size-full\"><a href=\"https:\/\/www.ub.edu\/grups-conversa\/wp-content\/uploads\/B1_7_Shopping.pdf\"><img loading=\"lazy\" decoding=\"async\" width=\"476\" height=\"674\" src=\"https:\/\/www.ub.edu\/grups-conversa\/wp-content\/uploads\/B1_7_Shopping.png\" alt=\"\" class=\"wp-image-443\" srcset=\"https:\/\/www.ub.edu\/grups-conversa\/wp-content\/uploads\/B1_7_Shopping.png 476w, https:\/\/www.ub.edu\/grups-conversa\/wp-content\/uploads\/B1_7_Shopping-212x300.png 212w, https:\/\/www.ub.edu\/grups-conversa\/wp-content\/uploads\/B1_7_Shopping-106x150.png 106w\" sizes=\"auto, (max-width: 476px) 100vw, 476px\" \/><\/a><\/figure>\n<\/div>\n\n\n\n<div class=\"wp-block-column is-layout-flow wp-block-column-is-layout-flow\">\n<h3 class=\"wp-block-heading\"><strong><strong>B1<\/strong><\/strong>. That&#8217;s entertainment!<\/h3>\n\n\n\n<figure class=\"wp-block-image size-full\"><a href=\"https:\/\/www.ub.edu\/grups-conversa\/wp-content\/uploads\/B1_8_Thats_entertainment.pdf\"><img loading=\"lazy\" decoding=\"async\" width=\"476\" height=\"674\" src=\"https:\/\/www.ub.edu\/grups-conversa\/wp-content\/uploads\/B1_8_Thats_entertainment.png\" alt=\"\" class=\"wp-image-444\" srcset=\"https:\/\/www.ub.edu\/grups-conversa\/wp-content\/uploads\/B1_8_Thats_entertainment.png 476w, https:\/\/www.ub.edu\/grups-conversa\/wp-content\/uploads\/B1_8_Thats_entertainment-212x300.png 212w, https:\/\/www.ub.edu\/grups-conversa\/wp-content\/uploads\/B1_8_Thats_entertainment-106x150.png 106w\" sizes=\"auto, (max-width: 476px) 100vw, 476px\" \/><\/a><\/figure>\n<\/div>\n<\/div>\n<\/div>\n","protected":false},"excerpt":{"rendered":"<p>Als grups de conversa, les activitats s\u00f3n molt variades: des de jocs fins a debats, passant per lectures o din\u00e0miques per treballar el vocabulari. Aqu\u00ed es mostren alguns exemples d&#8217;activitats de nivell B1 en format PDF descarregable, tot i que no s\u00f3n les \u00faniques que s&#8217;hi fan. B1. This or that? B1. School days B1. [&hellip;]<\/p>\n","protected":false},"author":1,"featured_media":0,"parent":0,"menu_order":0,"comment_status":"closed","ping_status":"closed","template":"page-no-title","meta":{"footnotes":""},"class_list":["post-307","page","type-page","status-publish","hentry"],"_links":{"self":[{"href":"https:\/\/www.ub.edu\/grups-conversa\/wp-json\/wp\/v2\/pages\/307","targetHints":{"allow":["GET"]}}],"collection":[{"href":"https:\/\/www.ub.edu\/grups-conversa\/wp-json\/wp\/v2\/pages"}],"about":[{"href":"https:\/\/www.ub.edu\/grups-conversa\/wp-json\/wp\/v2\/types\/page"}],"author":[{"embeddable":true,"href":"https:\/\/www.ub.edu\/grups-conversa\/wp-json\/wp\/v2\/users\/1"}],"replies":[{"embeddable":true,"href":"https:\/\/www.ub.edu\/grups-conversa\/wp-json\/wp\/v2\/comments?post=307"}],"version-history":[{"count":63,"href":"https:\/\/www.ub.edu\/grups-conversa\/wp-json\/wp\/v2\/pages\/307\/revisions"}],"predecessor-version":[{"id":737,"href":"https:\/\/www.ub.edu\/grups-conversa\/wp-json\/wp\/v2\/pages\/307\/revisions\/737"}],"wp:attachment":[{"href":"https:\/\/www.ub.edu\/grups-conversa\/wp-json\/wp\/v2\/media?parent=307"}],"curies":[{"name":"wp","href":"https:\/\/api.w.org\/{rel}","templated":true}]}}