{"id":330,"date":"2024-02-14T14:27:20","date_gmt":"2024-02-14T12:27:20","guid":{"rendered":"https:\/\/www.ub.edu\/grups-conversa\/?page_id=330"},"modified":"2024-06-07T14:28:59","modified_gmt":"2024-06-07T12:28:59","slug":"nivell-c1","status":"publish","type":"page","link":"https:\/\/www.ub.edu\/grups-conversa\/nivell-c1\/","title":{"rendered":"Activitats de conversa d&#8217;angl\u00e8s C1"},"content":{"rendered":"\n<div class=\"wp-block-group is-nowrap is-layout-flex wp-container-core-group-is-layout-6c531013 wp-block-group-is-layout-flex\">\n<figure class=\"wp-block-image size-full\"><a href=\"inici\"><img loading=\"lazy\" decoding=\"async\" width=\"1168\" height=\"400\" src=\"https:\/\/www.ub.edu\/grups-conversa\/wp-content\/uploads\/capcalera-1.png\" alt=\"\" class=\"wp-image-258\" srcset=\"https:\/\/www.ub.edu\/grups-conversa\/wp-content\/uploads\/capcalera-1.png 1168w, https:\/\/www.ub.edu\/grups-conversa\/wp-content\/uploads\/capcalera-1-300x103.png 300w, https:\/\/www.ub.edu\/grups-conversa\/wp-content\/uploads\/capcalera-1-1024x351.png 1024w, https:\/\/www.ub.edu\/grups-conversa\/wp-content\/uploads\/capcalera-1-150x51.png 150w, https:\/\/www.ub.edu\/grups-conversa\/wp-content\/uploads\/capcalera-1-768x263.png 768w\" sizes=\"auto, (max-width: 1168px) 100vw, 1168px\" \/><\/a><\/figure>\n<\/div>\n\n\n\n<div class=\"wp-block-group is-nowrap is-layout-flex wp-container-core-group-is-layout-6c531013 wp-block-group-is-layout-flex\"><h2 class=\"wp-block-post-title\">Activitats de conversa d&#8217;angl\u00e8s C1<\/h2><\/div>\n\n\n\n<div class=\"wp-block-group is-nowrap is-layout-flex wp-container-core-group-is-layout-76d5f5c4 wp-block-group-is-layout-flex\" style=\"padding-bottom:30px\">\n<p>Als <strong>grups de conversa<\/strong>, les activitats s\u00f3n molt variades: des de jocs fins a debats, passant per lectures o din\u00e0miques per treballar el vocabulari. Aqu\u00ed es mostren alguns exemples d&#8217;activitats de nivell C1 en format <strong>PDF descarregable<\/strong>, tot i que <strong>no s\u00f3n les \u00faniques<\/strong> que s&#8217;hi fan.<\/p>\n<\/div>\n\n\n\n<div class=\"wp-block-group activitatsPC is-nowrap is-layout-flex wp-container-core-group-is-layout-76d5f5c4 wp-block-group-is-layout-flex\" style=\"padding-bottom:30px\">\n<div class=\"wp-block-columns is-not-stacked-on-mobile wp-container-content-9cfa9a5a is-layout-flex wp-container-core-columns-is-layout-92515837 wp-block-columns-is-layout-flex\">\n<div class=\"wp-block-column is-layout-flow wp-block-column-is-layout-flow\" style=\"flex-basis:25%\">\n<h3 class=\"wp-block-heading\"><strong><strong>C1<\/strong><\/strong>. The university of life<\/h3>\n\n\n\n<figure class=\"wp-block-image size-full\"><a href=\"https:\/\/www.ub.edu\/grups-conversa\/wp-content\/uploads\/C1_1_University_of_life.pdf\"><img decoding=\"async\" src=\"https:\/\/www.ub.edu\/grups-conversa\/wp-content\/uploads\/C1_1_University_of_life.png\" alt=\"\" class=\"wp-image-473\"\/><\/a><\/figure>\n<\/div>\n\n\n\n<div class=\"wp-block-column is-layout-flow wp-block-column-is-layout-flow\" style=\"flex-basis:25%\">\n<h3 class=\"wp-block-heading\"><strong><strong>C1<\/strong><\/strong>. Umming and aahhing<\/h3>\n\n\n\n<figure class=\"wp-block-image size-full\"><a href=\"https:\/\/www.ub.edu\/grups-conversa\/wp-content\/uploads\/C1_2_Umming_and_aahhing.pdf\"><img decoding=\"async\" src=\"https:\/\/www.ub.edu\/grups-conversa\/wp-content\/uploads\/C1_2_Umming_and_aahhing.png\" alt=\"\" class=\"wp-image-475\"\/><\/a><\/figure>\n<\/div>\n\n\n\n<div class=\"wp-block-column is-layout-flow wp-block-column-is-layout-flow\" style=\"flex-basis:25%\">\n<h3 class=\"wp-block-heading\"><strong><strong>C1<\/strong><\/strong>. Settling in<\/h3>\n\n\n\n<figure class=\"wp-block-image size-full\"><a href=\"https:\/\/www.ub.edu\/grups-conversa\/wp-content\/uploads\/C1_3_Settling_in.pdf\"><img loading=\"lazy\" decoding=\"async\" width=\"476\" height=\"674\" src=\"https:\/\/www.ub.edu\/grups-conversa\/wp-content\/uploads\/C1_3_Settling_in.png\" alt=\"\" class=\"wp-image-476\" srcset=\"https:\/\/www.ub.edu\/grups-conversa\/wp-content\/uploads\/C1_3_Settling_in.png 476w, https:\/\/www.ub.edu\/grups-conversa\/wp-content\/uploads\/C1_3_Settling_in-212x300.png 212w, https:\/\/www.ub.edu\/grups-conversa\/wp-content\/uploads\/C1_3_Settling_in-106x150.png 106w\" sizes=\"auto, (max-width: 476px) 100vw, 476px\" \/><\/a><\/figure>\n<\/div>\n\n\n\n<div class=\"wp-block-column is-layout-flow wp-block-column-is-layout-flow\" style=\"flex-basis:25%\">\n<h3 class=\"wp-block-heading\"><strong><strong>C1<\/strong><\/strong>. The heart of the matter<\/h3>\n\n\n\n<figure class=\"wp-block-image size-full\"><a href=\"https:\/\/www.ub.edu\/grups-conversa\/wp-content\/uploads\/C1_4_Heart_of_the_matter.pdf\"><img decoding=\"async\" src=\"https:\/\/www.ub.edu\/grups-conversa\/wp-content\/uploads\/C1_4_Heart_of_the_matter.png\" alt=\"\" class=\"wp-image-477\"\/><\/a><\/figure>\n<\/div>\n<\/div>\n<\/div>\n\n\n\n<div class=\"wp-block-group activitatsPC is-nowrap is-layout-flex wp-container-core-group-is-layout-6c531013 wp-block-group-is-layout-flex\">\n<div class=\"wp-block-columns is-not-stacked-on-mobile wp-container-content-9cfa9a5a is-layout-flex wp-container-core-columns-is-layout-92515837 wp-block-columns-is-layout-flex\">\n<div class=\"wp-block-column is-layout-flow wp-block-column-is-layout-flow\" style=\"flex-basis:25%\">\n<h3 class=\"wp-block-heading\"><strong><strong>C1<\/strong><\/strong>. The media<\/h3>\n\n\n\n<figure class=\"wp-block-image size-full\"><a href=\"https:\/\/www.ub.edu\/grups-conversa\/wp-content\/uploads\/C1_5_The_media.pdf\"><img loading=\"lazy\" decoding=\"async\" width=\"476\" height=\"674\" src=\"https:\/\/www.ub.edu\/grups-conversa\/wp-content\/uploads\/C1_5_The_media.png\" alt=\"\" class=\"wp-image-478\" srcset=\"https:\/\/www.ub.edu\/grups-conversa\/wp-content\/uploads\/C1_5_The_media.png 476w, https:\/\/www.ub.edu\/grups-conversa\/wp-content\/uploads\/C1_5_The_media-212x300.png 212w, https:\/\/www.ub.edu\/grups-conversa\/wp-content\/uploads\/C1_5_The_media-106x150.png 106w\" sizes=\"auto, (max-width: 476px) 100vw, 476px\" \/><\/a><\/figure>\n<\/div>\n\n\n\n<div class=\"wp-block-column is-layout-flow wp-block-column-is-layout-flow\" style=\"flex-basis:25%\">\n<h3 class=\"wp-block-heading\"><strong><strong>C1<\/strong><\/strong>. Food for thought<\/h3>\n\n\n\n<figure class=\"wp-block-image size-full\"><a href=\"https:\/\/www.ub.edu\/grups-conversa\/wp-content\/uploads\/C1_6_Food_for_thought.pdf\"><img loading=\"lazy\" decoding=\"async\" width=\"476\" height=\"674\" src=\"https:\/\/www.ub.edu\/grups-conversa\/wp-content\/uploads\/C1_6_Food_for_thought.png\" alt=\"\" class=\"wp-image-479\" srcset=\"https:\/\/www.ub.edu\/grups-conversa\/wp-content\/uploads\/C1_6_Food_for_thought.png 476w, https:\/\/www.ub.edu\/grups-conversa\/wp-content\/uploads\/C1_6_Food_for_thought-212x300.png 212w, https:\/\/www.ub.edu\/grups-conversa\/wp-content\/uploads\/C1_6_Food_for_thought-106x150.png 106w\" sizes=\"auto, (max-width: 476px) 100vw, 476px\" \/><\/a><\/figure>\n<\/div>\n\n\n\n<div class=\"wp-block-column is-layout-flow wp-block-column-is-layout-flow\" style=\"flex-basis:25%\">\n<h3 class=\"wp-block-heading\"><strong><strong>C1<\/strong><\/strong>. Crime wave!<\/h3>\n\n\n\n<figure class=\"wp-block-image size-full\"><a href=\"https:\/\/www.ub.edu\/grups-conversa\/wp-content\/uploads\/C1_7_Crime_wave.pdf\"><img decoding=\"async\" src=\"https:\/\/www.ub.edu\/grups-conversa\/wp-content\/uploads\/C1_7_Crime_wave.png\" alt=\"\" class=\"wp-image-480\"\/><\/a><\/figure>\n<\/div>\n\n\n\n<div class=\"wp-block-column is-layout-flow wp-block-column-is-layout-flow\" style=\"flex-basis:25%\">\n<h3 class=\"wp-block-heading\"><strong><strong>C1<\/strong><\/strong>. The workaday world<\/h3>\n\n\n\n<figure class=\"wp-block-image size-full\"><a href=\"https:\/\/www.ub.edu\/grups-conversa\/wp-content\/uploads\/C1_8_Workaday_world.pdf\"><img loading=\"lazy\" decoding=\"async\" width=\"476\" height=\"674\" src=\"https:\/\/www.ub.edu\/grups-conversa\/wp-content\/uploads\/C1_8_Workaday_world.png\" alt=\"\" class=\"wp-image-481\" srcset=\"https:\/\/www.ub.edu\/grups-conversa\/wp-content\/uploads\/C1_8_Workaday_world.png 476w, https:\/\/www.ub.edu\/grups-conversa\/wp-content\/uploads\/C1_8_Workaday_world-212x300.png 212w, https:\/\/www.ub.edu\/grups-conversa\/wp-content\/uploads\/C1_8_Workaday_world-106x150.png 106w\" sizes=\"auto, (max-width: 476px) 100vw, 476px\" \/><\/a><\/figure>\n<\/div>\n<\/div>\n<\/div>\n\n\n\n<div class=\"wp-block-group activitatsMOBIL is-nowrap is-layout-flex wp-container-core-group-is-layout-76d5f5c4 wp-block-group-is-layout-flex\" style=\"padding-bottom:30px\">\n<div class=\"wp-block-columns is-not-stacked-on-mobile wp-container-content-9cfa9a5a is-layout-flex wp-container-core-columns-is-layout-92515837 wp-block-columns-is-layout-flex\">\n<div class=\"wp-block-column is-layout-flow wp-block-column-is-layout-flow\">\n<h3 class=\"wp-block-heading\"><strong><strong>C1<\/strong><\/strong>. The university of life<\/h3>\n\n\n\n<figure class=\"wp-block-image size-full\"><a href=\"https:\/\/www.ub.edu\/grups-conversa\/wp-content\/uploads\/C1_1_University_of_life.pdf\"><img decoding=\"async\" src=\"https:\/\/www.ub.edu\/grups-conversa\/wp-content\/uploads\/C1_1_University_of_life.png\" alt=\"\" class=\"wp-image-473\"\/><\/a><\/figure>\n<\/div>\n\n\n\n<div class=\"wp-block-column is-layout-flow wp-block-column-is-layout-flow\">\n<h3 class=\"wp-block-heading\"><strong><strong>C1<\/strong><\/strong>. Umming and aahhing<\/h3>\n\n\n\n<figure class=\"wp-block-image size-full\"><a href=\"https:\/\/www.ub.edu\/grups-conversa\/wp-content\/uploads\/C1_2_Umming_and_aahhing.pdf\"><img decoding=\"async\" src=\"https:\/\/www.ub.edu\/grups-conversa\/wp-content\/uploads\/C1_2_Umming_and_aahhing.png\" alt=\"\" class=\"wp-image-475\"\/><\/a><\/figure>\n<\/div>\n<\/div>\n<\/div>\n\n\n\n<div class=\"wp-block-group activitatsMOBIL is-nowrap is-layout-flex wp-container-core-group-is-layout-76d5f5c4 wp-block-group-is-layout-flex\" style=\"padding-bottom:30px\">\n<div class=\"wp-block-columns is-not-stacked-on-mobile wp-container-content-9cfa9a5a is-layout-flex wp-container-core-columns-is-layout-92515837 wp-block-columns-is-layout-flex\">\n<div class=\"wp-block-column is-layout-flow wp-block-column-is-layout-flow\">\n<h3 class=\"wp-block-heading\"><strong><strong>C1<\/strong><\/strong>. Settling in<\/h3>\n\n\n\n<figure class=\"wp-block-image size-full\"><a href=\"https:\/\/www.ub.edu\/grups-conversa\/wp-content\/uploads\/C1_3_Settling_in.pdf\"><img loading=\"lazy\" decoding=\"async\" width=\"476\" height=\"674\" src=\"https:\/\/www.ub.edu\/grups-conversa\/wp-content\/uploads\/C1_3_Settling_in.png\" alt=\"\" class=\"wp-image-476\" srcset=\"https:\/\/www.ub.edu\/grups-conversa\/wp-content\/uploads\/C1_3_Settling_in.png 476w, https:\/\/www.ub.edu\/grups-conversa\/wp-content\/uploads\/C1_3_Settling_in-212x300.png 212w, https:\/\/www.ub.edu\/grups-conversa\/wp-content\/uploads\/C1_3_Settling_in-106x150.png 106w\" sizes=\"auto, (max-width: 476px) 100vw, 476px\" \/><\/a><\/figure>\n<\/div>\n\n\n\n<div class=\"wp-block-column is-layout-flow wp-block-column-is-layout-flow\">\n<h3 class=\"wp-block-heading\"><strong><strong>C1<\/strong><\/strong>. The heart of the matter<\/h3>\n\n\n\n<figure class=\"wp-block-image size-full\"><a href=\"https:\/\/www.ub.edu\/grups-conversa\/wp-content\/uploads\/C1_4_Heart_of_the_matter.pdf\"><img decoding=\"async\" src=\"https:\/\/www.ub.edu\/grups-conversa\/wp-content\/uploads\/C1_4_Heart_of_the_matter.png\" alt=\"\" class=\"wp-image-477\"\/><\/a><\/figure>\n<\/div>\n<\/div>\n<\/div>\n\n\n\n<div class=\"wp-block-group activitatsMOBIL is-nowrap is-layout-flex wp-container-core-group-is-layout-76d5f5c4 wp-block-group-is-layout-flex\" style=\"padding-bottom:30px\">\n<div class=\"wp-block-columns is-not-stacked-on-mobile wp-container-content-9cfa9a5a is-layout-flex wp-container-core-columns-is-layout-92515837 wp-block-columns-is-layout-flex\">\n<div class=\"wp-block-column is-layout-flow wp-block-column-is-layout-flow\">\n<h3 class=\"wp-block-heading\"><strong><strong>C1<\/strong><\/strong>. The media<\/h3>\n\n\n\n<figure class=\"wp-block-image size-full\"><a href=\"https:\/\/www.ub.edu\/grups-conversa\/wp-content\/uploads\/C1_5_The_media.pdf\"><img loading=\"lazy\" decoding=\"async\" width=\"476\" height=\"674\" src=\"https:\/\/www.ub.edu\/grups-conversa\/wp-content\/uploads\/C1_5_The_media.png\" alt=\"\" class=\"wp-image-478\" srcset=\"https:\/\/www.ub.edu\/grups-conversa\/wp-content\/uploads\/C1_5_The_media.png 476w, https:\/\/www.ub.edu\/grups-conversa\/wp-content\/uploads\/C1_5_The_media-212x300.png 212w, https:\/\/www.ub.edu\/grups-conversa\/wp-content\/uploads\/C1_5_The_media-106x150.png 106w\" sizes=\"auto, (max-width: 476px) 100vw, 476px\" \/><\/a><\/figure>\n<\/div>\n\n\n\n<div class=\"wp-block-column is-layout-flow wp-block-column-is-layout-flow\">\n<h3 class=\"wp-block-heading\"><strong><strong>C1<\/strong><\/strong>. Food for thought<\/h3>\n\n\n\n<figure class=\"wp-block-image size-full\"><a href=\"https:\/\/www.ub.edu\/grups-conversa\/wp-content\/uploads\/C1_6_Food_for_thought.pdf\"><img loading=\"lazy\" decoding=\"async\" width=\"476\" height=\"674\" src=\"https:\/\/www.ub.edu\/grups-conversa\/wp-content\/uploads\/C1_6_Food_for_thought.png\" alt=\"\" class=\"wp-image-479\" srcset=\"https:\/\/www.ub.edu\/grups-conversa\/wp-content\/uploads\/C1_6_Food_for_thought.png 476w, https:\/\/www.ub.edu\/grups-conversa\/wp-content\/uploads\/C1_6_Food_for_thought-212x300.png 212w, https:\/\/www.ub.edu\/grups-conversa\/wp-content\/uploads\/C1_6_Food_for_thought-106x150.png 106w\" sizes=\"auto, (max-width: 476px) 100vw, 476px\" \/><\/a><\/figure>\n<\/div>\n<\/div>\n<\/div>\n\n\n\n<div class=\"wp-block-group activitatsMOBIL is-nowrap is-layout-flex wp-container-core-group-is-layout-6c531013 wp-block-group-is-layout-flex\">\n<div class=\"wp-block-columns is-not-stacked-on-mobile wp-container-content-9cfa9a5a is-layout-flex wp-container-core-columns-is-layout-92515837 wp-block-columns-is-layout-flex\">\n<div class=\"wp-block-column is-layout-flow wp-block-column-is-layout-flow\">\n<h3 class=\"wp-block-heading\"><strong><strong>C1<\/strong><\/strong>. Crime wave!<\/h3>\n\n\n\n<figure class=\"wp-block-image size-full\"><a href=\"https:\/\/www.ub.edu\/grups-conversa\/wp-content\/uploads\/C1_7_Crime_wave.pdf\"><img decoding=\"async\" src=\"https:\/\/www.ub.edu\/grups-conversa\/wp-content\/uploads\/C1_7_Crime_wave.png\" alt=\"\" class=\"wp-image-480\"\/><\/a><\/figure>\n<\/div>\n\n\n\n<div class=\"wp-block-column is-layout-flow wp-block-column-is-layout-flow\">\n<h3 class=\"wp-block-heading\"><strong><strong>C1<\/strong><\/strong>. The workaday world<\/h3>\n\n\n\n<figure class=\"wp-block-image size-full\"><a href=\"https:\/\/www.ub.edu\/grups-conversa\/wp-content\/uploads\/C1_8_Workaday_world.pdf\"><img loading=\"lazy\" decoding=\"async\" width=\"476\" height=\"674\" src=\"https:\/\/www.ub.edu\/grups-conversa\/wp-content\/uploads\/C1_8_Workaday_world.png\" alt=\"\" class=\"wp-image-481\" srcset=\"https:\/\/www.ub.edu\/grups-conversa\/wp-content\/uploads\/C1_8_Workaday_world.png 476w, https:\/\/www.ub.edu\/grups-conversa\/wp-content\/uploads\/C1_8_Workaday_world-212x300.png 212w, https:\/\/www.ub.edu\/grups-conversa\/wp-content\/uploads\/C1_8_Workaday_world-106x150.png 106w\" sizes=\"auto, (max-width: 476px) 100vw, 476px\" \/><\/a><\/figure>\n<\/div>\n<\/div>\n<\/div>\n","protected":false},"excerpt":{"rendered":"<p>Als grups de conversa, les activitats s\u00f3n molt variades: des de jocs fins a debats, passant per lectures o din\u00e0miques per treballar el vocabulari. Aqu\u00ed es mostren alguns exemples d&#8217;activitats de nivell C1 en format PDF descarregable, tot i que no s\u00f3n les \u00faniques que s&#8217;hi fan. C1. The university of life C1. Umming and [&hellip;]<\/p>\n","protected":false},"author":1,"featured_media":0,"parent":0,"menu_order":0,"comment_status":"closed","ping_status":"closed","template":"page-no-title","meta":{"footnotes":""},"class_list":["post-330","page","type-page","status-publish","hentry"],"_links":{"self":[{"href":"https:\/\/www.ub.edu\/grups-conversa\/wp-json\/wp\/v2\/pages\/330","targetHints":{"allow":["GET"]}}],"collection":[{"href":"https:\/\/www.ub.edu\/grups-conversa\/wp-json\/wp\/v2\/pages"}],"about":[{"href":"https:\/\/www.ub.edu\/grups-conversa\/wp-json\/wp\/v2\/types\/page"}],"author":[{"embeddable":true,"href":"https:\/\/www.ub.edu\/grups-conversa\/wp-json\/wp\/v2\/users\/1"}],"replies":[{"embeddable":true,"href":"https:\/\/www.ub.edu\/grups-conversa\/wp-json\/wp\/v2\/comments?post=330"}],"version-history":[{"count":24,"href":"https:\/\/www.ub.edu\/grups-conversa\/wp-json\/wp\/v2\/pages\/330\/revisions"}],"predecessor-version":[{"id":738,"href":"https:\/\/www.ub.edu\/grups-conversa\/wp-json\/wp\/v2\/pages\/330\/revisions\/738"}],"wp:attachment":[{"href":"https:\/\/www.ub.edu\/grups-conversa\/wp-json\/wp\/v2\/media?parent=330"}],"curies":[{"name":"wp","href":"https:\/\/api.w.org\/{rel}","templated":true}]}}