{"id":336,"date":"2024-02-14T14:29:01","date_gmt":"2024-02-14T12:29:01","guid":{"rendered":"https:\/\/www.ub.edu\/grups-conversa\/?page_id=336"},"modified":"2024-06-07T14:29:34","modified_gmt":"2024-06-07T12:29:34","slug":"nivell-c2","status":"publish","type":"page","link":"https:\/\/www.ub.edu\/grups-conversa\/nivell-c2\/","title":{"rendered":"Activitats de conversa d&#8217;angl\u00e8s C2"},"content":{"rendered":"\n<div class=\"wp-block-group is-nowrap is-layout-flex wp-container-core-group-is-layout-6c531013 wp-block-group-is-layout-flex\">\n<figure class=\"wp-block-image size-full\"><a href=\"inici\"><img loading=\"lazy\" decoding=\"async\" width=\"1168\" height=\"400\" src=\"https:\/\/www.ub.edu\/grups-conversa\/wp-content\/uploads\/capcalera-1.png\" alt=\"\" class=\"wp-image-258\" srcset=\"https:\/\/www.ub.edu\/grups-conversa\/wp-content\/uploads\/capcalera-1.png 1168w, https:\/\/www.ub.edu\/grups-conversa\/wp-content\/uploads\/capcalera-1-300x103.png 300w, https:\/\/www.ub.edu\/grups-conversa\/wp-content\/uploads\/capcalera-1-1024x351.png 1024w, https:\/\/www.ub.edu\/grups-conversa\/wp-content\/uploads\/capcalera-1-150x51.png 150w, https:\/\/www.ub.edu\/grups-conversa\/wp-content\/uploads\/capcalera-1-768x263.png 768w\" sizes=\"auto, (max-width: 1168px) 100vw, 1168px\" \/><\/a><\/figure>\n<\/div>\n\n\n\n<div class=\"wp-block-group is-nowrap is-layout-flex wp-container-core-group-is-layout-6c531013 wp-block-group-is-layout-flex\"><h2 class=\"wp-block-post-title\">Activitats de conversa d&#8217;angl\u00e8s C2<\/h2><\/div>\n\n\n\n<div class=\"wp-block-group is-nowrap is-layout-flex wp-container-core-group-is-layout-76d5f5c4 wp-block-group-is-layout-flex\" style=\"padding-bottom:30px\">\n<p>Als <strong>grups de conversa<\/strong>, les activitats s\u00f3n molt variades: des de jocs fins a debats, passant per lectures o din\u00e0miques per treballar el vocabulari. Aqu\u00ed es mostren alguns exemples d&#8217;activitats de nivell C2 en format <strong>PDF descarregable<\/strong>, tot i que <strong>no s\u00f3n les \u00faniques<\/strong> que s&#8217;hi fan.<\/p>\n<\/div>\n\n\n\n<div class=\"wp-block-group activitatsPC is-nowrap is-layout-flex wp-container-core-group-is-layout-76d5f5c4 wp-block-group-is-layout-flex\" style=\"padding-bottom:30px\">\n<div class=\"wp-block-columns is-not-stacked-on-mobile wp-container-content-9cfa9a5a is-layout-flex wp-container-core-columns-is-layout-92515837 wp-block-columns-is-layout-flex\">\n<div class=\"wp-block-column is-layout-flow wp-block-column-is-layout-flow\" style=\"flex-basis:25%\">\n<h3 class=\"wp-block-heading\"><strong><strong>C2<\/strong><\/strong>. Metropolis<\/h3>\n\n\n\n<figure class=\"wp-block-image size-full\"><a href=\"https:\/\/www.ub.edu\/grups-conversa\/wp-content\/uploads\/C2_1_Metropolis.pdf\"><img decoding=\"async\" src=\"https:\/\/www.ub.edu\/grups-conversa\/wp-content\/uploads\/C2_1_Metropolis.png\" alt=\"\" class=\"wp-image-495\"\/><\/a><\/figure>\n<\/div>\n\n\n\n<div class=\"wp-block-column is-layout-flow wp-block-column-is-layout-flow\" style=\"flex-basis:25%\">\n<h3 class=\"wp-block-heading\"><strong><strong>C2<\/strong><\/strong>. Home, sweet home<\/h3>\n\n\n\n<figure class=\"wp-block-image size-full\"><a href=\"https:\/\/www.ub.edu\/grups-conversa\/wp-content\/uploads\/C2_2_Home_sweet_home.pdf\"><img decoding=\"async\" src=\"https:\/\/www.ub.edu\/grups-conversa\/wp-content\/uploads\/C2_2_Home_sweet_home.png\" alt=\"\" class=\"wp-image-496\"\/><\/a><\/figure>\n<\/div>\n\n\n\n<div class=\"wp-block-column is-layout-flow wp-block-column-is-layout-flow\" style=\"flex-basis:25%\">\n<h3 class=\"wp-block-heading\"><strong><strong>C2<\/strong><\/strong>. The right personality<\/h3>\n\n\n\n<figure class=\"wp-block-image size-full\"><a href=\"https:\/\/www.ub.edu\/grups-conversa\/wp-content\/uploads\/C2_3_Right_personality.pdf\"><img decoding=\"async\" src=\"https:\/\/www.ub.edu\/grups-conversa\/wp-content\/uploads\/C2_3_Right_personality.png\" alt=\"\" class=\"wp-image-497\"\/><\/a><\/figure>\n<\/div>\n\n\n\n<div class=\"wp-block-column is-layout-flow wp-block-column-is-layout-flow\" style=\"flex-basis:25%\">\n<h3 class=\"wp-block-heading\"><strong><strong>C2<\/strong><\/strong>. Parenting<\/h3>\n\n\n\n<figure class=\"wp-block-image size-full\"><a href=\"https:\/\/www.ub.edu\/grups-conversa\/wp-content\/uploads\/C2_4_Parenting.pdf\"><img decoding=\"async\" src=\"https:\/\/www.ub.edu\/grups-conversa\/wp-content\/uploads\/C2_4_Parenting.png\" alt=\"\" class=\"wp-image-498\"\/><\/a><\/figure>\n<\/div>\n<\/div>\n<\/div>\n\n\n\n<div class=\"wp-block-group activitatsPC is-nowrap is-layout-flex wp-container-core-group-is-layout-76d5f5c4 wp-block-group-is-layout-flex\" style=\"padding-bottom:30px\">\n<div class=\"wp-block-columns is-not-stacked-on-mobile wp-container-content-9cfa9a5a is-layout-flex wp-container-core-columns-is-layout-92515837 wp-block-columns-is-layout-flex\">\n<div class=\"wp-block-column is-layout-flow wp-block-column-is-layout-flow\" style=\"flex-basis:25%\">\n<h3 class=\"wp-block-heading\"><strong><strong>C2<\/strong><\/strong>. Building bridges<\/h3>\n\n\n\n<figure class=\"wp-block-image size-full\"><a href=\"https:\/\/www.ub.edu\/grups-conversa\/wp-content\/uploads\/C2_5_Building_bridges.pdf\"><img loading=\"lazy\" decoding=\"async\" width=\"476\" height=\"674\" src=\"https:\/\/www.ub.edu\/grups-conversa\/wp-content\/uploads\/C2_5_Building_bridges.png\" alt=\"\" class=\"wp-image-499\" srcset=\"https:\/\/www.ub.edu\/grups-conversa\/wp-content\/uploads\/C2_5_Building_bridges.png 476w, https:\/\/www.ub.edu\/grups-conversa\/wp-content\/uploads\/C2_5_Building_bridges-212x300.png 212w, https:\/\/www.ub.edu\/grups-conversa\/wp-content\/uploads\/C2_5_Building_bridges-106x150.png 106w\" sizes=\"auto, (max-width: 476px) 100vw, 476px\" \/><\/a><\/figure>\n<\/div>\n\n\n\n<div class=\"wp-block-column is-layout-flow wp-block-column-is-layout-flow\" style=\"flex-basis:25%\">\n<h3 class=\"wp-block-heading\"><strong><strong>C2<\/strong><\/strong>. In the limelight<\/h3>\n\n\n\n<figure class=\"wp-block-image size-full\"><a href=\"https:\/\/www.ub.edu\/grups-conversa\/wp-content\/uploads\/C2_6_In_the_limelight.pdf\"><img loading=\"lazy\" decoding=\"async\" width=\"476\" height=\"674\" src=\"https:\/\/www.ub.edu\/grups-conversa\/wp-content\/uploads\/C2_6_In_the_limelight.png\" alt=\"\" class=\"wp-image-500\" srcset=\"https:\/\/www.ub.edu\/grups-conversa\/wp-content\/uploads\/C2_6_In_the_limelight.png 476w, https:\/\/www.ub.edu\/grups-conversa\/wp-content\/uploads\/C2_6_In_the_limelight-212x300.png 212w, https:\/\/www.ub.edu\/grups-conversa\/wp-content\/uploads\/C2_6_In_the_limelight-106x150.png 106w\" sizes=\"auto, (max-width: 476px) 100vw, 476px\" \/><\/a><\/figure>\n<\/div>\n\n\n\n<div class=\"wp-block-column is-layout-flow wp-block-column-is-layout-flow\" style=\"flex-basis:25%\">\n<h3 class=\"wp-block-heading\"><strong><strong>C2<\/strong><\/strong>. Knowledge and skills<\/h3>\n\n\n\n<figure class=\"wp-block-image size-full\"><a href=\"https:\/\/www.ub.edu\/grups-conversa\/wp-content\/uploads\/C2_7_Knowledge_and_skills.pdf\"><img decoding=\"async\" src=\"https:\/\/www.ub.edu\/grups-conversa\/wp-content\/uploads\/C2_7_Knowledge_and_skills.png\" alt=\"\" class=\"wp-image-501\"\/><\/a><\/figure>\n<\/div>\n\n\n\n<div class=\"wp-block-column is-layout-flow wp-block-column-is-layout-flow\" style=\"flex-basis:25%\">\n<h3 class=\"wp-block-heading\"><strong><strong>C2<\/strong><\/strong>. Spicing things up<\/h3>\n\n\n\n<figure class=\"wp-block-image size-full\"><a href=\"https:\/\/www.ub.edu\/grups-conversa\/wp-content\/uploads\/C2_8_Spicing_things_up.pdf\"><img decoding=\"async\" src=\"https:\/\/www.ub.edu\/grups-conversa\/wp-content\/uploads\/C2_8_Spicing_things_up.png\" alt=\"\" class=\"wp-image-502\"\/><\/a><\/figure>\n<\/div>\n<\/div>\n<\/div>\n\n\n\n<div class=\"wp-block-group activitatsMOBIL is-nowrap is-layout-flex wp-container-core-group-is-layout-76d5f5c4 wp-block-group-is-layout-flex\" style=\"padding-bottom:30px\">\n<div class=\"wp-block-columns is-not-stacked-on-mobile wp-container-content-9cfa9a5a is-layout-flex wp-container-core-columns-is-layout-92515837 wp-block-columns-is-layout-flex\">\n<div class=\"wp-block-column is-layout-flow wp-block-column-is-layout-flow\">\n<h3 class=\"wp-block-heading\"><strong><strong>C2<\/strong><\/strong>. Metropolis<\/h3>\n\n\n\n<figure class=\"wp-block-image size-full\"><a href=\"https:\/\/www.ub.edu\/grups-conversa\/wp-content\/uploads\/C2_1_Metropolis.pdf\"><img decoding=\"async\" src=\"https:\/\/www.ub.edu\/grups-conversa\/wp-content\/uploads\/C2_1_Metropolis.png\" alt=\"\" class=\"wp-image-495\"\/><\/a><\/figure>\n<\/div>\n\n\n\n<div class=\"wp-block-column is-layout-flow wp-block-column-is-layout-flow\">\n<h3 class=\"wp-block-heading\"><strong><strong>C2<\/strong><\/strong>. Home, sweet home<\/h3>\n\n\n\n<figure class=\"wp-block-image size-full\"><a href=\"https:\/\/www.ub.edu\/grups-conversa\/wp-content\/uploads\/C2_2_Home_sweet_home.pdf\"><img decoding=\"async\" src=\"https:\/\/www.ub.edu\/grups-conversa\/wp-content\/uploads\/C2_2_Home_sweet_home.png\" alt=\"\" class=\"wp-image-496\"\/><\/a><\/figure>\n<\/div>\n<\/div>\n<\/div>\n\n\n\n<div class=\"wp-block-group activitatsMOBIL is-nowrap is-layout-flex wp-container-core-group-is-layout-76d5f5c4 wp-block-group-is-layout-flex\" style=\"padding-bottom:30px\">\n<div class=\"wp-block-columns is-not-stacked-on-mobile wp-container-content-9cfa9a5a is-layout-flex wp-container-core-columns-is-layout-92515837 wp-block-columns-is-layout-flex\">\n<div class=\"wp-block-column is-layout-flow wp-block-column-is-layout-flow\">\n<h3 class=\"wp-block-heading\"><strong><strong>C2<\/strong><\/strong>. The right personality<\/h3>\n\n\n\n<figure class=\"wp-block-image size-full\"><a href=\"https:\/\/www.ub.edu\/grups-conversa\/wp-content\/uploads\/C2_3_Right_personality.pdf\"><img decoding=\"async\" src=\"https:\/\/www.ub.edu\/grups-conversa\/wp-content\/uploads\/C2_3_Right_personality.png\" alt=\"\" class=\"wp-image-497\"\/><\/a><\/figure>\n<\/div>\n\n\n\n<div class=\"wp-block-column is-layout-flow wp-block-column-is-layout-flow\">\n<h3 class=\"wp-block-heading\"><strong><strong>C2<\/strong><\/strong>. Parenting<\/h3>\n\n\n\n<figure class=\"wp-block-image size-full\"><a href=\"https:\/\/www.ub.edu\/grups-conversa\/wp-content\/uploads\/C2_4_Parenting.pdf\"><img decoding=\"async\" src=\"https:\/\/www.ub.edu\/grups-conversa\/wp-content\/uploads\/C2_4_Parenting.png\" alt=\"\" class=\"wp-image-498\"\/><\/a><\/figure>\n<\/div>\n<\/div>\n<\/div>\n\n\n\n<div class=\"wp-block-group activitatsMOBIL is-nowrap is-layout-flex wp-container-core-group-is-layout-76d5f5c4 wp-block-group-is-layout-flex\" style=\"padding-bottom:30px\">\n<div class=\"wp-block-columns is-not-stacked-on-mobile wp-container-content-9cfa9a5a is-layout-flex wp-container-core-columns-is-layout-92515837 wp-block-columns-is-layout-flex\">\n<div class=\"wp-block-column is-layout-flow wp-block-column-is-layout-flow\">\n<h3 class=\"wp-block-heading\"><strong><strong>C2<\/strong><\/strong>. Building bridges<\/h3>\n\n\n\n<figure class=\"wp-block-image size-full\"><a href=\"https:\/\/www.ub.edu\/grups-conversa\/wp-content\/uploads\/C2_5_Building_bridges.pdf\"><img loading=\"lazy\" decoding=\"async\" width=\"476\" height=\"674\" src=\"https:\/\/www.ub.edu\/grups-conversa\/wp-content\/uploads\/C2_5_Building_bridges.png\" alt=\"\" class=\"wp-image-499\" srcset=\"https:\/\/www.ub.edu\/grups-conversa\/wp-content\/uploads\/C2_5_Building_bridges.png 476w, https:\/\/www.ub.edu\/grups-conversa\/wp-content\/uploads\/C2_5_Building_bridges-212x300.png 212w, https:\/\/www.ub.edu\/grups-conversa\/wp-content\/uploads\/C2_5_Building_bridges-106x150.png 106w\" sizes=\"auto, (max-width: 476px) 100vw, 476px\" \/><\/a><\/figure>\n<\/div>\n\n\n\n<div class=\"wp-block-column is-layout-flow wp-block-column-is-layout-flow\">\n<h3 class=\"wp-block-heading\"><strong><strong>C2<\/strong><\/strong>. In the limelight<\/h3>\n\n\n\n<figure class=\"wp-block-image size-full\"><a href=\"https:\/\/www.ub.edu\/grups-conversa\/wp-content\/uploads\/C2_6_In_the_limelight.pdf\"><img loading=\"lazy\" decoding=\"async\" width=\"476\" height=\"674\" src=\"https:\/\/www.ub.edu\/grups-conversa\/wp-content\/uploads\/C2_6_In_the_limelight.png\" alt=\"\" class=\"wp-image-500\" srcset=\"https:\/\/www.ub.edu\/grups-conversa\/wp-content\/uploads\/C2_6_In_the_limelight.png 476w, https:\/\/www.ub.edu\/grups-conversa\/wp-content\/uploads\/C2_6_In_the_limelight-212x300.png 212w, https:\/\/www.ub.edu\/grups-conversa\/wp-content\/uploads\/C2_6_In_the_limelight-106x150.png 106w\" sizes=\"auto, (max-width: 476px) 100vw, 476px\" \/><\/a><\/figure>\n<\/div>\n<\/div>\n<\/div>\n\n\n\n<div class=\"wp-block-group activitatsMOBIL is-nowrap is-layout-flex wp-container-core-group-is-layout-6c531013 wp-block-group-is-layout-flex\">\n<div class=\"wp-block-columns is-not-stacked-on-mobile wp-container-content-9cfa9a5a is-layout-flex wp-container-core-columns-is-layout-92515837 wp-block-columns-is-layout-flex\">\n<div class=\"wp-block-column is-layout-flow wp-block-column-is-layout-flow\">\n<h3 class=\"wp-block-heading\"><strong><strong>C2<\/strong><\/strong>. Knowledge and skills<\/h3>\n\n\n\n<figure class=\"wp-block-image size-full\"><a href=\"https:\/\/www.ub.edu\/grups-conversa\/wp-content\/uploads\/C2_7_Knowledge_and_skills.pdf\"><img decoding=\"async\" src=\"https:\/\/www.ub.edu\/grups-conversa\/wp-content\/uploads\/C2_7_Knowledge_and_skills.png\" alt=\"\" class=\"wp-image-501\"\/><\/a><\/figure>\n<\/div>\n\n\n\n<div class=\"wp-block-column is-layout-flow wp-block-column-is-layout-flow\">\n<h3 class=\"wp-block-heading\"><strong><strong>C2<\/strong><\/strong>. Spicing things up<\/h3>\n\n\n\n<figure class=\"wp-block-image size-full\"><a href=\"https:\/\/www.ub.edu\/grups-conversa\/wp-content\/uploads\/C2_8_Spicing_things_up.pdf\"><img decoding=\"async\" src=\"https:\/\/www.ub.edu\/grups-conversa\/wp-content\/uploads\/C2_8_Spicing_things_up.png\" alt=\"\" class=\"wp-image-502\"\/><\/a><\/figure>\n<\/div>\n<\/div>\n<\/div>\n","protected":false},"excerpt":{"rendered":"<p>Als grups de conversa, les activitats s\u00f3n molt variades: des de jocs fins a debats, passant per lectures o din\u00e0miques per treballar el vocabulari. Aqu\u00ed es mostren alguns exemples d&#8217;activitats de nivell C2 en format PDF descarregable, tot i que no s\u00f3n les \u00faniques que s&#8217;hi fan. C2. Metropolis C2. Home, sweet home C2. The [&hellip;]<\/p>\n","protected":false},"author":1,"featured_media":0,"parent":0,"menu_order":0,"comment_status":"closed","ping_status":"closed","template":"page-no-title","meta":{"footnotes":""},"class_list":["post-336","page","type-page","status-publish","hentry"],"_links":{"self":[{"href":"https:\/\/www.ub.edu\/grups-conversa\/wp-json\/wp\/v2\/pages\/336","targetHints":{"allow":["GET"]}}],"collection":[{"href":"https:\/\/www.ub.edu\/grups-conversa\/wp-json\/wp\/v2\/pages"}],"about":[{"href":"https:\/\/www.ub.edu\/grups-conversa\/wp-json\/wp\/v2\/types\/page"}],"author":[{"embeddable":true,"href":"https:\/\/www.ub.edu\/grups-conversa\/wp-json\/wp\/v2\/users\/1"}],"replies":[{"embeddable":true,"href":"https:\/\/www.ub.edu\/grups-conversa\/wp-json\/wp\/v2\/comments?post=336"}],"version-history":[{"count":22,"href":"https:\/\/www.ub.edu\/grups-conversa\/wp-json\/wp\/v2\/pages\/336\/revisions"}],"predecessor-version":[{"id":739,"href":"https:\/\/www.ub.edu\/grups-conversa\/wp-json\/wp\/v2\/pages\/336\/revisions\/739"}],"wp:attachment":[{"href":"https:\/\/www.ub.edu\/grups-conversa\/wp-json\/wp\/v2\/media?parent=336"}],"curies":[{"name":"wp","href":"https:\/\/api.w.org\/{rel}","templated":true}]}}