{"id":2802,"date":"2025-04-04T12:25:54","date_gmt":"2025-04-04T10:25:54","guid":{"rendered":"https:\/\/www.ub.edu\/hem-aranes\/?page_id=2802"},"modified":"2025-04-09T09:49:51","modified_gmt":"2025-04-09T07:49:51","slug":"maig-2023","status":"publish","type":"page","link":"https:\/\/www.ub.edu\/hem-aranes\/maig-2023\/","title":{"rendered":"Maig 2023"},"content":{"rendered":"<div class=\"wpb-content-wrapper\"><p>[vc_row][vc_column][vc_column_text css=&#8221;&#8221;]<\/p>\n<h3 style=\"text-align: center;\">Edici\u00f3 2023<\/h3>\n<p>[\/vc_column_text][\/vc_column][\/vc_row][vc_row gap=&#8221;10&#8243;][vc_column width=&#8221;1\/4&#8243; css=&#8221;.vc_custom_1478009539370{padding-top: 15px !important;background-color: #f4f4f4 !important;border-radius: 5px !important;}&#8221;][vc_video link=&#8221;https:\/\/www.youtube.com\/watch?v=cg9wAMGYP94&#8243; css=&#8221;&#8221;][vc_column_text css=&#8221;&#8221;]<strong>\u00abJosep Sandaran: un aran\u00e9s en Barcelona, defensor dera Val d\u2019 Aran e dera sua lengua\u00bb<\/strong><br \/>\nXavier Guti\u00e9rrez Riu, poeta i t\u00e8cnic ling\u00fc\u00edstic de l\u2019\u00e0rea de Cultura i Llengua del Conselh Generau d\u2019Aran.[\/vc_column_text][\/vc_column][vc_column width=&#8221;1\/4&#8243; css=&#8221;.vc_custom_1478009545014{padding-top: 15px !important;background-color: #f4f4f4 !important;border-radius: 5px !important;}&#8221;][vc_video link=&#8221;https:\/\/www.youtube.com\/watch?v=JyotQFoWZ3E&#8221; css=&#8221;&#8221;][vc_column_text css=&#8221;&#8221;]<strong>\u00abEr aran\u00e9s, lengua occitana oficiau en Catalonha\u00bb<\/strong><br \/>\nJ\u00e8p de Montoya, actual president de l\u2019Institut d\u2019Estudis Aranesi &#8211; Acad\u00e8mia Aranesa dera Lengua Occitana.[\/vc_column_text][\/vc_column][vc_column css_animation=&#8221;none&#8221; width=&#8221;1\/4&#8243; css=&#8221;.vc_custom_1742904106268{padding-top: 15px !important;background-color: #f4f4f4 !important;border-radius: 5px !important;}&#8221;][vc_video link=&#8221;https:\/\/www.youtube.com\/watch?v=R3rE8cqZKl4&#8243; css=&#8221;&#8221;][vc_column_text css=&#8221;&#8221;]<strong>\u00abEra Maladeta, legenda aranesa de Mossen Jos\u00e8p Cond\u00f2 Sambeat\u00bb<\/strong><\/p>\n<p>Elisa Salomon, mestra i contacontes aranesa.[\/vc_column_text][\/vc_column][vc_column width=&#8221;1\/4&#8243; css=&#8221;.vc_custom_1742904059322{padding-top: 15px !important;background-color: #F4F4F4 !important;border-radius: 5px !important;}&#8221;][vc_video link=&#8221;https:\/\/www.youtube.com\/watch?v=pUvfspwL5V8&#8243; css=&#8221;&#8221;][vc_column_text css=&#8221;&#8221;]Concert de la cantautora aranesa L\u00facia Mas[\/vc_column_text][\/vc_column][\/vc_row][vc_row][vc_column css=&#8221;.vc_custom_1744019668747{padding-top: 35px !important;}&#8221;][vc_column_text css=&#8221;&#8221;]El cicle <strong>\u00abMaig aran\u00e8s a la Universitat de Barcelona\u00bb<\/strong> rep una subvenci\u00f3 Interlingua de la Generalitat de Catalunya i t\u00e9 el suport del Vicerectorat de Pol\u00edtica Ling\u00fc\u00edstica.[\/vc_column_text][\/vc_column][\/vc_row][vc_row][vc_column][\/vc_column][\/vc_row]<\/p>\n<\/div>","protected":false},"excerpt":{"rendered":"<p>[vc_row][vc_column][vc_column_text css=&#8221;&#8221;] Edici\u00f3 2023 [\/vc_column_text][\/vc_column][\/vc_row][vc_row gap=&#8221;10&#8243;][vc_column width=&#8221;1\/4&#8243; css=&#8221;.vc_custom_1478009539370{padding-top: 15px !important;background-color: #f4f4f4 !important;border-radius: 5px !important;}&#8221;][vc_video link=&#8221;https:\/\/www.youtube.com\/watch?v=cg9wAMGYP94&#8243; css=&#8221;&#8221;][vc_column_text css=&#8221;&#8221;]\u00abJosep Sandaran: un aran\u00e9s en Barcelona, defensor dera Val d\u2019 Aran e dera sua lengua\u00bb Xavier Guti\u00e9rrez Riu, poeta i t\u00e8cnic ling\u00fc\u00edstic de l\u2019\u00e0rea de Cultura i Llengua del Conselh Generau d\u2019Aran.[\/vc_column_text][\/vc_column][vc_column width=&#8221;1\/4&#8243; css=&#8221;.vc_custom_1478009545014{padding-top: 15px !important;background-color: #f4f4f4 !important;border-radius: 5px&hellip;&nbsp;<a href=\"https:\/\/www.ub.edu\/hem-aranes\/maig-2023\/\" class=\"\" rel=\"bookmark\">Read More &raquo;<span class=\"screen-reader-text\">Maig 2023<\/span><\/a><\/p>\n","protected":false},"author":1,"featured_media":0,"parent":0,"menu_order":0,"comment_status":"closed","ping_status":"closed","template":"","meta":{"neve_meta_sidebar":"","neve_meta_container":"","neve_meta_enable_content_width":"off","neve_meta_content_width":100,"neve_meta_title_alignment":"","neve_meta_author_avatar":"","neve_post_elements_order":"","neve_meta_disable_header":"","neve_meta_disable_footer":"","neve_meta_disable_title":"on","_ti_tpc_template_sync":false,"_ti_tpc_template_id":"","footnotes":""},"class_list":["post-2802","page","type-page","status-publish","hentry"],"_links":{"self":[{"href":"https:\/\/www.ub.edu\/hem-aranes\/wp-json\/wp\/v2\/pages\/2802","targetHints":{"allow":["GET"]}}],"collection":[{"href":"https:\/\/www.ub.edu\/hem-aranes\/wp-json\/wp\/v2\/pages"}],"about":[{"href":"https:\/\/www.ub.edu\/hem-aranes\/wp-json\/wp\/v2\/types\/page"}],"author":[{"embeddable":true,"href":"https:\/\/www.ub.edu\/hem-aranes\/wp-json\/wp\/v2\/users\/1"}],"replies":[{"embeddable":true,"href":"https:\/\/www.ub.edu\/hem-aranes\/wp-json\/wp\/v2\/comments?post=2802"}],"version-history":[{"count":13,"href":"https:\/\/www.ub.edu\/hem-aranes\/wp-json\/wp\/v2\/pages\/2802\/revisions"}],"predecessor-version":[{"id":2873,"href":"https:\/\/www.ub.edu\/hem-aranes\/wp-json\/wp\/v2\/pages\/2802\/revisions\/2873"}],"wp:attachment":[{"href":"https:\/\/www.ub.edu\/hem-aranes\/wp-json\/wp\/v2\/media?parent=2802"}],"curies":[{"name":"wp","href":"https:\/\/api.w.org\/{rel}","templated":true}]}}