{"id":2,"date":"2021-09-06T17:33:39","date_gmt":"2021-09-06T17:33:39","guid":{"rendered":"http:\/\/hweb-x-0-fe-01.fe.cpd.local\/icealhe\/?page_id=2"},"modified":"2021-10-26T10:37:25","modified_gmt":"2021-10-26T10:37:25","slug":"inicio","status":"publish","type":"page","link":"https:\/\/www.ub.edu\/icealhe\/","title":{"rendered":"Inicio"},"content":{"rendered":"<p>[et_pb_section fb_built=\u00bb1&#8243; _builder_version=\u00bb4.9.10&#8243;][et_pb_row _builder_version=\u00bb4.9.10&#8243; min_height=\u00bb283.2px\u00bb custom_margin=\u00bb|auto|-8px|auto||\u00bb][et_pb_column type=\u00bb4_4&#8243; _builder_version=\u00bb4.9.10&#8243;][et_pb_text admin_label=\u00bbTexto\u00bb _builder_version=\u00bb4.9.10&#8243;]<\/p>\n<div class=\"page\" title=\"Page 1\">\n<div class=\"layoutArea\">\n<h3 class=\"column\"><span style=\"color: #3366ff;\"><strong>2nd International Conference in <\/strong><\/span><span style=\"color: #3366ff;\"><strong>Experiences in Active Learning in <\/strong><\/span><span style=\"color: #3366ff;\"><strong>Higher Education (ICEALHE) <\/strong><\/span><\/h3>\n<\/div>\n<\/div>\n<p>[\/et_pb_text][et_pb_text _builder_version=\u00bb4.9.10&#8243;]<\/p>\n<p><strong>November 5, 2021 (online Conference)<\/strong><\/p>\n<p><strong>Faculty of Economics and Business (University of Barcelona)<\/strong><\/p>\n<p>[\/et_pb_text][et_pb_text _builder_version=\u00bb4.4.3&#8243;]<\/p>\n<div class=\"page\" title=\"Page 1\">\n<div class=\"layoutArea\">\n<div class=\"column\">\n<p>The research group in teaching innovation funded under the project REDICE20-2486 invites abstract submissions for paper presentations at the <strong>2nd International Conference in <\/strong><strong>Experiences in Active Learning in Higher Education<\/strong>. The project REDICE20-2486 is funded by the Institut de Ci\u00e8ncies de l\u2019Educaci\u00f3 of the University of Barcelona. The Conference <strong>will be held online on November 5, 2021.<\/strong><\/p>\n<p><span>The keynote talk of the conference will be given by Dr. Steven Proud, who is currently the Director of Undergraduate Studies and a Reader in Economics Education within the School of Economics at the University of Bristol.<\/span><\/p>\n<\/div>\n<\/div>\n<\/div>\n<p>[\/et_pb_text][\/et_pb_column][\/et_pb_row][\/et_pb_section][et_pb_section fb_built=\u00bb1&#8243; _builder_version=\u00bb4.9.10&#8243; custom_padding=\u00bb0px||30px|||\u00bb][et_pb_row column_structure=\u00bb2_5,3_5&#8243; _builder_version=\u00bb4.9.10&#8243;][et_pb_column type=\u00bb2_5&#8243; _builder_version=\u00bb4.9.10&#8243;][et_pb_text _builder_version=\u00bb4.9.10&#8243;]<\/p>\n<div class=\"page\" title=\"Page 1\">\n<div class=\"layoutArea\">\n<div class=\"column\">\n<p style=\"text-align: justify;\">The\u00a0goal of the conference is to provide a forum for high-quality research in innovation in Higher Education focusing on active learning methodologies (flipped classroom, team-based learning, experiments, etc.). The event provides an opportunity for lecturers from different universities and countries to discuss their work in a relaxed atmosphere and to develop long-term collaborative relationships.<\/p>\n<p>&nbsp;<\/p>\n<p>Please, submit an abstract to the following email address: <span><a href=\"mailto:icealhe@ub.edu\">icealhe@ub.edu <\/a><\/span><strong>by October 1, 2021.<\/strong><\/p>\n<\/div>\n<\/div>\n<\/div>\n<p>[\/et_pb_text][et_pb_text _builder_version=\u00bb4.4.3&#8243; text_line_height=\u00bb1.8em\u00bb width=\u00bb95.1%\u00bb custom_margin=\u00bb-2px||||false|false\u00bb custom_padding=\u00bb5px||5px|7px|false|false\u00bb border_color_all=\u00bb#7a7a7a\u00bb]<\/p>\n<p><strong>Important dates:<\/strong><\/p>\n<p style=\"text-align: justify;\">\n<p style=\"text-align: justify;\"><strong>October 1, 2021<\/strong>: Deadline for abstracts submission.<\/p>\n<p style=\"text-align: justify;\"><strong>October 13, 2021<\/strong>: Notification of acceptance of abstracts.<\/p>\n<p style=\"text-align: justify;\"><strong>October 20, 2021<\/strong>: Deadline for registration for presenting authors.<\/p>\n<p style=\"text-align: justify;\"><strong>October 22, 2021<\/strong>: Tentative program of the conference<\/p>\n<p style=\"text-align: justify;\"><strong>November 4, 2021<\/strong>: Deadline for registrations for conference attendees (non-presenting authors)<\/p>\n<p>[\/et_pb_text][\/et_pb_column][et_pb_column type=\u00bb3_5&#8243; _builder_version=\u00bb4.9.10&#8243;][et_pb_image src=\u00bbhttps:\/\/www.ub.edu\/icealhe\/wp-content\/uploads\/2021\/09\/question-2519654_1280.png\u00bb title_text=\u00bbquestion-2519654_1280&#8243; align=\u00bbcenter\u00bb force_fullwidth=\u00bbon\u00bb _builder_version=\u00bb4.9.10&#8243;][\/et_pb_image][\/et_pb_column][\/et_pb_row][\/et_pb_section][et_pb_section fb_built=\u00bb1&#8243; _builder_version=\u00bb4.9.10&#8243; custom_padding=\u00bb30px||5px|||\u00bb][et_pb_row _builder_version=\u00bb4.9.10&#8243; custom_padding=\u00bb0px|||||\u00bb][et_pb_column type=\u00bb4_4&#8243; _builder_version=\u00bb4.9.10&#8243;][et_pb_text _builder_version=\u00bb4.4.3&#8243; min_height=\u00bb108px\u00bb]<\/p>\n<p style=\"text-align: justify;\">The organizers of the Conference will select a subset of the presented papers for publication either in a Special Issue of the Revista d\u2019Innovaci\u00f3 i Recerca en Educaci\u00f3 (<span><a href=\"http:\/\/revistes.ub.edu\/index.php\/REIRE\/index\">http:\/\/revistes.ub.edu\/index.php\/REIRE\/index<\/a><\/span>) or in the online collection Jornades i Congressos (<a href=\"http:\/\/diposit.ub.edu\/dspace\/handle\/2445\/42653\">http:\/\/diposit.ub.edu\/dspace\/handle\/2445\/42653)<\/a>.<\/p>\n<p style=\"text-align: justify;\">The Conference is sponsored by the REDICE-20-2760 project.<\/p>\n<p style=\"text-align: justify;\">For more information, please, send an e-mail to <span><a href=\"mailto:icealhe@ub.edu\">icealhe@ub.edu<\/a><\/span><\/p>\n<p style=\"text-align: justify;\">[\/et_pb_text][et_pb_text _builder_version=\u00bb4.4.3&#8243; custom_margin=\u00bb-14px|||||\u00bb custom_padding=\u00bb0px|||||\u00bb]<\/p>\n<p style=\"text-align: justify;\"><strong>\u00a0 Organizer:<\/strong><\/p>\n<p style=\"text-align: justify;\">The organizers belong to the Consolidated Group of Research in Teaching Innovation in Economics (Grup d\u2019Innovaci\u00f3 Docent en T\u00e8cniques d\u2019Aprenentatge Actiu i Vivencial en Economia -GIDTAAVE-GINDOC-UB\/160) and the Consolidated Group of Research in Data Analysis in Economics and Business (Grup d\u2019Innovaci\u00f3 Docent en An\u00e0lisi de Dades en Economia i Empresa &#8211; GIDANDES-GINDOC-UB\/051) of the University of Barcelona.<\/p>\n<p>[\/et_pb_text][et_pb_text _builder_version=\u00bb4.4.3&#8243; hover_enabled=\u00bb0&#8243;]<\/p>\n<p>Conference programme\u200b <a href=\"https:\/\/www.ub.edu\/icealhe\/wp-content\/uploads\/2021\/10\/ICEALHE-Programme2021.pdf\">ICEALHE-PROGRAMME<\/a><\/p>\n<p>[\/et_pb_text][\/et_pb_column][\/et_pb_row][\/et_pb_section][et_pb_section fb_built=\u00bb1&#8243; _builder_version=\u00bb4.9.10&#8243;][et_pb_row _builder_version=\u00bb4.9.10&#8243; custom_margin=\u00bb-13px|auto||auto||\u00bb][et_pb_column type=\u00bb4_4&#8243; _builder_version=\u00bb4.9.10&#8243;][et_pb_text _builder_version=\u00bb4.9.10&#8243; min_height=\u00bb420px\u00bb custom_padding=\u00bb2px|||||\u00bb]<\/p>\n<p><strong>Scientific Committee<\/strong><\/p>\n<p>Luis Ortiz-Gracia (President)<\/p>\n<p>Gemma Ab\u00edo Roig<\/p>\n<p>Manuela Alca\u00f1iz Zan\u00f3n<\/p>\n<p>Marta G\u00f3mez-Puig<\/p>\n<p>Alexandrina Stoyanova<\/p>\n<p>&nbsp;<\/p>\n<p><strong>Organizing Committee<\/strong><\/p>\n<p>Marta G\u00f3mez-Puig (President)<\/p>\n<p>Manuela Alca\u00f1iz Zan\u00f3n<\/p>\n<p>Luis Ortiz-Gracia<\/p>\n<p>Vicente Royuela Mora<\/p>\n<p>Gl\u00f2ria Rubert Adelantado<\/p>\n<p>M\u00f2nica Serrano Guti\u00e9rrez<\/p>\n<p>[\/et_pb_text][\/et_pb_column][\/et_pb_row][et_pb_row _builder_version=\u00bb3.25&#8243; custom_padding=\u00bb||0px|||\u00bb][et_pb_column type=\u00bb4_4&#8243; _builder_version=\u00bb3.25&#8243; custom_padding=\u00bb|||\u00bb custom_padding__hover=\u00bb|||\u00bb][et_pb_text _builder_version=\u00bb4.4.3&#8243; text_font=\u00bb||||||||\u00bb header_font=\u00bb||||||||\u00bb header_2_font=\u00bbRubik|700|||||||\u00bb header_2_font_size=\u00bb42px\u00bb header_2_line_height=\u00bb1.2em\u00bb custom_margin=\u00bb|||\u00bb custom_padding=\u00bb|||\u00bb header_2_font_size_tablet=\u00bb\u00bb header_2_font_size_phone=\u00bb36px\u00bb header_2_font_size_last_edited=\u00bbon|phone\u00bb locked=\u00bboff\u00bb]<\/p>\n<h3 style=\"text-align: center;\"><span style=\"color: #0000ff;\">Registration<\/span><\/h3>\n<p>[\/et_pb_text][et_pb_divider show_divider=\u00bboff\u00bb _builder_version=\u00bb4.9.10&#8243; background_color=\u00bbRGBA(0,0,0,0)\u00bb max_width=\u00bb50px\u00bb locked=\u00bboff\u00bb][\/et_pb_divider][et_pb_contact_form email=\u00bbicealhe@ub.edu\u00bb custom_message=\u00bb%%FirstName%%||et_pb_line_break_holder||%%FamilyName%%||et_pb_line_break_holder||%%Organization%%||et_pb_line_break_holder||%%Email%%||et_pb_line_break_holder||%%Phone%%||et_pb_line_break_holder||%%Wish%%\u00bb success_message=\u00bbThanks for signing up.\u00bb submit_button_text=\u00bbSEND REGISTRATION\u00bb module_id=\u00bbet_pb_contact_form_0&#8243; _builder_version=\u00bb4.4.3&#8243; form_field_background_color=\u00bb#ffffff\u00bb title_font=\u00bbArimo|700|||||||\u00bb title_text_color=\u00bb#0C71C3&#8243; title_font_size=\u00bb42px\u00bb form_field_font=\u00bbArimo||||||||\u00bb background_color=\u00bbRGBA(0,0,0,0)\u00bb custom_button=\u00bbon\u00bb button_text_size=\u00bb12px\u00bb button_text_color=\u00bb#FFFFFF\u00bb button_bg_color=\u00bb#0C71C3&#8243; button_border_width=\u00bb0px\u00bb button_border_radius=\u00bb82px\u00bb button_letter_spacing=\u00bb0px\u00bb button_font=\u00bbArimo|700||on|||||\u00bb button_icon=\u00bb%%3%%\u00bb title_font_size_tablet=\u00bb\u00bb title_font_size_phone=\u00bb36px\u00bb title_font_size_last_edited=\u00bbon|phone\u00bb border_width_all=\u00bb1px\u00bb border_color_all=\u00bb#0C71C3&#8243; form_background_color=\u00bb#ffffff\u00bb button_text_color_hover=\u00bb#ffffff\u00bb button_bg_color_hover=\u00bb#2a2a2a\u00bb button_border_color_hover=\u00bb#2a2a2a\u00bb][et_pb_contact_field field_id=\u00bbFirstName\u00bb field_title=\u00bbFirst Name\u00bb fullwidth_field=\u00bbon\u00bb _builder_version=\u00bb4.4.3&#8243; button_text_size__hover_enabled=\u00bboff\u00bb button_one_text_size__hover_enabled=\u00bboff\u00bb button_two_text_size__hover_enabled=\u00bboff\u00bb button_text_color__hover_enabled=\u00bboff\u00bb button_one_text_color__hover_enabled=\u00bboff\u00bb button_two_text_color__hover_enabled=\u00bboff\u00bb button_border_width__hover_enabled=\u00bboff\u00bb button_one_border_width__hover_enabled=\u00bboff\u00bb button_two_border_width__hover_enabled=\u00bboff\u00bb button_border_color__hover_enabled=\u00bboff\u00bb button_one_border_color__hover_enabled=\u00bboff\u00bb button_two_border_color__hover_enabled=\u00bboff\u00bb button_border_radius__hover_enabled=\u00bboff\u00bb button_one_border_radius__hover_enabled=\u00bboff\u00bb button_two_border_radius__hover_enabled=\u00bboff\u00bb button_letter_spacing__hover_enabled=\u00bboff\u00bb button_one_letter_spacing__hover_enabled=\u00bboff\u00bb button_two_letter_spacing__hover_enabled=\u00bboff\u00bb button_bg_color__hover_enabled=\u00bboff\u00bb button_one_bg_color__hover_enabled=\u00bboff\u00bb button_two_bg_color__hover_enabled=\u00bboff\u00bb][\/et_pb_contact_field][et_pb_contact_field field_id=\u00bbFamilyName\u00bb field_title=\u00bbFamily Name\u00bb fullwidth_field=\u00bbon\u00bb _builder_version=\u00bb4.4.3&#8243; button_text_size__hover_enabled=\u00bboff\u00bb button_one_text_size__hover_enabled=\u00bboff\u00bb button_two_text_size__hover_enabled=\u00bboff\u00bb button_text_color__hover_enabled=\u00bboff\u00bb button_one_text_color__hover_enabled=\u00bboff\u00bb button_two_text_color__hover_enabled=\u00bboff\u00bb button_border_width__hover_enabled=\u00bboff\u00bb button_one_border_width__hover_enabled=\u00bboff\u00bb button_two_border_width__hover_enabled=\u00bboff\u00bb button_border_color__hover_enabled=\u00bboff\u00bb button_one_border_color__hover_enabled=\u00bboff\u00bb button_two_border_color__hover_enabled=\u00bboff\u00bb button_border_radius__hover_enabled=\u00bboff\u00bb button_one_border_radius__hover_enabled=\u00bboff\u00bb button_two_border_radius__hover_enabled=\u00bboff\u00bb button_letter_spacing__hover_enabled=\u00bboff\u00bb button_one_letter_spacing__hover_enabled=\u00bboff\u00bb button_two_letter_spacing__hover_enabled=\u00bboff\u00bb button_bg_color__hover_enabled=\u00bboff\u00bb button_one_bg_color__hover_enabled=\u00bboff\u00bb button_two_bg_color__hover_enabled=\u00bboff\u00bb][\/et_pb_contact_field][et_pb_contact_field field_id=\u00bbOrganization\u00bb field_title=\u00bbOrganization\u00bb fullwidth_field=\u00bbon\u00bb _builder_version=\u00bb4.4.3&#8243;][\/et_pb_contact_field][et_pb_contact_field field_id=\u00bbEmail\u00bb field_title=\u00bbE-mail\u00bb field_type=\u00bbemail\u00bb fullwidth_field=\u00bbon\u00bb _builder_version=\u00bb4.4.3&#8243; button_text_size__hover_enabled=\u00bboff\u00bb button_one_text_size__hover_enabled=\u00bboff\u00bb button_two_text_size__hover_enabled=\u00bboff\u00bb button_text_color__hover_enabled=\u00bboff\u00bb button_one_text_color__hover_enabled=\u00bboff\u00bb button_two_text_color__hover_enabled=\u00bboff\u00bb button_border_width__hover_enabled=\u00bboff\u00bb button_one_border_width__hover_enabled=\u00bboff\u00bb button_two_border_width__hover_enabled=\u00bboff\u00bb button_border_color__hover_enabled=\u00bboff\u00bb button_one_border_color__hover_enabled=\u00bboff\u00bb button_two_border_color__hover_enabled=\u00bboff\u00bb button_border_radius__hover_enabled=\u00bboff\u00bb button_one_border_radius__hover_enabled=\u00bboff\u00bb button_two_border_radius__hover_enabled=\u00bboff\u00bb button_letter_spacing__hover_enabled=\u00bboff\u00bb button_one_letter_spacing__hover_enabled=\u00bboff\u00bb button_two_letter_spacing__hover_enabled=\u00bboff\u00bb button_bg_color__hover_enabled=\u00bboff\u00bb button_one_bg_color__hover_enabled=\u00bboff\u00bb button_two_bg_color__hover_enabled=\u00bboff\u00bb][\/et_pb_contact_field][et_pb_contact_field field_id=\u00bbPhone\u00bb field_title=\u00bbPhone (including country code)\u00bb fullwidth_field=\u00bbon\u00bb _builder_version=\u00bb4.4.3&#8243; button_text_size__hover_enabled=\u00bboff\u00bb button_one_text_size__hover_enabled=\u00bboff\u00bb button_two_text_size__hover_enabled=\u00bboff\u00bb button_text_color__hover_enabled=\u00bboff\u00bb button_one_text_color__hover_enabled=\u00bboff\u00bb button_two_text_color__hover_enabled=\u00bboff\u00bb button_border_width__hover_enabled=\u00bboff\u00bb button_one_border_width__hover_enabled=\u00bboff\u00bb button_two_border_width__hover_enabled=\u00bboff\u00bb button_border_color__hover_enabled=\u00bboff\u00bb button_one_border_color__hover_enabled=\u00bboff\u00bb button_two_border_color__hover_enabled=\u00bboff\u00bb button_border_radius__hover_enabled=\u00bboff\u00bb button_one_border_radius__hover_enabled=\u00bboff\u00bb button_two_border_radius__hover_enabled=\u00bboff\u00bb button_letter_spacing__hover_enabled=\u00bboff\u00bb button_one_letter_spacing__hover_enabled=\u00bboff\u00bb button_two_letter_spacing__hover_enabled=\u00bboff\u00bb button_bg_color__hover_enabled=\u00bboff\u00bb button_one_bg_color__hover_enabled=\u00bboff\u00bb button_two_bg_color__hover_enabled=\u00bboff\u00bb][\/et_pb_contact_field][et_pb_contact_field field_id=\u00bbWish\u00bb field_title=\u00bbI wish to&#8230;\u00bb field_type=\u00bbselect\u00bb select_options=\u00bb%91{%22value%22:%22I wish to attend the conference%22,%22checked%22:0,%22dragID%22:-1},{%22value%22:%22I wish to attend the conference and present a paper if it is accepted%22,%22checked%22:0,%22dragID%22:1}%93&#8243; fullwidth_field=\u00bbon\u00bb _builder_version=\u00bb4.4.3&#8243;][\/et_pb_contact_field][\/et_pb_contact_form][\/et_pb_column][\/et_pb_row][\/et_pb_section]<\/p>\n","protected":false},"excerpt":{"rendered":"<p>[et_pb_section fb_built=\u00bb1&#8243; _builder_version=\u00bb4.9.10&#8243;][et_pb_row _builder_version=\u00bb4.9.10&#8243; min_height=\u00bb283.2px\u00bb custom_margin=\u00bb|auto|-8px|auto||\u00bb][et_pb_column type=\u00bb4_4&#8243; _builder_version=\u00bb4.9.10&#8243;][et_pb_text admin_label=\u00bbTexto\u00bb _builder_version=\u00bb4.9.10&#8243;] 2nd International Conference in Experiences in Active Learning in Higher Education (ICEALHE) [\/et_pb_text][et_pb_text _builder_version=\u00bb4.9.10&#8243;] November 5, 2021 (online Conference) Faculty of Economics and Business (University of Barcelona) [\/et_pb_text][et_pb_text _builder_version=\u00bb4.4.3&#8243;] The research group in teaching innovation funded under the project REDICE20-2486 invites abstract submissions for paper [&hellip;]<\/p>\n","protected":false},"author":1,"featured_media":0,"parent":0,"menu_order":0,"comment_status":"closed","ping_status":"open","template":"","meta":{"_et_pb_use_builder":"on","_et_pb_old_content":"<!-- wp:paragraph -->\r\n<p>Esta es una p\u00e1gina de ejemplo. Es diferente a una entrada del blog porque permanecer\u00e1 en un solo lugar y aparecer\u00e1 en la navegaci\u00f3n de tu sitio (en la mayor\u00eda de los temas). La mayor\u00eda de las personas comienzan con una p\u00e1gina \u00abAcerca de\u00bb que les presenta a los visitantes potenciales del sitio. Podr\u00edas decir algo as\u00ed:<\/p>\r\n<!-- \/wp:paragraph -->\r\n\r\n<!-- wp:quote -->\r\n<blockquote class=\"wp-block-quote\"><p>\u00a1Bienvenido! Soy camarero de d\u00eda, aspirante a actor de noche y esta es mi web. Vivo en Mairena del Alcor, tengo un perro que se llama Firulais y me gusta el rebujito. (Y las tardes largas con caf\u00e9).<\/p><\/blockquote>\r\n<!-- \/wp:quote -->\r\n\r\n<!-- wp:paragraph -->\r\n<p>\u2026o algo as\u00ed:<\/p>\r\n<!-- \/wp:paragraph -->\r\n\r\n<!-- wp:quote -->\r\n<blockquote class=\"wp-block-quote\"><p>La empresa \u00abMariscos Recio\u00bb fue fundada por Antonio Recio Mata. Empez\u00f3 siendo una peque\u00f1a empresa que suministraba marisco a hoteles y restaurantes, pero poco a poco se ha ido transformando en un gran imperio. Mariscos Recio, el mar al mejor precio.<\/p><\/blockquote>\r\n<!-- \/wp:quote -->\r\n\r\n<!-- wp:paragraph -->\r\n<p>Como nuevo usuario de WordPress, deber\u00edas ir a <a href=\"http:\/\/hweb-x-0-fe-01.fe.cpd.local\/icealhe\/wp-admin\/\">tu escritorio<\/a> para borrar esta p\u00e1gina y crear nuevas p\u00e1ginas para tu contenido. \u00a1P\u00e1salo bien!<\/p>\r\n<!-- \/wp:paragraph -->","_et_gb_content_width":"","footnotes":""},"class_list":["post-2","page","type-page","status-publish","hentry"],"_links":{"self":[{"href":"https:\/\/www.ub.edu\/icealhe\/wp-json\/wp\/v2\/pages\/2","targetHints":{"allow":["GET"]}}],"collection":[{"href":"https:\/\/www.ub.edu\/icealhe\/wp-json\/wp\/v2\/pages"}],"about":[{"href":"https:\/\/www.ub.edu\/icealhe\/wp-json\/wp\/v2\/types\/page"}],"author":[{"embeddable":true,"href":"https:\/\/www.ub.edu\/icealhe\/wp-json\/wp\/v2\/users\/1"}],"replies":[{"embeddable":true,"href":"https:\/\/www.ub.edu\/icealhe\/wp-json\/wp\/v2\/comments?post=2"}],"version-history":[{"count":22,"href":"https:\/\/www.ub.edu\/icealhe\/wp-json\/wp\/v2\/pages\/2\/revisions"}],"predecessor-version":[{"id":4703,"href":"https:\/\/www.ub.edu\/icealhe\/wp-json\/wp\/v2\/pages\/2\/revisions\/4703"}],"wp:attachment":[{"href":"https:\/\/www.ub.edu\/icealhe\/wp-json\/wp\/v2\/media?parent=2"}],"curies":[{"name":"wp","href":"https:\/\/api.w.org\/{rel}","templated":true}]}}