{"id":12,"date":"2016-02-24T12:23:24","date_gmt":"2016-02-24T12:23:24","guid":{"rendered":"http:\/\/www.ub.edu\/idiomesb2\/?page_id=12"},"modified":"2017-10-13T17:18:49","modified_gmt":"2017-10-13T17:18:49","slug":"italia","status":"publish","type":"page","link":"https:\/\/www.ub.edu\/idiomesb2\/italia\/","title":{"rendered":"Itali\u00e0"},"content":{"rendered":"<div class=\"wpb-content-wrapper\"><p>[vc_row][vc_column][vc_column_text]Benvinguts a la guia d\u2019aprenentatge d\u2019itali\u00e0! En aquest espai hi trobareu pautes per aprendre i millorar aquest idioma de manera <strong>aut\u00f2noma<\/strong> i <strong>gratu\u00efta<\/strong>, utilitzant els millors recursos d\u2019Internet i bibliografia recomanada.<\/p>\n<p>Teniu a l\u2019abast moltes eines per practicar l\u2019itali\u00e0, o per estar-hi en contacte permanent. Estudiar una llengua per compte propi ha deixat de ser treball solitari, i molt menys avorrit!<\/p>\n<p>&nbsp;<\/p>\n<p><img loading=\"lazy\" decoding=\"async\" class=\"alignnone wp-image-3879\" src=\"https:\/\/www.ub.edu\/idiomesb2\/wp-content\/uploads\/2016\/02\/Benvenute_benvenuti-1.jpg\" width=\"600\" height=\"47\" srcset=\"https:\/\/www.ub.edu\/idiomesb2\/wp-content\/uploads\/2016\/02\/Benvenute_benvenuti-1.jpg 852w, https:\/\/www.ub.edu\/idiomesb2\/wp-content\/uploads\/2016\/02\/Benvenute_benvenuti-1-300x24.jpg 300w\" sizes=\"auto, (max-width: 600px) 100vw, 600px\" \/>[\/vc_column_text][\/vc_column][\/vc_row][vc_row][vc_column][vc_video link=&#8221;https:\/\/www.youtube.com\/watch?v=dwrJa9_EZ18&#8243; el_width=&#8221;50&#8243;][\/vc_column][\/vc_row]<\/p>\n<\/div>","protected":false},"excerpt":{"rendered":"<p>[vc_row][vc_column][vc_column_text]Benvinguts a la guia d\u2019aprenentatge d\u2019itali\u00e0! En aquest espai hi trobareu pautes per aprendre i millorar aquest idioma de manera aut\u00f2noma i gratu\u00efta, utilitzant els millors recursos d\u2019Internet i bibliografia recomanada. Teniu a l\u2019abast moltes eines per practicar l\u2019itali\u00e0, o per estar-hi en contacte permanent. Estudiar una llengua per compte propi ha deixat de ser <a class=\"more-link\" href=\"https:\/\/www.ub.edu\/idiomesb2\/italia\/\">Continue reading <i class=\"fa fa-chevron-right\"><\/i><\/a><\/p>\n","protected":false},"author":2,"featured_media":0,"parent":0,"menu_order":0,"comment_status":"closed","ping_status":"closed","template":"page-italia.php","meta":{"footnotes":""},"class_list":["post-12","page","type-page","status-publish","hentry"],"_links":{"self":[{"href":"https:\/\/www.ub.edu\/idiomesb2\/wp-json\/wp\/v2\/pages\/12","targetHints":{"allow":["GET"]}}],"collection":[{"href":"https:\/\/www.ub.edu\/idiomesb2\/wp-json\/wp\/v2\/pages"}],"about":[{"href":"https:\/\/www.ub.edu\/idiomesb2\/wp-json\/wp\/v2\/types\/page"}],"author":[{"embeddable":true,"href":"https:\/\/www.ub.edu\/idiomesb2\/wp-json\/wp\/v2\/users\/2"}],"replies":[{"embeddable":true,"href":"https:\/\/www.ub.edu\/idiomesb2\/wp-json\/wp\/v2\/comments?post=12"}],"version-history":[{"count":8,"href":"https:\/\/www.ub.edu\/idiomesb2\/wp-json\/wp\/v2\/pages\/12\/revisions"}],"predecessor-version":[{"id":4436,"href":"https:\/\/www.ub.edu\/idiomesb2\/wp-json\/wp\/v2\/pages\/12\/revisions\/4436"}],"wp:attachment":[{"href":"https:\/\/www.ub.edu\/idiomesb2\/wp-json\/wp\/v2\/media?parent=12"}],"curies":[{"name":"wp","href":"https:\/\/api.w.org\/{rel}","templated":true}]}}