{"id":14,"date":"2016-02-24T12:24:04","date_gmt":"2016-02-24T12:24:04","guid":{"rendered":"http:\/\/www.ub.edu\/idiomesb2\/?page_id=14"},"modified":"2017-10-13T17:17:41","modified_gmt":"2017-10-13T17:17:41","slug":"frances","status":"publish","type":"page","link":"https:\/\/www.ub.edu\/idiomesb2\/frances\/","title":{"rendered":"Franc\u00e8s"},"content":{"rendered":"<div class=\"wpb-content-wrapper\"><p>[vc_row][vc_column][vc_column_text]<\/p>\n<div class=\"entry-content\">\n<p>Benvinguts a la guia d\u2019aprenentatge de franc\u00e8s! En aquest espai hi trobareu pautes per aprendre i millorar aquest idioma de manera <strong>aut\u00f2noma<\/strong> i <strong>gratu\u00efta<\/strong>, utilitzant els millors recursos d\u2019Internet i bibliografia recomanada.<\/p>\n<p>Teniu a l\u2019abast moltes eines per practicar el franc\u00e8s, o per estar-hi en contacte permanent. Estudiar una llengua per compte propi ha deixat de ser treball solitari, i molt menys avorrit!<\/p>\n<p><img loading=\"lazy\" decoding=\"async\" class=\"alignnone wp-image-3214\" src=\"https:\/\/www.ub.edu\/idiomesb2\/wp-content\/uploads\/2016\/06\/Bienvenue.jpg\" width=\"430\" height=\"75\" srcset=\"https:\/\/www.ub.edu\/idiomesb2\/wp-content\/uploads\/2016\/06\/Bienvenue.jpg 910w, https:\/\/www.ub.edu\/idiomesb2\/wp-content\/uploads\/2016\/06\/Bienvenue-300x52.jpg 300w\" sizes=\"auto, (max-width: 430px) 100vw, 430px\" \/><\/p>\n<\/div>\n<p>[\/vc_column_text][\/vc_column][\/vc_row][vc_row][vc_column][vc_video link=&#8221;https:\/\/www.youtube.com\/watch?v=dwrJa9_EZ18&#8243; el_width=&#8221;50&#8243;][\/vc_column][\/vc_row]<\/p>\n<\/div>","protected":false},"excerpt":{"rendered":"<p>[vc_row][vc_column][vc_column_text] Benvinguts a la guia d\u2019aprenentatge de franc\u00e8s! En aquest espai hi trobareu pautes per aprendre i millorar aquest idioma de manera aut\u00f2noma i gratu\u00efta, utilitzant els millors recursos d\u2019Internet i bibliografia recomanada. Teniu a l\u2019abast moltes eines per practicar el franc\u00e8s, o per estar-hi en contacte permanent. Estudiar una llengua per compte propi ha <a class=\"more-link\" href=\"https:\/\/www.ub.edu\/idiomesb2\/frances\/\">Continue reading <i class=\"fa fa-chevron-right\"><\/i><\/a><\/p>\n","protected":false},"author":2,"featured_media":0,"parent":0,"menu_order":0,"comment_status":"closed","ping_status":"closed","template":"page-frances.php","meta":{"footnotes":""},"class_list":["post-14","page","type-page","status-publish","hentry"],"_links":{"self":[{"href":"https:\/\/www.ub.edu\/idiomesb2\/wp-json\/wp\/v2\/pages\/14","targetHints":{"allow":["GET"]}}],"collection":[{"href":"https:\/\/www.ub.edu\/idiomesb2\/wp-json\/wp\/v2\/pages"}],"about":[{"href":"https:\/\/www.ub.edu\/idiomesb2\/wp-json\/wp\/v2\/types\/page"}],"author":[{"embeddable":true,"href":"https:\/\/www.ub.edu\/idiomesb2\/wp-json\/wp\/v2\/users\/2"}],"replies":[{"embeddable":true,"href":"https:\/\/www.ub.edu\/idiomesb2\/wp-json\/wp\/v2\/comments?post=14"}],"version-history":[{"count":8,"href":"https:\/\/www.ub.edu\/idiomesb2\/wp-json\/wp\/v2\/pages\/14\/revisions"}],"predecessor-version":[{"id":4435,"href":"https:\/\/www.ub.edu\/idiomesb2\/wp-json\/wp\/v2\/pages\/14\/revisions\/4435"}],"wp:attachment":[{"href":"https:\/\/www.ub.edu\/idiomesb2\/wp-json\/wp\/v2\/media?parent=14"}],"curies":[{"name":"wp","href":"https:\/\/api.w.org\/{rel}","templated":true}]}}