{"id":1783,"date":"2016-09-12T19:07:32","date_gmt":"2016-09-12T19:07:32","guid":{"rendered":"http:\/\/www.ub.edu\/idiomesb2\/?page_id=1783"},"modified":"2025-10-02T17:02:39","modified_gmt":"2025-10-02T15:02:39","slug":"lexpressio-escrita","status":"publish","type":"page","link":"https:\/\/www.ub.edu\/idiomesb2\/angles\/com-millorar\/lexpressio-escrita\/","title":{"rendered":"L&#8217;expressi\u00f3 escrita"},"content":{"rendered":"<div class=\"wpb-content-wrapper\"><p>[vc_row][vc_column][vc_column_text]<img loading=\"lazy\" decoding=\"async\" class=\"alignright wp-image-1893\" src=\"https:\/\/www.ub.edu\/idiomesb2\/wp-content\/uploads\/2016\/09\/Write.jpg\" alt=\"L'expressi\u00f3 escrita\" width=\"450\" height=\"300\" srcset=\"https:\/\/www.ub.edu\/idiomesb2\/wp-content\/uploads\/2016\/09\/Write.jpg 1024w, https:\/\/www.ub.edu\/idiomesb2\/wp-content\/uploads\/2016\/09\/Write-300x200.jpg 300w\" sizes=\"auto, (max-width: 450px) 100vw, 450px\" \/><\/p>\n<p>L&#8217;expressi\u00f3 escrita \u00e9s, com el seu nom indica, la capacitat d&#8217;<strong>escriure<\/strong> textos de qualsevol tipus. A continuaci\u00f3 us donem alguns consells per treballar-la:<\/p>\n<ul>\n<li>Escriviu sovint. \u00c9s millor fer-ho amb freq\u00fc\u00e8ncia, encara que nom\u00e9s siguin unes l\u00ednies cada dia, que no pas fer una redacci\u00f3 llarga un cop al mes.<\/li>\n<li>Busqueu alg\u00fa que us corregeixi els textos: hi ha <strong>comunitats virtuals d\u2019intercanvi de correccions<\/strong>, on persones natives revisaran els vostres escrits a canvi que vosaltres feu el mateix en la vostra llengua.<\/li>\n<li>Feu-vos una llista de diferents temes per fer <strong>redaccions<\/strong>, basada en els vostres objectius d\u2019aprenentatge i en els continguts que aneu estudiant. Alguns consells per escriure-les:\n<ul>\n<li>Feu pluges d\u2019idees, llistes i esquemes.<\/li>\n<li>Intenteu que el text estigui ben organitzat, i doneu-hi cohesi\u00f3 utilitzant connectors (<em>anyway<\/em>,<em> but<\/em>,<em> so<\/em>,<em> as far as<\/em>,<em> despite<\/em>,<em> although<\/em>,<em> whereas<\/em>,<em> because<\/em>,<em> besides<\/em>,<em> such as<\/em>,\u00a0<em>hitherto<\/em>, etc.).<\/li>\n<li>Practiqueu diferents registres: formals, informals o fins i tot literaris.<\/li>\n<li>Treballeu amb el corrector ortogr\u00e0fic desactivat, i torneu-lo a activar quan hagueu acabat per comprovar els errors ortogr\u00e0fics que heu fet.<\/li>\n<li>Deixeu \u00abrefredar\u00bb els vostres textos. L\u2019endem\u00e0 potser hi trobareu errors que hav\u00edeu obviat.<\/li>\n<\/ul>\n<\/li>\n<li>Fer redaccions \u00e9s un treball reflexiu i planificat, per\u00f2 no \u00e9s l\u2019\u00fanica manera d\u2019exercitar l\u2019expressi\u00f3 escrita. Tamb\u00e9 podeu participar en <strong>xats<\/strong>, que s\u00f3n informals i espontanis, i us permetran desenvolupar agilitat de redacci\u00f3.<\/li>\n<li>Treballeu l\u2019ortografia i la puntuaci\u00f3 amb materials espec\u00edfics.<\/li>\n<\/ul>\n<p>[\/vc_column_text][vc_row_inner][vc_column_inner el_class=&#8221;vcenter&#8221; width=&#8221;1\/2&#8243;][vc_single_image image=&#8221;7305&#8243; img_size=&#8221;full&#8221; alignment=&#8221;center&#8221; onclick=&#8221;custom_link&#8221; img_link_target=&#8221;_blank&#8221; link=&#8221;http:\/\/www.ub.edu\/idiomesb2\/angles\/recursos-daprenentatge\/?page_id=1806#sf-&amp;#123;%221%22:%22Angles%22,%224%22:%22Intercanvi%20i%20interaccio%22,%2210%22:%22Correccio%20de%20redaccions%22,%22search-id%22:%221%22&amp;#125;&#8221;][\/vc_column_inner][vc_column_inner el_class=&#8221;vcenter&#8221; width=&#8221;1\/2&#8243;][vc_single_image image=&#8221;7304&#8243; img_size=&#8221;full&#8221; alignment=&#8221;center&#8221; onclick=&#8221;custom_link&#8221; img_link_target=&#8221;_blank&#8221; link=&#8221;https:\/\/www.ub.edu\/idiomesb2\/angles\/recursos-daprenentatge\/?page_id=1806#sf-&amp;#123;%221%22:%22Angles%22,%224%22:%22Aprenentatge%22,%227%22:%22Expressio%20escrita,%20ortografia%20i%20puntuacio%22,%22search-id%22:%221%22&amp;#125;&#8221;][\/vc_column_inner][\/vc_row_inner][\/vc_column][\/vc_row]<\/p>\n<\/div>","protected":false},"excerpt":{"rendered":"<p>[vc_row][vc_column][vc_column_text] L&#8217;expressi\u00f3 escrita \u00e9s, com el seu nom indica, la capacitat d&#8217;escriure textos de qualsevol tipus. A continuaci\u00f3 us donem alguns consells per treballar-la: Escriviu sovint. \u00c9s millor fer-ho amb freq\u00fc\u00e8ncia, encara que nom\u00e9s siguin unes l\u00ednies cada dia, que no pas fer una redacci\u00f3 llarga un cop al mes. Busqueu alg\u00fa que us corregeixi <a class=\"more-link\" href=\"https:\/\/www.ub.edu\/idiomesb2\/angles\/com-millorar\/lexpressio-escrita\/\">Continue reading <i class=\"fa fa-chevron-right\"><\/i><\/a><\/p>\n","protected":false},"author":2,"featured_media":0,"parent":1776,"menu_order":0,"comment_status":"closed","ping_status":"closed","template":"page-angles.php","meta":{"footnotes":""},"class_list":["post-1783","page","type-page","status-publish","hentry"],"_links":{"self":[{"href":"https:\/\/www.ub.edu\/idiomesb2\/wp-json\/wp\/v2\/pages\/1783","targetHints":{"allow":["GET"]}}],"collection":[{"href":"https:\/\/www.ub.edu\/idiomesb2\/wp-json\/wp\/v2\/pages"}],"about":[{"href":"https:\/\/www.ub.edu\/idiomesb2\/wp-json\/wp\/v2\/types\/page"}],"author":[{"embeddable":true,"href":"https:\/\/www.ub.edu\/idiomesb2\/wp-json\/wp\/v2\/users\/2"}],"replies":[{"embeddable":true,"href":"https:\/\/www.ub.edu\/idiomesb2\/wp-json\/wp\/v2\/comments?post=1783"}],"version-history":[{"count":13,"href":"https:\/\/www.ub.edu\/idiomesb2\/wp-json\/wp\/v2\/pages\/1783\/revisions"}],"predecessor-version":[{"id":9374,"href":"https:\/\/www.ub.edu\/idiomesb2\/wp-json\/wp\/v2\/pages\/1783\/revisions\/9374"}],"up":[{"embeddable":true,"href":"https:\/\/www.ub.edu\/idiomesb2\/wp-json\/wp\/v2\/pages\/1776"}],"wp:attachment":[{"href":"https:\/\/www.ub.edu\/idiomesb2\/wp-json\/wp\/v2\/media?parent=1783"}],"curies":[{"name":"wp","href":"https:\/\/api.w.org\/{rel}","templated":true}]}}