{"id":1972,"date":"2016-09-21T18:44:55","date_gmt":"2016-09-21T18:44:55","guid":{"rendered":"http:\/\/www.ub.edu\/idiomesb2\/?page_id=1972"},"modified":"2025-10-02T16:23:30","modified_gmt":"2025-10-02T14:23:30","slug":"pla-guiat","status":"publish","type":"page","link":"https:\/\/www.ub.edu\/idiomesb2\/italia\/quin-pla-de-treball-trio\/pla-guiat\/","title":{"rendered":"Pla guiat: seguir un curs d\u2019autoaprenentatge"},"content":{"rendered":"<div class=\"wpb-content-wrapper\"><p>[vc_row][vc_column][vc_column_text]<img loading=\"lazy\" decoding=\"async\" class=\"alignright wp-image-2715\" src=\"https:\/\/www.ub.edu\/idiomesb2\/wp-content\/uploads\/2016\/09\/22250375369_09fc15919b_o.jpg\" alt=\"Pla guiat\" width=\"400\" height=\"300\" srcset=\"https:\/\/www.ub.edu\/idiomesb2\/wp-content\/uploads\/2016\/09\/22250375369_09fc15919b_o.jpg 640w, https:\/\/www.ub.edu\/idiomesb2\/wp-content\/uploads\/2016\/09\/22250375369_09fc15919b_o-300x225.jpg 300w\" sizes=\"auto, (max-width: 400px) 100vw, 400px\" \/>Un\u00a0pla guiat consisteix a realitzar cursos d&#8217;aprenentatge, els quals ofereixen una metodologia estructurada que cobreix tots els aspectes de la llengua. Nom\u00e9s cal seguir el curs per fer un <strong>aprenentatge global i totalment guiat<\/strong>, i no haureu de prendre decisions m\u00e9s enll\u00e0 d\u2019aix\u00f2.<\/p>\n<p>Els <strong>cursos d\u2019autoaprenentatge<\/strong> estan espec\u00edficament pensats per a autodidactes. S\u00f3n una bona opci\u00f3 si voleu millorar o mantenir l\u2019idioma de manera general. Tamb\u00e9 s\u00f3n molt\u00a0<strong>indicats per als principiants <\/strong>que no tenen coneixements previs de l\u2019idioma, ja que necessiten m\u00e9s pautes i orientaci\u00f3.<\/p>\n<p>Tingueu present que treballar amb un sol curs representa un aprenentatge de poca intensitat, i que cada curs t\u00e9 els seus punts forts i les seves mancances. En trobareu una selecci\u00f3 al seg\u00fcent enlla\u00e7:[\/vc_column_text][vc_single_image image=&#8221;7402&#8243; img_size=&#8221;full&#8221; alignment=&#8221;center&#8221; onclick=&#8221;custom_link&#8221; img_link_target=&#8221;_blank&#8221; link=&#8221;https:\/\/www.ub.edu\/idiomesb2\/italia\/recursos-daprenentatge\/?page_id=2020#sf-&amp;#123;%221%22:%22Italia%22,%224%22:%22Aprenentatge%22,%227%22:%22Cursos%20dautoaprenentatge%22,%22search-id%22:%221%22&amp;#125;&#8221;][\/vc_column][\/vc_row]<\/p>\n<\/div>","protected":false},"excerpt":{"rendered":"<p>[vc_row][vc_column][vc_column_text]Un\u00a0pla guiat consisteix a realitzar cursos d&#8217;aprenentatge, els quals ofereixen una metodologia estructurada que cobreix tots els aspectes de la llengua. Nom\u00e9s cal seguir el curs per fer un aprenentatge global i totalment guiat, i no haureu de prendre decisions m\u00e9s enll\u00e0 d\u2019aix\u00f2. Els cursos d\u2019autoaprenentatge estan espec\u00edficament pensats per a autodidactes. S\u00f3n una bona <a class=\"more-link\" href=\"https:\/\/www.ub.edu\/idiomesb2\/italia\/quin-pla-de-treball-trio\/pla-guiat\/\">Continue reading <i class=\"fa fa-chevron-right\"><\/i><\/a><\/p>\n","protected":false},"author":2,"featured_media":0,"parent":1970,"menu_order":0,"comment_status":"closed","ping_status":"closed","template":"page-italia.php","meta":{"footnotes":""},"class_list":["post-1972","page","type-page","status-publish","hentry"],"_links":{"self":[{"href":"https:\/\/www.ub.edu\/idiomesb2\/wp-json\/wp\/v2\/pages\/1972","targetHints":{"allow":["GET"]}}],"collection":[{"href":"https:\/\/www.ub.edu\/idiomesb2\/wp-json\/wp\/v2\/pages"}],"about":[{"href":"https:\/\/www.ub.edu\/idiomesb2\/wp-json\/wp\/v2\/types\/page"}],"author":[{"embeddable":true,"href":"https:\/\/www.ub.edu\/idiomesb2\/wp-json\/wp\/v2\/users\/2"}],"replies":[{"embeddable":true,"href":"https:\/\/www.ub.edu\/idiomesb2\/wp-json\/wp\/v2\/comments?post=1972"}],"version-history":[{"count":19,"href":"https:\/\/www.ub.edu\/idiomesb2\/wp-json\/wp\/v2\/pages\/1972\/revisions"}],"predecessor-version":[{"id":9351,"href":"https:\/\/www.ub.edu\/idiomesb2\/wp-json\/wp\/v2\/pages\/1972\/revisions\/9351"}],"up":[{"embeddable":true,"href":"https:\/\/www.ub.edu\/idiomesb2\/wp-json\/wp\/v2\/pages\/1970"}],"wp:attachment":[{"href":"https:\/\/www.ub.edu\/idiomesb2\/wp-json\/wp\/v2\/media?parent=1972"}],"curies":[{"name":"wp","href":"https:\/\/api.w.org\/{rel}","templated":true}]}}