{"id":2029,"date":"2016-09-21T20:15:18","date_gmt":"2016-09-21T20:15:18","guid":{"rendered":"http:\/\/www.ub.edu\/idiomesb2\/?page_id=2029"},"modified":"2025-10-09T15:47:10","modified_gmt":"2025-10-09T13:47:10","slug":"com-preparar-se","status":"publish","type":"page","link":"https:\/\/www.ub.edu\/idiomesb2\/italia\/lacreditacio-de-lidioma\/com-preparar-se\/","title":{"rendered":"Com preparar-se"},"content":{"rendered":"<div class=\"wpb-content-wrapper\"><p>[vc_row][vc_column][vc_column_text]<img loading=\"lazy\" decoding=\"async\" class=\"alignleft wp-image-3168\" src=\"https:\/\/www.ub.edu\/idiomesb2\/wp-content\/uploads\/2016\/09\/CeLaFaro.jpg\" alt=\"Com preparar-se\" width=\"400\" height=\"267\" srcset=\"https:\/\/www.ub.edu\/idiomesb2\/wp-content\/uploads\/2016\/09\/CeLaFaro.jpg 1058w, https:\/\/www.ub.edu\/idiomesb2\/wp-content\/uploads\/2016\/09\/CeLaFaro-300x200.jpg 300w, https:\/\/www.ub.edu\/idiomesb2\/wp-content\/uploads\/2016\/09\/CeLaFaro-1024x683.jpg 1024w\" sizes=\"auto, (max-width: 400px) 100vw, 400px\" \/>Hi ha <strong>materials que s\u00f3n espec\u00edfics<\/strong> per a la preparaci\u00f3 d\u2019ex\u00e0mens oficials, i que no nom\u00e9s us orientaran pel que fa a les q\u00fcestions de llengua, sin\u00f3 que tamb\u00e9 us explicaran l\u2019estructura i les parts de les proves, i us ajudaran a posar-vos en situaci\u00f3 d\u2019examen.<\/p>\n<p>Al seg\u00fcent enlla\u00e7 hi trobareu una selecci\u00f3 de webs i de llibres espec\u00edfics, que us aniran molt b\u00e9 si voleu acreditar el vostre nivell d&#8217;itali\u00e0.[\/vc_column_text][vc_single_image image=&#8221;7443&#8243; img_size=&#8221;full&#8221; alignment=&#8221;center&#8221; onclick=&#8221;custom_link&#8221; img_link_target=&#8221;_blank&#8221; link=&#8221;https:\/\/www.ub.edu\/idiomesb2\/italia\/recursos-daprenentatge\/#sf-&amp;#123;%221%22:%22Italia%22,%224%22:%22Preparacio%20per%20a%20examens%20oficials%22,%22search-id%22:%221%22&amp;#125;&#8221;][\/vc_column][\/vc_row]<\/p>\n<\/div>","protected":false},"excerpt":{"rendered":"<p>[vc_row][vc_column][vc_column_text]Hi ha materials que s\u00f3n espec\u00edfics per a la preparaci\u00f3 d\u2019ex\u00e0mens oficials, i que no nom\u00e9s us orientaran pel que fa a les q\u00fcestions de llengua, sin\u00f3 que tamb\u00e9 us explicaran l\u2019estructura i les parts de les proves, i us ajudaran a posar-vos en situaci\u00f3 d\u2019examen. Al seg\u00fcent enlla\u00e7 hi trobareu una selecci\u00f3 de webs <a class=\"more-link\" href=\"https:\/\/www.ub.edu\/idiomesb2\/italia\/lacreditacio-de-lidioma\/com-preparar-se\/\">Continue reading <i class=\"fa fa-chevron-right\"><\/i><\/a><\/p>\n","protected":false},"author":2,"featured_media":0,"parent":2018,"menu_order":0,"comment_status":"closed","ping_status":"closed","template":"page-italia.php","meta":{"footnotes":""},"class_list":["post-2029","page","type-page","status-publish","hentry"],"_links":{"self":[{"href":"https:\/\/www.ub.edu\/idiomesb2\/wp-json\/wp\/v2\/pages\/2029","targetHints":{"allow":["GET"]}}],"collection":[{"href":"https:\/\/www.ub.edu\/idiomesb2\/wp-json\/wp\/v2\/pages"}],"about":[{"href":"https:\/\/www.ub.edu\/idiomesb2\/wp-json\/wp\/v2\/types\/page"}],"author":[{"embeddable":true,"href":"https:\/\/www.ub.edu\/idiomesb2\/wp-json\/wp\/v2\/users\/2"}],"replies":[{"embeddable":true,"href":"https:\/\/www.ub.edu\/idiomesb2\/wp-json\/wp\/v2\/comments?post=2029"}],"version-history":[{"count":12,"href":"https:\/\/www.ub.edu\/idiomesb2\/wp-json\/wp\/v2\/pages\/2029\/revisions"}],"predecessor-version":[{"id":9423,"href":"https:\/\/www.ub.edu\/idiomesb2\/wp-json\/wp\/v2\/pages\/2029\/revisions\/9423"}],"up":[{"embeddable":true,"href":"https:\/\/www.ub.edu\/idiomesb2\/wp-json\/wp\/v2\/pages\/2018"}],"wp:attachment":[{"href":"https:\/\/www.ub.edu\/idiomesb2\/wp-json\/wp\/v2\/media?parent=2029"}],"curies":[{"name":"wp","href":"https:\/\/api.w.org\/{rel}","templated":true}]}}