{"id":2208,"date":"2016-09-24T19:54:08","date_gmt":"2016-09-24T19:54:08","guid":{"rendered":"http:\/\/www.ub.edu\/idiomesb2\/?page_id=2208"},"modified":"2025-10-02T16:15:45","modified_gmt":"2025-10-02T14:15:45","slug":"seleccionar-els-materials","status":"publish","type":"page","link":"https:\/\/www.ub.edu\/idiomesb2\/frances\/abans-de-comencar\/seleccionar-els-materials\/","title":{"rendered":"Seleccionar els materials adequats"},"content":{"rendered":"<div class=\"wpb-content-wrapper\"><p>[vc_row][vc_column][vc_column_text]<img loading=\"lazy\" decoding=\"async\" class=\"alignleft wp-image-2894\" src=\"https:\/\/www.ub.edu\/idiomesb2\/wp-content\/uploads\/2016\/09\/Pinzells2-1.jpg\" alt=\"Seleccionar els materials\" width=\"320\" height=\"315\" srcset=\"https:\/\/www.ub.edu\/idiomesb2\/wp-content\/uploads\/2016\/09\/Pinzells2-1.jpg 670w, https:\/\/www.ub.edu\/idiomesb2\/wp-content\/uploads\/2016\/09\/Pinzells2-1-300x295.jpg 300w, https:\/\/www.ub.edu\/idiomesb2\/wp-content\/uploads\/2016\/09\/Pinzells2-1-60x60.jpg 60w\" sizes=\"auto, (max-width: 320px) 100vw, 320px\" \/>Un cop hagueu definit el vostre <a href=\"https:\/\/www.ub.edu\/idiomesb2\/frances\/abans-de-comencar\/quin-nivell-de-llengua-tinc\/\" target=\"_blank\" rel=\"noopener noreferrer\">nivell <\/a>i <a href=\"https:\/\/www.ub.edu\/idiomesb2\/frances\/abans-de-comencar\/establir-els-objectius\/\" target=\"_blank\" rel=\"noopener noreferrer\">objectius<\/a>, ja podeu buscar els materials per treballar. Val la pena que invertiu tot el temps que calgui en aquesta fase del proc\u00e9s.<\/p>\n<p>A Internet hi ha excel\u00b7lents eines per estudiar un idioma gratu\u00eftament, per\u00f2 en alguns \u00e0mbits d&#8217;aprenentatge poden ser insuficients, i caldr\u00e0 rec\u00f3rrer tamb\u00e9 a llibres. De la mateixa manera, Internet supleix moltes mancances dels llibres, com ara la interacci\u00f3 i la comunicaci\u00f3 amb altres persones. Per aix\u00f2, en aquest web us recomanarem recursos de tres tipus:<\/p>\n<ul>\n<li><strong>Recursos digitals en l\u00ednia gratu\u00efts<\/strong>: webs d\u2019aprenentatge, aplicacions per a dispositius m\u00f2bils, i xarxes socials, entre d\u2019altres.<\/li>\n<li><strong>Recursos f\u00edsics<\/strong>: llibres, audiovisuals o material multim\u00e8dia que podeu trobar als centres d\u2019autoaprenentatge de lleng\u00fces, a les biblioteques, o tamb\u00e9 comprar.<\/li>\n<li><strong>Activitats presencials gratu\u00eftes<\/strong>: grups o intercanvi de conversa, per exemple.<\/li>\n<\/ul>\n<p>Tots els materials que hem seleccionat s\u00f3n adients per a autodidactes, i els hem recollit en una base de dades que trobareu fent clic a l\u2019enlla\u00e7:[\/vc_column_text][vc_single_image image=&#8221;7346&#8243; img_size=&#8221;full&#8221; alignment=&#8221;center&#8221; onclick=&#8221;custom_link&#8221; img_link_target=&#8221;_blank&#8221; link=&#8221;https:\/\/www.ub.edu\/idiomesb2\/frances\/recursos-daprenentatge\/#sf-&amp;#123;%221%22:%22Frances%22,%22search-id%22:%221%22&amp;#125;&#8221;][vc_column_text]<img loading=\"lazy\" decoding=\"async\" class=\"alignright wp-image-822 size-full\" src=\"https:\/\/www.ub.edu\/idiomesb2\/wp-content\/uploads\/2016\/06\/posit-seleccio-material.png\" alt=\"Seleccionar els materials\" width=\"330\" height=\"325\" srcset=\"https:\/\/www.ub.edu\/idiomesb2\/wp-content\/uploads\/2016\/06\/posit-seleccio-material.png 330w, https:\/\/www.ub.edu\/idiomesb2\/wp-content\/uploads\/2016\/06\/posit-seleccio-material-300x295.png 300w, https:\/\/www.ub.edu\/idiomesb2\/wp-content\/uploads\/2016\/06\/posit-seleccio-material-60x60.png 60w\" sizes=\"auto, (max-width: 330px) 100vw, 330px\" \/>Si voleu utilitzar algun material que no estigui incl\u00f2s en aquesta base de dades, tingueu en compte que sigui <strong>del vostre nivell <\/strong>i tamb\u00e9 <strong>adequat per a l\u2019autoaprenentatge<\/strong>, \u00e9s a dir que sigui autocorrectiu o inclogui les solucions dels exercicis.<\/p>\n<p>En cas que vulgueu suggerir-nos algun recurs, ens podeu enviar un correu a trav\u00e9s de la <a href=\"https:\/\/www.ub.edu\/idiomesb2\/contacte\/\" target=\"_blank\" rel=\"noopener noreferrer\">p\u00e0gina de contacte<\/a>.[\/vc_column_text][vc_column_text]<\/p>\n<h2>Orientacions per fer la selecci\u00f3 de materials<\/h2>\n<p>Feu una llista amb els recursos que us semblin adients, i <strong>classifiqueu<\/strong>-los segons les habilitats ling\u00fc\u00edstiques que permeten treballar. Alguns seran adequats per a diverses habilitats. Per ajudar-vos a fer la classificaci\u00f3 us pot anar b\u00e9 recollir-los en una taula com la seg\u00fcent.[\/vc_column_text][vc_btn title=&#8221;Taula per a la selecci\u00f3 de materials&#8221; color=&#8221;primary&#8221; align=&#8221;center&#8221; link=&#8221;url:%2Fidiomesb2%2Fwp-content%2Fuploads%2F2016%2F07%2FSeleccio_materials-cor.docx&#8221;][\/vc_column][\/vc_row][vc_row][vc_column][\/vc_column][\/vc_row]<\/p>\n<\/div>","protected":false},"excerpt":{"rendered":"<p>[vc_row][vc_column][vc_column_text]Un cop hagueu definit el vostre nivell i objectius, ja podeu buscar els materials per treballar. Val la pena que invertiu tot el temps que calgui en aquesta fase del proc\u00e9s. A Internet hi ha excel\u00b7lents eines per estudiar un idioma gratu\u00eftament, per\u00f2 en alguns \u00e0mbits d&#8217;aprenentatge poden ser insuficients, i caldr\u00e0 rec\u00f3rrer tamb\u00e9 a <a class=\"more-link\" href=\"https:\/\/www.ub.edu\/idiomesb2\/frances\/abans-de-comencar\/seleccionar-els-materials\/\">Continue reading <i class=\"fa fa-chevron-right\"><\/i><\/a><\/p>\n","protected":false},"author":2,"featured_media":0,"parent":2198,"menu_order":0,"comment_status":"closed","ping_status":"closed","template":"page-frances.php","meta":{"footnotes":""},"class_list":["post-2208","page","type-page","status-publish","hentry"],"_links":{"self":[{"href":"https:\/\/www.ub.edu\/idiomesb2\/wp-json\/wp\/v2\/pages\/2208","targetHints":{"allow":["GET"]}}],"collection":[{"href":"https:\/\/www.ub.edu\/idiomesb2\/wp-json\/wp\/v2\/pages"}],"about":[{"href":"https:\/\/www.ub.edu\/idiomesb2\/wp-json\/wp\/v2\/types\/page"}],"author":[{"embeddable":true,"href":"https:\/\/www.ub.edu\/idiomesb2\/wp-json\/wp\/v2\/users\/2"}],"replies":[{"embeddable":true,"href":"https:\/\/www.ub.edu\/idiomesb2\/wp-json\/wp\/v2\/comments?post=2208"}],"version-history":[{"count":18,"href":"https:\/\/www.ub.edu\/idiomesb2\/wp-json\/wp\/v2\/pages\/2208\/revisions"}],"predecessor-version":[{"id":9346,"href":"https:\/\/www.ub.edu\/idiomesb2\/wp-json\/wp\/v2\/pages\/2208\/revisions\/9346"}],"up":[{"embeddable":true,"href":"https:\/\/www.ub.edu\/idiomesb2\/wp-json\/wp\/v2\/pages\/2198"}],"wp:attachment":[{"href":"https:\/\/www.ub.edu\/idiomesb2\/wp-json\/wp\/v2\/media?parent=2208"}],"curies":[{"name":"wp","href":"https:\/\/api.w.org\/{rel}","templated":true}]}}