{"id":2223,"date":"2016-09-25T21:48:48","date_gmt":"2016-09-25T21:48:48","guid":{"rendered":"http:\/\/www.ub.edu\/idiomesb2\/?page_id=2223"},"modified":"2025-10-02T16:25:55","modified_gmt":"2025-10-02T14:25:55","slug":"pla-guiat","status":"publish","type":"page","link":"https:\/\/www.ub.edu\/idiomesb2\/frances\/quin-pla-de-treball-trio\/pla-guiat\/","title":{"rendered":"Pla guiat: seguir un curs d\u2019autoaprenentatge"},"content":{"rendered":"<div class=\"wpb-content-wrapper\"><p>[vc_row][vc_column][vc_column_text]<img loading=\"lazy\" decoding=\"async\" class=\"alignright wp-image-2509\" src=\"https:\/\/www.ub.edu\/idiomesb2\/wp-content\/uploads\/2016\/09\/8661468679_b7e8b55c91_o-2.jpg\" alt=\"Pla guiat\" width=\"400\" height=\"289\" srcset=\"https:\/\/www.ub.edu\/idiomesb2\/wp-content\/uploads\/2016\/09\/8661468679_b7e8b55c91_o-2.jpg 1246w, https:\/\/www.ub.edu\/idiomesb2\/wp-content\/uploads\/2016\/09\/8661468679_b7e8b55c91_o-2-300x217.jpg 300w, https:\/\/www.ub.edu\/idiomesb2\/wp-content\/uploads\/2016\/09\/8661468679_b7e8b55c91_o-2-1024x740.jpg 1024w\" sizes=\"auto, (max-width: 400px) 100vw, 400px\" \/>Un\u00a0pla guiat consisteix a realitzar cursos d&#8217;aprenentatge, els quals ofereixen una metodologia estructurada que cobreix tots els aspectes de la llengua. Nom\u00e9s cal seguir el curs per fer un <strong>aprenentatge global i totalment guiat<\/strong>, i no haureu de prendre decisions m\u00e9s enll\u00e0 d\u2019aix\u00f2.<\/p>\n<p>Els <strong>cursos d\u2019autoaprenentatge<\/strong> estan espec\u00edficament pensats per a autodidactes. S\u00f3n una bona opci\u00f3 si voleu millorar o mantenir l\u2019idioma de manera general. Tamb\u00e9 s\u00f3n molt\u00a0<strong>indicats per als principiants <\/strong>que no tenen coneixements previs de l\u2019idioma, ja que necessiten m\u00e9s pautes i orientaci\u00f3.<\/p>\n<p>Tingueu present que treballar amb un sol curs representa un aprenentatge de poca intensitat, i que cada curs t\u00e9 els seus punts forts i les seves mancances. En trobareu una selecci\u00f3 al seg\u00fcent enlla\u00e7:[\/vc_column_text][vc_single_image image=&#8221;7349&#8243; img_size=&#8221;full&#8221; alignment=&#8221;center&#8221; onclick=&#8221;custom_link&#8221; img_link_target=&#8221;_blank&#8221; link=&#8221;https:\/\/www.ub.edu\/idiomesb2\/frances\/recursos-daprenentatge\/#sf-&amp;#123;%221%22:%22Frances%22,%224%22:%22Aprenentatge%22,%227%22:%22Cursos%20dautoaprenentatge%22,%22search-id%22:%221%22&amp;#125;&#8221;][\/vc_column][\/vc_row]<\/p>\n<\/div>","protected":false},"excerpt":{"rendered":"<p>[vc_row][vc_column][vc_column_text]Un\u00a0pla guiat consisteix a realitzar cursos d&#8217;aprenentatge, els quals ofereixen una metodologia estructurada que cobreix tots els aspectes de la llengua. Nom\u00e9s cal seguir el curs per fer un aprenentatge global i totalment guiat, i no haureu de prendre decisions m\u00e9s enll\u00e0 d\u2019aix\u00f2. Els cursos d\u2019autoaprenentatge estan espec\u00edficament pensats per a autodidactes. S\u00f3n una bona <a class=\"more-link\" href=\"https:\/\/www.ub.edu\/idiomesb2\/frances\/quin-pla-de-treball-trio\/pla-guiat\/\">Continue reading <i class=\"fa fa-chevron-right\"><\/i><\/a><\/p>\n","protected":false},"author":2,"featured_media":0,"parent":2220,"menu_order":0,"comment_status":"closed","ping_status":"closed","template":"page-frances.php","meta":{"footnotes":""},"class_list":["post-2223","page","type-page","status-publish","hentry"],"_links":{"self":[{"href":"https:\/\/www.ub.edu\/idiomesb2\/wp-json\/wp\/v2\/pages\/2223","targetHints":{"allow":["GET"]}}],"collection":[{"href":"https:\/\/www.ub.edu\/idiomesb2\/wp-json\/wp\/v2\/pages"}],"about":[{"href":"https:\/\/www.ub.edu\/idiomesb2\/wp-json\/wp\/v2\/types\/page"}],"author":[{"embeddable":true,"href":"https:\/\/www.ub.edu\/idiomesb2\/wp-json\/wp\/v2\/users\/2"}],"replies":[{"embeddable":true,"href":"https:\/\/www.ub.edu\/idiomesb2\/wp-json\/wp\/v2\/comments?post=2223"}],"version-history":[{"count":15,"href":"https:\/\/www.ub.edu\/idiomesb2\/wp-json\/wp\/v2\/pages\/2223\/revisions"}],"predecessor-version":[{"id":9352,"href":"https:\/\/www.ub.edu\/idiomesb2\/wp-json\/wp\/v2\/pages\/2223\/revisions\/9352"}],"up":[{"embeddable":true,"href":"https:\/\/www.ub.edu\/idiomesb2\/wp-json\/wp\/v2\/pages\/2220"}],"wp:attachment":[{"href":"https:\/\/www.ub.edu\/idiomesb2\/wp-json\/wp\/v2\/media?parent=2223"}],"curies":[{"name":"wp","href":"https:\/\/api.w.org\/{rel}","templated":true}]}}