{"id":2272,"date":"2016-09-26T21:02:15","date_gmt":"2016-09-26T21:02:15","guid":{"rendered":"http:\/\/www.ub.edu\/idiomesb2\/?page_id=2272"},"modified":"2025-10-02T16:54:35","modified_gmt":"2025-10-02T14:54:35","slug":"el-vocabulari","status":"publish","type":"page","link":"https:\/\/www.ub.edu\/idiomesb2\/frances\/com-millorar\/el-vocabulari\/","title":{"rendered":"El vocabulari"},"content":{"rendered":"<div class=\"wpb-content-wrapper\"><p>[vc_row][vc_column][vc_column_text]<img loading=\"lazy\" decoding=\"async\" class=\"alignright wp-image-2366\" src=\"https:\/\/www.ub.edu\/idiomesb2\/wp-content\/uploads\/2016\/09\/427631152_f26e8e592f_o.jpg\" alt=\"El vocabulari\" width=\"450\" height=\"340\" srcset=\"https:\/\/www.ub.edu\/idiomesb2\/wp-content\/uploads\/2016\/09\/427631152_f26e8e592f_o.jpg 856w, https:\/\/www.ub.edu\/idiomesb2\/wp-content\/uploads\/2016\/09\/427631152_f26e8e592f_o-300x226.jpg 300w\" sizes=\"auto, (max-width: 450px) 100vw, 450px\" \/>Les seg\u00fcents recomanacions us ajudaran a adquirir, consolidar i ampliar el vocabulari.<\/p>\n<ul>\n<li>Intenteu determinar quin vocabulari necessiteu i on podeu trobar-lo.<\/li>\n<li>Hi ha paraules que s\u00f3n <strong>m\u00e9s freq\u00fcents<\/strong>, i les haureu de prioritzar. No us capfiqueu si n\u2019oblideu algunes de poc habituals.<\/li>\n<li>Per consultar dubtes relacionats amb el significat dels mots, no us limiteu a buscar-ne la traducci\u00f3 en un diccionari biling\u00fce. Si teniu un nivell de comprensi\u00f3 del franc\u00e8s mitj\u00e0 o avan\u00e7at, utilitzeu tamb\u00e9 els <strong>diccionaris monoling\u00fces<\/strong>, que us proporcionaran definicions, exemples i altra informaci\u00f3 important.<\/li>\n<li>Estudiar-vos llistes de vocabulari us pot ser \u00fatil si us voleu preparar per a algun examen o per a alguna situaci\u00f3 concreta. Per\u00f2 no us limiteu a memoritzar paraules a\u00efllades. \u00c9s preferible treballar-les <strong>en el seu context<\/strong>: fent exercicis o b\u00e9 escrivint textos i frases.<\/li>\n<li>A l&#8217;hora d&#8217;adquirir vocabulari nou, tamb\u00e9 \u00e9s millor fer-ho a partir del context: llegint molt, mirant la televisi\u00f3, escoltant la r\u00e0dio, etc. Feu-ho de manera activa, prenent nota del l\u00e8xic nou que us trobeu.<\/li>\n<li>Fixeu-vos en les frases i expressions comunes de la llengua francesa, que es fan servir en situacions concretes. Par exemple: <em>\u00abCoucou\u00bb<\/em>, <em>\u00abVoil\u00e0!\u00bb<\/em> o <em>\u00abJe suis d\u00e9sol\u00e9(e)\u00bb<\/em><\/li>\n<li>Per assimilar els mots, a moltes persones els ajuda associar-los amb imatges.<\/li>\n<li>Tamb\u00e9 hi ha qui prefereix treballar les paraules de manera agrupada, per exemple per \u00e0rees tem\u00e0tiques. O segons si son substantius, adjectius, etc. O si s\u00f3n de la mateixa fam\u00edlia, per exemple el verb <em>\u00e9duquer<\/em>, el substantiu l\u2019<em>\u00e9ducation<\/em> o l\u2019adjectiu <em>\u00e9ducatif<\/em>. O b\u00e9 sin\u00f2nims (<em>l\u2019enseignement<\/em>, <em>l\u2019apprentissage<\/em>) i ant\u00f2nims (<em>analphab\u00e9tisme<\/em>). O fins i tot les podeu llistar en funci\u00f3 de si les teniu m\u00e9s apreses o menys. Busqueu els sistemes que us vagin millor.<\/li>\n<li>La majoria del diccionaris en l\u00ednia ofereixen la pronunciaci\u00f3 dels mots. Acostumeu-vos a escoltar-la i repetir-la a poc a poc uns quants cops.<\/li>\n<li>Hi ha aplicacions que us permetran fer-vos <strong>glossaris personalitzats<\/strong> de paraules i frases, i us proporcionaran exercicis interactius per treballar-les amb l\u2019ordinador o el tel\u00e8fon m\u00f2bil. En trobareu un recull a continuaci\u00f3:<\/li>\n<\/ul>\n<p>[\/vc_column_text][\/vc_column][\/vc_row][vc_row][vc_column][vc_single_image image=&#8221;7359&#8243; img_size=&#8221;full&#8221; alignment=&#8221;center&#8221; onclick=&#8221;custom_link&#8221; img_link_target=&#8221;_blank&#8221; link=&#8221;https:\/\/www.ub.edu\/idiomesb2\/frances\/recursos-daprenentatge\/\/?page_id=2318#sf-&amp;#123;%221%22:%22Frances%22,%224%22:%22Aprenentatge%22,%227%22:%22Vocabulari%22,%22search-id%22:%221%22&amp;#125;&#8221;][\/vc_column][\/vc_row][vc_row][vc_column][vc_separator][\/vc_column][\/vc_row][vc_row][vc_column][vc_video link=&#8221;https:\/\/www.youtube.com\/watch?v=_vR6kmbT_aI&amp;t=3s&#8221; el_width=&#8221;50&#8243; align=&#8221;center&#8221;][\/vc_column][\/vc_row]<\/p>\n<\/div>","protected":false},"excerpt":{"rendered":"<p>[vc_row][vc_column][vc_column_text]Les seg\u00fcents recomanacions us ajudaran a adquirir, consolidar i ampliar el vocabulari. Intenteu determinar quin vocabulari necessiteu i on podeu trobar-lo. Hi ha paraules que s\u00f3n m\u00e9s freq\u00fcents, i les haureu de prioritzar. No us capfiqueu si n\u2019oblideu algunes de poc habituals. Per consultar dubtes relacionats amb el significat dels mots, no us limiteu a <a class=\"more-link\" href=\"https:\/\/www.ub.edu\/idiomesb2\/frances\/com-millorar\/el-vocabulari\/\">Continue reading <i class=\"fa fa-chevron-right\"><\/i><\/a><\/p>\n","protected":false},"author":2,"featured_media":0,"parent":2268,"menu_order":0,"comment_status":"closed","ping_status":"closed","template":"page-frances.php","meta":{"footnotes":""},"class_list":["post-2272","page","type-page","status-publish","hentry"],"_links":{"self":[{"href":"https:\/\/www.ub.edu\/idiomesb2\/wp-json\/wp\/v2\/pages\/2272","targetHints":{"allow":["GET"]}}],"collection":[{"href":"https:\/\/www.ub.edu\/idiomesb2\/wp-json\/wp\/v2\/pages"}],"about":[{"href":"https:\/\/www.ub.edu\/idiomesb2\/wp-json\/wp\/v2\/types\/page"}],"author":[{"embeddable":true,"href":"https:\/\/www.ub.edu\/idiomesb2\/wp-json\/wp\/v2\/users\/2"}],"replies":[{"embeddable":true,"href":"https:\/\/www.ub.edu\/idiomesb2\/wp-json\/wp\/v2\/comments?post=2272"}],"version-history":[{"count":18,"href":"https:\/\/www.ub.edu\/idiomesb2\/wp-json\/wp\/v2\/pages\/2272\/revisions"}],"predecessor-version":[{"id":9369,"href":"https:\/\/www.ub.edu\/idiomesb2\/wp-json\/wp\/v2\/pages\/2272\/revisions\/9369"}],"up":[{"embeddable":true,"href":"https:\/\/www.ub.edu\/idiomesb2\/wp-json\/wp\/v2\/pages\/2268"}],"wp:attachment":[{"href":"https:\/\/www.ub.edu\/idiomesb2\/wp-json\/wp\/v2\/media?parent=2272"}],"curies":[{"name":"wp","href":"https:\/\/api.w.org\/{rel}","templated":true}]}}