{"id":2311,"date":"2016-09-26T21:50:36","date_gmt":"2016-09-26T21:50:36","guid":{"rendered":"http:\/\/www.ub.edu\/idiomesb2\/?page_id=2311"},"modified":"2023-05-03T15:30:26","modified_gmt":"2023-05-03T13:30:26","slug":"com-acreditar-se","status":"publish","type":"page","link":"https:\/\/www.ub.edu\/idiomesb2\/frances\/lacreditacio-de-lidioma\/com-acreditar-se\/","title":{"rendered":"Com acreditar-se"},"content":{"rendered":"<div class=\"wpb-content-wrapper\"><p>[vc_row][vc_column][vc_column_text]Un dels inconvenients que sovint s\u2019atribueixen a l\u2019autoaprenentatge \u00e9s que no proporciona cap t\u00edtol que acrediti el nivell de llengua que hem assolit, fet que pot ser un obstacle, per exemple, si volem accedir a una feina.<\/p>\n<p>Per\u00f2, de fet, aix\u00f2 no \u00e9s cert. Encara que no ens haguem matriculat en cap curs, tenim <strong>moltes opcions<\/strong> de presentar-nos a ex\u00e0mens de certificaci\u00f3 de nivell de manera lliure, si considerem que estem preparats per fer-ho.[\/vc_column_text][vc_tta_accordion style=&#8221;flat&#8221; color=&#8221;orange&#8221; active_section=&#8221;0&#8243; collapsible_all=&#8221;true&#8221;][vc_tta_section title=&#8221;Com puc acreditar el meu nivell de llengua francesa?&#8221; tab_id=&#8221;1468576549371-c6b9ebbf-4500&#8243;][vc_row_inner][vc_column_inner][vc_column_text]Hi ha diferents institucions acreditades que ofereixen ex\u00e0mens de certificaci\u00f3 de llengua francesa segons el Marc europeu com\u00fa de refer\u00e8ncia (MECR), \u00e9s a dir dels nivells <strong>A1<\/strong>, <strong>A2<\/strong>, <strong>B1<\/strong>, <strong>B2<\/strong>, <strong>C1<\/strong> i <strong>C2<\/strong> oficialment reconeguts a la Uni\u00f3 Europea. A aquests ex\u00e0mens us hi podeu presentar per lliure.<\/p>\n<p>Des d&#8217;aqu\u00ed us proposem tres alternatives diferents per acreditar-vos. Informeu-vos b\u00e9 de com funciona cadascuna, i aix\u00ed podreu triar l&#8217;examen que us vagi millor en funci\u00f3 dels vostres objectius, situaci\u00f3 i nivell de llengua. S\u00f3n les seg\u00fcents:<\/p>\n<ul>\n<li>Certificat UB: podeu presentar-vos de manera lliure a una <a href=\"https:\/\/www.eim.ub.edu\/ca\/examens-certificats\/\" target=\"_blank\" rel=\"noopener\">convocat\u00f2ria d&#8217;examen de franc\u00e8s EIM-UB<\/a> o tamb\u00e9 teniu l&#8217;opci\u00f3 de fer un <a href=\"https:\/\/www.eim.ub.edu\/ca\/aprendre\/frances\/\" target=\"_blank\" rel=\"noopener\">curs a l&#8217;EIM<\/a>.<\/li>\n<li>Certificat <a href=\"https:\/\/www.eim.ub.edu\/ca\/certificat\/institut-frances\/\" target=\"_blank\" rel=\"noopener\">DELF (A1-B2) i DALF (C1-C2) del Ministeri d&#8217;Educaci\u00f3 Nacional Franc\u00e8s<\/a>.<\/li>\n<\/ul>\n<p>[\/vc_column_text][\/vc_column_inner][\/vc_row_inner][\/vc_tta_section][vc_tta_section title=&#8221;Quins certificats estan reconeguts en l&#8217;\u00e0mbit del sistema universitari de Catalunya?&#8221; tab_id=&#8221;1468576134912-07ff9161-b895&#8243;][vc_row_inner][vc_column_inner][vc_column_text]<\/p>\n<ul>\n<li>La\u00a0<strong><a href=\"https:\/\/portaldogc.gencat.cat\/utilsEADOP\/PDF\/8306\/1829549.pdf\" target=\"_blank\" rel=\"noopener\">Resoluci\u00f3 EMC\/3414\/2020, de 18 de desembre<\/a><\/strong>\u00a0inclou les\u00a0<strong>taules oficials per al reconeixement de certificats i t\u00edtols acreditatius<\/strong>\u00a0de la compet\u00e8ncia en lleng\u00fces estrangeres en l\u2019\u00e0mbit del sistema universitari de Catalunya.<\/li>\n<li>A m\u00e9s de les titulacions especificades a les taules, s\u2019admeten tamb\u00e9 les certificacions seg\u00fcents:\n<ul>\n<li>Les titulacions d\u2019universitats estrangeres cursades en angl\u00e8s, franc\u00e8s, itali\u00e0 o alemany.<\/li>\n<li>El certificat d\u2019assoliment d\u2019ensenyaments secundaris, expedit per una escola que imparteixi la formaci\u00f3 en llengua francesa, italiana, anglesa o alemanya.<\/li>\n<li>La titulaci\u00f3 en Filologia, Traducci\u00f3 i Interpretaci\u00f3 o equivalent en una de les quatre lleng\u00fces estrangeres que es demanen per accedir al m\u00e0ster.<\/li>\n<li>La certificaci\u00f3 d\u2019haver cursat almenys el 10% d\u2019assignatures d\u2019estudis universitaris (grau, m\u00e0ster oficial o programa de doctorat) en una de les quatre lleng\u00fces esmentades.<\/li>\n<li>Els certificats d\u2019assoliment de coneixements ling\u00fc\u00edstics de nivell B1 o superiors expedits per les escoles d\u2019idiomes de qualsevol universitat espanyola.<\/li>\n<\/ul>\n<\/li>\n<\/ul>\n<p>[\/vc_column_text][\/vc_column_inner][\/vc_row_inner][\/vc_tta_section][\/vc_tta_accordion][\/vc_column][\/vc_row]<\/p>\n<\/div>","protected":false},"excerpt":{"rendered":"<p>[vc_row][vc_column][vc_column_text]Un dels inconvenients que sovint s\u2019atribueixen a l\u2019autoaprenentatge \u00e9s que no proporciona cap t\u00edtol que acrediti el nivell de llengua que hem assolit, fet que pot ser un obstacle, per exemple, si volem accedir a una feina. Per\u00f2, de fet, aix\u00f2 no \u00e9s cert. Encara que no ens haguem matriculat en cap curs, tenim moltes <a class=\"more-link\" href=\"https:\/\/www.ub.edu\/idiomesb2\/frances\/lacreditacio-de-lidioma\/com-acreditar-se\/\">Continue reading <i class=\"fa fa-chevron-right\"><\/i><\/a><\/p>\n","protected":false},"author":2,"featured_media":0,"parent":2308,"menu_order":0,"comment_status":"closed","ping_status":"closed","template":"page-frances.php","meta":{"footnotes":""},"class_list":["post-2311","page","type-page","status-publish","hentry"],"_links":{"self":[{"href":"https:\/\/www.ub.edu\/idiomesb2\/wp-json\/wp\/v2\/pages\/2311","targetHints":{"allow":["GET"]}}],"collection":[{"href":"https:\/\/www.ub.edu\/idiomesb2\/wp-json\/wp\/v2\/pages"}],"about":[{"href":"https:\/\/www.ub.edu\/idiomesb2\/wp-json\/wp\/v2\/types\/page"}],"author":[{"embeddable":true,"href":"https:\/\/www.ub.edu\/idiomesb2\/wp-json\/wp\/v2\/users\/2"}],"replies":[{"embeddable":true,"href":"https:\/\/www.ub.edu\/idiomesb2\/wp-json\/wp\/v2\/comments?post=2311"}],"version-history":[{"count":16,"href":"https:\/\/www.ub.edu\/idiomesb2\/wp-json\/wp\/v2\/pages\/2311\/revisions"}],"predecessor-version":[{"id":8874,"href":"https:\/\/www.ub.edu\/idiomesb2\/wp-json\/wp\/v2\/pages\/2311\/revisions\/8874"}],"up":[{"embeddable":true,"href":"https:\/\/www.ub.edu\/idiomesb2\/wp-json\/wp\/v2\/pages\/2308"}],"wp:attachment":[{"href":"https:\/\/www.ub.edu\/idiomesb2\/wp-json\/wp\/v2\/media?parent=2311"}],"curies":[{"name":"wp","href":"https:\/\/api.w.org\/{rel}","templated":true}]}}