{"id":2316,"date":"2016-09-26T21:56:33","date_gmt":"2016-09-26T21:56:33","guid":{"rendered":"http:\/\/www.ub.edu\/idiomesb2\/?page_id=2316"},"modified":"2025-10-09T15:46:20","modified_gmt":"2025-10-09T13:46:20","slug":"com-preparar-se","status":"publish","type":"page","link":"https:\/\/www.ub.edu\/idiomesb2\/frances\/lacreditacio-de-lidioma\/com-preparar-se\/","title":{"rendered":"Com preparar-se"},"content":{"rendered":"<div class=\"wpb-content-wrapper\"><p>[vc_row][vc_column][vc_column_text]<img loading=\"lazy\" decoding=\"async\" class=\"alignleft wp-image-2765\" src=\"https:\/\/www.ub.edu\/idiomesb2\/wp-content\/uploads\/2016\/09\/10458008683_b0cd360a97_o.jpg\" alt=\"Com preparar-se\" width=\"380\" height=\"284\" srcset=\"https:\/\/www.ub.edu\/idiomesb2\/wp-content\/uploads\/2016\/09\/10458008683_b0cd360a97_o.jpg 1280w, https:\/\/www.ub.edu\/idiomesb2\/wp-content\/uploads\/2016\/09\/10458008683_b0cd360a97_o-300x225.jpg 300w, https:\/\/www.ub.edu\/idiomesb2\/wp-content\/uploads\/2016\/09\/10458008683_b0cd360a97_o-1024x766.jpg 1024w\" sizes=\"auto, (max-width: 380px) 100vw, 380px\" \/>Hi ha <strong>materials que s\u00f3n espec\u00edfics<\/strong> per a la preparaci\u00f3 d\u2019ex\u00e0mens oficials, i que no nom\u00e9s us orientaran pel que fa a les q\u00fcestions de llengua, sin\u00f3 que tamb\u00e9 us explicaran l\u2019estructura i les parts de les proves, i us ajudaran a posar-vos en situaci\u00f3 d\u2019examen.<\/p>\n<p>Al seg\u00fcent enlla\u00e7 hi trobareu una selecci\u00f3 de webs i de llibres espec\u00edfics, que us aniran molt b\u00e9 si voleu acreditar el vostre nivell de franc\u00e8s.[\/vc_column_text][vc_single_image image=&#8221;7391&#8243; img_size=&#8221;full&#8221; alignment=&#8221;center&#8221; onclick=&#8221;custom_link&#8221; img_link_target=&#8221;_blank&#8221; link=&#8221;https:\/\/www.ub.edu\/idiomesb2\/frances\/recursos-daprenentatge\/\/?page_id=2318#sf-&amp;#123;%221%22:%22Frances%22,%224%22:%22Preparacio%20per%20a%20examens%20oficials%22,%22search-id%22:%221%22&amp;#125;&#8221;][\/vc_column][\/vc_row]<\/p>\n<\/div>","protected":false},"excerpt":{"rendered":"<p>[vc_row][vc_column][vc_column_text]Hi ha materials que s\u00f3n espec\u00edfics per a la preparaci\u00f3 d\u2019ex\u00e0mens oficials, i que no nom\u00e9s us orientaran pel que fa a les q\u00fcestions de llengua, sin\u00f3 que tamb\u00e9 us explicaran l\u2019estructura i les parts de les proves, i us ajudaran a posar-vos en situaci\u00f3 d\u2019examen. Al seg\u00fcent enlla\u00e7 hi trobareu una selecci\u00f3 de webs <a class=\"more-link\" href=\"https:\/\/www.ub.edu\/idiomesb2\/frances\/lacreditacio-de-lidioma\/com-preparar-se\/\">Continue reading <i class=\"fa fa-chevron-right\"><\/i><\/a><\/p>\n","protected":false},"author":2,"featured_media":0,"parent":2308,"menu_order":0,"comment_status":"closed","ping_status":"closed","template":"page-frances.php","meta":{"footnotes":""},"class_list":["post-2316","page","type-page","status-publish","hentry"],"_links":{"self":[{"href":"https:\/\/www.ub.edu\/idiomesb2\/wp-json\/wp\/v2\/pages\/2316","targetHints":{"allow":["GET"]}}],"collection":[{"href":"https:\/\/www.ub.edu\/idiomesb2\/wp-json\/wp\/v2\/pages"}],"about":[{"href":"https:\/\/www.ub.edu\/idiomesb2\/wp-json\/wp\/v2\/types\/page"}],"author":[{"embeddable":true,"href":"https:\/\/www.ub.edu\/idiomesb2\/wp-json\/wp\/v2\/users\/2"}],"replies":[{"embeddable":true,"href":"https:\/\/www.ub.edu\/idiomesb2\/wp-json\/wp\/v2\/comments?post=2316"}],"version-history":[{"count":14,"href":"https:\/\/www.ub.edu\/idiomesb2\/wp-json\/wp\/v2\/pages\/2316\/revisions"}],"predecessor-version":[{"id":9421,"href":"https:\/\/www.ub.edu\/idiomesb2\/wp-json\/wp\/v2\/pages\/2316\/revisions\/9421"}],"up":[{"embeddable":true,"href":"https:\/\/www.ub.edu\/idiomesb2\/wp-json\/wp\/v2\/pages\/2308"}],"wp:attachment":[{"href":"https:\/\/www.ub.edu\/idiomesb2\/wp-json\/wp\/v2\/media?parent=2316"}],"curies":[{"name":"wp","href":"https:\/\/api.w.org\/{rel}","templated":true}]}}