{"id":277,"date":"2016-06-01T10:07:54","date_gmt":"2016-06-01T10:07:54","guid":{"rendered":"http:\/\/www.ub.edu\/idiomesb2\/?page_id=277"},"modified":"2025-10-01T17:16:30","modified_gmt":"2025-10-01T15:16:30","slug":"quin-nivell-de-llengua-tinc","status":"publish","type":"page","link":"https:\/\/www.ub.edu\/idiomesb2\/alemany\/abans-de-comencar\/quin-nivell-de-llengua-tinc\/","title":{"rendered":"Quin nivell de llengua tinc?"},"content":{"rendered":"<div class=\"wpb-content-wrapper\"><p>[vc_row][vc_column][vc_column_text]Abans de planificar el vostre aprenentatge de l&#8217;alemany, el primer que us caldr\u00e0 \u00e9s saber quin \u00e9s el <strong>vostre nivell<\/strong> actual de l\u2019idioma. D\u2019aquesta manera podreu seleccionar materials adients per treballar. Si els trieu massa f\u00e0cils no avan\u00e7areu gaire, i si s\u00f3n dif\u00edcils us costar\u00e0 molt i us podr\u00edeu desanimar.[\/vc_column_text][\/vc_column][\/vc_row][vc_row][vc_column][vc_tta_accordion style=&#8221;flat&#8221; color=&#8221;orange&#8221; active_section=&#8221;0&#8243; collapsible_all=&#8221;true&#8221;][vc_tta_section title=&#8221;No sabeu quin \u00e9s el vostre nivell? Feu un test autocorrectiu&#8221; tab_id=&#8221;1464775515836-46acad23-0273&#8243;][vc_column_text]<img loading=\"lazy\" decoding=\"async\" class=\"size-full wp-image-730 alignright\" src=\"https:\/\/www.ub.edu\/idiomesb2\/wp-content\/uploads\/2016\/06\/posit-test-autocorrectiu-prova2.png\" alt=\"posit-test-autocorrectiu-prova2\" width=\"330\" height=\"325\" srcset=\"https:\/\/www.ub.edu\/idiomesb2\/wp-content\/uploads\/2016\/06\/posit-test-autocorrectiu-prova2.png 330w, https:\/\/www.ub.edu\/idiomesb2\/wp-content\/uploads\/2016\/06\/posit-test-autocorrectiu-prova2-300x295.png 300w, https:\/\/www.ub.edu\/idiomesb2\/wp-content\/uploads\/2016\/06\/posit-test-autocorrectiu-prova2-60x60.png 60w\" sizes=\"auto, (max-width: 330px) 100vw, 330px\" \/>A Internet hi ha <strong>tests gratu\u00efts i autocorrectius<\/strong> que us indicaran de manera orientativa quin \u00e9s el vostre grau de coneixement d\u2019alemany, en cas que l\u2019hagueu estudiat anteriorment. Tots s\u00f3n diferents, i normalment com m\u00e9s extens \u00e9s un test m\u00e9s fiable acostuma a ser el resultat. Tingueu present que fer aquests tests no suposa aconseguir cap tipus d&#8217;acreditaci\u00f3. Us serviran nom\u00e9s per orientar-vos.<\/p>\n<p>Si ja sabeu quin nivell teniu perqu\u00e8 recentment heu fet algun curs o examen d&#8217;alemany, no us caldr\u00e0 fer cap test. I si no heu estudiat mai la llengua i sou totalment principiants, tampoc.<\/p>\n<p>Els tests que us proposem estan adaptats al Marc europeu com\u00fa de refer\u00e8ncia (MECR) i, per tant, us proporcionaran els nivells\u00a0<strong>A1<\/strong>, <strong>A2<\/strong>, <strong>B1<\/strong>, <strong>B2<\/strong>, <strong>C1 <\/strong>i <strong>C2<\/strong>. Els trobareu fent clic a l&#8217;enlla\u00e7 seg\u00fcent:[\/vc_column_text][vc_single_image image=&#8221;7185&#8243; img_size=&#8221;full&#8221; alignment=&#8221;center&#8221; onclick=&#8221;custom_link&#8221; img_link_target=&#8221;_blank&#8221; css_animation=&#8221;none&#8221; link=&#8221;https:\/\/www.ub.edu\/idiomesb2\/alemany\/recursos-daprenentatge\/#sf-&amp;#123;%221%22:%22Alemany%22,%224%22:%22Tests%20de%20nivell%22,%225%22:%22Tests%20de%20nivell%20generals%22,%22search-id%22:%221%22&amp;#125;&#8221;][\/vc_tta_section][vc_tta_section title=&#8221;Si podeu, definiu el vostre nivell de cada habilitat ling\u00fc\u00edstica&#8221; tab_id=&#8221;1464775515962-02ead76c-c0ac&#8221;][vc_column_text]<img loading=\"lazy\" decoding=\"async\" class=\"size-full wp-image-816 alignleft\" src=\"https:\/\/www.ub.edu\/idiomesb2\/wp-content\/uploads\/2016\/06\/posit-test-nivell.png\" alt=\"posit-test-nivell\" width=\"330\" height=\"325\" srcset=\"https:\/\/www.ub.edu\/idiomesb2\/wp-content\/uploads\/2016\/06\/posit-test-nivell.png 330w, https:\/\/www.ub.edu\/idiomesb2\/wp-content\/uploads\/2016\/06\/posit-test-nivell-300x295.png 300w, https:\/\/www.ub.edu\/idiomesb2\/wp-content\/uploads\/2016\/06\/posit-test-nivell-60x60.png 60w\" sizes=\"auto, (max-width: 330px) 100vw, 330px\" \/>Per enfocar millor el vostre estudi, seria molt interessant saber quins coneixements teniu de cada una de les diferents habilitats per separat, \u00e9s a dir, de <strong>comprensi\u00f3 oral<\/strong> (escoltar), <strong>comprensi\u00f3 escrita<\/strong> (llegir), <strong>expressi\u00f3 oral<\/strong> (parlar) i <strong>expressi\u00f3 escrita<\/strong> (escriure), i tamb\u00e9 de <strong>gram\u00e0tica<\/strong> i <strong>vocabulari<\/strong>. Amb molta freq\u00fc\u00e8ncia no tenim el mateix domini de totes aquestes \u00e0rees.<\/p>\n<p>La major part dels tests indiquen un sol nivell conjunt, per\u00f2 n\u2019hi ha alguns que especifiquen els nivells de diferents habilitats independentment. Els trobareu a continuaci\u00f3:[\/vc_column_text][vc_single_image image=&#8221;7221&#8243; img_size=&#8221;full&#8221; alignment=&#8221;right&#8221; onclick=&#8221;custom_link&#8221; img_link_target=&#8221;_blank&#8221; link=&#8221;https:\/\/www.ub.edu\/idiomesb2\/alemany\/recursos-daprenentatge\/#sf-&amp;#123;%221%22:%22Alemany%22,%224%22:%22Tests%20de%20nivell%22,%225%22:%22Tests%20de%20nivell%20per%20habilitats%22,%22search-id%22:%221%22&amp;#125;&#8221;][\/vc_tta_section][\/vc_tta_accordion][\/vc_column][\/vc_row][vc_row][vc_column][\/vc_column][\/vc_row]<\/p>\n<\/div>","protected":false},"excerpt":{"rendered":"<p>[vc_row][vc_column][vc_column_text]Abans de planificar el vostre aprenentatge de l&#8217;alemany, el primer que us caldr\u00e0 \u00e9s saber quin \u00e9s el vostre nivell actual de l\u2019idioma. D\u2019aquesta manera podreu seleccionar materials adients per treballar. Si els trieu massa f\u00e0cils no avan\u00e7areu gaire, i si s\u00f3n dif\u00edcils us costar\u00e0 molt i us podr\u00edeu desanimar.[\/vc_column_text][\/vc_column][\/vc_row][vc_row][vc_column][vc_tta_accordion style=&#8221;flat&#8221; color=&#8221;orange&#8221; active_section=&#8221;0&#8243; collapsible_all=&#8221;true&#8221;][vc_tta_section title=&#8221;No <a class=\"more-link\" href=\"https:\/\/www.ub.edu\/idiomesb2\/alemany\/abans-de-comencar\/quin-nivell-de-llengua-tinc\/\">Continue reading <i class=\"fa fa-chevron-right\"><\/i><\/a><\/p>\n","protected":false},"author":2,"featured_media":0,"parent":49,"menu_order":0,"comment_status":"closed","ping_status":"closed","template":"page-alemany.php","meta":{"footnotes":""},"class_list":["post-277","page","type-page","status-publish","hentry"],"_links":{"self":[{"href":"https:\/\/www.ub.edu\/idiomesb2\/wp-json\/wp\/v2\/pages\/277","targetHints":{"allow":["GET"]}}],"collection":[{"href":"https:\/\/www.ub.edu\/idiomesb2\/wp-json\/wp\/v2\/pages"}],"about":[{"href":"https:\/\/www.ub.edu\/idiomesb2\/wp-json\/wp\/v2\/types\/page"}],"author":[{"embeddable":true,"href":"https:\/\/www.ub.edu\/idiomesb2\/wp-json\/wp\/v2\/users\/2"}],"replies":[{"embeddable":true,"href":"https:\/\/www.ub.edu\/idiomesb2\/wp-json\/wp\/v2\/comments?post=277"}],"version-history":[{"count":62,"href":"https:\/\/www.ub.edu\/idiomesb2\/wp-json\/wp\/v2\/pages\/277\/revisions"}],"predecessor-version":[{"id":9323,"href":"https:\/\/www.ub.edu\/idiomesb2\/wp-json\/wp\/v2\/pages\/277\/revisions\/9323"}],"up":[{"embeddable":true,"href":"https:\/\/www.ub.edu\/idiomesb2\/wp-json\/wp\/v2\/pages\/49"}],"wp:attachment":[{"href":"https:\/\/www.ub.edu\/idiomesb2\/wp-json\/wp\/v2\/media?parent=277"}],"curies":[{"name":"wp","href":"https:\/\/api.w.org\/{rel}","templated":true}]}}