{"id":279,"date":"2016-06-01T10:09:59","date_gmt":"2016-06-01T10:09:59","guid":{"rendered":"http:\/\/www.ub.edu\/idiomesb2\/?page_id=279"},"modified":"2025-10-02T14:35:57","modified_gmt":"2025-10-02T12:35:57","slug":"que-he-d-aprendre","status":"publish","type":"page","link":"https:\/\/www.ub.edu\/idiomesb2\/alemany\/abans-de-comencar\/que-he-d-aprendre\/","title":{"rendered":"Qu\u00e8 he d\u2019aprendre?"},"content":{"rendered":"<div class=\"wpb-content-wrapper\"><p>[vc_row][vc_column width=&#8221;1\/3&#8243;][vc_column_text]<img loading=\"lazy\" decoding=\"async\" class=\"alignnone wp-image-2896\" src=\"https:\/\/www.ub.edu\/idiomesb2\/wp-content\/uploads\/2016\/06\/Que_aprendre4.jpg\" alt=\"que_aprendre4\" width=\"350\" height=\"263\" srcset=\"https:\/\/www.ub.edu\/idiomesb2\/wp-content\/uploads\/2016\/06\/Que_aprendre4.jpg 960w, https:\/\/www.ub.edu\/idiomesb2\/wp-content\/uploads\/2016\/06\/Que_aprendre4-300x225.jpg 300w\" sizes=\"auto, (max-width: 350px) 100vw, 350px\" \/>[\/vc_column_text][\/vc_column][vc_column width=&#8221;2\/3&#8243;][vc_column_text]<\/p>\n<h2>Qu\u00e8 s\u2019ha de de treballar quan s\u2019estudia una llengua?<\/h2>\n<p>Aprendre una llengua requereix desenvolupar quatre habilitats ling\u00fc\u00edstiques: parlar, escriure, escoltar i llegir. A m\u00e9s, cal treballar dos \u00e0mbits que intervindran en el domini d\u2019aquestes quatre habilitats: la gram\u00e0tica i el vocabulari.<\/p>\n<p>\u00c9s important que recordeu aquests sis conceptes, perqu\u00e8 us els trobareu sovint en aquest web:<\/p>\n<p><img loading=\"lazy\" decoding=\"async\" class=\"size-full wp-image-1076 aligncenter\" src=\"https:\/\/www.ub.edu\/idiomesb2\/wp-content\/uploads\/2016\/06\/Habilitats5.jpg\" alt=\"Habilitats5\" width=\"427\" height=\"195\" srcset=\"https:\/\/www.ub.edu\/idiomesb2\/wp-content\/uploads\/2016\/06\/Habilitats5.jpg 427w, https:\/\/www.ub.edu\/idiomesb2\/wp-content\/uploads\/2016\/06\/Habilitats5-300x137.jpg 300w\" sizes=\"auto, (max-width: 427px) 100vw, 427px\" \/>[\/vc_column_text][\/vc_column][\/vc_row][vc_row][vc_column][vc_column_text]<img loading=\"lazy\" decoding=\"async\" class=\"alignright wp-image-820 size-full\" src=\"https:\/\/www.ub.edu\/idiomesb2\/wp-content\/uploads\/2016\/06\/posit-que-he-daprendre.png\" alt=\"aprendre\" width=\"330\" height=\"325\" srcset=\"https:\/\/www.ub.edu\/idiomesb2\/wp-content\/uploads\/2016\/06\/posit-que-he-daprendre.png 330w, https:\/\/www.ub.edu\/idiomesb2\/wp-content\/uploads\/2016\/06\/posit-que-he-daprendre-300x295.png 300w, https:\/\/www.ub.edu\/idiomesb2\/wp-content\/uploads\/2016\/06\/posit-que-he-daprendre-60x60.png 60w\" sizes=\"auto, (max-width: 330px) 100vw, 330px\" \/>Aquestes \u00e0rees estan <strong>interrelacionades<\/strong>, i quan en treballem una tamb\u00e9 n\u2019estem treballant d\u2019altres alhora. Sovint les desenvolupem de manera desigual. \u00c9s bastant freq\u00fcent ser m\u00e9s competents en comprensi\u00f3 (llegir, escoltar) que en producci\u00f3 (parlar i escriure). Aix\u00f2 dependr\u00e0 del tipus d\u2019aprenent que som, per\u00f2 tamb\u00e9 dels recursos que utilitzem. Per aix\u00f2 \u00e9s important triar-los b\u00e9.[\/vc_column_text][vc_column_text]<\/p>\n<h2>Continguts ling\u00fc\u00edstics, tem\u00e0tics i gramaticals dels diferents nivells de llengua<\/h2>\n<p>Cada nivell en l\u2019ensenyament d\u2019una llengua (des de l\u2019A1 fins al C2) t\u00e9 uns continguts tem\u00e0tics i gramaticals espec\u00edfics, que estan concebuts perqu\u00e8 l\u2019estudiant evolucioni progressivament.<\/p>\n<p>Si voleu aprendre pel vostre compte, us anir\u00e0 b\u00e9 saber quins <strong>conceptes gramaticals<\/strong> hi ha en el nivell d\u2019alemany que voleu treballar. Potser les formes verbals del <em>Pr\u00e4sens<\/em>, l\u2019<em>Imperativ<\/em>, el <em>Partizip I<\/em> o el <em>Passiv<\/em>? I quines declinacions? El <em>Genitiv<\/em> o el <em>Dativ<\/em>? I quins connectors&#8230; <em>damit<\/em>, <em>obwohl<\/em>, <em>deshalb<\/em>, <em>trotzdem<\/em>?<\/p>\n<p>Per altra banda, quin \u00e9s el <strong>vocabulari dels temes <\/strong>que cal con\u00e8ixer? Parlar de la fam\u00edlia? Demanar i indicar adreces? Mantenir converses telef\u00f2niques?<\/p>\n<p>A les seg\u00fcents fonts hi podreu consultar aquesta informaci\u00f3 per orientar-vos:[\/vc_column_text][vc_row_inner][vc_column_inner][vc_single_image image=&#8221;7223&#8243; img_size=&#8221;full&#8221; alignment=&#8221;center&#8221; onclick=&#8221;custom_link&#8221; img_link_target=&#8221;_blank&#8221; link=&#8221;https:\/\/www.ub.edu\/idiomesb2\/alemany\/recursos-daprenentatge\/#sf-&amp;#123;%221%22:%22Alemany%22,%224%22:%22Tests%20de%20nivell%22,%225%22:%22Informacio%20sobre%20els%20continguts%20de%20cada%20nivell%22,%22search-id%22:%221%22&amp;#125;&#8221;][\/vc_column_inner][\/vc_row_inner][\/vc_column][\/vc_row][vc_row][vc_column][\/vc_column][\/vc_row][vc_row][vc_column][vc_separator][\/vc_column][\/vc_row][vc_row][vc_column][vc_video link=&#8221;https:\/\/www.youtube.com\/watch?v=tVl-osk9HLs&#8221; el_width=&#8221;50&#8243; align=&#8221;center&#8221;][\/vc_column][\/vc_row]<\/p>\n<\/div>","protected":false},"excerpt":{"rendered":"<p>[vc_row][vc_column width=&#8221;1\/3&#8243;][vc_column_text][\/vc_column_text][\/vc_column][vc_column width=&#8221;2\/3&#8243;][vc_column_text] Qu\u00e8 s\u2019ha de de treballar quan s\u2019estudia una llengua? Aprendre una llengua requereix desenvolupar quatre habilitats ling\u00fc\u00edstiques: parlar, escriure, escoltar i llegir. A m\u00e9s, cal treballar dos \u00e0mbits que intervindran en el domini d\u2019aquestes quatre habilitats: la gram\u00e0tica i el vocabulari. \u00c9s important que recordeu aquests sis conceptes, perqu\u00e8 us els trobareu <a class=\"more-link\" href=\"https:\/\/www.ub.edu\/idiomesb2\/alemany\/abans-de-comencar\/que-he-d-aprendre\/\">Continue reading <i class=\"fa fa-chevron-right\"><\/i><\/a><\/p>\n","protected":false},"author":2,"featured_media":0,"parent":49,"menu_order":0,"comment_status":"closed","ping_status":"closed","template":"page-alemany.php","meta":{"footnotes":""},"class_list":["post-279","page","type-page","status-publish","hentry"],"_links":{"self":[{"href":"https:\/\/www.ub.edu\/idiomesb2\/wp-json\/wp\/v2\/pages\/279","targetHints":{"allow":["GET"]}}],"collection":[{"href":"https:\/\/www.ub.edu\/idiomesb2\/wp-json\/wp\/v2\/pages"}],"about":[{"href":"https:\/\/www.ub.edu\/idiomesb2\/wp-json\/wp\/v2\/types\/page"}],"author":[{"embeddable":true,"href":"https:\/\/www.ub.edu\/idiomesb2\/wp-json\/wp\/v2\/users\/2"}],"replies":[{"embeddable":true,"href":"https:\/\/www.ub.edu\/idiomesb2\/wp-json\/wp\/v2\/comments?post=279"}],"version-history":[{"count":62,"href":"https:\/\/www.ub.edu\/idiomesb2\/wp-json\/wp\/v2\/pages\/279\/revisions"}],"predecessor-version":[{"id":9330,"href":"https:\/\/www.ub.edu\/idiomesb2\/wp-json\/wp\/v2\/pages\/279\/revisions\/9330"}],"up":[{"embeddable":true,"href":"https:\/\/www.ub.edu\/idiomesb2\/wp-json\/wp\/v2\/pages\/49"}],"wp:attachment":[{"href":"https:\/\/www.ub.edu\/idiomesb2\/wp-json\/wp\/v2\/media?parent=279"}],"curies":[{"name":"wp","href":"https:\/\/api.w.org\/{rel}","templated":true}]}}