{"id":281,"date":"2016-06-01T10:11:16","date_gmt":"2016-06-01T10:11:16","guid":{"rendered":"http:\/\/www.ub.edu\/idiomesb2\/?page_id=281"},"modified":"2023-04-29T15:48:20","modified_gmt":"2023-04-29T13:48:20","slug":"establir-els-objectius","status":"publish","type":"page","link":"https:\/\/www.ub.edu\/idiomesb2\/alemany\/abans-de-comencar\/establir-els-objectius\/","title":{"rendered":"Establir els objectius"},"content":{"rendered":"<div class=\"wpb-content-wrapper\"><p>[vc_row][vc_column][vc_column_text]Plantejar-vos els motius pels quals teniu inter\u00e8s en un idioma us pot ajudar a enfocar millor el vostre estudi. Us proposem que hi reflexioneu, seguint les pautes seg\u00fcents:<\/p>\n<p><strong> <img loading=\"lazy\" decoding=\"async\" class=\"alignright wp-image-2822\" src=\"https:\/\/www.ub.edu\/idiomesb2\/wp-content\/uploads\/2016\/06\/5863748689_b83811d0d2_b-2.jpg\" alt=\"Establir els objectius\" width=\"480\" height=\"241\" srcset=\"https:\/\/www.ub.edu\/idiomesb2\/wp-content\/uploads\/2016\/06\/5863748689_b83811d0d2_b-2.jpg 1024w, https:\/\/www.ub.edu\/idiomesb2\/wp-content\/uploads\/2016\/06\/5863748689_b83811d0d2_b-2-300x151.jpg 300w\" sizes=\"auto, (max-width: 480px) 100vw, 480px\" \/>1. Penseu quin \u00e9s el motiu pel qual voleu aprendre alemany.<\/strong><\/p>\n<ul>\n<li>Tenir m\u00e9s oportunitats professionals<\/li>\n<li>Comunicar-vos amb gent d\u2019altres pa\u00efsos<\/li>\n<li>Inter\u00e8s personal<\/li>\n<li>Presentar-vos a un examen<\/li>\n<li>Acreditar el nivell<\/li>\n<li>Sol\u00b7licitar una beca de mobilitat per estudiar a l\u2019estranger<\/li>\n<li>Fer recerca<\/li>\n<li>Altres<\/li>\n<\/ul>\n<p><strong>2. Feu una llista de les situacions espec\u00edfiques on haureu d\u2019utilitzar l\u2019idioma.<\/strong><br \/>\nPer exemple: prendre apunts, llegir llibres o premsa, assistir a classe, escoltar confer\u00e8ncies, redactar textos acad\u00e8mics, mantenir correspond\u00e8ncia empresarial o participar en reunions.<\/p>\n<p><strong>3. <\/strong><strong>Penseu quins \u00e0mbits necessitareu treballar per a cada situaci\u00f3:<\/strong><\/p>\n<ul>\n<li>Gram\u00e0tica<\/li>\n<li>Vocabulari<\/li>\n<li>Comprensi\u00f3 oral (escoltar)<\/li>\n<li>Comprensi\u00f3 escrita (llegir)<\/li>\n<li>Expressi\u00f3 oral (parlar)<\/li>\n<li>Expressi\u00f3 escrita (escriure)<\/li>\n<\/ul>\n<p><strong>4. Quins temes de vocabulari us faran falta?<\/strong><br \/>\nL\u00e8xic del m\u00f3n empresarial, llenguatge acad\u00e8mic o de doc\u00e8ncia universit\u00e0ria, terminologia espec\u00edfica, vocabulari per viatjar, etc.<\/p>\n<p><strong>5. Feu una llista de necessitats, i prioritzeu-les.<\/strong><br \/>\nUs servir\u00e0 de base per elaborar-vos un pla d\u2019estudi, i per intentar treballar les situacions que us trobareu i les habilitats d\u2019acord amb les vostres necessitats i el nivell de coneixements.<\/p>\n<p><strong>6. Poseu-vos objectius realistes<\/strong><br \/>\nAneu avan\u00e7ant a base d&#8217;objectius petits, per\u00f2 tamb\u00e9 amb const\u00e0ncia. No vulgueu anar massa de pressa![\/vc_column_text][vc_column_text]<\/p>\n<h2>Com gestionar els objectius i els terminis en l\u2019aprenentatge<\/h2>\n<p>Quan ens proposem estudiar un idioma de manera aut\u00f2noma, \u00e9s important que les nostres metes siguin realistes i adequades, per\u00f2 tamb\u00e9 hem d\u2019avan\u00e7ar amb decisi\u00f3, motivaci\u00f3 i sentit pr\u00e0ctic, i supervisar el nostre progr\u00e9s i ritme de treball. Per aconseguir-ho, ens pot anar b\u00e9 ser conscients de quins terminis pot tenir l\u2019aprenentatge d\u2019una llengua:<\/p>\n<p><strong><img loading=\"lazy\" decoding=\"async\" class=\"alignleft wp-image-626\" src=\"https:\/\/www.ub.edu\/idiomesb2\/wp-content\/uploads\/2016\/06\/Kalender.jpg\" alt=\"Kalender\" width=\"390\" height=\"259\" srcset=\"https:\/\/www.ub.edu\/idiomesb2\/wp-content\/uploads\/2016\/06\/Kalender.jpg 4288w, https:\/\/www.ub.edu\/idiomesb2\/wp-content\/uploads\/2016\/06\/Kalender-300x199.jpg 300w, https:\/\/www.ub.edu\/idiomesb2\/wp-content\/uploads\/2016\/06\/Kalender-1024x680.jpg 1024w\" sizes=\"auto, (max-width: 390px) 100vw, 390px\" \/>Objectius a curt termini: <\/strong>s\u00f3n els que ens establim en el nostre dia a dia. Per exemple, entendre un concepte gramatical concret, llegir un llibre, o treballar un vocabulari espec\u00edfic. S\u00f3n objectius tangibles que ens ajuden a organitzar-nos i a progressar, i ens proporcionen satisfacci\u00f3 a mesura que els assolim.<\/p>\n<p><strong>Objectius a mitj\u00e0 termini: <\/strong>establir-se metes a mitj\u00e0 termini \u00e9s una excel\u00b7lent manera de motivar-se i perseverar. Per exemple, ens podem plantejar presentar-nos a un examen oficial en una data determinada, o sol\u00b7licitar una beca de mobilitat per anar a l\u2019estranger.<\/p>\n<p><strong>Objectius a llarg termini: <\/strong>s\u00f3n la ra\u00f3 per la qual estudiem l&#8217;idioma, per exemple per comunicar-nos amb gent d\u2019altres pa\u00efsos, viatjar, desenvolupar-nos professionalment en alemany, assolir un determinat nivell, etc. Sempre els hem de tenir presents perqu\u00e8 s\u00f3n el nostre principal incentiu.<\/p>\n<p><strong>El termini final? <\/strong>De fet, no existeix! Encara que arribeu a un punt on ja podeu utilitzar l\u2019idioma professionalment i personalment, sempre us caldr\u00e0 mantenir-lo i millorar-lo.[\/vc_column_text][\/vc_column][\/vc_row][vc_row][vc_column][vc_video link=&#8221;https:\/\/www.youtube.com\/watch?v=8JhP_AB3yfs&#8221; el_width=&#8221;50&#8243; align=&#8221;center&#8221;][\/vc_column][\/vc_row]<\/p>\n<\/div>","protected":false},"excerpt":{"rendered":"<p>[vc_row][vc_column][vc_column_text]Plantejar-vos els motius pels quals teniu inter\u00e8s en un idioma us pot ajudar a enfocar millor el vostre estudi. Us proposem que hi reflexioneu, seguint les pautes seg\u00fcents: 1. Penseu quin \u00e9s el motiu pel qual voleu aprendre alemany. Tenir m\u00e9s oportunitats professionals Comunicar-vos amb gent d\u2019altres pa\u00efsos Inter\u00e8s personal Presentar-vos a un examen Acreditar <a class=\"more-link\" href=\"https:\/\/www.ub.edu\/idiomesb2\/alemany\/abans-de-comencar\/establir-els-objectius\/\">Continue reading <i class=\"fa fa-chevron-right\"><\/i><\/a><\/p>\n","protected":false},"author":2,"featured_media":0,"parent":49,"menu_order":0,"comment_status":"closed","ping_status":"closed","template":"page-alemany.php","meta":{"footnotes":""},"class_list":["post-281","page","type-page","status-publish","hentry"],"_links":{"self":[{"href":"https:\/\/www.ub.edu\/idiomesb2\/wp-json\/wp\/v2\/pages\/281","targetHints":{"allow":["GET"]}}],"collection":[{"href":"https:\/\/www.ub.edu\/idiomesb2\/wp-json\/wp\/v2\/pages"}],"about":[{"href":"https:\/\/www.ub.edu\/idiomesb2\/wp-json\/wp\/v2\/types\/page"}],"author":[{"embeddable":true,"href":"https:\/\/www.ub.edu\/idiomesb2\/wp-json\/wp\/v2\/users\/2"}],"replies":[{"embeddable":true,"href":"https:\/\/www.ub.edu\/idiomesb2\/wp-json\/wp\/v2\/comments?post=281"}],"version-history":[{"count":47,"href":"https:\/\/www.ub.edu\/idiomesb2\/wp-json\/wp\/v2\/pages\/281\/revisions"}],"predecessor-version":[{"id":8852,"href":"https:\/\/www.ub.edu\/idiomesb2\/wp-json\/wp\/v2\/pages\/281\/revisions\/8852"}],"up":[{"embeddable":true,"href":"https:\/\/www.ub.edu\/idiomesb2\/wp-json\/wp\/v2\/pages\/49"}],"wp:attachment":[{"href":"https:\/\/www.ub.edu\/idiomesb2\/wp-json\/wp\/v2\/media?parent=281"}],"curies":[{"name":"wp","href":"https:\/\/api.w.org\/{rel}","templated":true}]}}