{"id":546,"date":"2016-07-07T08:56:54","date_gmt":"2016-07-07T08:56:54","guid":{"rendered":"http:\/\/www.ub.edu\/idiomesb2\/?page_id=546"},"modified":"2023-03-20T12:25:51","modified_gmt":"2023-03-20T11:25:51","slug":"contacte","status":"publish","type":"page","link":"https:\/\/www.ub.edu\/idiomesb2\/contacte\/","title":{"rendered":"Contacte"},"content":{"rendered":"<div class=\"wpb-content-wrapper\"><p>[vc_row][vc_column][vc_column_text el_class=&#8221;vc_col-sm-12 vc_col-md-6 vc_col-sm-6&#8243;]<div class=\"wpforms-container wpforms-container-full\" id=\"wpforms-7006\"><form id=\"wpforms-form-7006\" class=\"wpforms-validate wpforms-form wpforms-ajax-form\" data-formid=\"7006\" method=\"post\" enctype=\"multipart\/form-data\" action=\"\/wp-json\/wp\/v2\/pages\/546\" data-token=\"6f8da2c65f928c8870c3d0956990c43f\" data-token-time=\"1777858112\"><noscript class=\"wpforms-error-noscript\">Activeu el JavaScript al navegador per a poder completar el formulari.<\/noscript><div class=\"wpforms-field-container\"><div id=\"wpforms-7006-field_0-container\" class=\"wpforms-field wpforms-field-name\" data-field-id=\"0\"><label class=\"wpforms-field-label\" for=\"wpforms-7006-field_0\">Nom i Cognom <span class=\"wpforms-required-label\">*<\/span><\/label><input type=\"text\" id=\"wpforms-7006-field_0\" class=\"wpforms-field-medium wpforms-field-required\" name=\"wpforms[fields][0]\" required><\/div><div id=\"wpforms-7006-field_5-container\" class=\"wpforms-field wpforms-field-text\" data-field-id=\"5\"><label class=\"wpforms-field-label\" for=\"wpforms-7006-field_5\">Idioma que estudies <span class=\"wpforms-required-label\">*<\/span><\/label><input type=\"text\" id=\"wpforms-7006-field_5\" class=\"wpforms-field-medium wpforms-field-required\" name=\"wpforms[fields][5]\" required><\/div><div id=\"wpforms-7006-field_6-container\" class=\"wpforms-field wpforms-field-text\" data-field-id=\"6\"><label class=\"wpforms-field-label\" for=\"wpforms-7006-field_6\">Universitat <span class=\"wpforms-required-label\">*<\/span><\/label><input type=\"text\" id=\"wpforms-7006-field_6\" class=\"wpforms-field-medium wpforms-field-required\" name=\"wpforms[fields][6]\" required><\/div><div id=\"wpforms-7006-field_7-container\" class=\"wpforms-field wpforms-field-text\" data-field-id=\"7\"><label class=\"wpforms-field-label\" for=\"wpforms-7006-field_7\">Estudis <span class=\"wpforms-required-label\">*<\/span><\/label><input type=\"text\" id=\"wpforms-7006-field_7\" class=\"wpforms-field-medium wpforms-field-required\" name=\"wpforms[fields][7]\" required><\/div><div id=\"wpforms-7006-field_1-container\" class=\"wpforms-field wpforms-field-email\" data-field-id=\"1\"><label class=\"wpforms-field-label\" for=\"wpforms-7006-field_1\">Email <span class=\"wpforms-required-label\">*<\/span><\/label><input type=\"email\" id=\"wpforms-7006-field_1\" class=\"wpforms-field-medium wpforms-field-required\" name=\"wpforms[fields][1]\" spellcheck=\"false\" required><\/div><div id=\"wpforms-7006-field_2-container\" class=\"wpforms-field wpforms-field-textarea\" data-field-id=\"2\"><label class=\"wpforms-field-label\" for=\"wpforms-7006-field_2\">Missatge <span class=\"wpforms-required-label\">*<\/span><\/label><textarea id=\"wpforms-7006-field_2\" class=\"wpforms-field-medium wpforms-field-required\" name=\"wpforms[fields][2]\" required><\/textarea><\/div><div id=\"wpforms-7006-field_3-container\" class=\"wpforms-field wpforms-field-checkbox\" data-field-id=\"3\"><label class=\"wpforms-field-label\">Pol\u00edtica del servei <span class=\"wpforms-required-label\">*<\/span><\/label><ul id=\"wpforms-7006-field_3\" class=\"wpforms-field-required\"><li class=\"choice-1 depth-1\"><input type=\"checkbox\" id=\"wpforms-7006-field_3_1\" name=\"wpforms[fields][3][]\" value=\"&lt;b&gt;He llegit les informacions referides al tractament de les meves dades de car\u00e0cter personal.&lt;\/b&gt;\" required ><label class=\"wpforms-field-label-inline\" for=\"wpforms-7006-field_3_1\"><b>He llegit les informacions referides al tractament de les meves dades de car\u00e0cter personal.<\/b><\/label><\/li><\/ul><div class=\"wpforms-field-description wpforms-disclaimer-description\">Les dades de car\u00e0cter personal facilitades seran incorporades al fitxer \u201cB\u00fastia de consultes sobre Idiomes B2\u201d, titularitat de la Universitat de Barcelona, les finalitats principals del qual s\u00f3n respondre a les consultes formulades per aquelles persones interessades en obtenir informaci\u00f3 d\u2019activitats formatives i acad\u00e8miques. L\u2019\u00f2rgan responsable del fitxer \u00e9s la Secretaria General. En qualsevol cas, podeu exercir els drets d\u2019acc\u00e9s, rectificaci\u00f3, cancel\u00b7laci\u00f3 i oposici\u00f3 mitjan\u00e7ant una comunicaci\u00f3 escrita, adjuntant fotoc\u00f2pia del DNI o altre document identificatiu, dirigida a la Secretaria General de la Universitat de Barcelona, Gran Via de les Corts Catalanes 585, 08007 Barcelona, o mitjan\u00e7ant correu electr\u00f2nic a la seg\u00fcent adre\u00e7a: <a href=\"mailto:secretaria.general@ub.edu\">secretaria.general@ub.edu<\/a>.<\/div><\/div><\/div><!-- .wpforms-field-container --><div class=\"wpforms-submit-container\" ><input type=\"hidden\" name=\"wpforms[id]\" value=\"7006\"><input type=\"hidden\" name=\"page_title\" value=\"\"><input type=\"hidden\" name=\"page_url\" value=\"https:\/\/www.ub.edu\/wp-json\/wp\/v2\/pages\/546\"><input type=\"hidden\" name=\"url_referer\" value=\"\"><button type=\"submit\" name=\"wpforms[submit]\" id=\"wpforms-submit-7006\" class=\"wpforms-submit\" data-alt-text=\"Enviant...\" data-submit-text=\"Enviar\" aria-live=\"assertive\" value=\"wpforms-submit\">Enviar<\/button><img loading=\"lazy\" decoding=\"async\" src=\"https:\/\/www.ub.edu\/idiomesb2\/wp-content\/plugins\/wpforms-lite\/assets\/images\/submit-spin.svg\" class=\"wpforms-submit-spinner\" style=\"display: none;\" width=\"26\" height=\"26\" alt=\"S&#039;est\u00e0 carregant\"><\/div><\/form><\/div>  <!-- .wpforms-container -->[\/vc_column_text][\/vc_column][\/vc_row]<\/p>\n<\/div>","protected":false},"excerpt":{"rendered":"<p>[vc_row][vc_column][vc_column_text el_class=&#8221;vc_col-sm-12 vc_col-md-6 vc_col-sm-6&#8243;][\/vc_column_text][\/vc_column][\/vc_row]<\/p>\n","protected":false},"author":2,"featured_media":0,"parent":0,"menu_order":0,"comment_status":"closed","ping_status":"closed","template":"page-fullwidth.php","meta":{"footnotes":""},"class_list":["post-546","page","type-page","status-publish","hentry"],"_links":{"self":[{"href":"https:\/\/www.ub.edu\/idiomesb2\/wp-json\/wp\/v2\/pages\/546","targetHints":{"allow":["GET"]}}],"collection":[{"href":"https:\/\/www.ub.edu\/idiomesb2\/wp-json\/wp\/v2\/pages"}],"about":[{"href":"https:\/\/www.ub.edu\/idiomesb2\/wp-json\/wp\/v2\/types\/page"}],"author":[{"embeddable":true,"href":"https:\/\/www.ub.edu\/idiomesb2\/wp-json\/wp\/v2\/users\/2"}],"replies":[{"embeddable":true,"href":"https:\/\/www.ub.edu\/idiomesb2\/wp-json\/wp\/v2\/comments?post=546"}],"version-history":[{"count":7,"href":"https:\/\/www.ub.edu\/idiomesb2\/wp-json\/wp\/v2\/pages\/546\/revisions"}],"predecessor-version":[{"id":7007,"href":"https:\/\/www.ub.edu\/idiomesb2\/wp-json\/wp\/v2\/pages\/546\/revisions\/7007"}],"wp:attachment":[{"href":"https:\/\/www.ub.edu\/idiomesb2\/wp-json\/wp\/v2\/media?parent=546"}],"curies":[{"name":"wp","href":"https:\/\/api.w.org\/{rel}","templated":true}]}}