{"id":584,"date":"2016-07-07T09:46:54","date_gmt":"2016-07-07T09:46:54","guid":{"rendered":"http:\/\/www.ub.edu\/idiomesb2\/?page_id=584"},"modified":"2025-10-09T14:10:48","modified_gmt":"2025-10-09T12:10:48","slug":"la-comprensio-escrita","status":"publish","type":"page","link":"https:\/\/www.ub.edu\/idiomesb2\/alemany\/com-millorar\/la-comprensio-escrita\/","title":{"rendered":"La comprensi\u00f3 escrita"},"content":{"rendered":"<div class=\"wpb-content-wrapper\"><p>[vc_row][vc_column][vc_column_text]<img loading=\"lazy\" decoding=\"async\" class=\"alignleft wp-image-605\" src=\"https:\/\/www.ub.edu\/idiomesb2\/wp-content\/uploads\/2016\/07\/Lectures.jpg\" alt=\"La comprensi\u00f3 escrita\" width=\"500\" height=\"287\" srcset=\"https:\/\/www.ub.edu\/idiomesb2\/wp-content\/uploads\/2016\/07\/Lectures.jpg 640w, https:\/\/www.ub.edu\/idiomesb2\/wp-content\/uploads\/2016\/07\/Lectures-300x172.jpg 300w\" sizes=\"auto, (max-width: 500px) 100vw, 500px\" \/>La comprensi\u00f3 escrita \u00e9s la capacitat de<strong> llegir i entendre <\/strong>textos de qualsevol tipus. Us deixem alguns consells que us ajudaran a desenvolupar-la millor:<\/p>\n<ul>\n<li>Llegir us ajudar\u00e0 a adquirir vocabulari i a interioritzar les estructures de l\u2019idioma de manera inconscient. Per tant&#8230; llegiu tant com pugueu!<\/li>\n<li>Trieu lectures que siguin <strong>adequades per al vostre nivell<\/strong> i les vostres necessitats. Per exemple, si us fa falta desenvolupar el vocabulari del m\u00f3n empresarial, llegiu sobre aquesta tem\u00e0tica.<\/li>\n<li>Per aprendre el llenguatge que es fa servir avui, \u00e9s millor si opteu per textos i novel\u00b7les d\u2019autors actuals i, si pot ser, ambientades tamb\u00e9 en l\u2019\u00e8poca actual.<\/li>\n<li>Quan llegiu, no cal que busqueu al diccionari totes les paraules que no conegueu. Busqueu les m\u00e9s importants per entendre el text o les que us cridin l\u2019atenci\u00f3. Endevinar el significat d\u2019alguns mots pel seu <strong>context<\/strong> tamb\u00e9 \u00e9s important per adquirir flu\u00efdesa lectora.<\/li>\n<li>No us amo\u00efneu si no enteneu tot el que llegiu, ja que forma part del proc\u00e9s d\u2019aprenentatge.<\/li>\n<\/ul>\n<p>[\/vc_column_text][\/vc_column][\/vc_row][vc_row][vc_column width=&#8221;1\/3&#8243;][vc_single_image image=&#8221;7252&#8243; img_size=&#8221;full&#8221; alignment=&#8221;center&#8221; onclick=&#8221;custom_link&#8221; img_link_target=&#8221;_blank&#8221; link=&#8221;https:\/\/www.ub.edu\/idiomesb2\/alemany\/recursos-daprenentatge\/#sf-&amp;#123;%221%22:%22Alemany%22,%224%22:%22Aprenentatge%22,%227%22:%22Comprensio%20escrita%22,%22search-id%22:%221%22&amp;#125;&#8221;][\/vc_column][vc_column width=&#8221;1\/3&#8243;][vc_single_image image=&#8221;7253&#8243; img_size=&#8221;full&#8221; alignment=&#8221;center&#8221; onclick=&#8221;custom_link&#8221; img_link_target=&#8221;_blank&#8221; link=&#8221;https:\/\/www.ub.edu\/idiomesb2\/alemany\/recursos-daprenentatge\/#sf-&amp;#123;%221%22:%22Alemany%22,%224%22:%22Aprenentatge%22,%227%22:%22Lectures%20per%20nivells%20amb%20audio%22,%22search-id%22:%221%22&amp;#125;&#8221;][\/vc_column][vc_column width=&#8221;1\/3&#8243;][vc_single_image image=&#8221;7254&#8243; img_size=&#8221;full&#8221; alignment=&#8221;center&#8221; onclick=&#8221;custom_link&#8221; img_link_target=&#8221;_blank&#8221; link=&#8221;https:\/\/www.ub.edu\/idiomesb2\/alemany\/recursos-daprenentatge\/#sf-&amp;#123;%221%22:%22Alemany%22,%224%22:%22Cultura%20i%20mitjans%20de%20comunicacio%22,%2211%22:%22Premsa%22,%22search-id%22:%221%22&amp;#125;&#8221;][\/vc_column][\/vc_row][vc_row][vc_column][vc_separator][\/vc_column][\/vc_row][vc_row][vc_column][vc_video link=&#8221;https:\/\/www.youtube.com\/watch?v=Zij13qupSvw&#8221; el_width=&#8221;50&#8243; align=&#8221;center&#8221;][\/vc_column][\/vc_row]<\/p>\n<\/div>","protected":false},"excerpt":{"rendered":"<p>[vc_row][vc_column][vc_column_text]La comprensi\u00f3 escrita \u00e9s la capacitat de llegir i entendre textos de qualsevol tipus. Us deixem alguns consells que us ajudaran a desenvolupar-la millor: Llegir us ajudar\u00e0 a adquirir vocabulari i a interioritzar les estructures de l\u2019idioma de manera inconscient. Per tant&#8230; llegiu tant com pugueu! Trieu lectures que siguin adequades per al vostre nivell <a class=\"more-link\" href=\"https:\/\/www.ub.edu\/idiomesb2\/alemany\/com-millorar\/la-comprensio-escrita\/\">Continue reading <i class=\"fa fa-chevron-right\"><\/i><\/a><\/p>\n","protected":false},"author":2,"featured_media":0,"parent":205,"menu_order":0,"comment_status":"closed","ping_status":"closed","template":"page-alemany.php","meta":{"footnotes":""},"class_list":["post-584","page","type-page","status-publish","hentry"],"_links":{"self":[{"href":"https:\/\/www.ub.edu\/idiomesb2\/wp-json\/wp\/v2\/pages\/584","targetHints":{"allow":["GET"]}}],"collection":[{"href":"https:\/\/www.ub.edu\/idiomesb2\/wp-json\/wp\/v2\/pages"}],"about":[{"href":"https:\/\/www.ub.edu\/idiomesb2\/wp-json\/wp\/v2\/types\/page"}],"author":[{"embeddable":true,"href":"https:\/\/www.ub.edu\/idiomesb2\/wp-json\/wp\/v2\/users\/2"}],"replies":[{"embeddable":true,"href":"https:\/\/www.ub.edu\/idiomesb2\/wp-json\/wp\/v2\/comments?post=584"}],"version-history":[{"count":22,"href":"https:\/\/www.ub.edu\/idiomesb2\/wp-json\/wp\/v2\/pages\/584\/revisions"}],"predecessor-version":[{"id":9384,"href":"https:\/\/www.ub.edu\/idiomesb2\/wp-json\/wp\/v2\/pages\/584\/revisions\/9384"}],"up":[{"embeddable":true,"href":"https:\/\/www.ub.edu\/idiomesb2\/wp-json\/wp\/v2\/pages\/205"}],"wp:attachment":[{"href":"https:\/\/www.ub.edu\/idiomesb2\/wp-json\/wp\/v2\/media?parent=584"}],"curies":[{"name":"wp","href":"https:\/\/api.w.org\/{rel}","templated":true}]}}