{"id":7450,"date":"2022-11-23T17:25:50","date_gmt":"2022-11-23T16:25:50","guid":{"rendered":"https:\/\/www.ub.edu\/idiomesb2\/?page_id=7450"},"modified":"2025-09-05T11:25:02","modified_gmt":"2025-09-05T09:25:02","slug":"portada","status":"publish","type":"page","link":"https:\/\/www.ub.edu\/idiomesb2\/","title":{"rendered":"Portada"},"content":{"rendered":"<div class=\"wpb-content-wrapper\"><p>[vc_row el_class=&#8221;submenuu&#8221;][vc_column width=&#8221;1\/6&#8243; offset=&#8221;vc_col-lg-2 vc_col-md-2 vc_col-xs-6&#8243; el_class=&#8221;submenu1&#8243;][vc_raw_html el_id=&#8221;submenu1&#8243;]JTNDY2VudGVyJTNFJTNDaW1nJTIwc3JjJTNEJTIyaHR0cHMlM0ElMkYlMkZ3d3cudWIuZWR1JTJGaWRpb21lc2IyJTJGd3AtY29udGVudCUyRnVwbG9hZHMlMkYyMDIyJTJGMTElMkZpY29fMWd1aWEucG5nJTIyJTIwYWx0JTNEJUUyJTgwJTlDVW5hJTIwZ3VpYSUyMHBlciUyMGElMjBhdXRvZGlkYWN0ZXMlRTIlODAlOUQlM0UlMEElM0NwJTNFVW5hJTIwZ3VpYSUyMCUzQ2JyJTNFJTIwcGVyJTIwYSUyMGF1dG9kaWRhY3RlcyUzQyUyRnAlM0UlM0MlMkZjZW50ZXIlM0U=[\/vc_raw_html][\/vc_column][vc_column width=&#8221;1\/6&#8243; offset=&#8221;vc_col-lg-2 vc_col-md-2 vc_col-xs-6&#8243; el_class=&#8221;submenu2&#8243;][vc_raw_html]JTNDY2VudGVyJTNFJTNDaW1nJTIwc3JjJTNEJTIyaHR0cHMlM0ElMkYlMkZ3d3cudWIuZWR1JTJGaWRpb21lc2IyJTJGd3AtY29udGVudCUyRnVwbG9hZHMlMkYyMDIyJTJGMTElMkZpY29fMmNvbnNlbGxzLnBuZyUyMiUyMGFsdCUyMCUzRCUyMCVFMiU4MCU5Q0NvbnNlbGxzJTIwcGVyJTIwYXByZW5kcmUlMjBpJTIwY29tcGFydGlyJUUyJTgwJTlEJTNFJTBBJTNDcCUzRUNvbnNlbGxzJTIwcGVyJTIwYXByZW5kcmUlMjBpJTIwY29tcGFydGlyJTNDJTJGcCUzRSUzQyUyRmNlbnRlciUzRQ==[\/vc_raw_html][\/vc_column][vc_column width=&#8221;1\/6&#8243; offset=&#8221;vc_col-lg-2 vc_col-md-2 vc_col-xs-6&#8243; el_class=&#8221;submenu3&#8243;][vc_raw_html]JTNDY2VudGVyJTNFJTNDaW1nJTIwc3JjJTNEJTIyaHR0cHMlM0ElMkYlMkZ3d3cudWIuZWR1JTJGaWRpb21lc2IyJTJGd3AtY29udGVudCUyRnVwbG9hZHMlMkYyMDIyJTJGMTElMkZpY29fM3dlYnMucG5nJTIyJTIwYWx0JTIwJTNEJTIwJUUyJTgwJTlDRWxzJTIwbWlsbG9ycyUyMHdlYnMlMjBpJTIwYXBwcyUyMGQlMjdhcHJlbmVudGF0Z2UlRTIlODAlOUQlM0UlMEElM0NwJTNFRWxzJTIwbWlsbG9ycyUyMHdlYnMlMjAlM0NiciUzRSUyMGklMjBhcHBzJTIwZCUyN2FwcmVuZW50YXRnZSUzQyUyRnAlM0UlM0MlMkZjZW50ZXIlM0U=[\/vc_raw_html][\/vc_column][vc_column width=&#8221;1\/6&#8243; offset=&#8221;vc_col-lg-2 vc_col-md-2 vc_col-xs-6&#8243; el_class=&#8221;submenu4&#8243;][vc_raw_html]JTNDY2VudGVyJTNFJTNDaW1nJTIwc3JjJTNEJTIyaHR0cHMlM0ElMkYlMkZ3d3cudWIuZWR1JTJGaWRpb21lc2IyJTJGd3AtY29udGVudCUyRnVwbG9hZHMlMkYyMDIyJTJGMTElMkZpY29fNGJpYmxpby5wbmclMjIlMjBhbHQlMjAlM0QlMjAlRTIlODAlOUNCaWJsaW9ncmFmaWElMjByZWNvbWFuYWRhJUUyJTgwJTlEJTNFJTBBJTNDcCUzRUJpYmxpb2dyYWZpYSUyMHJlY29tYW5hZGElM0MlMkZwJTNFJTNDJTJGY2VudGVyJTNF[\/vc_raw_html][\/vc_column][vc_column width=&#8221;1\/6&#8243; offset=&#8221;vc_col-lg-2 vc_col-md-2 vc_col-xs-6&#8243; el_class=&#8221;submenu5&#8243;][vc_raw_html]JTNDY2VudGVyJTNFJTNDaW1nJTIwc3JjJTNEJTIyaHR0cHMlM0ElMkYlMkZ3d3cudWIuZWR1JTJGaWRpb21lc2IyJTJGd3AtY29udGVudCUyRnVwbG9hZHMlMkYyMDIyJTJGMTElMkZpY29fNW5pdmVsbC5wbmclMjIlMjBhbHQlMjAlM0QlMjAlRTIlODAlOUNBY3JlZGl0YWNpJUMzJUIzJTIwZGUlMjBuaXZlbGwlRTIlODAlOUQlM0UlMEElM0NwJTNFQWNyZWRpdGFjaSVDMyVCMyUyMCUzQ2JyJTNFJTIwZGUlMjBuaXZlbGwlM0MlMkZwJTNFJTNDJTJGY2VudGVyJTNF[\/vc_raw_html][\/vc_column][vc_column width=&#8221;1\/6&#8243; offset=&#8221;vc_col-lg-2 vc_col-md-2 vc_col-xs-6&#8243; el_class=&#8221;submenu6&#8243;][vc_raw_html]JTNDY2VudGVyJTNFJTNDaW1nJTIwc3JjJTNEJTIyaHR0cHMlM0ElMkYlMkZ3d3cudWIuZWR1JTJGaWRpb21lc2IyJTJGd3AtY29udGVudCUyRnVwbG9hZHMlMkYyMDIyJTJGMTElMkZwaXNxdWlzR3Jpcy5wbmclMjIlMjBhbHQlM0QlMjJJZGlvbWVzQjIlMjIlM0UlM0MlMkZhJTNFJTNDJTJGY2VudGVyJTNF[\/vc_raw_html][\/vc_column][\/vc_row][vc_row el_class=&#8221;idiomes&#8221;][vc_column width=&#8221;1\/3&#8243; offset=&#8221;vc_col-lg-2 vc_col-md-offset-0 vc_col-md-4 vc_col-xs-6&#8243;][vc_raw_html]JTNDYSUyMGhyZWYlM0QlMjJodHRwcyUzQSUyRiUyRnd3dy51Yi5lZHUlMkZpZGlvbWVzYjIlMkZhbGVtYW55JTIyJTNFJTNDcCUyMGNsYXNzJTNEJTIydGl0QWxlbWFueSUyMiUzRUFsZW1hbnklM0MlMkZwJTNFJTNDJTJGYSUzRSUwQSUzQ2ElMjBocmVmJTNEJTIyaHR0cHMlM0ElMkYlMkZ3d3cudWIuZWR1JTJGaWRpb21lc2IyJTJGYWxlbWFueSUyMiUzRSUzQ2ltZyUyMHNyYyUzRCUyMmh0dHBzJTNBJTJGJTJGd3d3LnViLmVkdSUyRmlkaW9tZXNiMiUyRndwLWNvbnRlbnQlMkZ1cGxvYWRzJTJGMjAyMiUyRjExJTJGdGV4dDAxYWxlbWFueUIucG5nJTIyJTIwYWx0JTNEJTIyQWxlbWFueSUyMiUzRSUzQyUyRmElM0U=[\/vc_raw_html][\/vc_column][vc_column width=&#8221;1\/3&#8243; offset=&#8221;vc_col-lg-2 vc_col-md-4 vc_col-xs-6&#8243;][vc_raw_html]JTNDYSUyMGhyZWYlM0QlMjJodHRwcyUzQSUyRiUyRnd3dy51Yi5lZHUlMkZpZGlvbWVzYjIlMkZhbmdsZXMlMjIlM0UlM0NwJTIwY2xhc3MlM0QlMjJ0aXRBbmdsZXMlMjIlM0VBbmdsJUMzJUE4cyUzQyUyRnAlM0UlM0MlMkZhJTNFJTBBJTNDYSUyMGhyZWYlM0QlMjJodHRwcyUzQSUyRiUyRnd3dy51Yi5lZHUlMkZpZGlvbWVzYjIlMkZhbmdsZXMlMjIlM0UlM0NpbWclMjBzcmMlM0QlMjJodHRwcyUzQSUyRiUyRnd3dy51Yi5lZHUlMkZpZGlvbWVzYjIlMkZ3cC1jb250ZW50JTJGdXBsb2FkcyUyRjIwMjIlMkYxMSUyRnRleHQwMmFuZ2xlc0IucG5nJTIyJTIwYWx0JTNEJTIyQW5nbCVDMyVBOHMlMjIlM0UlM0MlMkZhJTNF[\/vc_raw_html][\/vc_column][vc_column width=&#8221;1\/3&#8243; offset=&#8221;vc_col-lg-2 vc_col-md-4 vc_col-xs-6&#8243;][vc_raw_html]JTNDYSUyMGhyZWYlM0QlMjJodHRwcyUzQSUyRiUyRnd3dy51Yi5lZHUlMkZpZGlvbWVzYjIlMkZhbHRyZXMtbGxlbmd1ZXMlMkZyZWN1cnNvcy1kYXByZW5lbnRhdGdlLWFyYWIlMkYlMjNzZi0lN0IlMjUyMjElMjUyMiUzQSUyNTIyQXJhYiUyNTIyJTJDJTI1MjJzZWFyY2gtaWQlMjUyMiUzQSUyNTIyMSUyNTIyJTdEJTIyJTNFJTNDcCUyMGNsYXNzJTNEJTIydGl0QXJhYiUyMiUzRSVDMyU4MHJhYiUzQyUyRnAlM0UlM0MlMkZhJTNFJTBBJTNDYSUyMGhyZWYlM0QlMjJodHRwcyUzQSUyRiUyRnd3dy51Yi5lZHUlMkZpZGlvbWVzYjIlMkZhbHRyZXMtbGxlbmd1ZXMlMkZyZWN1cnNvcy1kYXByZW5lbnRhdGdlLWFyYWIlMkYlMjNzZi0lN0IlMjUyMjElMjUyMiUzQSUyNTIyQXJhYiUyNTIyJTJDJTI1MjJzZWFyY2gtaWQlMjUyMiUzQSUyNTIyMSUyNTIyJTdEJTIyJTNFJTNDaW1nJTIwc3JjJTNEJTIyaHR0cHMlM0ElMkYlMkZ3d3cudWIuZWR1JTJGaWRpb21lc2IyJTJGd3AtY29udGVudCUyRnVwbG9hZHMlMkYyMDIyJTJGMTElMkZ0ZXh0MDNhcmFiLnBuZyUyMiUyMGFsdCUzRCUyMiVDMyU4MHJhYiUyMiUzRSUzQyUyRmElM0U=[\/vc_raw_html][\/vc_column][vc_column width=&#8221;1\/3&#8243; offset=&#8221;vc_col-lg-2 vc_col-md-4 vc_col-xs-6&#8243;][vc_raw_html]JTNDYSUyMGhyZWYlM0QlMjJodHRwcyUzQSUyRiUyRnd3dy51Yi5lZHUlMkZpZGlvbWVzYjIlMkZhbHRyZXMtbGxlbmd1ZXMlMkZiYXNjJTJGJTIzc2YtJTdCJTI1MjIxJTI1MjIlM0ElMjUyMkJhc2MlMjUyMiUyQyUyNTIyc2VhcmNoLWlkJTI1MjIlM0ElMjUyMjElMjUyMiU3RCUyMiUzRSUzQ3AlMjBjbGFzcyUzRCUyMnRpdEJhc2MlMjIlM0VCYXNjJTNDJTJGcCUzRSUzQyUyRmElM0UlMEElM0NhJTIwaHJlZiUzRCUyMmh0dHBzJTNBJTJGJTJGd3d3LnViLmVkdSUyRmlkaW9tZXNiMiUyRmFsdHJlcy1sbGVuZ3VlcyUyRmJhc2MlMkYlMjNzZi0lN0IlMjUyMjElMjUyMiUzQSUyNTIyQmFzYyUyNTIyJTJDJTI1MjJzZWFyY2gtaWQlMjUyMiUzQSUyNTIyMSUyNTIyJTdEJTIyJTNFJTNDaW1nJTIwc3JjJTNEJTIyaHR0cHMlM0ElMkYlMkZ3d3cudWIuZWR1JTJGaWRpb21lc2IyJTJGd3AtY29udGVudCUyRnVwbG9hZHMlMkYyMDIzJTJGMTIlMkZ0ZXh0MTRiYXNjLnBuZyUyMiUyMGFsdCUzRCUyMkJhc2MlMjIlM0UlM0MlMkZhJTNF[\/vc_raw_html][\/vc_column][vc_column width=&#8221;1\/3&#8243; offset=&#8221;vc_col-lg-2 vc_col-md-4 vc_col-xs-6&#8243;][vc_raw_html]JTNDYSUyMGhyZWYlM0QlMjJodHRwcyUzQSUyRiUyRnd3dy51Yi5lZHUlMkZpZGlvbWVzYjIlMkZhbHRyZXMtbGxlbmd1ZXMlMkZjb3JlYSUyRiUyM3NmLSU3QiUyNTIyMSUyNTIyJTNBJTI1MjJDb3JlYSUyNTIyJTJDJTI1MjJzZWFyY2gtaWQlMjUyMiUzQSUyNTIyMSUyNTIyJTdEJTIyJTNFJTNDcCUyMGNsYXNzJTNEJTIydGl0Q29yZWElMjIlM0VDb3JlJUMzJUEwJTNDJTJGcCUzRSUzQyUyRmElM0UlMEElM0NhJTIwaHJlZiUzRCUyMmh0dHBzJTNBJTJGJTJGd3d3LnViLmVkdSUyRmlkaW9tZXNiMiUyRmFsdHJlcy1sbGVuZ3VlcyUyRmNvcmVhJTJGJTIzc2YtJTdCJTI1MjIxJTI1MjIlM0ElMjUyMkNvcmVhJTI1MjIlMkMlMjUyMnNlYXJjaC1pZCUyNTIyJTNBJTI1MjIxJTI1MjIlN0QlMjIlM0UlM0NpbWclMjBzcmMlM0QlMjJodHRwcyUzQSUyRiUyRnd3dy51Yi5lZHUlMkZpZGlvbWVzYjIlMkZ3cC1jb250ZW50JTJGdXBsb2FkcyUyRjIwMjIlMkYxMSUyRnRleHQwNGNvcmVhLnBuZyUyMiUyMGFsdCUzRCUyMkNvcmUlQzMlQTAlMjIlM0UlM0MlMkZhJTNF[\/vc_raw_html][\/vc_column][vc_column width=&#8221;1\/3&#8243; offset=&#8221;vc_col-lg-2 vc_col-md-4 vc_col-xs-6&#8243;][vc_raw_html]JTNDYSUyMGhyZWYlM0QlMjJodHRwcyUzQSUyRiUyRnd3dy51Yi5lZHUlMkZpZGlvbWVzYjIlMkZmcmFuY2VzJTIyJTNFJTNDcCUyMGNsYXNzJTNEJTIydGl0RnJhbmNlcyUyMiUzRUZyYW5jJUMzJUE4cyUzQyUyRnAlM0UlM0MlMkZhJTNFJTBBJTNDYSUyMGhyZWYlM0QlMjJodHRwcyUzQSUyRiUyRnd3dy51Yi5lZHUlMkZpZGlvbWVzYjIlMkZmcmFuY2VzJTIyJTNFJTNDaW1nJTIwc3JjJTNEJTIyaHR0cHMlM0ElMkYlMkZ3d3cudWIuZWR1JTJGaWRpb21lc2IyJTJGd3AtY29udGVudCUyRnVwbG9hZHMlMkYyMDIyJTJGMTElMkZ0ZXh0MDVmcmFuY2VzQi5wbmclMjIlMjBhbHQlM0QlMjJGcmFuYyVDMyVBOHMlMjIlM0UlM0MlMkZhJTNF[\/vc_raw_html][\/vc_column][\/vc_row][vc_row el_class=&#8221;idiomes&#8221;][vc_column width=&#8221;1\/3&#8243; offset=&#8221;vc_col-lg-2 vc_col-md-4 vc_col-xs-6&#8243;][vc_raw_html]JTNDYSUyMGhyZWYlM0QlMjJodHRwcyUzQSUyRiUyRnd3dy51Yi5lZHUlMkZpZGlvbWVzYjIlMkZhbHRyZXMtbGxlbmd1ZXMlMkZnYWxsZWMlMkYlMjNzZi0lN0IlMjUyMjElMjUyMiUzQSUyNTIyR2FsbGVjJTI1MjIlMkMlMjUyMnNlYXJjaC1pZCUyNTIyJTNBJTI1MjIxJTI1MjIlN0QlMjIlM0UlM0NwJTIwY2xhc3MlM0QlMjJ0aXRHYWxsZWMlMjIlM0VHYWxsZWMlM0MlMkZwJTNFJTNDJTJGYSUzRSUwQSUzQ2ElMjBocmVmJTNEJTIyaHR0cHMlM0ElMkYlMkZ3d3cudWIuZWR1JTJGaWRpb21lc2IyJTJGYWx0cmVzLWxsZW5ndWVzJTJGZ2FsbGVjJTJGJTIzc2YtJTdCJTI1MjIxJTI1MjIlM0ElMjUyMkdhbGxlYyUyNTIyJTJDJTI1MjJzZWFyY2gtaWQlMjUyMiUzQSUyNTIyMSUyNTIyJTdEJTIyJTNFJTNDaW1nJTIwc3JjJTNEJTIyaHR0cHMlM0ElMkYlMkZ3d3cudWIuZWR1JTJGaWRpb21lc2IyJTJGd3AtY29udGVudCUyRnVwbG9hZHMlMkYyMDIzJTJGMTIlMkZ0ZXh0MTVnYWxsZWMucG5nJTIyJTIwYWx0JTNEJTIyR2FsbGVjJTIyJTNFJTNDJTJGYSUzRQ==[\/vc_raw_html][\/vc_column][vc_column width=&#8221;1\/3&#8243; offset=&#8221;vc_col-lg-2 vc_col-md-4 vc_col-xs-6&#8243;][vc_raw_html]JTNDYSUyMGhyZWYlM0QlMjJodHRwcyUzQSUyRiUyRnd3dy51Yi5lZHUlMkZpZGlvbWVzYjIlMkZhbHRyZXMtbGxlbmd1ZXMlMkZncmVjJTJGJTIzc2YtJTdCJTI1MjIxJTI1MjIlM0ElMjUyMkdyZWMlMjUyMiUyQyUyNTIyc2VhcmNoLWlkJTI1MjIlM0ElMjUyMjElMjUyMiU3RCUyMiUzRSUzQ3AlMjBjbGFzcyUzRCUyMnRpdEdyZWMlMjIlM0VHcmVjJTNDJTJGcCUzRSUzQyUyRmElM0UlMEElM0NhJTIwaHJlZiUzRCUyMmh0dHBzJTNBJTJGJTJGd3d3LnViLmVkdSUyRmlkaW9tZXNiMiUyRmFsdHJlcy1sbGVuZ3VlcyUyRmdyZWMlMkYlMjNzZi0lN0IlMjUyMjElMjUyMiUzQSUyNTIyR3JlYyUyNTIyJTJDJTI1MjJzZWFyY2gtaWQlMjUyMiUzQSUyNTIyMSUyNTIyJTdEJTIyJTNFJTNDaW1nJTIwc3JjJTNEJTIyaHR0cHMlM0ElMkYlMkZ3d3cudWIuZWR1JTJGaWRpb21lc2IyJTJGd3AtY29udGVudCUyRnVwbG9hZHMlMkYyMDIyJTJGMTElMkZ0ZXh0MDZncmVjLnBuZyUyMiUyMGFsdCUzRCUyMkdyZWMlMjIlM0UlM0MlMkZhJTNF[\/vc_raw_html][\/vc_column][vc_column width=&#8221;1\/3&#8243; offset=&#8221;vc_col-lg-2 vc_col-md-4 vc_col-xs-6&#8243;][vc_raw_html]JTNDYSUyMGhyZWYlM0QlMjJodHRwcyUzQSUyRiUyRnd3dy51Yi5lZHUlMkZpZGlvbWVzYjIlMkZpdGFsaWElMjIlM0UlM0NwJTIwY2xhc3MlM0QlMjJ0aXRJdGFsaWElMjIlM0VJdGFsaSVDMyVBMCUzQyUyRnAlM0UlM0MlMkZhJTNFJTBBJTNDYSUyMGhyZWYlM0QlMjJodHRwcyUzQSUyRiUyRnd3dy51Yi5lZHUlMkZpZGlvbWVzYjIlMkZpdGFsaWElMjIlM0UlM0NpbWclMjBzcmMlM0QlMjJodHRwcyUzQSUyRiUyRnd3dy51Yi5lZHUlMkZpZGlvbWVzYjIlMkZ3cC1jb250ZW50JTJGdXBsb2FkcyUyRjIwMjIlMkYxMSUyRnRleHQwN2l0YWxpYUIucG5nJTIyJTIwYWx0JTNEJTIySXRhbGklQzMlQTAlMjIlM0UlM0MlMkZhJTNF[\/vc_raw_html][\/vc_column][vc_column width=&#8221;1\/3&#8243; offset=&#8221;vc_col-lg-2 vc_col-md-4 vc_col-xs-6&#8243;][vc_raw_html]JTNDYSUyMGhyZWYlM0QlMjJodHRwcyUzQSUyRiUyRnd3dy51Yi5lZHUlMkZpZGlvbWVzYjIlMkZhbHRyZXMtbGxlbmd1ZXMlMkZqYXBvbmVzJTJGJTIzc2YtJTdCJTI1MjIxJTI1MjIlM0ElMjUyMkphcG9uZXMlMjUyMiUyQyUyNTIyc2VhcmNoLWlkJTI1MjIlM0ElMjUyMjElMjUyMiU3RCUyMiUzRSUzQ3AlMjBjbGFzcyUzRCUyMnRpdEphcG9uZXMlMjIlM0VKYXBvbiVDMyVBOHMlM0MlMkZwJTNFJTNDJTJGYSUzRSUwQSUzQ2ElMjBocmVmJTNEJTIyaHR0cHMlM0ElMkYlMkZ3d3cudWIuZWR1JTJGaWRpb21lc2IyJTJGYWx0cmVzLWxsZW5ndWVzJTJGamFwb25lcyUyRiUyM3NmLSU3QiUyNTIyMSUyNTIyJTNBJTI1MjJKYXBvbmVzJTI1MjIlMkMlMjUyMnNlYXJjaC1pZCUyNTIyJTNBJTI1MjIxJTI1MjIlN0QlMjIlM0UlM0NpbWclMjBzcmMlM0QlMjJodHRwcyUzQSUyRiUyRnd3dy51Yi5lZHUlMkZpZGlvbWVzYjIlMkZ3cC1jb250ZW50JTJGdXBsb2FkcyUyRjIwMjIlMkYxMSUyRnRleHQwOGphcG9uZXMucG5nJTIyJTIwYWx0JTNEJTIySmFwb24lQzMlQThzJTIyJTNFJTNDJTJGYSUzRQ==[\/vc_raw_html][\/vc_column][vc_column width=&#8221;1\/3&#8243; offset=&#8221;vc_col-lg-2 vc_col-md-4 vc_col-xs-6&#8243;][vc_raw_html]JTNDYSUyMGhyZWYlM0QlMjJodHRwcyUzQSUyRiUyRnd3dy51Yi5lZHUlMkZpZGlvbWVzYjIlMkZhbHRyZXMtbGxlbmd1ZXMlMkZuZWVybGFuZGVzJTJGJTIzc2YtJTdCJTI1MjIxJTI1MjIlM0ElMjUyMk5lZXJsYW5kZXMlMjUyMiUyQyUyNTIyc2VhcmNoLWlkJTI1MjIlM0ElMjUyMjElMjUyMiU3RCUyMiUzRSUzQ3AlMjBjbGFzcyUzRCUyMnRpdE5lZXJsYW5kZXMlMjIlM0VOZWVybGFuZCVDMyVBOHMlM0MlMkZwJTNFJTNDJTJGYSUzRSUwQSUzQ2ElMjBocmVmJTNEJTIyaHR0cHMlM0ElMkYlMkZ3d3cudWIuZWR1JTJGaWRpb21lc2IyJTJGYWx0cmVzLWxsZW5ndWVzJTJGbmVlcmxhbmRlcyUyRiUyM3NmLSU3QiUyNTIyMSUyNTIyJTNBJTI1MjJOZWVybGFuZGVzJTI1MjIlMkMlMjUyMnNlYXJjaC1pZCUyNTIyJTNBJTI1MjIxJTI1MjIlN0QlMjIlM0UlM0NpbWclMjBzcmMlM0QlMjJodHRwcyUzQSUyRiUyRnd3dy51Yi5lZHUlMkZpZGlvbWVzYjIlMkZ3cC1jb250ZW50JTJGdXBsb2FkcyUyRjIwMjIlMkYxMSUyRnRleHQwOW5lZXJsYW5kZXMucG5nJTIyJTIwYWx0JTNEJTIyTmVlcmxhbmQlQzMlQThzJTIyJTNFJTNDJTJGYSUzRQ==[\/vc_raw_html][\/vc_column][vc_column width=&#8221;1\/3&#8243; offset=&#8221;vc_col-lg-2 vc_col-md-4 vc_col-xs-6&#8243;][vc_raw_html]JTNDYSUyMGhyZWYlM0QlMjJodHRwcyUzQSUyRiUyRnd3dy51Yi5lZHUlMkZpZGlvbWVzYjIlMkZhbHRyZXMtbGxlbmd1ZXMlMkZwb3J0dWd1ZXMlMkYlMjNzZi0lN0IlMjUyMjElMjUyMiUzQSUyNTIyUG9ydHVndWVzJTI1MjIlMkMlMjUyMnNlYXJjaC1pZCUyNTIyJTNBJTI1MjIxJTI1MjIlN0QlMjIlM0UlM0NwJTIwY2xhc3MlM0QlMjJ0aXRQb3J0dWd1ZXMlMjIlM0VQb3J0dWd1JUMzJUE4cyUzQyUyRnAlM0UlM0MlMkZhJTNFJTBBJTNDYSUyMGhyZWYlM0QlMjJodHRwcyUzQSUyRiUyRnd3dy51Yi5lZHUlMkZpZGlvbWVzYjIlMkZhbHRyZXMtbGxlbmd1ZXMlMkZwb3J0dWd1ZXMlMkYlMjNzZi0lN0IlMjUyMjElMjUyMiUzQSUyNTIyUG9ydHVndWVzJTI1MjIlMkMlMjUyMnNlYXJjaC1pZCUyNTIyJTNBJTI1MjIxJTI1MjIlN0QlMjIlM0UlM0NpbWclMjBzcmMlM0QlMjJodHRwcyUzQSUyRiUyRnd3dy51Yi5lZHUlMkZpZGlvbWVzYjIlMkZ3cC1jb250ZW50JTJGdXBsb2FkcyUyRjIwMjIlMkYxMiUyRnRleHQxMHBvcnR1Z3Vlc0IucG5nJTIyJTIwYWx0JTNEJTIyUG9ydHVndSVDMyVBOHMlMjIlM0UlM0MlMkZhJTNF[\/vc_raw_html][\/vc_column][\/vc_row][vc_row el_class=&#8221;idiomes&#8221;][vc_column width=&#8221;1\/3&#8243; offset=&#8221;vc_col-lg-2 vc_col-md-4 vc_col-xs-6&#8243;][vc_raw_html]JTNDYSUyMGhyZWYlM0QlMjJodHRwcyUzQSUyRiUyRnd3dy51Yi5lZHUlMkZpZGlvbWVzYjIlMkZhbHRyZXMtbGxlbmd1ZXMlMkZydXMlMkYlMjNzZi0lN0IlMjUyMjElMjUyMiUzQSUyNTIyUnVzJTI1MjIlMkMlMjUyMnNlYXJjaC1pZCUyNTIyJTNBJTI1MjIxJTI1MjIlN0QlMjIlM0UlM0NwJTIwY2xhc3MlM0QlMjJ0aXRSdXMlMjIlM0VSdXMlM0MlMkZwJTNFJTNDJTJGYSUzRSUwQSUzQ2ElMjBocmVmJTNEJTIyaHR0cHMlM0ElMkYlMkZ3d3cudWIuZWR1JTJGaWRpb21lc2IyJTJGYWx0cmVzLWxsZW5ndWVzJTJGcnVzJTJGJTIzc2YtJTdCJTI1MjIxJTI1MjIlM0ElMjUyMlJ1cyUyNTIyJTJDJTI1MjJzZWFyY2gtaWQlMjUyMiUzQSUyNTIyMSUyNTIyJTdEJTIyJTNFJTNDaW1nJTIwc3JjJTNEJTIyaHR0cHMlM0ElMkYlMkZ3d3cudWIuZWR1JTJGaWRpb21lc2IyJTJGd3AtY29udGVudCUyRnVwbG9hZHMlMkYyMDIyJTJGMTIlMkZ0ZXh0MTFydXNCLnBuZyUyMiUyMGFsdCUzRCUyMlJ1cyUyMiUzRSUzQyUyRmElM0U=[\/vc_raw_html][\/vc_column][vc_column width=&#8221;1\/3&#8243; offset=&#8221;vc_col-lg-2 vc_col-md-4 vc_col-xs-6&#8243;][vc_raw_html]JTNDYSUyMGhyZWYlM0QlMjJodHRwcyUzQSUyRiUyRnd3dy51Yi5lZHUlMkZpZGlvbWVzYjIlMkZhbHRyZXMtbGxlbmd1ZXMlMkZ0eGVjJTJGJTIzc2YtJTdCJTI1MjIxJTI1MjIlM0ElMjUyMlR4ZWMlMjUyMiUyQyUyNTIyc2VhcmNoLWlkJTI1MjIlM0ElMjUyMjElMjUyMiU3RCUyMiUzRSUzQ3AlMjBjbGFzcyUzRCUyMnRpdFR4ZWMlMjIlM0VUeGVjJTNDJTJGcCUzRSUzQyUyRmElM0UlMEElM0NhJTIwaHJlZiUzRCUyMmh0dHBzJTNBJTJGJTJGd3d3LnViLmVkdSUyRmlkaW9tZXNiMiUyRmFsdHJlcy1sbGVuZ3VlcyUyRnR4ZWMlMkYlMjNzZi0lN0IlMjUyMjElMjUyMiUzQSUyNTIyVHhlYyUyNTIyJTJDJTI1MjJzZWFyY2gtaWQlMjUyMiUzQSUyNTIyMSUyNTIyJTdEJTIyJTNFJTNDaW1nJTIwc3JjJTNEJTIyaHR0cHMlM0ElMkYlMkZ3d3cudWIuZWR1JTJGaWRpb21lc2IyJTJGd3AtY29udGVudCUyRnVwbG9hZHMlMkYyMDI0JTJGMDQlMkZ0ZXh0MTJ0eGVjX29rLnBuZyUyMiUyMGFsdCUzRCUyMlR4ZWMlMjIlM0UlM0MlMkZhJTNF[\/vc_raw_html][\/vc_column][vc_column width=&#8221;1\/3&#8243; offset=&#8221;vc_col-lg-2 vc_col-md-4 vc_col-xs-6&#8243;][vc_raw_html]JTNDYSUyMGhyZWYlM0QlMjJodHRwcyUzQSUyRiUyRnd3dy51Yi5lZHUlMkZpZGlvbWVzYjIlMkZhbHRyZXMtbGxlbmd1ZXMlMkZ4aW5lcyUyRiUyM3NmLSU3QiUyNTIyMSUyNTIyJTNBJTI1MjJYaW5lcyUyNTIyJTJDJTI1MjJzZWFyY2gtaWQlMjUyMiUzQSUyNTIyMSUyNTIyJTdEJTIyJTNFJTNDcCUyMGNsYXNzJTNEJTIydGl0WGluZXMlMjIlM0VYaW4lQzMlQThzJTNDJTJGcCUzRSUzQyUyRmElM0UlMEElM0NhJTIwaHJlZiUzRCUyMmh0dHBzJTNBJTJGJTJGd3d3LnViLmVkdSUyRmlkaW9tZXNiMiUyRmFsdHJlcy1sbGVuZ3VlcyUyRnhpbmVzJTJGJTIzc2YtJTdCJTI1MjIxJTI1MjIlM0ElMjUyMlhpbmVzJTI1MjIlMkMlMjUyMnNlYXJjaC1pZCUyNTIyJTNBJTI1MjIxJTI1MjIlN0QlMjIlM0UlM0NpbWclMjBzcmMlM0QlMjJodHRwcyUzQSUyRiUyRnd3dy51Yi5lZHUlMkZpZGlvbWVzYjIlMkZ3cC1jb250ZW50JTJGdXBsb2FkcyUyRjIwMjIlMkYxMSUyRnRleHQxM3hpbmVzLnBuZyUyMiUyMGFsdCUzRCUyMlhpbiVDMyVBOHMlMjIlM0UlM0MlMkZhJTNF[\/vc_raw_html][\/vc_column][vc_column width=&#8221;2\/3&#8243; offset=&#8221;vc_col-lg-6 vc_col-md-8 vc_col-xs-12&#8243; el_class=&#8221;quadres&#8221;][vc_raw_html]JTNDaW1nJTIwc3JjJTNEJTIyaHR0cHMlM0ElMkYlMkZ3d3cudWIuZWR1JTJGaWRpb21lc2IyJTJGd3AtY29udGVudCUyRnVwbG9hZHMlMkYyMDIyJTJGMTElMkZwaXNxdWlzQ29sb3JzLnBuZyUyMiUyMGFsdCUzRCUyMklkaW9tZXNCMiUyMiUzRSUzQyUyRmElM0U=[\/vc_raw_html][\/vc_column][\/vc_row][vc_row][vc_column][vc_empty_space][\/vc_column][\/vc_row][vc_row][vc_column][vc_column_text css=&#8221;&#8221;]<\/p>\n<p style=\"text-align: center;\">Aquest recurs gratu\u00eft s\u2019adre\u00e7a a persones que vulguin aprendre idiomes de manera aut\u00f2noma, i tamb\u00e9 \u00e9s complementari als cursos de formaci\u00f3 presencial i d\u2019acreditaci\u00f3 ling\u00fc\u00edstica que organitza l\u2019<a href=\"https:\/\/www.eim.ub.edu\/ca\/\"><strong>EIM<\/strong><\/a><\/p>\n<p>[\/vc_column_text][\/vc_column][\/vc_row]<\/p>\n<\/div>","protected":false},"excerpt":{"rendered":"<p>[vc_row el_class=&#8221;submenuu&#8221;][vc_column width=&#8221;1\/6&#8243; offset=&#8221;vc_col-lg-2 vc_col-md-2 vc_col-xs-6&#8243; el_class=&#8221;submenu1&#8243;][vc_raw_html el_id=&#8221;submenu1&#8243;]JTNDY2VudGVyJTNFJTNDaW1nJTIwc3JjJTNEJTIyaHR0cHMlM0ElMkYlMkZ3d3cudWIuZWR1JTJGaWRpb21lc2IyJTJGd3AtY29udGVudCUyRnVwbG9hZHMlMkYyMDIyJTJGMTElMkZpY29fMWd1aWEucG5nJTIyJTIwYWx0JTNEJUUyJTgwJTlDVW5hJTIwZ3VpYSUyMHBlciUyMGElMjBhdXRvZGlkYWN0ZXMlRTIlODAlOUQlM0UlMEElM0NwJTNFVW5hJTIwZ3VpYSUyMCUzQ2JyJTNFJTIwcGVyJTIwYSUyMGF1dG9kaWRhY3RlcyUzQyUyRnAlM0UlM0MlMkZjZW50ZXIlM0U=[\/vc_raw_html][\/vc_column][vc_column width=&#8221;1\/6&#8243; offset=&#8221;vc_col-lg-2 vc_col-md-2 vc_col-xs-6&#8243; el_class=&#8221;submenu2&#8243;][vc_raw_html]JTNDY2VudGVyJTNFJTNDaW1nJTIwc3JjJTNEJTIyaHR0cHMlM0ElMkYlMkZ3d3cudWIuZWR1JTJGaWRpb21lc2IyJTJGd3AtY29udGVudCUyRnVwbG9hZHMlMkYyMDIyJTJGMTElMkZpY29fMmNvbnNlbGxzLnBuZyUyMiUyMGFsdCUyMCUzRCUyMCVFMiU4MCU5Q0NvbnNlbGxzJTIwcGVyJTIwYXByZW5kcmUlMjBpJTIwY29tcGFydGlyJUUyJTgwJTlEJTNFJTBBJTNDcCUzRUNvbnNlbGxzJTIwcGVyJTIwYXByZW5kcmUlMjBpJTIwY29tcGFydGlyJTNDJTJGcCUzRSUzQyUyRmNlbnRlciUzRQ==[\/vc_raw_html][\/vc_column][vc_column width=&#8221;1\/6&#8243; offset=&#8221;vc_col-lg-2 vc_col-md-2 vc_col-xs-6&#8243; el_class=&#8221;submenu3&#8243;][vc_raw_html]JTNDY2VudGVyJTNFJTNDaW1nJTIwc3JjJTNEJTIyaHR0cHMlM0ElMkYlMkZ3d3cudWIuZWR1JTJGaWRpb21lc2IyJTJGd3AtY29udGVudCUyRnVwbG9hZHMlMkYyMDIyJTJGMTElMkZpY29fM3dlYnMucG5nJTIyJTIwYWx0JTIwJTNEJTIwJUUyJTgwJTlDRWxzJTIwbWlsbG9ycyUyMHdlYnMlMjBpJTIwYXBwcyUyMGQlMjdhcHJlbmVudGF0Z2UlRTIlODAlOUQlM0UlMEElM0NwJTNFRWxzJTIwbWlsbG9ycyUyMHdlYnMlMjAlM0NiciUzRSUyMGklMjBhcHBzJTIwZCUyN2FwcmVuZW50YXRnZSUzQyUyRnAlM0UlM0MlMkZjZW50ZXIlM0U=[\/vc_raw_html][\/vc_column][vc_column width=&#8221;1\/6&#8243; offset=&#8221;vc_col-lg-2 vc_col-md-2 vc_col-xs-6&#8243; el_class=&#8221;submenu4&#8243;][vc_raw_html]JTNDY2VudGVyJTNFJTNDaW1nJTIwc3JjJTNEJTIyaHR0cHMlM0ElMkYlMkZ3d3cudWIuZWR1JTJGaWRpb21lc2IyJTJGd3AtY29udGVudCUyRnVwbG9hZHMlMkYyMDIyJTJGMTElMkZpY29fNGJpYmxpby5wbmclMjIlMjBhbHQlMjAlM0QlMjAlRTIlODAlOUNCaWJsaW9ncmFmaWElMjByZWNvbWFuYWRhJUUyJTgwJTlEJTNFJTBBJTNDcCUzRUJpYmxpb2dyYWZpYSUyMHJlY29tYW5hZGElM0MlMkZwJTNFJTNDJTJGY2VudGVyJTNF[\/vc_raw_html][\/vc_column][vc_column width=&#8221;1\/6&#8243; offset=&#8221;vc_col-lg-2 vc_col-md-2 vc_col-xs-6&#8243; el_class=&#8221;submenu5&#8243;][vc_raw_html]JTNDY2VudGVyJTNFJTNDaW1nJTIwc3JjJTNEJTIyaHR0cHMlM0ElMkYlMkZ3d3cudWIuZWR1JTJGaWRpb21lc2IyJTJGd3AtY29udGVudCUyRnVwbG9hZHMlMkYyMDIyJTJGMTElMkZpY29fNW5pdmVsbC5wbmclMjIlMjBhbHQlMjAlM0QlMjAlRTIlODAlOUNBY3JlZGl0YWNpJUMzJUIzJTIwZGUlMjBuaXZlbGwlRTIlODAlOUQlM0UlMEElM0NwJTNFQWNyZWRpdGFjaSVDMyVCMyUyMCUzQ2JyJTNFJTIwZGUlMjBuaXZlbGwlM0MlMkZwJTNFJTNDJTJGY2VudGVyJTNF[\/vc_raw_html][\/vc_column][vc_column width=&#8221;1\/6&#8243; offset=&#8221;vc_col-lg-2 vc_col-md-2 vc_col-xs-6&#8243; el_class=&#8221;submenu6&#8243;][vc_raw_html]JTNDY2VudGVyJTNFJTNDaW1nJTIwc3JjJTNEJTIyaHR0cHMlM0ElMkYlMkZ3d3cudWIuZWR1JTJGaWRpb21lc2IyJTJGd3AtY29udGVudCUyRnVwbG9hZHMlMkYyMDIyJTJGMTElMkZwaXNxdWlzR3Jpcy5wbmclMjIlMjBhbHQlM0QlMjJJZGlvbWVzQjIlMjIlM0UlM0MlMkZhJTNFJTNDJTJGY2VudGVyJTNF[\/vc_raw_html][\/vc_column][\/vc_row][vc_row el_class=&#8221;idiomes&#8221;][vc_column width=&#8221;1\/3&#8243; offset=&#8221;vc_col-lg-2 vc_col-md-offset-0 vc_col-md-4 vc_col-xs-6&#8243;][vc_raw_html]JTNDYSUyMGhyZWYlM0QlMjJodHRwcyUzQSUyRiUyRnd3dy51Yi5lZHUlMkZpZGlvbWVzYjIlMkZhbGVtYW55JTIyJTNFJTNDcCUyMGNsYXNzJTNEJTIydGl0QWxlbWFueSUyMiUzRUFsZW1hbnklM0MlMkZwJTNFJTNDJTJGYSUzRSUwQSUzQ2ElMjBocmVmJTNEJTIyaHR0cHMlM0ElMkYlMkZ3d3cudWIuZWR1JTJGaWRpb21lc2IyJTJGYWxlbWFueSUyMiUzRSUzQ2ltZyUyMHNyYyUzRCUyMmh0dHBzJTNBJTJGJTJGd3d3LnViLmVkdSUyRmlkaW9tZXNiMiUyRndwLWNvbnRlbnQlMkZ1cGxvYWRzJTJGMjAyMiUyRjExJTJGdGV4dDAxYWxlbWFueUIucG5nJTIyJTIwYWx0JTNEJTIyQWxlbWFueSUyMiUzRSUzQyUyRmElM0U=[\/vc_raw_html][\/vc_column][vc_column width=&#8221;1\/3&#8243; offset=&#8221;vc_col-lg-2 vc_col-md-4 vc_col-xs-6&#8243;][vc_raw_html]JTNDYSUyMGhyZWYlM0QlMjJodHRwcyUzQSUyRiUyRnd3dy51Yi5lZHUlMkZpZGlvbWVzYjIlMkZhbmdsZXMlMjIlM0UlM0NwJTIwY2xhc3MlM0QlMjJ0aXRBbmdsZXMlMjIlM0VBbmdsJUMzJUE4cyUzQyUyRnAlM0UlM0MlMkZhJTNFJTBBJTNDYSUyMGhyZWYlM0QlMjJodHRwcyUzQSUyRiUyRnd3dy51Yi5lZHUlMkZpZGlvbWVzYjIlMkZhbmdsZXMlMjIlM0UlM0NpbWclMjBzcmMlM0QlMjJodHRwcyUzQSUyRiUyRnd3dy51Yi5lZHUlMkZpZGlvbWVzYjIlMkZ3cC1jb250ZW50JTJGdXBsb2FkcyUyRjIwMjIlMkYxMSUyRnRleHQwMmFuZ2xlc0IucG5nJTIyJTIwYWx0JTNEJTIyQW5nbCVDMyVBOHMlMjIlM0UlM0MlMkZhJTNF[\/vc_raw_html][\/vc_column][vc_column width=&#8221;1\/3&#8243; offset=&#8221;vc_col-lg-2 vc_col-md-4 vc_col-xs-6&#8243;][vc_raw_html]JTNDYSUyMGhyZWYlM0QlMjJodHRwcyUzQSUyRiUyRnd3dy51Yi5lZHUlMkZpZGlvbWVzYjIlMkZhbHRyZXMtbGxlbmd1ZXMlMkZyZWN1cnNvcy1kYXByZW5lbnRhdGdlLWFyYWIlMkYlMjNzZi0lN0IlMjUyMjElMjUyMiUzQSUyNTIyQXJhYiUyNTIyJTJDJTI1MjJzZWFyY2gtaWQlMjUyMiUzQSUyNTIyMSUyNTIyJTdEJTIyJTNFJTNDcCUyMGNsYXNzJTNEJTIydGl0QXJhYiUyMiUzRSVDMyU4MHJhYiUzQyUyRnAlM0UlM0MlMkZhJTNFJTBBJTNDYSUyMGhyZWYlM0QlMjJodHRwcyUzQSUyRiUyRnd3dy51Yi5lZHUlMkZpZGlvbWVzYjIlMkZhbHRyZXMtbGxlbmd1ZXMlMkZyZWN1cnNvcy1kYXByZW5lbnRhdGdlLWFyYWIlMkYlMjNzZi0lN0IlMjUyMjElMjUyMiUzQSUyNTIyQXJhYiUyNTIyJTJDJTI1MjJzZWFyY2gtaWQlMjUyMiUzQSUyNTIyMSUyNTIyJTdEJTIyJTNFJTNDaW1nJTIwc3JjJTNEJTIyaHR0cHMlM0ElMkYlMkZ3d3cudWIuZWR1JTJGaWRpb21lc2IyJTJGd3AtY29udGVudCUyRnVwbG9hZHMlMkYyMDIyJTJGMTElMkZ0ZXh0MDNhcmFiLnBuZyUyMiUyMGFsdCUzRCUyMiVDMyU4MHJhYiUyMiUzRSUzQyUyRmElM0U=[\/vc_raw_html][\/vc_column][vc_column width=&#8221;1\/3&#8243; offset=&#8221;vc_col-lg-2 vc_col-md-4 vc_col-xs-6&#8243;][vc_raw_html]JTNDYSUyMGhyZWYlM0QlMjJodHRwcyUzQSUyRiUyRnd3dy51Yi5lZHUlMkZpZGlvbWVzYjIlMkZhbHRyZXMtbGxlbmd1ZXMlMkZiYXNjJTJGJTIzc2YtJTdCJTI1MjIxJTI1MjIlM0ElMjUyMkJhc2MlMjUyMiUyQyUyNTIyc2VhcmNoLWlkJTI1MjIlM0ElMjUyMjElMjUyMiU3RCUyMiUzRSUzQ3AlMjBjbGFzcyUzRCUyMnRpdEJhc2MlMjIlM0VCYXNjJTNDJTJGcCUzRSUzQyUyRmElM0UlMEElM0NhJTIwaHJlZiUzRCUyMmh0dHBzJTNBJTJGJTJGd3d3LnViLmVkdSUyRmlkaW9tZXNiMiUyRmFsdHJlcy1sbGVuZ3VlcyUyRmJhc2MlMkYlMjNzZi0lN0IlMjUyMjElMjUyMiUzQSUyNTIyQmFzYyUyNTIyJTJDJTI1MjJzZWFyY2gtaWQlMjUyMiUzQSUyNTIyMSUyNTIyJTdEJTIyJTNFJTNDaW1nJTIwc3JjJTNEJTIyaHR0cHMlM0ElMkYlMkZ3d3cudWIuZWR1JTJGaWRpb21lc2IyJTJGd3AtY29udGVudCUyRnVwbG9hZHMlMkYyMDIzJTJGMTIlMkZ0ZXh0MTRiYXNjLnBuZyUyMiUyMGFsdCUzRCUyMkJhc2MlMjIlM0UlM0MlMkZhJTNF[\/vc_raw_html][\/vc_column][vc_column width=&#8221;1\/3&#8243; offset=&#8221;vc_col-lg-2 vc_col-md-4 vc_col-xs-6&#8243;][vc_raw_html]JTNDYSUyMGhyZWYlM0QlMjJodHRwcyUzQSUyRiUyRnd3dy51Yi5lZHUlMkZpZGlvbWVzYjIlMkZhbHRyZXMtbGxlbmd1ZXMlMkZjb3JlYSUyRiUyM3NmLSU3QiUyNTIyMSUyNTIyJTNBJTI1MjJDb3JlYSUyNTIyJTJDJTI1MjJzZWFyY2gtaWQlMjUyMiUzQSUyNTIyMSUyNTIyJTdEJTIyJTNFJTNDcCUyMGNsYXNzJTNEJTIydGl0Q29yZWElMjIlM0VDb3JlJUMzJUEwJTNDJTJGcCUzRSUzQyUyRmElM0UlMEElM0NhJTIwaHJlZiUzRCUyMmh0dHBzJTNBJTJGJTJGd3d3LnViLmVkdSUyRmlkaW9tZXNiMiUyRmFsdHJlcy1sbGVuZ3VlcyUyRmNvcmVhJTJGJTIzc2YtJTdCJTI1MjIxJTI1MjIlM0ElMjUyMkNvcmVhJTI1MjIlMkMlMjUyMnNlYXJjaC1pZCUyNTIyJTNBJTI1MjIxJTI1MjIlN0QlMjIlM0UlM0NpbWclMjBzcmMlM0QlMjJodHRwcyUzQSUyRiUyRnd3dy51Yi5lZHUlMkZpZGlvbWVzYjIlMkZ3cC1jb250ZW50JTJGdXBsb2FkcyUyRjIwMjIlMkYxMSUyRnRleHQwNGNvcmVhLnBuZyUyMiUyMGFsdCUzRCUyMkNvcmUlQzMlQTAlMjIlM0UlM0MlMkZhJTNF[\/vc_raw_html][\/vc_column][vc_column <a class=\"more-link\" href=\"https:\/\/www.ub.edu\/idiomesb2\/\">Continue reading <i class=\"fa fa-chevron-right\"><\/i><\/a><\/p>\n","protected":false},"author":5456,"featured_media":0,"parent":0,"menu_order":0,"comment_status":"closed","ping_status":"closed","template":"page-fullwidth.php","meta":{"footnotes":""},"class_list":["post-7450","page","type-page","status-publish","hentry"],"_links":{"self":[{"href":"https:\/\/www.ub.edu\/idiomesb2\/wp-json\/wp\/v2\/pages\/7450","targetHints":{"allow":["GET"]}}],"collection":[{"href":"https:\/\/www.ub.edu\/idiomesb2\/wp-json\/wp\/v2\/pages"}],"about":[{"href":"https:\/\/www.ub.edu\/idiomesb2\/wp-json\/wp\/v2\/types\/page"}],"author":[{"embeddable":true,"href":"https:\/\/www.ub.edu\/idiomesb2\/wp-json\/wp\/v2\/users\/5456"}],"replies":[{"embeddable":true,"href":"https:\/\/www.ub.edu\/idiomesb2\/wp-json\/wp\/v2\/comments?post=7450"}],"version-history":[{"count":107,"href":"https:\/\/www.ub.edu\/idiomesb2\/wp-json\/wp\/v2\/pages\/7450\/revisions"}],"predecessor-version":[{"id":9301,"href":"https:\/\/www.ub.edu\/idiomesb2\/wp-json\/wp\/v2\/pages\/7450\/revisions\/9301"}],"wp:attachment":[{"href":"https:\/\/www.ub.edu\/idiomesb2\/wp-json\/wp\/v2\/media?parent=7450"}],"curies":[{"name":"wp","href":"https:\/\/api.w.org\/{rel}","templated":true}]}}