{"id":7871,"date":"2022-12-13T10:42:10","date_gmt":"2022-12-13T09:42:10","guid":{"rendered":"https:\/\/www.ub.edu\/idiomesb2\/?page_id=7871"},"modified":"2025-10-09T13:58:32","modified_gmt":"2025-10-09T11:58:32","slug":"lexpressio-oral","status":"publish","type":"page","link":"https:\/\/www.ub.edu\/idiomesb2\/altres-llengues\/com-millorar\/lexpressio-oral\/","title":{"rendered":"L\u2019expressi\u00f3 oral"},"content":{"rendered":"<div class=\"wpb-content-wrapper\"><p>[vc_row][vc_column][vc_column_text]<img loading=\"lazy\" decoding=\"async\" class=\"wp-image-8662 alignright\" src=\"https:\/\/www.ub.edu\/idiomesb2\/wp-content\/uploads\/2023\/04\/pexels-cup-of-couple-8015688-300x200.jpg\" alt=\"Expressio_oral_general\" width=\"400\" height=\"267\" srcset=\"https:\/\/www.ub.edu\/idiomesb2\/wp-content\/uploads\/2023\/04\/pexels-cup-of-couple-8015688-300x200.jpg 300w, https:\/\/www.ub.edu\/idiomesb2\/wp-content\/uploads\/2023\/04\/pexels-cup-of-couple-8015688-1024x683.jpg 1024w, https:\/\/www.ub.edu\/idiomesb2\/wp-content\/uploads\/2023\/04\/pexels-cup-of-couple-8015688-1536x1025.jpg 1536w, https:\/\/www.ub.edu\/idiomesb2\/wp-content\/uploads\/2023\/04\/pexels-cup-of-couple-8015688-2048x1366.jpg 2048w\" sizes=\"auto, (max-width: 400px) 100vw, 400px\" \/>L&#8217;expressi\u00f3 oral \u00e9s la capacitat de <strong>parlar<\/strong>, i una llengua serveix b\u00e0sicament per comunicar-se! Per aquest motiu us recomanem que poseu en pr\u00e0ctica el que aneu aprenent, fins i tot si sou principiants. Contacteu amb altres persones per comunicar-vos, encara que sigui amb di\u00e0legs molt senzills.<\/p>\n<ul>\n<li><strong>Perdeu la timidesa<\/strong>! Equivocar-se \u00e9s normal quan es parla una llengua estrangera, i \u00e9s important que accepteu l&#8217;error com a part de l&#8217;aprenentatge.<\/li>\n<li>No us amo\u00efneu si no teniu una pronunciaci\u00f3 perfecta, perqu\u00e8 \u00e9s normal tenir accent. Tot i aix\u00ed, cal treballar la <strong>fon\u00e8tica i la pronunciaci\u00f3<\/strong> amb materials espec\u00edfics.<\/li>\n<li>Per millorar la pronunciaci\u00f3 i la flu\u00efdesa, tamb\u00e9 podeu fer un exercici molt senzill: agafeu un \u00e0udio o un v\u00eddeo en la llengua que esteu aprenent, que sigui del vostre nivell. Si \u00e9s possible, que estigui acompanyat de transcripci\u00f3 o de subt\u00edtols en la mateixa llengua, de manera que tingueu el text tamb\u00e9 per escrit. Reprodu\u00efu frases a\u00efllades fixant-vos en la pronunciaci\u00f3 nativa, i repetiu-les intentant imitar-la. Si ho feu cada dia, nom\u00e9s uns minuts, no trigareu a notar la difer\u00e8ncia.<\/li>\n<li>Intenteu practicar l\u2019oralitat tant com pugueu: participeu en grups de conversa, o busqueu-vos una parella d\u2019intercanvi. Ho podeu fer <strong>presencialment o virtualment<\/strong>. Per aprofitar millor les converses, una bona opci\u00f3 \u00e9s que acordeu uns dies abans de quines q\u00fcestions parlareu, i que us prepareu llegint i escoltant sobre el tema, buscant vocabulari, escrivint frases, idees o preguntes.<\/li>\n<\/ul>\n<p>[\/vc_column_text][vc_row_inner][vc_column_inner el_class=&#8221;vcenter&#8221; width=&#8221;1\/3&#8243;][vc_single_image image=&#8221;7366&#8243; img_size=&#8221;full&#8221; alignment=&#8221;center&#8221; onclick=&#8221;custom_link&#8221; img_link_target=&#8221;_blank&#8221; link=&#8221;https:\/\/www.ub.edu\/idiomesb2\/altres-llengues\/recursos-daprenentatge\/#sf-&amp;#123;%224%22:%22Aprenentatge%22,%227%22:%22Expressio%20oral,%20fonetica%20i%20pronunciacio%22,%22search-id%22:%221%22&amp;#125;&#8221;][\/vc_column_inner][vc_column_inner el_class=&#8221;vcenter&#8221; width=&#8221;1\/3&#8243;][vc_single_image image=&#8221;7368&#8243; img_size=&#8221;full&#8221; alignment=&#8221;center&#8221; onclick=&#8221;custom_link&#8221; img_link_target=&#8221;_blank&#8221; link=&#8221;https:\/\/www.ub.edu\/idiomesb2\/altres-llengues\/recursos-daprenentatge\/#sf-&amp;#123;%224%22:%22Intercanvi%20i%20interaccio%22,%2210%22:%22Conversa%20presencial%22,%22search-id%22:%221%22&amp;#125;&#8221;][\/vc_column_inner][vc_column_inner el_class=&#8221;vcenter&#8221; width=&#8221;1\/3&#8243;][vc_single_image image=&#8221;7369&#8243; img_size=&#8221;full&#8221; alignment=&#8221;center&#8221; onclick=&#8221;custom_link&#8221; img_link_target=&#8221;_blank&#8221; link=&#8221;https:\/\/www.ub.edu\/idiomesb2\/altres-llengues\/recursos-daprenentatge\/#sf-&amp;#123;%224%22:%22Intercanvi%20i%20interaccio%22,%2210%22:%22Conversa%20virtual%22,%22search-id%22:%221%22&amp;#125;&#8221;][\/vc_column_inner][\/vc_row_inner][\/vc_column][\/vc_row][vc_row][vc_column][vc_separator][\/vc_column][\/vc_row][vc_row][vc_column][vc_video link=&#8221;https:\/\/www.youtube.com\/watch?v=9rr-L0d8ZkY&#8221; el_width=&#8221;50&#8243; align=&#8221;center&#8221;][\/vc_column][\/vc_row]<\/p>\n<\/div>","protected":false},"excerpt":{"rendered":"<p>[vc_row][vc_column][vc_column_text]L&#8217;expressi\u00f3 oral \u00e9s la capacitat de parlar, i una llengua serveix b\u00e0sicament per comunicar-se! Per aquest motiu us recomanem que poseu en pr\u00e0ctica el que aneu aprenent, fins i tot si sou principiants. Contacteu amb altres persones per comunicar-vos, encara que sigui amb di\u00e0legs molt senzills. Perdeu la timidesa! Equivocar-se \u00e9s normal quan es parla <a class=\"more-link\" href=\"https:\/\/www.ub.edu\/idiomesb2\/altres-llengues\/com-millorar\/lexpressio-oral\/\">Continue reading <i class=\"fa fa-chevron-right\"><\/i><\/a><\/p>\n","protected":false},"author":5456,"featured_media":0,"parent":7899,"menu_order":4,"comment_status":"closed","ping_status":"closed","template":"page-altresLlengues.php","meta":{"footnotes":""},"class_list":["post-7871","page","type-page","status-publish","hentry"],"_links":{"self":[{"href":"https:\/\/www.ub.edu\/idiomesb2\/wp-json\/wp\/v2\/pages\/7871","targetHints":{"allow":["GET"]}}],"collection":[{"href":"https:\/\/www.ub.edu\/idiomesb2\/wp-json\/wp\/v2\/pages"}],"about":[{"href":"https:\/\/www.ub.edu\/idiomesb2\/wp-json\/wp\/v2\/types\/page"}],"author":[{"embeddable":true,"href":"https:\/\/www.ub.edu\/idiomesb2\/wp-json\/wp\/v2\/users\/5456"}],"replies":[{"embeddable":true,"href":"https:\/\/www.ub.edu\/idiomesb2\/wp-json\/wp\/v2\/comments?post=7871"}],"version-history":[{"count":7,"href":"https:\/\/www.ub.edu\/idiomesb2\/wp-json\/wp\/v2\/pages\/7871\/revisions"}],"predecessor-version":[{"id":9383,"href":"https:\/\/www.ub.edu\/idiomesb2\/wp-json\/wp\/v2\/pages\/7871\/revisions\/9383"}],"up":[{"embeddable":true,"href":"https:\/\/www.ub.edu\/idiomesb2\/wp-json\/wp\/v2\/pages\/7899"}],"wp:attachment":[{"href":"https:\/\/www.ub.edu\/idiomesb2\/wp-json\/wp\/v2\/media?parent=7871"}],"curies":[{"name":"wp","href":"https:\/\/api.w.org\/{rel}","templated":true}]}}