{"id":7882,"date":"2022-12-13T10:43:06","date_gmt":"2022-12-13T09:43:06","guid":{"rendered":"https:\/\/www.ub.edu\/idiomesb2\/?page_id=7882"},"modified":"2025-10-09T15:47:46","modified_gmt":"2025-10-09T13:47:46","slug":"com-preparar-se","status":"publish","type":"page","link":"https:\/\/www.ub.edu\/idiomesb2\/altres-llengues\/lacreditacio-de-lidioma\/com-preparar-se\/","title":{"rendered":"Com preparar-se"},"content":{"rendered":"<div class=\"wpb-content-wrapper\"><p>[vc_row][vc_column][vc_column_text]<img loading=\"lazy\" decoding=\"async\" class=\"alignleft wp-image-8710\" src=\"https:\/\/www.ub.edu\/idiomesb2\/wp-content\/uploads\/2023\/04\/pexels-andrea-piacquadio-3756165-300x200.jpg\" alt=\"Prepararse_general\" width=\"400\" height=\"267\" srcset=\"https:\/\/www.ub.edu\/idiomesb2\/wp-content\/uploads\/2023\/04\/pexels-andrea-piacquadio-3756165-300x200.jpg 300w, https:\/\/www.ub.edu\/idiomesb2\/wp-content\/uploads\/2023\/04\/pexels-andrea-piacquadio-3756165-1024x683.jpg 1024w, https:\/\/www.ub.edu\/idiomesb2\/wp-content\/uploads\/2023\/04\/pexels-andrea-piacquadio-3756165-1536x1024.jpg 1536w, https:\/\/www.ub.edu\/idiomesb2\/wp-content\/uploads\/2023\/04\/pexels-andrea-piacquadio-3756165-2048x1365.jpg 2048w\" sizes=\"auto, (max-width: 400px) 100vw, 400px\" \/>Hi ha <strong>materials que s\u00f3n espec\u00edfics<\/strong> per a la preparaci\u00f3 d\u2019ex\u00e0mens oficials, i que no nom\u00e9s us orientaran pel que fa a les q\u00fcestions de llengua, sin\u00f3 que tamb\u00e9 us explicaran l\u2019estructura i les parts de les proves, i us ajudaran a posar-vos en situaci\u00f3 d\u2019examen.<\/p>\n<p>Al seg\u00fcent enlla\u00e7 hi trobareu una selecci\u00f3 de webs i de llibres espec\u00edfics, que us aniran molt b\u00e9 si voleu acreditar el vostre nivell.[\/vc_column_text][vc_single_image image=&#8221;7391&#8243; img_size=&#8221;full&#8221; alignment=&#8221;center&#8221; onclick=&#8221;custom_link&#8221; img_link_target=&#8221;_blank&#8221; link=&#8221;https:\/\/www.ub.edu\/idiomesb2\/altres-llengues\/recursos-daprenentatge\/#sf-&amp;#123;%224%22:%22Preparacio%20per%20a%20examens%20oficials%22,%22search-id%22:%221%22&amp;#125;&#8221;][\/vc_column][\/vc_row]<\/p>\n<\/div>","protected":false},"excerpt":{"rendered":"<p>[vc_row][vc_column][vc_column_text]Hi ha materials que s\u00f3n espec\u00edfics per a la preparaci\u00f3 d\u2019ex\u00e0mens oficials, i que no nom\u00e9s us orientaran pel que fa a les q\u00fcestions de llengua, sin\u00f3 que tamb\u00e9 us explicaran l\u2019estructura i les parts de les proves, i us ajudaran a posar-vos en situaci\u00f3 d\u2019examen. Al seg\u00fcent enlla\u00e7 hi trobareu una selecci\u00f3 de webs <a class=\"more-link\" href=\"https:\/\/www.ub.edu\/idiomesb2\/altres-llengues\/lacreditacio-de-lidioma\/com-preparar-se\/\">Continue reading <i class=\"fa fa-chevron-right\"><\/i><\/a><\/p>\n","protected":false},"author":5456,"featured_media":0,"parent":7903,"menu_order":2,"comment_status":"closed","ping_status":"closed","template":"page-altresLlengues.php","meta":{"footnotes":""},"class_list":["post-7882","page","type-page","status-publish","hentry"],"_links":{"self":[{"href":"https:\/\/www.ub.edu\/idiomesb2\/wp-json\/wp\/v2\/pages\/7882","targetHints":{"allow":["GET"]}}],"collection":[{"href":"https:\/\/www.ub.edu\/idiomesb2\/wp-json\/wp\/v2\/pages"}],"about":[{"href":"https:\/\/www.ub.edu\/idiomesb2\/wp-json\/wp\/v2\/types\/page"}],"author":[{"embeddable":true,"href":"https:\/\/www.ub.edu\/idiomesb2\/wp-json\/wp\/v2\/users\/5456"}],"replies":[{"embeddable":true,"href":"https:\/\/www.ub.edu\/idiomesb2\/wp-json\/wp\/v2\/comments?post=7882"}],"version-history":[{"count":8,"href":"https:\/\/www.ub.edu\/idiomesb2\/wp-json\/wp\/v2\/pages\/7882\/revisions"}],"predecessor-version":[{"id":9424,"href":"https:\/\/www.ub.edu\/idiomesb2\/wp-json\/wp\/v2\/pages\/7882\/revisions\/9424"}],"up":[{"embeddable":true,"href":"https:\/\/www.ub.edu\/idiomesb2\/wp-json\/wp\/v2\/pages\/7903"}],"wp:attachment":[{"href":"https:\/\/www.ub.edu\/idiomesb2\/wp-json\/wp\/v2\/media?parent=7882"}],"curies":[{"name":"wp","href":"https:\/\/api.w.org\/{rel}","templated":true}]}}