{"id":7889,"date":"2022-12-13T10:45:03","date_gmt":"2022-12-13T09:45:03","guid":{"rendered":"https:\/\/www.ub.edu\/idiomesb2\/?page_id=7889"},"modified":"2023-07-25T15:30:29","modified_gmt":"2023-07-25T13:30:29","slug":"com-acreditar-se","status":"publish","type":"page","link":"https:\/\/www.ub.edu\/idiomesb2\/altres-llengues\/lacreditacio-de-lidioma\/com-acreditar-se\/","title":{"rendered":"Com acreditar-se"},"content":{"rendered":"<div class=\"wpb-content-wrapper\"><p>[vc_row][vc_column][vc_column_text]Un dels inconvenients que sovint s\u2019atribueixen a l\u2019autoaprenentatge \u00e9s que no proporciona cap t\u00edtol que acrediti el nivell de llengua que hem assolit, fet que pot ser un obstacle, per exemple, si volem accedir a una feina.<\/p>\n<p>Per\u00f2, de fet, aix\u00f2 no \u00e9s cert. Encara que no ens haguem matriculat en cap curs, tenim moltes opcions de presentar-nos a <strong>ex\u00e0mens de certificaci\u00f3 de nivell de manera lliure<\/strong>, si considerem que estem preparats per fer-ho.<\/p>\n<p>Depenent de l&#8217;idioma, hi ha diferents <strong>institucions acreditades<\/strong> que ofereixen ex\u00e0mens de certificaci\u00f3.<\/p>\n<p>Des d\u2019aqu\u00ed us proposem <strong>diverses opcions<\/strong>. Informeu-vos b\u00e9 de com funciona cadascuna, i aix\u00ed podreu triar l\u2019examen que us vagi millor en funci\u00f3 dels vostres objectius, situaci\u00f3 i nivell de llengua.[\/vc_column_text][vc_tta_accordion style=&#8221;flat&#8221; color=&#8221;orange&#8221; active_section=&#8221;0&#8243; collapsible_all=&#8221;true&#8221;][vc_tta_section title=&#8221;La Universitat de Barcelona&#8221; tab_id=&#8221;1468576549371-c6b9ebbf-4500&#8243;][vc_row_inner][vc_column_inner][vc_column_text]L&#8217;<a href=\"https:\/\/www.eim.ub.edu\/ca\/examens-certificats\/\" target=\"_blank\" rel=\"noopener noreferrer\">Escola d&#8217;Idiomes Moderns<\/a> de la UB ofereix proves de certificaci\u00f3 de nivell de diferents idiomes. Informeu-vos-en.[\/vc_column_text][\/vc_column_inner][\/vc_row_inner][\/vc_tta_section][vc_tta_section title=&#8221;Les escoles oficials d&#8217;idiomes de Catalunya&#8221; tab_id=&#8221;1468576134912-07ff9161-b895&#8243;][vc_row_inner][vc_column_inner][vc_column_text]<\/p>\n<div class=\"vc_tta-panel-body\">\n<div class=\"vc_row wpb_row vc_inner vc_row-fluid\">\n<div class=\"wpb_column vc_column_container vc_col-sm-12\">\n<div class=\"vc_column-inner \">\n<div class=\"wpb_wrapper\">\n<div class=\"wpb_text_column wpb_content_element \">\n<div class=\"wpb_wrapper\">\n<p>Les <a href=\"https:\/\/triaeducativa.gencat.cat\/ca\/idiomes-eoi\/\" target=\"_blank\" rel=\"noopener\">EOI<\/a> ofereixen certificaci\u00f3 de car\u00e0cter oficial en molts idiomes, i podeu presentar-vos-hi per lliure.<\/p>\n<\/div>\n<\/div>\n<\/div>\n<\/div>\n<\/div>\n<\/div>\n<\/div>\n<p>[\/vc_column_text][\/vc_column_inner][\/vc_row_inner][\/vc_tta_section][vc_tta_section title=&#8221;Els centres d&#8217;acreditaci\u00f3 dels pa\u00efsos respectius&#8221; tab_id=&#8221;1520332802930-18464151-c6d5&#8243;][vc_column_text]Els diferents pa\u00efsos posen a disposici\u00f3 mecanismes i institucions que regulen els ex\u00e0mens de certificaci\u00f3 de les seves lleng\u00fces. La major part d&#8217;aquests ex\u00e0mens es poden fer des del nostre pa\u00eds. Cal tenir present que la Generalitat no inclou com a llengua oficial tots aquests idiomes i, per tant, no reconeix tots els ex\u00e0mens que us mostrem en aquesta secci\u00f3. Per\u00f2 aquests certificats us podran ser \u00fatils en altres contextos; assegureu-vos que la instituci\u00f3 o entitat on els vulgueu presentar els reconegui com a v\u00e0lids.<\/p>\n<p>En funci\u00f3 de l&#8217;idioma, les alternatives s\u00f3n diverses. Us en deixem algunes:<\/p>\n<ul>\n<li><strong>\u00c0rab<\/strong>:\u00a0<a href=\"https:\/\/www.casaarabe.es\/p\/certificacion\" target=\"_blank\" rel=\"noopener\">Casa \u00c0rab<\/a> (no ofereix la possibilitat de fer ex\u00e0mens per lliure, per\u00f2 organitza cursos que permeten obtenir un t\u00edtol amb car\u00e0cter acreditatiu per\u00f2 no oficial)<\/li>\n<li><strong>Core\u00e0<\/strong>: <a href=\"http:\/\/www.sejongbarcelona.cat\/topik-examen\/\" target=\"_blank\" rel=\"noopener\">Institut Rei Sejong<\/a><\/li>\n<li><strong>Grec<\/strong>:\u00a0<a href=\"https:\/\/www.greek-language.gr\/certification\/node\/12.html\" target=\"_blank\" rel=\"noopener\">Centre de la Llengua Grega<\/a><\/li>\n<li><strong>Japon\u00e8s<\/strong>: el <a href=\"https:\/\/www.jlpt.es\/Inicio.sca?id=1\" target=\"_blank\" rel=\"noopener\">Japan Language Proficiency Test<\/a>. Tamb\u00e9 teniu l&#8217;opci\u00f3 de fer un curs de japon\u00e8s a l&#8217;<a href=\"https:\/\/www.eim.ub.edu\/ca\/cursos-idiomes\/japones\/\" target=\"_blank\" rel=\"noopener\">EIM de la UB<\/a>.<\/li>\n<li><strong>Neerland\u00e8s<\/strong>:\u00a0<a href=\"https:\/\/cnavt.org\/\" target=\"_blank\" rel=\"noopener\">CNaVT<\/a><\/li>\n<li><strong>Portugu\u00e8s<\/strong>:\u00a0<a href=\"https:\/\/www.instituto-camoes.pt\/en\/\" target=\"_blank\" rel=\"noopener\">Instituto Cam<em>\u00f5<\/em>es<\/a> en el cas de Portugal i <a href=\"https:\/\/cebusal.es\/celpe-bras\/\" target=\"_blank\" rel=\"noopener\">Centro Cultural do Brasil<\/a>\u00a0en el cas del Brasil<\/li>\n<li><strong>Rus: <\/strong><a href=\"https:\/\/institutorusopushkin.com\/examenes-trki\" target=\"_blank\" rel=\"noopener\">Institut Rus Pushkin<\/a><\/li>\n<li><strong>Txec<\/strong>:\u00a0<a class=\"broken_link\" href=\"https:\/\/madrid.czechcentres.cz\/es\/blog\/2022\/08\/ceske-centrum-madrid-poprve-nabizi-moznost-certifikovane-zkousky-z-cestiny-pro-cizince-cce\" target=\"_blank\" rel=\"noopener\">Centre Txec de Madrid<\/a><\/li>\n<li><strong>Xin\u00e8s<\/strong>: <a href=\"https:\/\/www.confuciobarcelona.cat\/index.php\/es\/examens\/examen-hsk\" target=\"_blank\" rel=\"noopener\">Certificat HSK a la UB<\/a> o tamb\u00e9 teniu l&#8217;opci\u00f3 de fer un curs de xin\u00e8s a la l&#8217;<a href=\"https:\/\/www.eim.ub.edu\/ca\/cursos-idiomes\/xines\/\" target=\"_blank\" rel=\"noopener\">EIM de la UB<\/a>.<\/li>\n<\/ul>\n<p>[\/vc_column_text][\/vc_tta_section][\/vc_tta_accordion][\/vc_column][\/vc_row]<\/p>\n<\/div>","protected":false},"excerpt":{"rendered":"<p>[vc_row][vc_column][vc_column_text]Un dels inconvenients que sovint s\u2019atribueixen a l\u2019autoaprenentatge \u00e9s que no proporciona cap t\u00edtol que acrediti el nivell de llengua que hem assolit, fet que pot ser un obstacle, per exemple, si volem accedir a una feina. Per\u00f2, de fet, aix\u00f2 no \u00e9s cert. Encara que no ens haguem matriculat en cap curs, tenim moltes <a class=\"more-link\" href=\"https:\/\/www.ub.edu\/idiomesb2\/altres-llengues\/lacreditacio-de-lidioma\/com-acreditar-se\/\">Continue reading <i class=\"fa fa-chevron-right\"><\/i><\/a><\/p>\n","protected":false},"author":5456,"featured_media":0,"parent":7903,"menu_order":1,"comment_status":"closed","ping_status":"closed","template":"page-altresLlengues.php","meta":{"footnotes":""},"class_list":["post-7889","page","type-page","status-publish","hentry"],"_links":{"self":[{"href":"https:\/\/www.ub.edu\/idiomesb2\/wp-json\/wp\/v2\/pages\/7889","targetHints":{"allow":["GET"]}}],"collection":[{"href":"https:\/\/www.ub.edu\/idiomesb2\/wp-json\/wp\/v2\/pages"}],"about":[{"href":"https:\/\/www.ub.edu\/idiomesb2\/wp-json\/wp\/v2\/types\/page"}],"author":[{"embeddable":true,"href":"https:\/\/www.ub.edu\/idiomesb2\/wp-json\/wp\/v2\/users\/5456"}],"replies":[{"embeddable":true,"href":"https:\/\/www.ub.edu\/idiomesb2\/wp-json\/wp\/v2\/comments?post=7889"}],"version-history":[{"count":38,"href":"https:\/\/www.ub.edu\/idiomesb2\/wp-json\/wp\/v2\/pages\/7889\/revisions"}],"predecessor-version":[{"id":9091,"href":"https:\/\/www.ub.edu\/idiomesb2\/wp-json\/wp\/v2\/pages\/7889\/revisions\/9091"}],"up":[{"embeddable":true,"href":"https:\/\/www.ub.edu\/idiomesb2\/wp-json\/wp\/v2\/pages\/7903"}],"wp:attachment":[{"href":"https:\/\/www.ub.edu\/idiomesb2\/wp-json\/wp\/v2\/media?parent=7889"}],"curies":[{"name":"wp","href":"https:\/\/api.w.org\/{rel}","templated":true}]}}