{"id":8049,"date":"2022-12-20T17:37:44","date_gmt":"2022-12-20T16:37:44","guid":{"rendered":"https:\/\/www.ub.edu\/idiomesb2\/?page_id=8049"},"modified":"2022-12-20T17:37:44","modified_gmt":"2022-12-20T16:37:44","slug":"rus","status":"publish","type":"page","link":"https:\/\/www.ub.edu\/idiomesb2\/altres-llengues\/rus\/","title":{"rendered":"Rus"},"content":{"rendered":"<div class=\"wpb-content-wrapper\"><p>[vc_row][vc_column][vc_column_text]La seg\u00fcent base de dades aplega recursos per estudiar i practicar lleng\u00fces de manera <strong>aut\u00f2noma<\/strong> i <strong>gratu\u00efta<\/strong>. Hi trobareu webs d\u2019aprenentatge, aplicacions per a dispositius m\u00f2bils, bibliografia recomanada i activitats presencials, entre d\u2019altres.[\/vc_column_text][\/vc_column][\/vc_row][vc_row][vc_column][vc_column_text]<!-- Search Filter: 1-->\r\n<div class=\"sf-wrapper\">\r\n\t<style>\r\n\t\t\tul.sf-result > li{\r\n\t\tmargin: 2% 0;\r\n\t\tmargin-right: 2%;\r\n\t\tfloat: left; \r\n\t\twidth: 32%;\r\n\t}\r\n\r\n\tul.sf-result > li:nth-child(3n){\r\n\t\tmargin-right: 0;\r\n\t}\r\n\r\n\t\r\n\tul.sf-result > li:nth-child(3n+1){\r\n\t\tclear: both;\r\n\t}\r\n\t\t\t\t.sf-result li{\r\n\t\tborder: 1px solid #c9c9c9;\r\n\t}\r\n\t\t\t.sf-result li{\r\n\t\tbackground: #f0f0f0;\r\n\t}\r\n\t\r\n\tul.sf-nav > li > span.sf-nav-click{\r\n\t\tbackground: #f0f0f0;\r\n\t}\r\n\t\t\t\r\n\t\r\n\tul.sf-result > li.sf-noresult{\r\n\t\tfloat: none;\r\n\t\twidth: 100%;\r\n\t\tmargin: 0;\r\n\t}\r\n\t\r\n\t.sf-filter > fieldset{\r\n\twidth:15%!important;\r\n\tpadding-bottom: 10px;\r\n}\r\n@media (max-width: 768px) {\r\n\t.sf-result li {\r\n\t\twidth:100%!important;\r\n\t}\r\n\t.sf-filter > fieldset{\r\n\t\twidth:100%!important;\r\n\t}\r\n\tfieldset:last-child{\r\n\t    margin-right: 0%;\r\n\t    margin-left: 0%!important;\r\n\t}\r\n}\r\nfieldset:nth-of-type(n +5) {\r\n    margin-right: 1%!important;\r\n}\r\n\/* Medium Devices, Desktops *\/\r\n@media only screen and (min-width : 992px) {\r\n\tfieldset:nth-of-type(1) {\r\n\t    margin-left: 26px;\r\n\t}\r\n}\r\n\r\n.sf-filter > fieldset > select,\r\n.sf-filter > fieldset > input {\r\n    \theight: 34px!important;\r\n\tpadding: 6px 12px!important;\r\n\tfont-size: 14px!important;\r\n\tline-height: 1.42857143!important;\r\n\tcolor: #555;\r\n\tbackground-color: #fff;\r\n\tborder: 1px solid #ccc;\r\n\tborder-radius: 4px;\r\n\t-webkit-box-shadow: inset 0 1px 1px rgba(0,0,0,.075);\r\n\tbox-shadow: inset 0 1px 1px rgba(0,0,0,.075);\r\n\t-webkit-transition: border-color ease-in-out .15s,-webkit-box-shadow ease-in-out .15s;\r\n\t-o-transition: border-color ease-in-out .15s,box-shadow ease-in-out .15s;\r\n\ttransition: border-color ease-in-out .15s,box-shadow ease-in-out .15s;\r\n}\r\n\r\n.sf-filter > .fulltext input {\r\n    \theight: 34px!important;\r\n\tpadding: 6px 12px!important;\r\n\tfont-size: 14px!important;\r\n\tline-height: 1.42857143!important;\r\n\tcolor: #555;\r\n\tbackground-color: #fff;\r\n\tborder: 1px solid #ccc;\r\n\tborder-radius: 4px;\r\n\t-webkit-box-shadow: inset 0 1px 1px rgba(0,0,0,.075);\r\n\tbox-shadow: inset 0 1px 1px rgba(0,0,0,.075);\r\n\t-webkit-transition: border-color ease-in-out .15s,-webkit-box-shadow ease-in-out .15s;\r\n\t-o-transition: border-color ease-in-out .15s,box-shadow ease-in-out .15s;\r\n\ttransition: border-color ease-in-out .15s,box-shadow ease-in-out .15s;\r\n}\r\n\r\n\t\r\n.sf-filter{\r\n    border-radius: 5px;\r\n    padding: 15px;\r\n}\r\n.content-alemany .sf-filter {\r\n    background-color: #F39C12;\r\n}\r\n.content-angles .sf-filter {\r\n\tbackground-color: #e67e22;\r\n}\r\n.content-frances .sf-filter {\r\n\tbackground-color: #3498db;\r\n}\r\n.content-italia .sf-filter {\r\n\tbackground-color: #1f9a53;\r\n}\r\nlegend{\r\n\tborder-bottom:0px !important;\r\n\tfont-size:16px!important;\r\n\tfont-weight: bold !important;\r\n\tmargin-bottom:10px!important;\r\n\tcolor:white!important;\r\n}\r\n.sf-element {\r\n\tmargin-right: 1%!important;\r\n}\r\n.sf-element:nth-of-type(2) {\r\n    \tmargin-right: 1%!important;\r\n}\r\n.bloc-recurs  h3{\r\n\tpadding: 5%;\r\n        padding-bottom: 0;\r\n\ttext-align: center;\r\n\tmargin-top: 0px!important;\r\n\tmargin-bottom: 0px!important;\r\n\tcolor:white!important;\r\n\tfont-weight: 600;\r\n}\r\n.content-alemany .bloc-recurs  h3{\r\n\tbackground-color: #F39C12;\r\n}\r\n.content-angles .bloc-recurs  h3{\r\n\tbackground-color: #e67e22;\r\n}\r\n.content-frances .bloc-recurs  h3{\r\n\tbackground-color: #3498db;\r\n}\r\n.content-italia .bloc-recurs  h3{\r\n\tbackground-color: #1f9a53;\r\n}\r\n.bloc-recurs  .recurs-camps > p{\r\n    \tpadding: 5%;\r\n    \tcolor: white;\r\n}\r\n.content-alemany .bloc-recurs  .recurs-camps > p{\r\n\tbackground-color: rgba(243, 156, 18, 0.8);\r\n}\r\n.content-angles .bloc-recurs  .recurs-camps > p{\r\n\tbackground-color: rgba(230, 126, 34, 0.8);\r\n}\r\n.content-frances .bloc-recurs  .recurs-camps > p{\r\n        background-color: rgba(52, 152, 219, 0.8);\r\n}\r\n.content-italia .bloc-recurs  .recurs-camps > p{\r\n        background-color: rgba(31, 154, 83, 0.8);\r\n}\r\n.bloc-recurs > .recurs-camps > p > i{\r\n    \tmargin-right: 5px;\r\n}\r\n.bloc-recurs > .recurs-content,\r\n.bloc-recurs > .nou-recurs-content {\r\n\tbackground-color: white;\r\n\tpadding: 5%;\r\n}\r\n.nou-recurs-content a:link {\r\n\tcolor: #08c !important;\r\n}\r\n.sf-result > li {\r\n\tpadding:0%!important;\r\n\tbackground-color: white!important;\r\n}\r\n.sf-wrapper > .sf-result-head {\r\n\tdisplay:none!important;\r\n}\r\n.recurs-link:hover{\r\n\tbox-shadow: 0px 0px 5px #333;\r\n}\r\nselect:disabled {\r\n\tbackground-color:#efefe6!important;\r\n}\r\nfieldset:disabled {\r\n\topacity: 0.9;\r\n}\r\n.sf-result ul {\r\n\tpadding-left: 15px;\r\n}\r\n.sf-result li {\r\n    \tborder: none!important;\r\n\tbackground: none;\r\n}\r\n.recurs-content > p {\r\n\tpadding: 0px 5px 15px 5px;\r\n\toverflow: hidden;\r\n\ttext-overflow: ellipsis;\r\n\tdisplay: -webkit-box;\r\n\t-webkit-line-clamp: 4; \/* number of lines to show *\/\r\n\t-webkit-box-orient: vertical;\r\n\tline-height: 24px;\r\n\tmax-height: 99px;\r\n}\r\n.nou-recurs-content {\r\n\tpadding: 0px 5px 15px 5px;\r\n\ttext-overflow: ellipsis;\r\n\tline-height: 24px;\r\n}\r\n.nou-recurs-content ul {\r\n\tmargin-top: 15px;\r\n}\r\n.nou-recurs-content ul li {\r\n\tlist-style-type: disc!important;\r\n}\r\n.content-alemany .recurs-content > p,\r\n.content-alemany .nou-recurs-content {\r\n    \tborder: 1px solid;\r\n\tborder-color: rgba(241, 196, 15, 0.8);\r\n}\r\n.content-angles .recurs-content > p,\r\n.content-angles .nou-recurs-content {\r\n\tborder: 1px solid;\r\n\tborder-color: rgba(230, 126, 34, 0.8);\r\n}\r\n.content-frances .recurs-content > p,\r\n.content-frances .nou-recurs-content {\r\n\tborder: 1px solid;\r\n\tborder-color: rgba(52, 152, 219, 0.8);\r\n}\r\n.content-italia .recurs-content > p,\r\n.content-italia .nou-recurs-content {\r\n\tborder: 1px solid;\r\n\tborder-color: rgba(46, 204, 113, 0.8);\r\n}\r\n.sf-nav {\r\n\twidth: 100%!important;\r\n\ttext-align: center;\r\n\tmargin-top: 35px!important;\r\n}\r\n.sf-nav li {\r\n\tmargin-right: 2%!important;\r\n\twidth: auto;\r\n\tdisplay: inline-block;\r\n\tfloat: none!important;\r\n}\r\nul.sf-nav > li > span{\r\n\twidth: auto;\r\n\twhite-space: nowrap;\r\n\tborder: 0;\r\n}\r\nul.sf-nav > li > span.sf-nav-current{\r\n\twidth: 20px!important;\r\n}\r\n.sf-nav-current {\r\n\tfont-weight: bold;\r\n}\r\n\r\n.post-ratings {\r\n      width: 100%;\r\n      text-align: center;\r\n      padding-bottom: 2%;\r\n}\r\n.post-ratings-text {\r\n      display: none;\r\n}\r\n.content-alemany .post-ratings {\r\n    background-color: #F39C12;\r\n}\r\n.content-angles .post-ratings {\r\n    background-color: #e67e22;\r\n}\r\n.content-frances .post-ratings {\r\n    background-color: #3498db;\r\n}\r\n.content-italia .post-ratings {\r\n    background-color: #1f9a53;\r\n}\r\nul.sf-result img {\r\n  width: 14px!important;\r\n}\t<\/style>\r\n\t<script>\r\n\t\tvar sf_columns = 3;\r\n\t<\/script>\r\n\t<div class=\"sf-filter\">\r\n\t\t\t\t\t\t<input type=\"hidden\" name=\"search-id\" value=\"1\" \/>\r\n\t\t\t\t<fieldset data-id=\"1\" data-condkey=\"-1\" data-condval=\"\" class=\"sf-element select\">\r\n\t\t\t<legend>Llengua<\/legend>\t\r\n\t\t\t\t\t<select id=\"sf-field-1\" name=\"1\"><option><\/option>\t\t\t\t\t<option value=\"Alemany\">Alemany<\/option>\r\n\t\t\t\t\t\t\t\t\t\t<option value=\"Angles\">Angl\u00e8s<\/option>\r\n\t\t\t\t\t\t\t\t\t\t<option value=\"Arab\">\u00c0rab<\/option>\r\n\t\t\t\t\t\t\t\t\t\t<option value=\"Basc\">Basc<\/option>\r\n\t\t\t\t\t\t\t\t\t\t<option value=\"Corea\">Core\u00e0<\/option>\r\n\t\t\t\t\t\t\t\t\t\t<option value=\"Frances\">Franc\u00e8s<\/option>\r\n\t\t\t\t\t\t\t\t\t\t<option value=\"Gallec\">Gallec<\/option>\r\n\t\t\t\t\t\t\t\t\t\t<option value=\"Grec\">Grec<\/option>\r\n\t\t\t\t\t\t\t\t\t\t<option value=\"Italia\">Itali\u00e0<\/option>\r\n\t\t\t\t\t\t\t\t\t\t<option value=\"Japones\">Japon\u00e8s<\/option>\r\n\t\t\t\t\t\t\t\t\t\t<option value=\"Neerlandes\">Neerland\u00e8s<\/option>\r\n\t\t\t\t\t\t\t\t\t\t<option value=\"Portugues\">Portugu\u00e8s<\/option>\r\n\t\t\t\t\t\t\t\t\t\t<option value=\"Rus\">Rus<\/option>\r\n\t\t\t\t\t\t\t\t\t\t<option value=\"Txec\">Txec<\/option>\r\n\t\t\t\t\t\t\t\t\t\t<option value=\"Xines\">Xin\u00e8s<\/option>\r\n\t\t\t\t\t\t\t\t\t\t<option value=\"Altres\">Altres<\/option>\r\n\t\t\t\t\t<\/select>\t\t<\/fieldset>\r\n\t\t\t\t<fieldset data-id=\"2\" data-condkey=\"-1\" data-condval=\"\" class=\"sf-element select\">\r\n\t\t\t<legend>Nivell<\/legend>\t\r\n\t\t\t\t\t<select id=\"sf-field-2\" name=\"2\"><option><\/option>\t\t\t\t\t<option value=\"A1\">A1<\/option>\r\n\t\t\t\t\t\t\t\t\t\t<option value=\"A2\">A2<\/option>\r\n\t\t\t\t\t\t\t\t\t\t<option value=\"B1\">B1<\/option>\r\n\t\t\t\t\t\t\t\t\t\t<option value=\"B2\">B2<\/option>\r\n\t\t\t\t\t\t\t\t\t\t<option value=\"C1\">C1<\/option>\r\n\t\t\t\t\t\t\t\t\t\t<option value=\"C2\">C2<\/option>\r\n\t\t\t\t\t<\/select>\t\t<\/fieldset>\r\n\t\t\t\t<fieldset data-id=\"3\" data-condkey=\"-1\" data-condval=\"\" class=\"sf-element select\">\r\n\t\t\t<legend>Format<\/legend>\t\r\n\t\t\t\t\t<select id=\"sf-field-3\" name=\"3\"><option><\/option>\t\t\t\t\t<option value=\"Digital-web\">Digital-web<\/option>\r\n\t\t\t\t\t\t\t\t\t\t<option value=\"Digital-app\">Digital-app<\/option>\r\n\t\t\t\t\t\t\t\t\t\t<option value=\"Fisic\">F\u00edsic (llibre, CD, CD-ROM, etc.)<\/option>\r\n\t\t\t\t\t\t\t\t\t\t<option value=\"Activitat presencial\">Activitat dirigida<\/option>\r\n\t\t\t\t\t<\/select>\t\t<\/fieldset>\r\n\t\t\t\t<fieldset data-id=\"4\" data-condkey=\"-1\" data-condval=\"\" class=\"sf-element select\">\r\n\t\t\t<legend>Recurs<\/legend>\t\r\n\t\t\t\t\t<select id=\"sf-field-4\" name=\"4\"><option><\/option>\t\t\t\t\t<option value=\"Tests de nivell\">Tests de nivell<\/option>\r\n\t\t\t\t\t\t\t\t\t\t<option value=\"Diccionaris, traductors i correctors\">Diccionaris, traductors i correctors<\/option>\r\n\t\t\t\t\t\t\t\t\t\t<option value=\"Aprenentatge\">Aprenentatge<\/option>\r\n\t\t\t\t\t\t\t\t\t\t<option value=\"Llengua despecialitat\">Llengua d\u2019especialitat<\/option>\r\n\t\t\t\t\t\t\t\t\t\t<option value=\"Preparacio per a examens oficials\">Preparaci\u00f3 per a ex\u00e0mens oficials<\/option>\r\n\t\t\t\t\t\t\t\t\t\t<option value=\"Intercanvi i interaccio\">Intercanvi i interacci\u00f3<\/option>\r\n\t\t\t\t\t\t\t\t\t\t<option value=\"Cultura i mitjans de comunicacio\">Cultura i mitjans de comunicaci\u00f3<\/option>\r\n\t\t\t\t\t<\/select>\t\t<\/fieldset>\r\n\t\t\t\t<fieldset data-id=\"5\" style=\"display:none;\"data-condkey=\"4\" data-condval=\"Tests de nivell\" class=\"sf-element-hide select\">\r\n\t\t\t<legend>Recurs espec\u00edfic<\/legend>\t\r\n\t\t\t\t\t<select id=\"sf-field-5\" name=\"5\"><option><\/option>\t\t\t\t\t<option value=\"Tests de nivell generals\">Tests de nivell generals<\/option>\r\n\t\t\t\t\t\t\t\t\t\t<option value=\"Tests de nivell per habilitats\">Tests de nivell per habilitats<\/option>\r\n\t\t\t\t\t\t\t\t\t\t<option value=\"Informacio sobre els continguts de cada nivell\">Informacio sobre els continguts de cada nivell<\/option>\r\n\t\t\t\t\t<\/select>\t\t<\/fieldset>\r\n\t\t\t\t<fieldset data-id=\"6\" style=\"display:none;\"data-condkey=\"4\" data-condval=\"Diccionaris, traductors i correctors\" class=\"sf-element-hide select\">\r\n\t\t\t<legend>Recurs espec\u00edfic<\/legend>\t\r\n\t\t\t\t\t<select id=\"sf-field-6\" name=\"6\"><option><\/option>\t\t\t\t\t<option value=\"Diccionaris\">Diccionaris<\/option>\r\n\t\t\t\t\t\t\t\t\t\t<option value=\"Traductors i correctors automatics\">Traductors i correctors autom\u00e0tics<\/option>\r\n\t\t\t\t\t<\/select>\t\t<\/fieldset>\r\n\t\t\t\t<fieldset data-id=\"7\" style=\"display:none;\"data-condkey=\"4\" data-condval=\"Aprenentatge\" class=\"sf-element-hide select\">\r\n\t\t\t<legend>Recurs espec\u00edfic<\/legend>\t\r\n\t\t\t\t\t<select id=\"sf-field-7\" name=\"7\"><option><\/option>\t\t\t\t\t<option value=\"Cursos dautoaprenentatge\">Cursos d\u2019autoaprenentatge<\/option>\r\n\t\t\t\t\t\t\t\t\t\t<option value=\"Gramatica\">Gram\u00e0tica<\/option>\r\n\t\t\t\t\t\t\t\t\t\t<option value=\"Vocabulari\">Vocabulari<\/option>\r\n\t\t\t\t\t\t\t\t\t\t<option value=\"Expressio oral, fonetica i pronunciacio\">Expressi\u00f3 oral, fon\u00e8tica i pronunciaci\u00f3<\/option>\r\n\t\t\t\t\t\t\t\t\t\t<option value=\"Expressio escrita, ortografia i puntuacio\">Expressi\u00f3 escrita, ortografia i puntuaci\u00f3<\/option>\r\n\t\t\t\t\t\t\t\t\t\t<option value=\"Comprensio oral\">Comprensi\u00f3 oral<\/option>\r\n\t\t\t\t\t\t\t\t\t\t<option value=\"Comprensio escrita\">Comprensi\u00f3 escrita<\/option>\r\n\t\t\t\t\t\t\t\t\t\t<option value=\"Lectures per nivells amb audio\">Lectures per nivells amb \u00e0udio<\/option>\r\n\t\t\t\t\t<\/select>\t\t<\/fieldset>\r\n\t\t\t\t<fieldset data-id=\"8\" style=\"display:none;\"data-condkey=\"4\" data-condval=\"Llengua despecialitat\" class=\"sf-element-hide select\">\r\n\t\t\t<legend>Recurs espec\u00edfic<\/legend>\t\r\n\t\t\t\t\t<select id=\"sf-field-8\" name=\"8\"><option><\/option>\t\t\t\t\t<option value=\"Llenguatge academic\">Llenguatge acad\u00e8mic<\/option>\r\n\t\t\t\t\t\t\t\t\t\t<option value=\"Llenguatge empresarial\">Llenguatge empresarial<\/option>\r\n\t\t\t\t\t\t\t\t\t\t<option value=\"LLengua despecialitat Altres\">Altres<\/option>\r\n\t\t\t\t\t<\/select>\t\t<\/fieldset>\r\n\t\t\t\t<fieldset data-id=\"9\" style=\"display:none;\"data-condkey=\"4\" data-condval=\"Preparacio per a examens oficials\" class=\"sf-element-hide select\">\r\n\t\t\t<legend>Recurs espec\u00edfic<\/legend>\t\r\n\t\t\t\t\t<select id=\"sf-field-9\" name=\"9\"><option><\/option>\t\t\t\t\t<option value=\" \"> <\/option>\r\n\t\t\t\t\t<\/select>\t\t<\/fieldset>\r\n\t\t\t\t<fieldset data-id=\"10\" style=\"display:none;\"data-condkey=\"4\" data-condval=\"Intercanvi i interaccio\" class=\"sf-element-hide select\">\r\n\t\t\t<legend>Recurs espec\u00edfic<\/legend>\t\r\n\t\t\t\t\t<select id=\"sf-field-10\" name=\"10\"><option><\/option>\t\t\t\t\t<option value=\"Conversa presencial\">Conversa presencial<\/option>\r\n\t\t\t\t\t\t\t\t\t\t<option value=\"Conversa virtual\">Conversa virtual<\/option>\r\n\t\t\t\t\t\t\t\t\t\t<option value=\"Correccio de redaccions\">Correci\u00f3 de redaccions<\/option>\r\n\t\t\t\t\t\t\t\t\t\t<option value=\"Comunitats virtuals daprenents de llengues\">Comunitats virtuals d\u2019aprenents de lleng\u00fces<\/option>\r\n\t\t\t\t\t\t\t\t\t\t<option value=\"Bancs de temps\">Bancs de temps<\/option>\r\n\t\t\t\t\t\t\t\t\t\t<option value=\"Intercanvi i interaccio Altres\">Resoldre dubtes<\/option>\r\n\t\t\t\t\t<\/select>\t\t<\/fieldset>\r\n\t\t\t\t<fieldset data-id=\"11\" style=\"display:none;\"data-condkey=\"4\" data-condval=\"Cultura i mitjans de comunicacio\" class=\"sf-element-hide select\">\r\n\t\t\t<legend>Recurs espec\u00edfic<\/legend>\t\r\n\t\t\t\t\t<select id=\"sf-field-11\" name=\"11\"><option><\/option>\t\t\t\t\t<option value=\"Premsa\">Premsa<\/option>\r\n\t\t\t\t\t\t\t\t\t\t<option value=\"R\u00e0dio i televisi\u00f3\">R\u00e0dio i televisi\u00f3<\/option>\r\n\t\t\t\t\t\t\t\t\t\t<option value=\"Cultura\">Cultura<\/option>\r\n\t\t\t\t\t<\/select>\t\t<\/fieldset>\r\n\t\t\t\t<fieldset data-id=\"12\" data-condkey=\"-1\" data-condval=\"\" class=\"sf-element fulltext\">\r\n\t\t\t<legend>Paraula clau<\/legend>\t\r\n\t\t\t\t\t\t<div class=\"sf-fulltext-wrapper\">\r\n\t\t\t\t\t<input placeholder=\"Paraula clau\" name=\"12\" \/>\r\n\t\t\t\t<\/div>\r\n\t\t\t\t\t<\/fieldset>\r\n\t\t\t<\/div>\r\n\t\t\t\t\t\t\r\n\t<div class=\"sf-result-head\">\r\n\t\t\t\r\n\t<\/div>\r\n\t\r\n\t<ul class=\"sf-result\">\r\n\t\t\t<\/ul>\t\r\n\t\t<ul class=\"sf-nav\">\r\n\t\t\t\r\n\t<\/ul>\t\r\n\t<\/div>\r\n\r\n\t\t\t\t\r\n\t[\/vc_column_text][\/vc_column][\/vc_row][vc_row el_id=&#8221;ajax-content&#8221;][vc_column][vc_column_text][\/vc_column_text][\/vc_column][\/vc_row]<\/p>\n<\/div>","protected":false},"excerpt":{"rendered":"<p>[vc_row][vc_column][vc_column_text]La seg\u00fcent base de dades aplega recursos per estudiar i practicar lleng\u00fces de manera aut\u00f2noma i gratu\u00efta. Hi trobareu webs d\u2019aprenentatge, aplicacions per a dispositius m\u00f2bils, bibliografia recomanada i activitats presencials, entre d\u2019altres.[\/vc_column_text][\/vc_column][\/vc_row][vc_row][vc_column][vc_column_text][\/vc_column_text][\/vc_column][\/vc_row][vc_row el_id=&#8221;ajax-content&#8221;][vc_column][vc_column_text][\/vc_column_text][\/vc_column][\/vc_row]<\/p>\n","protected":false},"author":5456,"featured_media":0,"parent":7674,"menu_order":0,"comment_status":"closed","ping_status":"closed","template":"page-altresLlengues.php","meta":{"footnotes":""},"class_list":["post-8049","page","type-page","status-publish","hentry"],"_links":{"self":[{"href":"https:\/\/www.ub.edu\/idiomesb2\/wp-json\/wp\/v2\/pages\/8049","targetHints":{"allow":["GET"]}}],"collection":[{"href":"https:\/\/www.ub.edu\/idiomesb2\/wp-json\/wp\/v2\/pages"}],"about":[{"href":"https:\/\/www.ub.edu\/idiomesb2\/wp-json\/wp\/v2\/types\/page"}],"author":[{"embeddable":true,"href":"https:\/\/www.ub.edu\/idiomesb2\/wp-json\/wp\/v2\/users\/5456"}],"replies":[{"embeddable":true,"href":"https:\/\/www.ub.edu\/idiomesb2\/wp-json\/wp\/v2\/comments?post=8049"}],"version-history":[{"count":1,"href":"https:\/\/www.ub.edu\/idiomesb2\/wp-json\/wp\/v2\/pages\/8049\/revisions"}],"predecessor-version":[{"id":8050,"href":"https:\/\/www.ub.edu\/idiomesb2\/wp-json\/wp\/v2\/pages\/8049\/revisions\/8050"}],"up":[{"embeddable":true,"href":"https:\/\/www.ub.edu\/idiomesb2\/wp-json\/wp\/v2\/pages\/7674"}],"wp:attachment":[{"href":"https:\/\/www.ub.edu\/idiomesb2\/wp-json\/wp\/v2\/media?parent=8049"}],"curies":[{"name":"wp","href":"https:\/\/api.w.org\/{rel}","templated":true}]}}