{"id":9,"date":"2016-02-24T12:22:29","date_gmt":"2016-02-24T12:22:29","guid":{"rendered":"http:\/\/www.ub.edu\/idiomesb2\/?page_id=9"},"modified":"2017-10-13T17:16:39","modified_gmt":"2017-10-13T17:16:39","slug":"angles","status":"publish","type":"page","link":"https:\/\/www.ub.edu\/idiomesb2\/angles\/","title":{"rendered":"Angl\u00e8s"},"content":{"rendered":"<div class=\"wpb-content-wrapper\"><p>[vc_row][vc_column][vc_column_text]Benvinguts a la guia d\u2019aprenentatge d\u2019angl\u00e8s! En aquest espai hi trobareu pautes per aprendre i millorar aquest idioma de manera <strong>aut\u00f2noma<\/strong> i <strong>gratu\u00efta<\/strong>, utilitzant els millors recursos d\u2019Internet i bibliografia recomanada.<\/p>\n<p>Teniu a l\u2019abast moltes eines per practicar l\u2019angl\u00e8s, o per estar-hi en contacte permanent. Estudiar una llengua per compte propi ha deixat de ser treball solitari, i molt menys avorrit!<\/p>\n<p>&nbsp;<\/p>\n<p><img loading=\"lazy\" decoding=\"async\" class=\"alignnone wp-image-2987\" src=\"https:\/\/www.ub.edu\/idiomesb2\/wp-content\/uploads\/2016\/02\/Welcome.jpg\" alt=\"welcome\" width=\"455\" height=\"61\" srcset=\"https:\/\/www.ub.edu\/idiomesb2\/wp-content\/uploads\/2016\/02\/Welcome.jpg 962w, https:\/\/www.ub.edu\/idiomesb2\/wp-content\/uploads\/2016\/02\/Welcome-300x40.jpg 300w\" sizes=\"auto, (max-width: 455px) 100vw, 455px\" \/>[\/vc_column_text][\/vc_column][\/vc_row][vc_row][vc_column][vc_video link=&#8221;https:\/\/www.youtube.com\/watch?v=dwrJa9_EZ18&#8243; el_width=&#8221;50&#8243;][\/vc_column][\/vc_row]<\/p>\n<\/div>","protected":false},"excerpt":{"rendered":"<p>[vc_row][vc_column][vc_column_text]Benvinguts a la guia d\u2019aprenentatge d\u2019angl\u00e8s! En aquest espai hi trobareu pautes per aprendre i millorar aquest idioma de manera aut\u00f2noma i gratu\u00efta, utilitzant els millors recursos d\u2019Internet i bibliografia recomanada. Teniu a l\u2019abast moltes eines per practicar l\u2019angl\u00e8s, o per estar-hi en contacte permanent. Estudiar una llengua per compte propi ha deixat de ser <a class=\"more-link\" href=\"https:\/\/www.ub.edu\/idiomesb2\/angles\/\">Continue reading <i class=\"fa fa-chevron-right\"><\/i><\/a><\/p>\n","protected":false},"author":2,"featured_media":0,"parent":0,"menu_order":0,"comment_status":"closed","ping_status":"closed","template":"page-angles.php","meta":{"footnotes":""},"class_list":["post-9","page","type-page","status-publish","hentry"],"_links":{"self":[{"href":"https:\/\/www.ub.edu\/idiomesb2\/wp-json\/wp\/v2\/pages\/9","targetHints":{"allow":["GET"]}}],"collection":[{"href":"https:\/\/www.ub.edu\/idiomesb2\/wp-json\/wp\/v2\/pages"}],"about":[{"href":"https:\/\/www.ub.edu\/idiomesb2\/wp-json\/wp\/v2\/types\/page"}],"author":[{"embeddable":true,"href":"https:\/\/www.ub.edu\/idiomesb2\/wp-json\/wp\/v2\/users\/2"}],"replies":[{"embeddable":true,"href":"https:\/\/www.ub.edu\/idiomesb2\/wp-json\/wp\/v2\/comments?post=9"}],"version-history":[{"count":7,"href":"https:\/\/www.ub.edu\/idiomesb2\/wp-json\/wp\/v2\/pages\/9\/revisions"}],"predecessor-version":[{"id":4434,"href":"https:\/\/www.ub.edu\/idiomesb2\/wp-json\/wp\/v2\/pages\/9\/revisions\/4434"}],"wp:attachment":[{"href":"https:\/\/www.ub.edu\/idiomesb2\/wp-json\/wp\/v2\/media?parent=9"}],"curies":[{"name":"wp","href":"https:\/\/api.w.org\/{rel}","templated":true}]}}