{"id":263,"date":"2024-06-17T12:49:46","date_gmt":"2024-06-17T10:49:46","guid":{"rendered":"https:\/\/www.ub.edu\/idp-educacio\/?page_id=263"},"modified":"2025-03-04T16:55:02","modified_gmt":"2025-03-04T15:55:02","slug":"r","status":"publish","type":"page","link":"https:\/\/www.ub.edu\/idp-educacio\/r\/","title":{"rendered":"Recursos Compet\u00e8ncia Digital"},"content":{"rendered":"\n<p><\/p>\n\n\n\n<p>INTEL\u00b7LIG\u00c8NCIA ARTIFICIAL<\/p>\n\n\n\n<p>La <strong>intel\u00b7lig\u00e8ncia artificial<\/strong>, tal com diu<a href=\"https:\/\/educacio.gencat.cat\/web\/.content\/home\/departament\/publicacions\/monografies\/intelligencia-artificial-educacio\/ia-educacio.pdf\"> la guia del Departament d&#8217;Educaci\u00f3<\/a> \u00e9s: <em>el camp de la inform\u00e0tica que desenvolupa i estudia el comportament intel\u00b7ligent de les m\u00e0quines i del programari. El tret distintiu de la IA \u00e9s el desenvolupament d\u2019algorismes que permeten que les m\u00e0quines prenguin decisions intel\u00b7ligents.<\/em><\/p>\n\n\n\n<p>A partir del webinar &#8220;Introdu\u00efm la Intel\u00b7lig\u00e8ncia artificial a les aules&#8221; facilitat per el company de l&#8217;IDP Jos\u00e9 Ram\u00f3n Albiach hem elaborat un document amb un conjunt d&#8217;eines i recursos que poden ser del vostre inter\u00e8s.<\/p>\n\n\n\n<p>Eines digitals que ens ajuden a la nostra tasca a l&#8217;aula \u00e9s un recull de recursos que ens poden ajudar a desenvolupar la nostra compet\u00e8ncia digital com a educadors i que ens poden estalviar temps en la nostra preparaci\u00f3 de continguts educatius. <\/p>\n\n\n\n<p>A partir del webinar  realitzat hem elaborat un document amb un conjunt d&#8217;eines i recursos que poden ser del vostre inter\u00e8s.<\/p>\n\n\n\n<div data-wp-interactive=\"core\/file\" class=\"wp-block-file\"><object data-wp-bind--hidden=\"!state.hasPdfPreview\" hidden class=\"wp-block-file__embed\" data=\"https:\/\/www.ub.edu\/idp-educacio\/wp-content\/uploads\/2024\/06\/webinar-ia.pdf\" type=\"application\/pdf\" style=\"width:100%;height:600px\" aria-label=\"Incrustaci\u00f3 del fitxer webinar-ia.\"><\/object><a id=\"wp-block-file--media-e7e60d62-6572-4551-8fd8-b65f28cffbbd\" href=\"https:\/\/www.ub.edu\/idp-educacio\/wp-content\/uploads\/2024\/06\/webinar-ia.pdf\">webinar-ia<\/a><a href=\"https:\/\/www.ub.edu\/idp-educacio\/wp-content\/uploads\/2024\/06\/webinar-ia.pdf\" class=\"wp-block-file__button wp-element-button\" download aria-describedby=\"wp-block-file--media-e7e60d62-6572-4551-8fd8-b65f28cffbbd\">Baixa<\/a><\/div>\n\n\n\n<div data-wp-interactive=\"core\/file\" class=\"wp-block-file\"><object data-wp-bind--hidden=\"!state.hasPdfPreview\" hidden class=\"wp-block-file__embed\" data=\"https:\/\/www.ub.edu\/idp-educacio\/wp-content\/uploads\/2025\/02\/webinar-Eines-digitals-1-1.pdf\" type=\"application\/pdf\" style=\"width:100%;height:600px\" aria-label=\"Incrustaci\u00f3 del fitxer webinar-Eines-digitals-1-1.\"><\/object><a id=\"wp-block-file--media-5acea869-c80e-4870-a03b-48f40291e731\" href=\"https:\/\/www.ub.edu\/idp-educacio\/wp-content\/uploads\/2025\/02\/webinar-Eines-digitals-1-1.pdf\">webinar-Eines-digitals-1-1<\/a><a href=\"https:\/\/www.ub.edu\/idp-educacio\/wp-content\/uploads\/2025\/02\/webinar-Eines-digitals-1-1.pdf\" class=\"wp-block-file__button wp-element-button\" download aria-describedby=\"wp-block-file--media-5acea869-c80e-4870-a03b-48f40291e731\">Baixa<\/a><\/div>\n","protected":false},"excerpt":{"rendered":"<p>INTEL\u00b7LIG\u00c8NCIA ARTIFICIAL La intel\u00b7lig\u00e8ncia artificial, tal com diu la guia del Departament d&#8217;Educaci\u00f3 \u00e9s: el camp de la inform\u00e0tica que desenvolupa i estudia el comportament intel\u00b7ligent de les m\u00e0quines i del programari. El tret distintiu de la IA \u00e9s el desenvolupament d\u2019algorismes que permeten que les m\u00e0quines prenguin decisions intel\u00b7ligents. A partir del webinar &#8220;Introdu\u00efm [&hellip;]<\/p>\n","protected":false},"author":2,"featured_media":0,"parent":0,"menu_order":0,"comment_status":"closed","ping_status":"closed","template":"","meta":{"footnotes":""},"categories":[12],"tags":[],"class_list":["post-263","page","type-page","status-publish","hentry","category-competencia-digital"],"_links":{"self":[{"href":"https:\/\/www.ub.edu\/idp-educacio\/wp-json\/wp\/v2\/pages\/263","targetHints":{"allow":["GET"]}}],"collection":[{"href":"https:\/\/www.ub.edu\/idp-educacio\/wp-json\/wp\/v2\/pages"}],"about":[{"href":"https:\/\/www.ub.edu\/idp-educacio\/wp-json\/wp\/v2\/types\/page"}],"author":[{"embeddable":true,"href":"https:\/\/www.ub.edu\/idp-educacio\/wp-json\/wp\/v2\/users\/2"}],"replies":[{"embeddable":true,"href":"https:\/\/www.ub.edu\/idp-educacio\/wp-json\/wp\/v2\/comments?post=263"}],"version-history":[{"count":14,"href":"https:\/\/www.ub.edu\/idp-educacio\/wp-json\/wp\/v2\/pages\/263\/revisions"}],"predecessor-version":[{"id":1149,"href":"https:\/\/www.ub.edu\/idp-educacio\/wp-json\/wp\/v2\/pages\/263\/revisions\/1149"}],"wp:attachment":[{"href":"https:\/\/www.ub.edu\/idp-educacio\/wp-json\/wp\/v2\/media?parent=263"}],"wp:term":[{"taxonomy":"category","embeddable":true,"href":"https:\/\/www.ub.edu\/idp-educacio\/wp-json\/wp\/v2\/categories?post=263"},{"taxonomy":"post_tag","embeddable":true,"href":"https:\/\/www.ub.edu\/idp-educacio\/wp-json\/wp\/v2\/tags?post=263"}],"curies":[{"name":"wp","href":"https:\/\/api.w.org\/{rel}","templated":true}]}}