{"id":52,"date":"2024-06-13T09:39:02","date_gmt":"2024-06-13T07:39:02","guid":{"rendered":"https:\/\/www.ub.edu\/idp-educacio\/?page_id=52"},"modified":"2026-04-29T10:21:29","modified_gmt":"2026-04-29T08:21:29","slug":"propostes-formatives","status":"publish","type":"page","link":"https:\/\/www.ub.edu\/idp-educacio\/propostes-formatives\/","title":{"rendered":"Propostes formatives"},"content":{"rendered":"\n<p>\u202f\u00a0Juliols a l&#8217;IDP<\/p>\n\n\n\n<p>L\u2019Institut de Desenvolupament Professional (IDP-ICE) de la Universitat de Barcelona ja ha presentat la seva oferta formativa per als mesos d\u2019estiu del curs 2025-2026, amb una proposta pensada per donar resposta als reptes actuals del sistema educatiu. Aquest conjunt de cursos, adre\u00e7ats principalment a docents d\u2019educaci\u00f3 infantil, prim\u00e0ria, secund\u00e0ria, formaci\u00f3 professional i formaci\u00f3 al llarg de la vida, aposta per la innovaci\u00f3 pedag\u00f2gica, la inclusi\u00f3 i la transformaci\u00f3 digital de l\u2019aula.<\/p>\n\n\n\n<figure class=\"wp-block-image aligncenter size-large\"><a href=\"https:\/\/www.ub.edu\/idp\/web\/ca\/cursos\/estiu202526\"><img loading=\"lazy\" decoding=\"async\" width=\"1024\" height=\"576\" src=\"https:\/\/www.ub.edu\/idp-educacio\/wp-content\/uploads\/2026\/04\/Copia-de-Post-horitzontal-IPSFP_0-1024x576.png\" alt=\"\" class=\"wp-image-1645\" srcset=\"https:\/\/www.ub.edu\/idp-educacio\/wp-content\/uploads\/2026\/04\/Copia-de-Post-horitzontal-IPSFP_0-1024x576.png 1024w, https:\/\/www.ub.edu\/idp-educacio\/wp-content\/uploads\/2026\/04\/Copia-de-Post-horitzontal-IPSFP_0-200x113.png 200w, https:\/\/www.ub.edu\/idp-educacio\/wp-content\/uploads\/2026\/04\/Copia-de-Post-horitzontal-IPSFP_0-768x432.png 768w, https:\/\/www.ub.edu\/idp-educacio\/wp-content\/uploads\/2026\/04\/Copia-de-Post-horitzontal-IPSFP_0-1536x864.png 1536w, https:\/\/www.ub.edu\/idp-educacio\/wp-content\/uploads\/2026\/04\/Copia-de-Post-horitzontal-IPSFP_0.png 1600w\" sizes=\"auto, (max-width: 1024px) 100vw, 1024px\" \/><\/a><\/figure>\n\n\n\n<p>Primavera curs 2025-2026 <\/p>\n\n\n\n<p>Ja tenim disponible l\u2019oferta de formaci\u00f3 de l\u2019IDP per al<strong> <\/strong>tercer trimestre<strong>.<\/strong>&nbsp;<\/p>\n\n\n\n<p>En aquesta nova oferta formativa hi destaquen especialment&nbsp; formacions m\u00e9s extenses de matem\u00e0tiques i llengua<strong>,<\/strong> pensades per aprofundir en la pr\u00e0ctica docent i oferir eines \u00fatils per al dia a dia a l\u2019aula. A m\u00e9s, l\u2019oferta tamb\u00e9 inclou altres cursos i activitats<strong>, <\/strong>que aborden tem\u00e0tiques diverses d\u2019inter\u00e8s per al professorat.&nbsp;<\/p>\n\n\n\n<p>Us convidem a consultar tota la programaci\u00f3 en el p\u00f2ster seg\u00fcent, on hi trobareu la informaci\u00f3 detallada de les diferents propostes formatives.&nbsp;Esperem que hi trobeu formacions que us resultin inspiradores i \u00fatils per continuar creixent professionalment. &nbsp;<\/p>\n\n\n\n<div data-wp-interactive=\"core\/file\" class=\"wp-block-file\"><object data-wp-bind--hidden=\"!state.hasPdfPreview\" hidden class=\"wp-block-file__embed\" data=\"https:\/\/www.ub.edu\/idp-educacio\/wp-content\/uploads\/2026\/03\/formacions-IDP.pdf\" type=\"application\/pdf\" style=\"width:100%;height:620px\" aria-label=\"Incrustaci\u00f3 del fitxer formacions IDP.\"><\/object><a id=\"wp-block-file--media-8b4eb386-ae01-46cf-a068-30c375ae1e85\" href=\"https:\/\/www.ub.edu\/idp-educacio\/wp-content\/uploads\/2026\/03\/formacions-IDP.pdf\">formacions IDP<\/a><a href=\"https:\/\/www.ub.edu\/idp-educacio\/wp-content\/uploads\/2026\/03\/formacions-IDP.pdf\" class=\"wp-block-file__button wp-element-button\" download aria-describedby=\"wp-block-file--media-8b4eb386-ae01-46cf-a068-30c375ae1e85\">Baixa<\/a><\/div>\n\n\n\n<p>Proposta d&#8217;hivern<\/p>\n\n\n\n<figure class=\"wp-block-image size-large is-resized\"><a href=\"https:\/\/www.ub.edu\/idp\/web\/ca\/cursos\/2ntri202526\"><img loading=\"lazy\" decoding=\"async\" width=\"1024\" height=\"576\" src=\"https:\/\/www.ub.edu\/idp-educacio\/wp-content\/uploads\/2026\/03\/Copia-de-Post-horitzontal-IPSFP-1024x576.png\" alt=\"\" class=\"wp-image-1630\" style=\"width:1170px;height:auto\" srcset=\"https:\/\/www.ub.edu\/idp-educacio\/wp-content\/uploads\/2026\/03\/Copia-de-Post-horitzontal-IPSFP-1024x576.png 1024w, https:\/\/www.ub.edu\/idp-educacio\/wp-content\/uploads\/2026\/03\/Copia-de-Post-horitzontal-IPSFP-200x113.png 200w, https:\/\/www.ub.edu\/idp-educacio\/wp-content\/uploads\/2026\/03\/Copia-de-Post-horitzontal-IPSFP-768x432.png 768w, https:\/\/www.ub.edu\/idp-educacio\/wp-content\/uploads\/2026\/03\/Copia-de-Post-horitzontal-IPSFP-1536x864.png 1536w, https:\/\/www.ub.edu\/idp-educacio\/wp-content\/uploads\/2026\/03\/Copia-de-Post-horitzontal-IPSFP.png 1600w\" sizes=\"auto, (max-width: 1024px) 100vw, 1024px\" \/><\/a><\/figure>\n\n\n\n<p>Tardor curs 2025-2026<\/p>\n\n\n\n<figure class=\"wp-block-image size-large is-resized\"><img loading=\"lazy\" decoding=\"async\" width=\"724\" height=\"1024\" src=\"https:\/\/www.ub.edu\/idp-educacio\/wp-content\/uploads\/2026\/03\/Activitats-1r-TR-25-26-724x1024.jpg\" alt=\"\" class=\"wp-image-1611\" style=\"aspect-ratio:0.7070284520132986;width:530px;height:auto\" srcset=\"https:\/\/www.ub.edu\/idp-educacio\/wp-content\/uploads\/2026\/03\/Activitats-1r-TR-25-26-724x1024.jpg 724w, https:\/\/www.ub.edu\/idp-educacio\/wp-content\/uploads\/2026\/03\/Activitats-1r-TR-25-26-141x200.jpg 141w, https:\/\/www.ub.edu\/idp-educacio\/wp-content\/uploads\/2026\/03\/Activitats-1r-TR-25-26-768x1086.jpg 768w, https:\/\/www.ub.edu\/idp-educacio\/wp-content\/uploads\/2026\/03\/Activitats-1r-TR-25-26-1086x1536.jpg 1086w, https:\/\/www.ub.edu\/idp-educacio\/wp-content\/uploads\/2026\/03\/Activitats-1r-TR-25-26-1448x2048.jpg 1448w, https:\/\/www.ub.edu\/idp-educacio\/wp-content\/uploads\/2026\/03\/Activitats-1r-TR-25-26.jpg 1587w\" sizes=\"auto, (max-width: 724px) 100vw, 724px\" \/><\/figure>\n\n\n\n<p>Escola d&#8217;Estiu 2025 <\/p>\n\n\n\n<p>Us oferim el llistat de les nostres propostes d&#8217;estiu  2025. Podeu accedir als enlla\u00e7os dels cursos per tenir m\u00e9s informaci\u00f3.<\/p>\n\n\n\n<figure class=\"wp-block-embed is-type-rich is-provider-canva wp-block-embed-canva\"><div class=\"wp-block-embed__wrapper\">\n<iframe loading=\"lazy\" title=\"activitats escola d&#039;estiu 24-25\" src=\"https:\/\/www.canva.com\/design\/DAGi0NA8wB0\/-uyh3QADbCFCYxDgFweNzg\/view?embed&amp;meta\" height=\"707\" width=\"500\" style=\"border: none; border-radius: 8px; width: 500px; height: 707px;\" allowfullscreen=\"allowfullscreen\" allow=\"fullscreen\"><\/iframe>\n<\/div><\/figure>\n\n\n\n<p><a href=\"https:\/\/www.canva.com\/design\/DAGi0NA8wB0\/-uyh3QADbCFCYxDgFweNzg\/view?utm_content=DAGi0NA8wB0&amp;utm_campaign=designshare&amp;utm_medium=embeds&amp;utm_source=link\" target=\"_blank\" rel=\"noreferrer noopener\">activitats escola d&#8217;estiu 24-25<\/a> <\/p>\n\n\n\n<figure class=\"wp-block-image aligncenter size-full\"><img loading=\"lazy\" decoding=\"async\" width=\"822\" height=\"138\" src=\"https:\/\/www.ub.edu\/idp-educacio\/wp-content\/uploads\/2025\/04\/capfor3rtrim.jpg\" alt=\"\" class=\"wp-image-1188\" srcset=\"https:\/\/www.ub.edu\/idp-educacio\/wp-content\/uploads\/2025\/04\/capfor3rtrim.jpg 822w, https:\/\/www.ub.edu\/idp-educacio\/wp-content\/uploads\/2025\/04\/capfor3rtrim-200x34.jpg 200w, https:\/\/www.ub.edu\/idp-educacio\/wp-content\/uploads\/2025\/04\/capfor3rtrim-768x129.jpg 768w\" sizes=\"auto, (max-width: 822px) 100vw, 822px\" \/><\/figure>\n\n\n\n<p>Ja tenim preparada la proposta formativa del tercer trimestre. Us oferim activitats formatives gratu\u00eftes que tenen per objectiu proporcionar les eines i coneixements necessaris per adaptar-se als canvis i a la transformaci\u00f3 educativa.<\/p>\n\n\n\n<figure class=\"wp-block-embed is-type-rich is-provider-canva wp-block-embed-canva\"><div class=\"wp-block-embed__wrapper\">\n<iframe loading=\"lazy\" title=\"Activitats dept i oferta pr\u00f2pia 3r trimestre 24-25\" src=\"https:\/\/www.canva.com\/design\/DAGh-zO0BMo\/uwRetWQoKgVyS2PgEV6MbA\/view?embed&amp;meta\" height=\"707\" width=\"500\" style=\"border: none; border-radius: 8px; width: 500px; height: 707px;\" allowfullscreen=\"allowfullscreen\" allow=\"fullscreen\"><\/iframe>\n<\/div><\/figure>\n\n\n\n<p><\/p>\n\n\n\n<div data-wp-interactive=\"core\/file\" class=\"wp-block-file\"><object data-wp-bind--hidden=\"!state.hasPdfPreview\" hidden class=\"wp-block-file__embed\" data=\"https:\/\/www.ub.edu\/idp-educacio\/wp-content\/uploads\/2025\/02\/Copia-de-activitats-dept-hivern-1.pdf\" type=\"application\/pdf\" style=\"width:100%;height:1540px\" aria-label=\"Incrustaci\u00f3 del fitxer Copia-de-activitats-dept-hivern-1.\"><\/object><a id=\"wp-block-file--media-6ad31e8e-88b5-408d-93de-ebd31e1ce78f\" href=\"https:\/\/www.ub.edu\/idp-educacio\/wp-content\/uploads\/2025\/02\/Copia-de-activitats-dept-hivern-1.pdf\">Copia-de-activitats-dept-hivern-1<\/a><a href=\"https:\/\/www.ub.edu\/idp-educacio\/wp-content\/uploads\/2025\/02\/Copia-de-activitats-dept-hivern-1.pdf\" class=\"wp-block-file__button wp-element-button\" download aria-describedby=\"wp-block-file--media-6ad31e8e-88b5-408d-93de-ebd31e1ce78f\">Baixa<\/a><\/div>\n\n\n\n<p>Us fem arribar el p\u00f2ster dels webinars gratu\u00efts  que oferim el primer trimestre:<\/p>\n\n\n\n<div data-wp-interactive=\"core\/file\" class=\"wp-block-file\"><object data-wp-bind--hidden=\"!state.hasPdfPreview\" hidden class=\"wp-block-file__embed\" data=\"https:\/\/www.ub.edu\/idp-educacio\/wp-content\/uploads\/2025\/02\/WebinarsIDP1rtrim.pdf\" type=\"application\/pdf\" style=\"width:100%;height:1500px\" aria-label=\"Incrustaci\u00f3 del fitxer WebinarsIDP1rtrim.\"><\/object><a id=\"wp-block-file--media-e1327261-a7ae-4f63-baac-fecdf8177361\" href=\"https:\/\/www.ub.edu\/idp-educacio\/wp-content\/uploads\/2025\/02\/WebinarsIDP1rtrim.pdf\">WebinarsIDP1rtrim<\/a><a href=\"https:\/\/www.ub.edu\/idp-educacio\/wp-content\/uploads\/2025\/02\/WebinarsIDP1rtrim.pdf\" class=\"wp-block-file__button wp-element-button\" download aria-describedby=\"wp-block-file--media-e1327261-a7ae-4f63-baac-fecdf8177361\">Baixa<\/a><\/div>\n\n\n\n<p>Us fem arribar el P\u00f2ster amb l\u2019<strong>oferta formativa gratu\u00efta <\/strong>del 1r trimestre. S\u00f3n <strong>activitats adre\u00e7ades a agents educatius, principalment docents, coorganitzades amb el Departament d\u2019Educaci\u00f3 i <\/strong>relacionades amb els diferents vectors del nou curr\u00edculum.&nbsp;<\/p>\n\n\n\n<p>Al p\u00f2ster podreu consultar el programa de cada activitat i accedir a l\u2019enlla\u00e7 d\u2019inscripci\u00f3 .\u202f\u202fLes inscripcions ja estan obertes, per la qual cosa us animem a reservar la vostra pla\u00e7a el m\u00e9s aviat possible, ja que les places s\u00f3n limitades.\u202f\u202f&nbsp;<\/p>\n\n\n\n<p>Us convidem a compartir aquesta informaci\u00f3 amb els professionals del vostre centre, amb els docents a qui pugui interessar i us animem a participar activament en aquesta enriquidora experi\u00e8ncia formativa .\u202f&nbsp;<\/p>\n\n\n\n<p>Si teniu qualsevol consulta, podeu contactar amb nosaltres a trav\u00e9s del correu electr\u00f2nic <a href=\"mailto:idp.cursos@ub.edu\" target=\"_blank\" rel=\"noreferrer noopener\">idp.cursos@ub.edu<\/a> .&nbsp;<\/p>\n\n\n\n<div data-wp-interactive=\"core\/file\" class=\"wp-block-file\"><object data-wp-bind--hidden=\"!state.hasPdfPreview\" hidden class=\"wp-block-file__embed\" data=\"https:\/\/www.ub.edu\/idp-educacio\/wp-content\/uploads\/2025\/02\/activitats-setembre.pdf\" type=\"application\/pdf\" style=\"width:100%;height:1690px\" aria-label=\"Incrustaci\u00f3 del fitxer activitats-setembre.\"><\/object><a id=\"wp-block-file--media-2ce0ed56-804d-4a9a-83fc-a8371402d7e5\" href=\"https:\/\/www.ub.edu\/idp-educacio\/wp-content\/uploads\/2025\/02\/activitats-setembre.pdf\">activitats-setembre<\/a><a href=\"https:\/\/www.ub.edu\/idp-educacio\/wp-content\/uploads\/2025\/02\/activitats-setembre.pdf\" class=\"wp-block-file__button wp-element-button\" download aria-describedby=\"wp-block-file--media-2ce0ed56-804d-4a9a-83fc-a8371402d7e5\">Baixa<\/a><\/div>\n\n\n\n<p>Hem dissenyat una s\u00e8rie de propostes formatives pels Juliols de l&#8217;IDP.  A continuaci\u00f3 les podeu veure.<\/p>\n\n\n\n<p>El proper curs 2024-2025 el Departament d&#8217;Educaci\u00f3 vol impulsar les matem\u00e0tiques, per aquest motiu el nostre disseny va lligat a un #tangram (joc d&#8217;origen xin\u00e8s) per recon\u00e8ixer aquest \u00e0mbit educatiu.<\/p>\n\n\n\n<figure class=\"wp-block-embed is-type-wp-embed is-provider-genially wp-block-embed-genially\"><div class=\"wp-block-embed__wrapper\">\n<iframe class=\"wp-embedded-content\" sandbox=\"allow-scripts\" security=\"restricted\" title=\"TANGRAM PRESENTATION\" frameborder='0' width='1200' height='675' src='https:\/\/view.genially.com\/666ec0f30ed22f0014020117#?secret=ZovULM1iVF' data-secret='ZovULM1iVF' scrolling='yes'><\/iframe>\n<\/div><\/figure>\n\n\n\n<ul class=\"wp-block-outermost-social-sharing\">\n\n<\/ul>\n\n\n\n<p><\/p>\n","protected":false},"excerpt":{"rendered":"<p>\u202f\u00a0Juliols a l&#8217;IDP L\u2019Institut de Desenvolupament Professional (IDP-ICE) de la Universitat de Barcelona ja ha presentat la seva oferta formativa per als mesos d\u2019estiu del curs 2025-2026, amb una proposta pensada per donar resposta als reptes actuals del sistema educatiu. Aquest conjunt de cursos, adre\u00e7ats principalment a docents d\u2019educaci\u00f3 infantil, prim\u00e0ria, secund\u00e0ria, formaci\u00f3 professional i [&hellip;]<\/p>\n","protected":false},"author":2,"featured_media":0,"parent":0,"menu_order":0,"comment_status":"closed","ping_status":"closed","template":"","meta":{"footnotes":""},"categories":[53,34,55,49,8,10],"tags":[32],"class_list":["post-52","page","type-page","status-publish","hentry","category-aprenetatge-competencial","category-formacio","category-llengues","category-matematiques","category-metodologies","category-qualitat-de-les-llengues","tag-formacio"],"_links":{"self":[{"href":"https:\/\/www.ub.edu\/idp-educacio\/wp-json\/wp\/v2\/pages\/52","targetHints":{"allow":["GET"]}}],"collection":[{"href":"https:\/\/www.ub.edu\/idp-educacio\/wp-json\/wp\/v2\/pages"}],"about":[{"href":"https:\/\/www.ub.edu\/idp-educacio\/wp-json\/wp\/v2\/types\/page"}],"author":[{"embeddable":true,"href":"https:\/\/www.ub.edu\/idp-educacio\/wp-json\/wp\/v2\/users\/2"}],"replies":[{"embeddable":true,"href":"https:\/\/www.ub.edu\/idp-educacio\/wp-json\/wp\/v2\/comments?post=52"}],"version-history":[{"count":56,"href":"https:\/\/www.ub.edu\/idp-educacio\/wp-json\/wp\/v2\/pages\/52\/revisions"}],"predecessor-version":[{"id":1650,"href":"https:\/\/www.ub.edu\/idp-educacio\/wp-json\/wp\/v2\/pages\/52\/revisions\/1650"}],"wp:attachment":[{"href":"https:\/\/www.ub.edu\/idp-educacio\/wp-json\/wp\/v2\/media?parent=52"}],"wp:term":[{"taxonomy":"category","embeddable":true,"href":"https:\/\/www.ub.edu\/idp-educacio\/wp-json\/wp\/v2\/categories?post=52"},{"taxonomy":"post_tag","embeddable":true,"href":"https:\/\/www.ub.edu\/idp-educacio\/wp-json\/wp\/v2\/tags?post=52"}],"curies":[{"name":"wp","href":"https:\/\/api.w.org\/{rel}","templated":true}]}}