{"id":55,"date":"2024-06-13T09:39:26","date_gmt":"2024-06-13T07:39:26","guid":{"rendered":"https:\/\/www.ub.edu\/idp-educacio\/?page_id=55"},"modified":"2026-03-02T10:46:24","modified_gmt":"2026-03-02T09:46:24","slug":"publicacions","status":"publish","type":"page","link":"https:\/\/www.ub.edu\/idp-educacio\/publicacions\/","title":{"rendered":"Publicacions"},"content":{"rendered":"\n<div class=\"wp-block-buttons is-layout-flex wp-block-buttons-is-layout-flex\">\n<div class=\"wp-block-button\"><a class=\"wp-block-button__link has-vivid-red-background-color has-background wp-element-button\">Qualitat de l&#8217;educaci\u00f3 de les lleng\u00fces<\/a><\/div>\n<\/div>\n\n\n\n<div class=\"wp-block-columns is-layout-flex wp-container-core-columns-is-layout-28f84493 wp-block-columns-is-layout-flex\">\n<div class=\"wp-block-column is-layout-flow wp-block-column-is-layout-flow\">\n<figure class=\"wp-block-image aligncenter size-full is-resized\"><a href=\"https:\/\/www.ub.edu\/idp\/web\/ca\/parlar-escriure-i-llegir-experiencies-combatre-el-pessimisme-segona-edicio\"><img loading=\"lazy\" decoding=\"async\" width=\"516\" height=\"691\" src=\"https:\/\/www.ub.edu\/idp-educacio\/wp-content\/uploads\/2026\/03\/parlar.jpg\" alt=\"\" class=\"wp-image-1575\" style=\"width:198px;height:auto\" srcset=\"https:\/\/www.ub.edu\/idp-educacio\/wp-content\/uploads\/2026\/03\/parlar.jpg 516w, https:\/\/www.ub.edu\/idp-educacio\/wp-content\/uploads\/2026\/03\/parlar-149x200.jpg 149w\" sizes=\"auto, (max-width: 516px) 100vw, 516px\" \/><\/a><\/figure>\n<\/div>\n\n\n\n<div class=\"wp-block-column is-layout-flow wp-block-column-is-layout-flow\">\n<figure class=\"wp-block-image aligncenter size-full is-resized\"><a href=\"https:\/\/diposit.ub.edu\/dspace\/handle\/2445\/210746\"><img loading=\"lazy\" decoding=\"async\" width=\"725\" height=\"871\" src=\"https:\/\/www.ub.edu\/idp-educacio\/wp-content\/uploads\/2024\/06\/parlar.png\" alt=\"\" class=\"wp-image-82\" style=\"aspect-ratio:0.8323784229205642;width:217px;height:auto\" srcset=\"https:\/\/www.ub.edu\/idp-educacio\/wp-content\/uploads\/2024\/06\/parlar.png 725w, https:\/\/www.ub.edu\/idp-educacio\/wp-content\/uploads\/2024\/06\/parlar-250x300.png 250w\" sizes=\"auto, (max-width: 725px) 100vw, 725px\" \/><\/a><\/figure>\n<\/div>\n<\/div>\n\n\n\n<div class=\"wp-block-columns is-layout-flex wp-container-core-columns-is-layout-28f84493 wp-block-columns-is-layout-flex\">\n<div class=\"wp-block-column is-layout-flow wp-block-column-is-layout-flow\">\n<p class=\"has-text-align-center\"><a href=\"https:\/\/www.ub.edu\/idp\/web\/ca\/parlar-escriure-i-llegir-experiencies-combatre-el-pessimisme-segona-edicio\">Publicaci\u00f3 Segona Jornada Parlar, escriure i llegir<\/a><\/p>\n<\/div>\n\n\n\n<div class=\"wp-block-column is-layout-flow wp-block-column-is-layout-flow\">\n<p class=\"has-text-align-center\"><a href=\"https:\/\/diposit.ub.edu\/dspace\/handle\/2445\/210746\">Publicaci\u00f3 Primera Jornada Parlar, escriure i llegir<\/a><\/p>\n<\/div>\n<\/div>\n\n\n\n<div class=\"wp-block-columns is-layout-flex wp-container-core-columns-is-layout-28f84493 wp-block-columns-is-layout-flex\">\n<div class=\"wp-block-column is-layout-flow wp-block-column-is-layout-flow\">\n<figure class=\"wp-block-image aligncenter size-full is-resized\"><a href=\"https:\/\/www.ub.edu\/idp\/web\/node\/5634\"><img loading=\"lazy\" decoding=\"async\" width=\"530\" height=\"810\" src=\"https:\/\/www.ub.edu\/idp-educacio\/wp-content\/uploads\/2025\/01\/teachers-19.jpg\" alt=\"\" class=\"wp-image-987\" style=\"aspect-ratio:0.65430752912079;width:190px;height:auto\" srcset=\"https:\/\/www.ub.edu\/idp-educacio\/wp-content\/uploads\/2025\/01\/teachers-19.jpg 530w, https:\/\/www.ub.edu\/idp-educacio\/wp-content\/uploads\/2025\/01\/teachers-19-131x200.jpg 131w\" sizes=\"auto, (max-width: 530px) 100vw, 530px\" \/><\/a><\/figure>\n<\/div>\n\n\n\n<div class=\"wp-block-column is-layout-flow wp-block-column-is-layout-flow\">\n<figure class=\"wp-block-image aligncenter size-full is-resized\"><a href=\"https:\/\/diposit.ub.edu\/dspace\/handle\/2445\/217511\"><img loading=\"lazy\" decoding=\"async\" width=\"530\" height=\"810\" src=\"https:\/\/www.ub.edu\/idp-educacio\/wp-content\/uploads\/2025\/01\/teachers-19.jpg\" alt=\"\" class=\"wp-image-987\" style=\"aspect-ratio:0.6543271835602611;width:188px;height:auto\" srcset=\"https:\/\/www.ub.edu\/idp-educacio\/wp-content\/uploads\/2025\/01\/teachers-19.jpg 530w, https:\/\/www.ub.edu\/idp-educacio\/wp-content\/uploads\/2025\/01\/teachers-19-131x200.jpg 131w\" sizes=\"auto, (max-width: 530px) 100vw, 530px\" \/><\/a><\/figure>\n<\/div>\n<\/div>\n\n\n\n<div class=\"wp-block-columns is-layout-flex wp-container-core-columns-is-layout-28f84493 wp-block-columns-is-layout-flex\">\n<div class=\"wp-block-column is-layout-flow wp-block-column-is-layout-flow\">\n<p class=\"has-text-align-center\"><a href=\"https:\/\/diposit.ub.edu\/dspace\/handle\/2445\/217511\">Publicaci\u00f3 English Is It n\u00famero 20 mar\u00e7  2026<\/a><\/p>\n<\/div>\n\n\n\n<div class=\"wp-block-column is-layout-flow wp-block-column-is-layout-flow\">\n<p class=\"has-text-align-center\"><a href=\"https:\/\/diposit.ub.edu\/dspace\/handle\/2445\/217511\">Publicaci\u00f3 English Is It n\u00famero 19 gener 2025<\/a><\/p>\n<\/div>\n<\/div>\n\n\n\n<div class=\"wp-block-columns is-layout-flex wp-container-core-columns-is-layout-28f84493 wp-block-columns-is-layout-flex\">\n<div class=\"wp-block-column is-layout-flow wp-block-column-is-layout-flow\">\n<figure class=\"wp-block-image aligncenter size-full is-resized\"><a href=\"https:\/\/diposit.ub.edu\/dspace\/handle\/2445\/204760\"><img loading=\"lazy\" decoding=\"async\" width=\"671\" height=\"826\" src=\"https:\/\/www.ub.edu\/idp-educacio\/wp-content\/uploads\/2024\/06\/english.png\" alt=\"\" class=\"wp-image-81\" style=\"width:220px;height:auto\" srcset=\"https:\/\/www.ub.edu\/idp-educacio\/wp-content\/uploads\/2024\/06\/english.png 671w, https:\/\/www.ub.edu\/idp-educacio\/wp-content\/uploads\/2024\/06\/english-244x300.png 244w\" sizes=\"auto, (max-width: 671px) 100vw, 671px\" \/><\/a><\/figure>\n\n\n\n<p class=\"has-text-align-center\"><a href=\"https:\/\/diposit.ub.edu\/dspace\/handle\/2445\/204760\">Publicaci\u00f3 English Is It (ELT Training Series)<\/a><\/p>\n<\/div>\n\n\n\n<div class=\"wp-block-column is-layout-flow wp-block-column-is-layout-flow\">\n<p class=\"has-text-align-center\"><\/p>\n<\/div>\n<\/div>\n\n\n\n<div class=\"wp-block-buttons is-layout-flex wp-block-buttons-is-layout-flex\">\n<div class=\"wp-block-button\"><a class=\"wp-block-button__link has-luminous-vivid-amber-background-color has-background wp-element-button\">Aprenentatge competencial<\/a><\/div>\n<\/div>\n\n\n\n<p class=\"has-large-font-size\"><\/p>\n\n\n\n<div class=\"wp-block-columns is-layout-flex wp-container-core-columns-is-layout-28f84493 wp-block-columns-is-layout-flex\">\n<div class=\"wp-block-column is-layout-flow wp-block-column-is-layout-flow\">\n<div class=\"wp-block-columns is-layout-flex wp-container-core-columns-is-layout-28f84493 wp-block-columns-is-layout-flex\">\n<div class=\"wp-block-column is-layout-flow wp-block-column-is-layout-flow\">\n<figure class=\"wp-block-image aligncenter size-full is-resized\"><a href=\"https:\/\/diposit.ub.edu\/dspace\/handle\/2445\/203628\"><img loading=\"lazy\" decoding=\"async\" width=\"702\" height=\"901\" src=\"https:\/\/www.ub.edu\/idp-educacio\/wp-content\/uploads\/2024\/06\/dinamica.png\" alt=\"\" class=\"wp-image-133\" style=\"width:251px;height:auto\" srcset=\"https:\/\/www.ub.edu\/idp-educacio\/wp-content\/uploads\/2024\/06\/dinamica.png 702w, https:\/\/www.ub.edu\/idp-educacio\/wp-content\/uploads\/2024\/06\/dinamica-234x300.png 234w\" sizes=\"auto, (max-width: 702px) 100vw, 702px\" \/><\/a><\/figure>\n<\/div>\n<\/div>\n<\/div>\n\n\n\n<div class=\"wp-block-column is-layout-flow wp-block-column-is-layout-flow\">\n<figure class=\"wp-block-image aligncenter size-large is-resized\"><a href=\"https:\/\/www.ub.edu\/idp\/web\/ca\/maletes-pedagogiques-abj-transformant-laprenentatge-mitjancant-el-joc-de-taula\"><img loading=\"lazy\" decoding=\"async\" width=\"740\" height=\"1024\" src=\"https:\/\/www.ub.edu\/idp-educacio\/wp-content\/uploads\/2025\/03\/IMG-20250306-WA0003-740x1024.jpg\" alt=\"\" class=\"wp-image-1151\" style=\"width:245px;height:auto\" srcset=\"https:\/\/www.ub.edu\/idp-educacio\/wp-content\/uploads\/2025\/03\/IMG-20250306-WA0003-740x1024.jpg 740w, https:\/\/www.ub.edu\/idp-educacio\/wp-content\/uploads\/2025\/03\/IMG-20250306-WA0003-145x200.jpg 145w, https:\/\/www.ub.edu\/idp-educacio\/wp-content\/uploads\/2025\/03\/IMG-20250306-WA0003-768x1063.jpg 768w, https:\/\/www.ub.edu\/idp-educacio\/wp-content\/uploads\/2025\/03\/IMG-20250306-WA0003-1110x1536.jpg 1110w, https:\/\/www.ub.edu\/idp-educacio\/wp-content\/uploads\/2025\/03\/IMG-20250306-WA0003.jpg 1156w\" sizes=\"auto, (max-width: 740px) 100vw, 740px\" \/><\/a><\/figure>\n<\/div>\n<\/div>\n\n\n\n<div class=\"wp-block-columns is-layout-flex wp-container-core-columns-is-layout-28f84493 wp-block-columns-is-layout-flex\">\n<div class=\"wp-block-column is-layout-flow wp-block-column-is-layout-flow\">\n<p class=\"has-text-align-center\"><a href=\"https:\/\/diposit.ub.edu\/dspace\/handle\/2445\/203628\">Din\u00e0mica fluviotorrencial de la riera de les Arenes (Terrassa)<\/a><\/p>\n<\/div>\n\n\n\n<div class=\"wp-block-column is-layout-flow wp-block-column-is-layout-flow\">\n<p class=\"has-text-align-center\"><a href=\"https:\/\/www.ub.edu\/idp\/web\/ca\/maletes-pedagogiques-abj-transformant-laprenentatge-mitjancant-el-joc-de-taula\">Maletes pedag\u00f2giques ABJ: Transformant l&#8217;aprenentatge mitjan\u00e7ant el joc de taula.<\/a><\/p>\n<\/div>\n<\/div>\n\n\n\n<p class=\"has-text-align-center\"><\/p>\n\n\n\n<div class=\"wp-block-buttons is-layout-flex wp-block-buttons-is-layout-flex\">\n<div class=\"wp-block-button\"><a class=\"wp-block-button__link has-tertiary-background-color has-background wp-element-button\">Ciutadania democr\u00e0tica i consci\u00e8ncia  global<\/a><\/div>\n<\/div>\n\n\n\n<div class=\"wp-block-columns is-layout-flex wp-container-core-columns-is-layout-28f84493 wp-block-columns-is-layout-flex\">\n<div class=\"wp-block-column is-layout-flow wp-block-column-is-layout-flow\">\n<figure class=\"wp-block-image aligncenter size-full is-resized\"><a href=\"https:\/\/diposit.ub.edu\/dspace\/handle\/2445\/213402\"><img loading=\"lazy\" decoding=\"async\" width=\"709\" height=\"831\" src=\"https:\/\/www.ub.edu\/idp-educacio\/wp-content\/uploads\/2024\/07\/publicacio.jpg\" alt=\"\" class=\"wp-image-384\" style=\"aspect-ratio:0.8532010606954884;width:205px;height:auto\" srcset=\"https:\/\/www.ub.edu\/idp-educacio\/wp-content\/uploads\/2024\/07\/publicacio.jpg 709w, https:\/\/www.ub.edu\/idp-educacio\/wp-content\/uploads\/2024\/07\/publicacio-256x300.jpg 256w\" sizes=\"auto, (max-width: 709px) 100vw, 709px\" \/><\/a><\/figure>\n\n\n\n<div class=\"wp-block-columns is-layout-flex wp-container-core-columns-is-layout-28f84493 wp-block-columns-is-layout-flex\">\n<div class=\"wp-block-column is-layout-flow wp-block-column-is-layout-flow\">\n<p class=\"has-text-align-center\"><a href=\"https:\/\/diposit.ub.edu\/dspace\/handle\/2445\/213402\">De la escuela participativa a la sociedad democr\u00e0tia<\/a><\/p>\n\n\n\n<div class=\"wp-block-buttons is-layout-flex wp-block-buttons-is-layout-flex\">\n<div class=\"wp-block-button\"><a class=\"wp-block-button__link has-vivid-green-cyan-background-color has-background wp-element-button\">Benestar emocional<\/a><\/div>\n<\/div>\n<\/div>\n<\/div>\n<\/div>\n\n\n\n<div class=\"wp-block-column is-layout-flow wp-block-column-is-layout-flow\"><\/div>\n<\/div>\n\n\n\n<p class=\"has-large-font-size\"><\/p>\n\n\n\n<div class=\"wp-block-columns is-layout-flex wp-container-core-columns-is-layout-28f84493 wp-block-columns-is-layout-flex\">\n<div class=\"wp-block-column is-layout-flow wp-block-column-is-layout-flow\">\n<figure class=\"wp-block-image aligncenter size-large is-resized\"><a href=\"https:\/\/www.ub.edu\/idp\/web\/ca\/un-centre-que-cuida-guia-practica-de-cura-i-inclusio-en-els-centres-educatius\"><img loading=\"lazy\" decoding=\"async\" width=\"724\" height=\"1024\" src=\"https:\/\/www.ub.edu\/idp-educacio\/wp-content\/uploads\/2025\/02\/cida-724x1024.jpg\" alt=\"\" class=\"wp-image-1110\" style=\"width:216px;height:auto\" srcset=\"https:\/\/www.ub.edu\/idp-educacio\/wp-content\/uploads\/2025\/02\/cida-724x1024.jpg 724w, https:\/\/www.ub.edu\/idp-educacio\/wp-content\/uploads\/2025\/02\/cida-141x200.jpg 141w, https:\/\/www.ub.edu\/idp-educacio\/wp-content\/uploads\/2025\/02\/cida-768x1086.jpg 768w, https:\/\/www.ub.edu\/idp-educacio\/wp-content\/uploads\/2025\/02\/cida-1086x1536.jpg 1086w, https:\/\/www.ub.edu\/idp-educacio\/wp-content\/uploads\/2025\/02\/cida.jpg 1241w\" sizes=\"auto, (max-width: 724px) 100vw, 724px\" \/><\/a><\/figure>\n<\/div>\n\n\n\n<div class=\"wp-block-column is-layout-flow wp-block-column-is-layout-flow\">\n<figure class=\"wp-block-image aligncenter size-full is-resized\"><a href=\"https:\/\/diposit.ub.edu\/server\/api\/core\/bitstreams\/bc75a5a1-780f-4c6f-805c-00fb39c1d67f\/content\"><img loading=\"lazy\" decoding=\"async\" width=\"647\" height=\"945\" src=\"https:\/\/www.ub.edu\/idp-educacio\/wp-content\/uploads\/2026\/03\/cuidar.jpg\" alt=\"\" class=\"wp-image-1576\" style=\"aspect-ratio:0.684662294814205;width:212px;height:auto\" srcset=\"https:\/\/www.ub.edu\/idp-educacio\/wp-content\/uploads\/2026\/03\/cuidar.jpg 647w, https:\/\/www.ub.edu\/idp-educacio\/wp-content\/uploads\/2026\/03\/cuidar-137x200.jpg 137w\" sizes=\"auto, (max-width: 647px) 100vw, 647px\" \/><\/a><\/figure>\n<\/div>\n<\/div>\n\n\n\n<div class=\"wp-block-columns is-layout-flex wp-container-core-columns-is-layout-28f84493 wp-block-columns-is-layout-flex\">\n<div class=\"wp-block-column is-layout-flow wp-block-column-is-layout-flow\">\n<p class=\"has-text-align-center\"><a href=\"https:\/\/www.ub.edu\/idp\/web\/ca\/un-centre-que-cuida-guia-practica-de-cura-i-inclusio-en-els-centres-educatius\">Un centre que cuida: Guia pr\u00e0ctica de cura i inclusi\u00f3 en els centres educatius<\/a><\/p>\n<\/div>\n\n\n\n<div class=\"wp-block-column is-layout-flow wp-block-column-is-layout-flow\">\n<p class=\"has-text-align-center\"><a href=\"https:\/\/diposit.ub.edu\/server\/api\/core\/bitstreams\/bc75a5a1-780f-4c6f-805c-00fb39c1d67f\/content\">Cuidarme, cuidarnos, cuidar la Tierra<\/a><\/p>\n<\/div>\n<\/div>\n","protected":false},"excerpt":{"rendered":"<p>Publicaci\u00f3 Segona Jornada Parlar, escriure i llegir Publicaci\u00f3 Primera Jornada Parlar, escriure i llegir Publicaci\u00f3 English Is It n\u00famero 20 mar\u00e7 2026 Publicaci\u00f3 English Is It n\u00famero 19 gener 2025 Publicaci\u00f3 English Is It (ELT Training Series) Din\u00e0mica fluviotorrencial de la riera de les Arenes (Terrassa) Maletes pedag\u00f2giques ABJ: Transformant l&#8217;aprenentatge mitjan\u00e7ant el joc de [&hellip;]<\/p>\n","protected":false},"author":2,"featured_media":0,"parent":0,"menu_order":0,"comment_status":"closed","ping_status":"closed","template":"","meta":{"footnotes":""},"categories":[],"tags":[],"class_list":["post-55","page","type-page","status-publish","hentry"],"_links":{"self":[{"href":"https:\/\/www.ub.edu\/idp-educacio\/wp-json\/wp\/v2\/pages\/55","targetHints":{"allow":["GET"]}}],"collection":[{"href":"https:\/\/www.ub.edu\/idp-educacio\/wp-json\/wp\/v2\/pages"}],"about":[{"href":"https:\/\/www.ub.edu\/idp-educacio\/wp-json\/wp\/v2\/types\/page"}],"author":[{"embeddable":true,"href":"https:\/\/www.ub.edu\/idp-educacio\/wp-json\/wp\/v2\/users\/2"}],"replies":[{"embeddable":true,"href":"https:\/\/www.ub.edu\/idp-educacio\/wp-json\/wp\/v2\/comments?post=55"}],"version-history":[{"count":36,"href":"https:\/\/www.ub.edu\/idp-educacio\/wp-json\/wp\/v2\/pages\/55\/revisions"}],"predecessor-version":[{"id":1579,"href":"https:\/\/www.ub.edu\/idp-educacio\/wp-json\/wp\/v2\/pages\/55\/revisions\/1579"}],"wp:attachment":[{"href":"https:\/\/www.ub.edu\/idp-educacio\/wp-json\/wp\/v2\/media?parent=55"}],"wp:term":[{"taxonomy":"category","embeddable":true,"href":"https:\/\/www.ub.edu\/idp-educacio\/wp-json\/wp\/v2\/categories?post=55"},{"taxonomy":"post_tag","embeddable":true,"href":"https:\/\/www.ub.edu\/idp-educacio\/wp-json\/wp\/v2\/tags?post=55"}],"curies":[{"name":"wp","href":"https:\/\/api.w.org\/{rel}","templated":true}]}}