{"id":923,"date":"2025-01-08T11:56:20","date_gmt":"2025-01-08T10:56:20","guid":{"rendered":"https:\/\/www.ub.edu\/idp-educacio\/?page_id=923"},"modified":"2025-01-08T13:27:31","modified_gmt":"2025-01-08T12:27:31","slug":"converses-poliedriques","status":"publish","type":"page","link":"https:\/\/www.ub.edu\/idp-educacio\/converses-poliedriques\/","title":{"rendered":"Converses poli\u00e8driques"},"content":{"rendered":"\n<p>L\u2019IPD-ICE UB i l\u2019ICE UAB han dissenyat conjuntament un cicle de converses entre acad\u00e8mics i docents on mitjan\u00e7ant el di\u00e0leg es reflexionar\u00e0 i es construir\u00e0 coneixement sobre temes vinculats a la implementaci\u00f3 dels nous curr\u00edculums d\u2019educaci\u00f3 infantil, educaci\u00f3 b\u00e0sica (prim\u00e0ria i ESO) i batxillerat, l&#8217;enfocament i l&#8217;avaluaci\u00f3 competencials, l&#8217;impuls de la llengua catalana en l\u2019\u00e0mbit escolar, la lectura com a compet\u00e8ncia clau, la&nbsp; personalitzaci\u00f3 de l\u2019aprenentatge com a eina d\u2019inclusi\u00f3 i la cultura i compet\u00e8ncia digital.<\/p>\n\n\n\n<p>Les quatre converses s\u00f3n activitats formatives presencials en format de di\u00e0leg adre\u00e7ades a docents de totes les etapes educatives no universit\u00e0ries.<\/p>\n\n\n\n<figure class=\"wp-block-image size-large is-resized\"><img loading=\"lazy\" decoding=\"async\" width=\"1024\" height=\"768\" src=\"https:\/\/www.ub.edu\/idp-educacio\/wp-content\/uploads\/2025\/01\/Converses-poliedriques.-Dialegs-sobre-educacio-des-de-la-universitat-i-la-practica-docent1-1024x768.jpg\" alt=\"\" class=\"wp-image-952\" style=\"width:1204px;height:auto\" srcset=\"https:\/\/www.ub.edu\/idp-educacio\/wp-content\/uploads\/2025\/01\/Converses-poliedriques.-Dialegs-sobre-educacio-des-de-la-universitat-i-la-practica-docent1-1024x768.jpg 1024w, https:\/\/www.ub.edu\/idp-educacio\/wp-content\/uploads\/2025\/01\/Converses-poliedriques.-Dialegs-sobre-educacio-des-de-la-universitat-i-la-practica-docent1-200x150.jpg 200w, https:\/\/www.ub.edu\/idp-educacio\/wp-content\/uploads\/2025\/01\/Converses-poliedriques.-Dialegs-sobre-educacio-des-de-la-universitat-i-la-practica-docent1-768x576.jpg 768w, https:\/\/www.ub.edu\/idp-educacio\/wp-content\/uploads\/2025\/01\/Converses-poliedriques.-Dialegs-sobre-educacio-des-de-la-universitat-i-la-practica-docent1-1536x1152.jpg 1536w, https:\/\/www.ub.edu\/idp-educacio\/wp-content\/uploads\/2025\/01\/Converses-poliedriques.-Dialegs-sobre-educacio-des-de-la-universitat-i-la-practica-docent1-2048x1536.jpg 2048w\" sizes=\"auto, (max-width: 1024px) 100vw, 1024px\" \/><\/figure>\n\n\n\n<p class=\"has-text-align-center\"><\/p>\n\n\n\n<p class=\"has-vivid-green-cyan-background-color has-background\"><strong>1.  Els centres escolars i el foment del catal\u00e0 a l&#8217;entorn escolar<\/strong><\/p>\n\n\n\n<p><strong>Marina Massaguer i Artur Vidal<\/strong><\/p>\n\n\n\n<p>16 de gener 18:15 &#8211; 20:15 Campus Bellaterra &#8211; UAB<\/p>\n\n\n\n<p>Inscripci\u00f3:<\/p>\n\n\n\n<figure class=\"wp-block-image size-full is-resized\"><img loading=\"lazy\" decoding=\"async\" width=\"122\" height=\"120\" src=\"https:\/\/www.ub.edu\/idp-educacio\/wp-content\/uploads\/2025\/01\/converses-1.jpg\" alt=\"\" class=\"wp-image-924\" style=\"width:128px;height:auto\"\/><\/figure>\n\n\n\n<p><a href=\"https:\/\/aplicacions.gestioeducativa.gencat.cat\/ords\/pls\/soloas\/pk_for_mod_ins.p_for_cons_activitats?p_any=2024-2025&amp;p_codi=9001030012\">Docents XTEC<\/a><\/p>\n\n\n\n<p class=\"has-vivid-green-cyan-background-color has-background\"><strong>2. Personalitzaci\u00f3 de l\u2019aprenentatge com a eina d\u2019inclusi\u00f3 educativa: el treball dels interessos dels alumnes com a estrat\u00e8gia de Personalitzaci\u00f3<\/strong>.<\/p>\n\n\n\n<p><strong>Anna Engel i N\u00f9ria S\u00e0rria<\/strong><\/p>\n\n\n\n<p>23 de gener 18:15 &#8211; 20:15 Campus Mundet &#8211; UB Palau de les Heures<\/p>\n\n\n\n<p>Inscripci\u00f3:<\/p>\n\n\n\n<div class=\"wp-block-columns is-layout-flex wp-container-core-columns-is-layout-28f84493 wp-block-columns-is-layout-flex\">\n<div class=\"wp-block-column is-layout-flow wp-block-column-is-layout-flow\">\n<figure class=\"wp-block-image size-full\"><img loading=\"lazy\" decoding=\"async\" width=\"135\" height=\"124\" src=\"https:\/\/www.ub.edu\/idp-educacio\/wp-content\/uploads\/2025\/01\/converses2-xtec.jpg\" alt=\"\" class=\"wp-image-925\"\/><\/figure>\n<\/div>\n\n\n\n<div class=\"wp-block-column is-layout-flow wp-block-column-is-layout-flow\">\n<figure class=\"wp-block-image size-full\"><img loading=\"lazy\" decoding=\"async\" width=\"122\" height=\"126\" src=\"https:\/\/www.ub.edu\/idp-educacio\/wp-content\/uploads\/2025\/01\/converser-2-gice-1.jpg\" alt=\"\" class=\"wp-image-927\"\/><\/figure>\n<\/div>\n<\/div>\n\n\n\n<div class=\"wp-block-columns is-layout-flex wp-container-core-columns-is-layout-28f84493 wp-block-columns-is-layout-flex\">\n<div class=\"wp-block-column is-layout-flow wp-block-column-is-layout-flow\">\n<p><a href=\"https:\/\/aplicacions.gestioeducativa.gencat.cat\/ords\/pls\/soloas\/pk_for_mod_ins.p_for_cons_activitats?p_any=2024-2025&amp;p_codi=9000160011\">Docents XTEC<\/a><\/p>\n<\/div>\n\n\n\n<div class=\"wp-block-column is-layout-flow wp-block-column-is-layout-flow\">\n<p><a href=\"https:\/\/www.ub.edu\/gidp-matice\/faces\/formatice?curs=60369\">Altres professionals<\/a><\/p>\n<\/div>\n<\/div>\n\n\n\n<p class=\"has-vivid-green-cyan-background-color has-background\"><strong>3. El paper dels docents per facilitar l\u2019aprenentatge<\/strong><\/p>\n\n\n\n<p><strong>Hector Ruiz i Elena Ferro<\/strong><\/p>\n\n\n\n<p>30 de gener 18:15 &#8211; 20:15 Campus Mundet &#8211; UB Palau de les Heures<\/p>\n\n\n\n<p>Inscripci\u00f3:<\/p>\n\n\n\n<div class=\"wp-block-columns is-layout-flex wp-container-core-columns-is-layout-28f84493 wp-block-columns-is-layout-flex\">\n<div class=\"wp-block-column is-layout-flow wp-block-column-is-layout-flow\">\n<figure class=\"wp-block-image size-full\"><img loading=\"lazy\" decoding=\"async\" width=\"122\" height=\"126\" src=\"https:\/\/www.ub.edu\/idp-educacio\/wp-content\/uploads\/2025\/01\/converses-3-xtec.jpg\" alt=\"\" class=\"wp-image-928\"\/><\/figure>\n<\/div>\n\n\n\n<div class=\"wp-block-column is-layout-flow wp-block-column-is-layout-flow\">\n<div class=\"wp-block-columns is-layout-flex wp-container-core-columns-is-layout-28f84493 wp-block-columns-is-layout-flex\">\n<div class=\"wp-block-column is-layout-flow wp-block-column-is-layout-flow\">\n<figure class=\"wp-block-image size-full is-resized\"><img loading=\"lazy\" decoding=\"async\" width=\"122\" height=\"116\" src=\"https:\/\/www.ub.edu\/idp-educacio\/wp-content\/uploads\/2025\/01\/converses-3-gice.jpg\" alt=\"\" class=\"wp-image-929\" style=\"width:126px;height:auto\"\/><\/figure>\n<\/div>\n\n\n\n<div class=\"wp-block-column is-layout-flow wp-block-column-is-layout-flow\"><\/div>\n<\/div>\n<\/div>\n<\/div>\n\n\n\n<div class=\"wp-block-columns is-layout-flex wp-container-core-columns-is-layout-28f84493 wp-block-columns-is-layout-flex\">\n<div class=\"wp-block-column is-layout-flow wp-block-column-is-layout-flow\">\n<p><a href=\"https:\/\/aplicacions.gestioeducativa.gencat.cat\/ords\/pls\/soloas\/pk_for_mod_ins.p_for_cons_activitats?p_any=2024-2025&amp;p_codi=9000190011\">Docents XTEC<\/a><\/p>\n<\/div>\n\n\n\n<div class=\"wp-block-column is-layout-flow wp-block-column-is-layout-flow\">\n<p><a href=\"https:\/\/www.ub.edu\/gidp-matice\/faces\/formatice?curs=60373\">Altres professionals<\/a><\/p>\n<\/div>\n<\/div>\n\n\n\n<p class=\"has-vivid-green-cyan-background-color has-background\"><strong>4. Cultura (digital) de jocs<\/strong><\/p>\n\n\n\n<p><strong>Lucas Ramada i Laura Santacruz<\/strong><\/p>\n\n\n\n<p>27 de febrer 18:15-20:15 Campus Bellaterra- UAB<\/p>\n\n\n\n<p>Inscripci\u00f3:<\/p>\n\n\n\n<figure class=\"wp-block-image size-full\"><img loading=\"lazy\" decoding=\"async\" width=\"135\" height=\"125\" src=\"https:\/\/www.ub.edu\/idp-educacio\/wp-content\/uploads\/2025\/01\/conversa-4.jpg\" alt=\"\" class=\"wp-image-930\"\/><\/figure>\n\n\n\n<p><a href=\"https:\/\/aplicacions.gestioeducativa.gencat.cat\/ords\/pls\/soloas\/pk_for_mod_ins.p_for_cons_activitats?p_any=2024-2025&amp;p_codi=9001030012\">Docents XTEC<\/a><\/p>\n\n\n\n<p>Si vols m\u00e9s informaci\u00f3 pots consultar el <a href=\"https:\/\/www.ub.edu\/idp\/web\/ca\/cursos\/ips\/tardor2024\/converses\">programa<\/a> de totes les converses.<\/p>\n\n\n\n<p><\/p>\n","protected":false},"excerpt":{"rendered":"<p>L\u2019IPD-ICE UB i l\u2019ICE UAB han dissenyat conjuntament un cicle de converses entre acad\u00e8mics i docents on mitjan\u00e7ant el di\u00e0leg es reflexionar\u00e0 i es construir\u00e0 coneixement sobre temes vinculats a la implementaci\u00f3 dels nous curr\u00edculums d\u2019educaci\u00f3 infantil, educaci\u00f3 b\u00e0sica (prim\u00e0ria i ESO) i batxillerat, l&#8217;enfocament i l&#8217;avaluaci\u00f3 competencials, l&#8217;impuls de la llengua catalana en l\u2019\u00e0mbit [&hellip;]<\/p>\n","protected":false},"author":2,"featured_media":0,"parent":0,"menu_order":0,"comment_status":"closed","ping_status":"closed","template":"","meta":{"footnotes":""},"categories":[],"tags":[],"class_list":["post-923","page","type-page","status-publish","hentry"],"_links":{"self":[{"href":"https:\/\/www.ub.edu\/idp-educacio\/wp-json\/wp\/v2\/pages\/923","targetHints":{"allow":["GET"]}}],"collection":[{"href":"https:\/\/www.ub.edu\/idp-educacio\/wp-json\/wp\/v2\/pages"}],"about":[{"href":"https:\/\/www.ub.edu\/idp-educacio\/wp-json\/wp\/v2\/types\/page"}],"author":[{"embeddable":true,"href":"https:\/\/www.ub.edu\/idp-educacio\/wp-json\/wp\/v2\/users\/2"}],"replies":[{"embeddable":true,"href":"https:\/\/www.ub.edu\/idp-educacio\/wp-json\/wp\/v2\/comments?post=923"}],"version-history":[{"count":12,"href":"https:\/\/www.ub.edu\/idp-educacio\/wp-json\/wp\/v2\/pages\/923\/revisions"}],"predecessor-version":[{"id":961,"href":"https:\/\/www.ub.edu\/idp-educacio\/wp-json\/wp\/v2\/pages\/923\/revisions\/961"}],"wp:attachment":[{"href":"https:\/\/www.ub.edu\/idp-educacio\/wp-json\/wp\/v2\/media?parent=923"}],"wp:term":[{"taxonomy":"category","embeddable":true,"href":"https:\/\/www.ub.edu\/idp-educacio\/wp-json\/wp\/v2\/categories?post=923"},{"taxonomy":"post_tag","embeddable":true,"href":"https:\/\/www.ub.edu\/idp-educacio\/wp-json\/wp\/v2\/tags?post=923"}],"curies":[{"name":"wp","href":"https:\/\/api.w.org\/{rel}","templated":true}]}}