{"id":5259,"date":"2018-05-16T21:01:51","date_gmt":"2018-05-16T20:01:37","guid":{"rendered":"http:\/\/www.ub.edu\/imarte\/investigacions\/estades-dinvestigacio\/"},"modified":"2025-01-14T16:20:54","modified_gmt":"2025-01-14T15:20:54","slug":"estades-dinvestigacio","status":"publish","type":"page","link":"https:\/\/www.ub.edu\/imarte\/es\/investigacions\/estades-dinvestigacio\/","title":{"rendered":"Estancias de investigaci\u00f3n"},"content":{"rendered":"<div id=\"pl-5259\"  class=\"panel-layout\" ><div id=\"pg-5259-0\"  class=\"panel-grid panel-no-style\" ><div id=\"pgc-5259-0-0\"  class=\"panel-grid-cell\" ><div id=\"panel-5259-0-0-0\" class=\"so-panel widget widget_imartew_page_title panel-first-child\" data-index=\"0\" ><div\n\t\t\t\n\t\t\tclass=\"so-widget-imartew_page_title so-widget-imartew_page_title-default-0785d86991c3-5259\"\n\t\t\t\n\t\t><h1 class='page-title'>Estancias de investigaci\u00f3n<\/h1><\/div><\/div><div id=\"panel-5259-0-0-1\" class=\"so-panel widget widget_sow-editor\" data-index=\"1\" ><div\n\t\t\t\n\t\t\tclass=\"so-widget-sow-editor so-widget-sow-editor-base\"\n\t\t\t\n\t\t>\n<div class=\"siteorigin-widget-tinymce textwidget\">\n\t<p>Este apartado presenta el trabajo realizado por los\/as investigadores\/as durante las estancias de investigaci\u00f3n en el extranjero.<\/p>\n<\/div>\n<\/div><\/div><div id=\"panel-5259-0-0-2\" class=\"so-panel widget widget_imartew_separator\" data-index=\"2\" ><div\n\t\t\t\n\t\t\tclass=\"so-widget-imartew_separator so-widget-imartew_separator-default-af0eaef6dfd4-5259\"\n\t\t\t\n\t\t><hr class='imarte-separator'\/><\/div><\/div><div id=\"panel-5259-0-0-3\" class=\"so-panel widget widget_sow-editor\" data-index=\"3\" ><div\n\t\t\t\n\t\t\tclass=\"so-widget-sow-editor so-widget-sow-editor-base\"\n\t\t\t\n\t\t>\n<div class=\"siteorigin-widget-tinymce textwidget\">\n\t<p><a href=\"https:\/\/www.ub.edu\/imarte\/investigacions\/estades-dinvestigacio\/eloi-puig\/\"><strong>Eloi Puig<\/strong><\/a> (15.02.2008_01.08.2008) | Akademie der Bildenden K\u00fcnste M\u00fcnchen<\/p>\n<\/div>\n<\/div><\/div><div id=\"panel-5259-0-0-4\" class=\"so-panel widget widget_imartew_image\" data-index=\"4\" ><div\n\t\t\t\n\t\t\tclass=\"so-widget-imartew_image so-widget-imartew_image-default-d75171398898-5259\"\n\t\t\t\n\t\t><figure class='imarte-image'><img loading=\"lazy\" decoding=\"async\" width=\"300\" height=\"217\" src=\"https:\/\/www.ub.edu\/imarte\/nouwp4812017\/wp-content\/uploads\/2025\/01\/eloip_akademie-300x217.jpg\" class=\"attachment-medium size-medium\" alt=\"\" srcset=\"https:\/\/www.ub.edu\/imarte\/nouwp4812017\/wp-content\/uploads\/2025\/01\/eloip_akademie-300x217.jpg 300w, https:\/\/www.ub.edu\/imarte\/nouwp4812017\/wp-content\/uploads\/2025\/01\/eloip_akademie.jpg 710w\" sizes=\"(max-width: 300px) 100vw, 300px\" \/><\/figure><\/div><\/div><div id=\"panel-5259-0-0-5\" class=\"so-panel widget widget_imartew_separator panel-last-child\" data-index=\"5\" ><div\n\t\t\t\n\t\t\tclass=\"so-widget-imartew_separator so-widget-imartew_separator-default-8e67ce3ea29b-5259\"\n\t\t\t\n\t\t><hr class='imarte-separator'\/><\/div><\/div><\/div><\/div><div id=\"pg-5259-1\"  class=\"panel-grid panel-no-style\" ><div id=\"pgc-5259-1-0\"  class=\"panel-grid-cell\" ><div id=\"panel-5259-1-0-0\" class=\"so-panel widget widget_sow-editor panel-first-child\" data-index=\"6\" ><div\n\t\t\t\n\t\t\tclass=\"so-widget-sow-editor so-widget-sow-editor-base\"\n\t\t\t\n\t\t>\n<div class=\"siteorigin-widget-tinymce textwidget\">\n\t<p><a href=\"https:\/\/www.ub.edu\/imarte\/investigacions\/estades-dinvestigacio\/3417-2\/\"><strong>Eug\u00e8nia Agust\u00ed<\/strong><\/a> (15.02.2009_01.08.2009)\u00a0| Akademie der Bildenden K\u00fcnste M\u00fcnchen<\/p>\n<\/div>\n<\/div><\/div><div id=\"panel-5259-1-0-1\" class=\"so-panel widget widget_imartew_image\" data-index=\"7\" ><div\n\t\t\t\n\t\t\tclass=\"so-widget-imartew_image so-widget-imartew_image-default-d75171398898-5259\"\n\t\t\t\n\t\t><figure class='imarte-image'><img loading=\"lazy\" decoding=\"async\" width=\"300\" height=\"205\" src=\"https:\/\/www.ub.edu\/imarte\/nouwp4812017\/wp-content\/uploads\/2025\/01\/euagusti_akademie-300x205.jpg\" class=\"attachment-medium size-medium\" alt=\"\" srcset=\"https:\/\/www.ub.edu\/imarte\/nouwp4812017\/wp-content\/uploads\/2025\/01\/euagusti_akademie-300x205.jpg 300w, https:\/\/www.ub.edu\/imarte\/nouwp4812017\/wp-content\/uploads\/2025\/01\/euagusti_akademie.jpg 764w\" sizes=\"(max-width: 300px) 100vw, 300px\" \/><\/figure><\/div><\/div><div id=\"panel-5259-1-0-2\" class=\"so-panel widget widget_imartew_separator panel-last-child\" data-index=\"8\" ><div\n\t\t\t\n\t\t\tclass=\"so-widget-imartew_separator so-widget-imartew_separator-default-af0eaef6dfd4-5259\"\n\t\t\t\n\t\t><hr class='imarte-separator'\/><\/div><\/div><\/div><\/div><div id=\"pg-5259-2\"  class=\"panel-grid panel-no-style\" ><div id=\"pgc-5259-2-0\"  class=\"panel-grid-cell\" ><div id=\"panel-5259-2-0-0\" class=\"so-panel widget widget_sow-editor panel-first-child\" data-index=\"9\" ><div\n\t\t\t\n\t\t\tclass=\"so-widget-sow-editor so-widget-sow-editor-base\"\n\t\t\t\n\t\t>\n<div class=\"siteorigin-widget-tinymce textwidget\">\n\t<p><strong><a href=\"https:\/\/www.ub.edu\/imarte\/investigacions\/estades-dinvestigacio\/alejandra-lopez-gabrielidis\/\">Alejandra L\u00f3pez Gabrielidis<\/a><\/strong> (15.09.2017_15.12.2017)\u00a0| Universit\u00e9 Rennes 2<\/p>\n<\/div>\n<\/div><\/div><div id=\"panel-5259-2-0-1\" class=\"so-panel widget widget_imartew_image\" data-index=\"10\" ><div\n\t\t\t\n\t\t\tclass=\"so-widget-imartew_image so-widget-imartew_image-default-d75171398898-5259\"\n\t\t\t\n\t\t><figure class='imarte-image'><img loading=\"lazy\" decoding=\"async\" width=\"300\" height=\"225\" src=\"https:\/\/www.ub.edu\/imarte\/nouwp4812017\/wp-content\/uploads\/2025\/01\/alejandra_g_rennes-300x225.jpg\" class=\"attachment-medium size-medium\" alt=\"\" srcset=\"https:\/\/www.ub.edu\/imarte\/nouwp4812017\/wp-content\/uploads\/2025\/01\/alejandra_g_rennes-300x225.jpg 300w, https:\/\/www.ub.edu\/imarte\/nouwp4812017\/wp-content\/uploads\/2025\/01\/alejandra_g_rennes.jpg 768w\" sizes=\"(max-width: 300px) 100vw, 300px\" \/><\/figure><\/div><\/div><div id=\"panel-5259-2-0-2\" class=\"so-panel widget widget_imartew_separator panel-last-child\" data-index=\"11\" ><div\n\t\t\t\n\t\t\tclass=\"so-widget-imartew_separator so-widget-imartew_separator-default-af0eaef6dfd4-5259\"\n\t\t\t\n\t\t><hr class='imarte-separator'\/><\/div><\/div><\/div><\/div><div id=\"pg-5259-3\"  class=\"panel-grid panel-no-style\" ><div id=\"pgc-5259-3-0\"  class=\"panel-grid-cell\" ><div id=\"panel-5259-3-0-0\" class=\"so-panel widget widget_sow-editor panel-first-child\" data-index=\"12\" ><div\n\t\t\t\n\t\t\tclass=\"so-widget-sow-editor so-widget-sow-editor-base\"\n\t\t\t\n\t\t>\n<div class=\"siteorigin-widget-tinymce textwidget\">\n\t<p><a href=\"https:\/\/www.ub.edu\/imarte\/es\/investigacions\/estades-dinvestigacio\/7139-2\/\"><strong>Beatriz Regueira Pons<\/strong><\/a><strong>\u00a0<\/strong>(15.011.2017_15.01.2017)\u00a0|Departamento de Letras da Pontif\u00edcia Universidade Cat\u00f3lica de Rio (PUCRio)<\/p>\n<\/div>\n<\/div><\/div><div id=\"panel-5259-3-0-1\" class=\"so-panel widget widget_imartew_image\" data-index=\"13\" ><div\n\t\t\t\n\t\t\tclass=\"so-widget-imartew_image so-widget-imartew_image-default-d75171398898-5259\"\n\t\t\t\n\t\t><figure class='imarte-image'><img loading=\"lazy\" decoding=\"async\" width=\"300\" height=\"210\" src=\"https:\/\/www.ub.edu\/imarte\/nouwp4812017\/wp-content\/uploads\/2025\/01\/beatriz_r_voices-300x210.jpg\" class=\"attachment-medium size-medium\" alt=\"\" srcset=\"https:\/\/www.ub.edu\/imarte\/nouwp4812017\/wp-content\/uploads\/2025\/01\/beatriz_r_voices-300x210.jpg 300w, https:\/\/www.ub.edu\/imarte\/nouwp4812017\/wp-content\/uploads\/2025\/01\/beatriz_r_voices-1024x715.jpg 1024w, https:\/\/www.ub.edu\/imarte\/nouwp4812017\/wp-content\/uploads\/2025\/01\/beatriz_r_voices-768x537.jpg 768w, https:\/\/www.ub.edu\/imarte\/nouwp4812017\/wp-content\/uploads\/2025\/01\/beatriz_r_voices.jpg 1400w\" sizes=\"(max-width: 300px) 100vw, 300px\" \/><\/figure><\/div><\/div><div id=\"panel-5259-3-0-2\" class=\"so-panel widget widget_imartew_separator panel-last-child\" data-index=\"14\" ><div\n\t\t\t\n\t\t\tclass=\"so-widget-imartew_separator so-widget-imartew_separator-default-af0eaef6dfd4-5259\"\n\t\t\t\n\t\t><hr class='imarte-separator'\/><\/div><\/div><\/div><\/div><div id=\"pg-5259-4\"  class=\"panel-grid panel-no-style\" ><div id=\"pgc-5259-4-0\"  class=\"panel-grid-cell\" ><div id=\"panel-5259-4-0-0\" class=\"so-panel widget widget_sow-editor panel-first-child\" data-index=\"15\" ><div\n\t\t\t\n\t\t\tclass=\"so-widget-sow-editor so-widget-sow-editor-base\"\n\t\t\t\n\t\t>\n<div class=\"siteorigin-widget-tinymce textwidget\">\n\t<p><a href=\"https:\/\/www.ub.edu\/imarte\/es\/investigacions\/estades-dinvestigacio\/mercedes-pimiento\/\"><strong>Mercedes Pimiento<\/strong><\/a>\u00a0 (23.11.2020_14.01.2021) | Centro de Creaci\u00f3n Contempor\u00e1nea de Andaluc\u00eda, C\u00f3rdoba.<\/p>\n<\/div>\n<\/div><\/div><div id=\"panel-5259-4-0-1\" class=\"so-panel widget widget_imartew_image\" data-index=\"16\" ><div\n\t\t\t\n\t\t\tclass=\"so-widget-imartew_image so-widget-imartew_image-default-d75171398898-5259\"\n\t\t\t\n\t\t><figure class='imarte-image'><img loading=\"lazy\" decoding=\"async\" width=\"300\" height=\"200\" src=\"https:\/\/www.ub.edu\/imarte\/nouwp4812017\/wp-content\/uploads\/2025\/01\/mercedes_p-300x200.jpg\" class=\"attachment-medium size-medium\" alt=\"\" srcset=\"https:\/\/www.ub.edu\/imarte\/nouwp4812017\/wp-content\/uploads\/2025\/01\/mercedes_p-300x200.jpg 300w, https:\/\/www.ub.edu\/imarte\/nouwp4812017\/wp-content\/uploads\/2025\/01\/mercedes_p-272x182.jpg 272w, https:\/\/www.ub.edu\/imarte\/nouwp4812017\/wp-content\/uploads\/2025\/01\/mercedes_p.jpg 768w\" sizes=\"(max-width: 300px) 100vw, 300px\" \/><\/figure><\/div><\/div><div id=\"panel-5259-4-0-2\" class=\"so-panel widget widget_imartew_separator panel-last-child\" data-index=\"17\" ><div\n\t\t\t\n\t\t\tclass=\"so-widget-imartew_separator so-widget-imartew_separator-default-af0eaef6dfd4-5259\"\n\t\t\t\n\t\t><hr class='imarte-separator'\/><\/div><\/div><\/div><\/div><div id=\"pg-5259-5\"  class=\"panel-grid panel-no-style\" ><div id=\"pgc-5259-5-0\"  class=\"panel-grid-cell\" ><div id=\"panel-5259-5-0-0\" class=\"so-panel widget widget_sow-editor panel-first-child\" data-index=\"18\" ><div\n\t\t\t\n\t\t\tclass=\"so-widget-sow-editor so-widget-sow-editor-base\"\n\t\t\t\n\t\t>\n<div class=\"siteorigin-widget-tinymce textwidget\">\n\t<p><a href=\"https:\/\/www.ub.edu\/imarte\/investigacions\/estades-dinvestigacio\/\"><strong>Laia Moreto<\/strong> <\/a>(15.09.2022_02.08.2022) | VU PHOTO (Quebec)<\/p>\n<\/div>\n<\/div><\/div><div id=\"panel-5259-5-0-1\" class=\"so-panel widget widget_imartew_image\" data-index=\"19\" ><div\n\t\t\t\n\t\t\tclass=\"so-widget-imartew_image so-widget-imartew_image-default-d75171398898-5259\"\n\t\t\t\n\t\t><figure class='imarte-image'><img loading=\"lazy\" decoding=\"async\" width=\"300\" height=\"197\" src=\"https:\/\/www.ub.edu\/imarte\/nouwp4812017\/wp-content\/uploads\/2025\/01\/laia_moreto-300x197.jpg\" class=\"attachment-medium size-medium\" alt=\"\" srcset=\"https:\/\/www.ub.edu\/imarte\/nouwp4812017\/wp-content\/uploads\/2025\/01\/laia_moreto-300x197.jpg 300w, https:\/\/www.ub.edu\/imarte\/nouwp4812017\/wp-content\/uploads\/2025\/01\/laia_moreto-1024x673.jpg 1024w, https:\/\/www.ub.edu\/imarte\/nouwp4812017\/wp-content\/uploads\/2025\/01\/laia_moreto-768x505.jpg 768w, https:\/\/www.ub.edu\/imarte\/nouwp4812017\/wp-content\/uploads\/2025\/01\/laia_moreto.jpg 1472w\" sizes=\"(max-width: 300px) 100vw, 300px\" \/><\/figure><\/div><\/div><div id=\"panel-5259-5-0-2\" class=\"so-panel widget widget_imartew_separator panel-last-child\" data-index=\"20\" ><div\n\t\t\t\n\t\t\tclass=\"so-widget-imartew_separator so-widget-imartew_separator-default-8e67ce3ea29b-5259\"\n\t\t\t\n\t\t><hr class='imarte-separator'\/><\/div><\/div><\/div><\/div><\/div>","protected":false},"excerpt":{"rendered":"<p>Este apartado presenta el trabajo realizado por los\/as investigadores\/as durante las estancias de investigaci\u00f3n en el extranjero. Eloi Puig (15.02.2008_01.08.2008) | Akademie der Bildenden K\u00fcnste M\u00fcnchen Eug\u00e8nia Agust\u00ed (15.02.2009_01.08.2009)\u00a0| Akademie der Bildenden K\u00fcnste M\u00fcnchen<\/p>\n","protected":false},"author":2,"featured_media":0,"parent":126,"menu_order":2,"comment_status":"closed","ping_status":"closed","template":"","meta":{"_acf_changed":false,"inline_featured_image":false,"footnotes":""},"class_list":["post-5259","page","type-page","status-publish","hentry"," cat-0"],"acf":[],"yoast_head":"<!-- This site is optimized with the Yoast SEO plugin v23.8 - https:\/\/yoast.com\/wordpress\/plugins\/seo\/ -->\n<title>Estancias de investigaci\u00f3n | Imarte<\/title>\n<meta name=\"robots\" content=\"index, follow, max-snippet:-1, max-image-preview:large, max-video-preview:-1\" \/>\n<link rel=\"canonical\" href=\"https:\/\/www.ub.edu\/imarte\/es\/investigacions\/estades-dinvestigacio\/\" \/>\n<meta property=\"og:locale\" content=\"es_ES\" \/>\n<meta property=\"og:type\" content=\"article\" \/>\n<meta property=\"og:title\" content=\"Estancias de investigaci\u00f3n | Imarte\" \/>\n<meta property=\"og:description\" content=\"Este apartado presenta el trabajo realizado por los\/as investigadores\/as durante las estancias de investigaci\u00f3n en el extranjero. Eloi Puig (15.02.2008_01.08.2008) | Akademie der Bildenden K\u00fcnste M\u00fcnchen Eug\u00e8nia Agust\u00ed (15.02.2009_01.08.2009)\u00a0| Akademie der Bildenden K\u00fcnste M\u00fcnchen\" \/>\n<meta property=\"og:url\" content=\"https:\/\/www.ub.edu\/imarte\/es\/investigacions\/estades-dinvestigacio\/\" \/>\n<meta property=\"og:site_name\" content=\"Imarte\" \/>\n<meta property=\"article:modified_time\" content=\"2025-01-14T15:20:54+00:00\" \/>\n<meta name=\"twitter:card\" content=\"summary_large_image\" \/>\n<meta name=\"twitter:label1\" content=\"Tiempo de lectura\" \/>\n\t<meta name=\"twitter:data1\" content=\"2 minutos\" \/>\n<script type=\"application\/ld+json\" class=\"yoast-schema-graph\">{\"@context\":\"https:\/\/schema.org\",\"@graph\":[{\"@type\":\"WebPage\",\"@id\":\"https:\/\/www.ub.edu\/imarte\/es\/investigacions\/estades-dinvestigacio\/\",\"url\":\"https:\/\/www.ub.edu\/imarte\/es\/investigacions\/estades-dinvestigacio\/\",\"name\":\"Estancias de investigaci\u00f3n | Imarte\",\"isPartOf\":{\"@id\":\"https:\/\/www.ub.edu\/imarte\/es\/#website\"},\"datePublished\":\"2018-05-16T20:01:37+00:00\",\"dateModified\":\"2025-01-14T15:20:54+00:00\",\"breadcrumb\":{\"@id\":\"https:\/\/www.ub.edu\/imarte\/es\/investigacions\/estades-dinvestigacio\/#breadcrumb\"},\"inLanguage\":\"es\",\"potentialAction\":[{\"@type\":\"ReadAction\",\"target\":[\"https:\/\/www.ub.edu\/imarte\/es\/investigacions\/estades-dinvestigacio\/\"]}]},{\"@type\":\"BreadcrumbList\",\"@id\":\"https:\/\/www.ub.edu\/imarte\/es\/investigacions\/estades-dinvestigacio\/#breadcrumb\",\"itemListElement\":[{\"@type\":\"ListItem\",\"position\":1,\"name\":\"Home\",\"item\":\"https:\/\/www.ub.edu\/imarte\/es\/\"},{\"@type\":\"ListItem\",\"position\":2,\"name\":\"Investigaciones\",\"item\":\"https:\/\/www.ub.edu\/imarte\/es\/investigacions\/\"},{\"@type\":\"ListItem\",\"position\":3,\"name\":\"Estancias de investigaci\u00f3n\"}]},{\"@type\":\"WebSite\",\"@id\":\"https:\/\/www.ub.edu\/imarte\/es\/#website\",\"url\":\"https:\/\/www.ub.edu\/imarte\/es\/\",\"name\":\"Imarte\",\"description\":\"Grupo de investigaci\u00f3n, arte, ciencia i tecnolog\u00eda.\",\"potentialAction\":[{\"@type\":\"SearchAction\",\"target\":{\"@type\":\"EntryPoint\",\"urlTemplate\":\"https:\/\/www.ub.edu\/imarte\/es\/?s={search_term_string}\"},\"query-input\":{\"@type\":\"PropertyValueSpecification\",\"valueRequired\":true,\"valueName\":\"search_term_string\"}}],\"inLanguage\":\"es\"}]}<\/script>\n<!-- \/ Yoast SEO plugin. -->","yoast_head_json":{"title":"Estancias de investigaci\u00f3n | Imarte","robots":{"index":"index","follow":"follow","max-snippet":"max-snippet:-1","max-image-preview":"max-image-preview:large","max-video-preview":"max-video-preview:-1"},"canonical":"https:\/\/www.ub.edu\/imarte\/es\/investigacions\/estades-dinvestigacio\/","og_locale":"es_ES","og_type":"article","og_title":"Estancias de investigaci\u00f3n | Imarte","og_description":"Este apartado presenta el trabajo realizado por los\/as investigadores\/as durante las estancias de investigaci\u00f3n en el extranjero. Eloi Puig (15.02.2008_01.08.2008) | Akademie der Bildenden K\u00fcnste M\u00fcnchen Eug\u00e8nia Agust\u00ed (15.02.2009_01.08.2009)\u00a0| Akademie der Bildenden K\u00fcnste M\u00fcnchen","og_url":"https:\/\/www.ub.edu\/imarte\/es\/investigacions\/estades-dinvestigacio\/","og_site_name":"Imarte","article_modified_time":"2025-01-14T15:20:54+00:00","twitter_card":"summary_large_image","twitter_misc":{"Tiempo de lectura":"2 minutos"},"schema":{"@context":"https:\/\/schema.org","@graph":[{"@type":"WebPage","@id":"https:\/\/www.ub.edu\/imarte\/es\/investigacions\/estades-dinvestigacio\/","url":"https:\/\/www.ub.edu\/imarte\/es\/investigacions\/estades-dinvestigacio\/","name":"Estancias de investigaci\u00f3n | Imarte","isPartOf":{"@id":"https:\/\/www.ub.edu\/imarte\/es\/#website"},"datePublished":"2018-05-16T20:01:37+00:00","dateModified":"2025-01-14T15:20:54+00:00","breadcrumb":{"@id":"https:\/\/www.ub.edu\/imarte\/es\/investigacions\/estades-dinvestigacio\/#breadcrumb"},"inLanguage":"es","potentialAction":[{"@type":"ReadAction","target":["https:\/\/www.ub.edu\/imarte\/es\/investigacions\/estades-dinvestigacio\/"]}]},{"@type":"BreadcrumbList","@id":"https:\/\/www.ub.edu\/imarte\/es\/investigacions\/estades-dinvestigacio\/#breadcrumb","itemListElement":[{"@type":"ListItem","position":1,"name":"Home","item":"https:\/\/www.ub.edu\/imarte\/es\/"},{"@type":"ListItem","position":2,"name":"Investigaciones","item":"https:\/\/www.ub.edu\/imarte\/es\/investigacions\/"},{"@type":"ListItem","position":3,"name":"Estancias de investigaci\u00f3n"}]},{"@type":"WebSite","@id":"https:\/\/www.ub.edu\/imarte\/es\/#website","url":"https:\/\/www.ub.edu\/imarte\/es\/","name":"Imarte","description":"Grupo de investigaci\u00f3n, arte, ciencia i tecnolog\u00eda.","potentialAction":[{"@type":"SearchAction","target":{"@type":"EntryPoint","urlTemplate":"https:\/\/www.ub.edu\/imarte\/es\/?s={search_term_string}"},"query-input":{"@type":"PropertyValueSpecification","valueRequired":true,"valueName":"search_term_string"}}],"inLanguage":"es"}]}},"_links":{"self":[{"href":"https:\/\/www.ub.edu\/imarte\/es\/wp-json\/wp\/v2\/pages\/5259"}],"collection":[{"href":"https:\/\/www.ub.edu\/imarte\/es\/wp-json\/wp\/v2\/pages"}],"about":[{"href":"https:\/\/www.ub.edu\/imarte\/es\/wp-json\/wp\/v2\/types\/page"}],"author":[{"embeddable":true,"href":"https:\/\/www.ub.edu\/imarte\/es\/wp-json\/wp\/v2\/users\/2"}],"replies":[{"embeddable":true,"href":"https:\/\/www.ub.edu\/imarte\/es\/wp-json\/wp\/v2\/comments?post=5259"}],"version-history":[{"count":2,"href":"https:\/\/www.ub.edu\/imarte\/es\/wp-json\/wp\/v2\/pages\/5259\/revisions"}],"predecessor-version":[{"id":15911,"href":"https:\/\/www.ub.edu\/imarte\/es\/wp-json\/wp\/v2\/pages\/5259\/revisions\/15911"}],"up":[{"embeddable":true,"href":"https:\/\/www.ub.edu\/imarte\/es\/wp-json\/wp\/v2\/pages\/126"}],"wp:attachment":[{"href":"https:\/\/www.ub.edu\/imarte\/es\/wp-json\/wp\/v2\/media?parent=5259"}],"curies":[{"name":"wp","href":"https:\/\/api.w.org\/{rel}","templated":true}]}}