{"id":13892,"date":"2024-06-19T09:08:13","date_gmt":"2024-06-19T08:08:13","guid":{"rendered":"https:\/\/www.ub.edu\/imarte\/?page_id=13892"},"modified":"2024-10-20T17:03:23","modified_gmt":"2024-10-20T16:03:23","slug":"historic","status":"publish","type":"page","link":"https:\/\/www.ub.edu\/imarte\/historic\/","title":{"rendered":"Hist\u00f2ric"},"content":{"rendered":"<div id=\"pl-13892\"  class=\"panel-layout\" ><div id=\"pg-13892-0\"  class=\"panel-grid panel-no-style\" ><div id=\"pgc-13892-0-0\"  class=\"panel-grid-cell\" ><div id=\"panel-13892-0-0-0\" class=\"so-panel widget widget_imartew_children_content panel-first-child panel-last-child\" data-index=\"0\" ><div\n\t\t\t\n\t\t\tclass=\"so-widget-imartew_children_content so-widget-imartew_children_content-default-d75171398898-13892\"\n\t\t\t\n\t\t><div id=\"pl-173\"  class=\"panel-layout\" ><div id=\"pg-173-0\"  class=\"panel-grid panel-no-style\" ><div id=\"pgc-173-0-0\"  class=\"panel-grid-cell\" ><div id=\"panel-173-0-0-0\" class=\"so-panel widget widget_imartew_page_title panel-first-child panel-last-child\" data-index=\"0\" ><div\n\t\t\t\n\t\t\tclass=\"so-widget-imartew_page_title so-widget-imartew_page_title-default-0785d86991c3-173\"\n\t\t\t\n\t\t><h2 class='page-title'>Doctorats<\/h1><\/div><\/div><\/div><\/div><div id=\"pg-173-1\"  class=\"panel-grid panel-no-style\" ><div id=\"pgc-173-1-0\"  class=\"panel-grid-cell\" ><div id=\"panel-173-1-0-0\" class=\"so-panel widget widget_sow-editor panel-first-child panel-last-child\" data-index=\"1\" ><div\n\t\t\t\n\t\t\tclass=\"so-widget-sow-editor so-widget-sow-editor-base\"\n\t\t\t\n\t\t>\n<div class=\"siteorigin-widget-tinymce textwidget\">\n\t<div id=\"c519\" class=\"csc-default\">\n<div id=\"c516\" class=\"csc-default\">\n<div class=\"columnGroup twoColumnGroup\">\n<div class=\"column column-1\">\n<div id=\"c517\" class=\"csc-default\">\n<p>En aquest apartat es concentren els bienis de doctorats des de 1999-2001 fins 2005-2007 realitzats en el Dept. de Pintura. Com a grup hem participat activament en la creaci\u00f3 d'una linia d'investigaci\u00f3 que apost\u00e1 des dels seus inicis per indagar en el coneixement de les tecnologies digitals com estrategies creatives i metodol\u00f3giques en projectes d'art.<\/p>\n<p>Paral\u00b7lelament PROSPECCIONS BIN\u00c0RIES ha estat un nucli important dins d'aquests doctorats en la formaci\u00f3 dinvestigadors, el treball desenvolupat i el seu car\u00e0cter interdisciplinar han donat com a resultat excel\u00b7lents projectes cap a la obtenci\u00f3 del Diploma d'Estudis Avan\u00e7ats (DEA).<\/p>\n<p>Des d'aqu\u00ed seguirem informant sobre els nous doctorats vinculats al M\u00e0ster Oficial\u00a0PRODUCCIONS ART\u00cdSTICAS I RECERCA.<\/p>\n<\/div>\n<\/div>\n<\/div>\n<\/div>\n<\/div>\n<\/div>\n<\/div><\/div><\/div><\/div><div id=\"pg-173-2\"  class=\"panel-grid panel-no-style\" ><div id=\"pgc-173-2-0\"  class=\"panel-grid-cell\" ><div id=\"panel-173-2-0-0\" class=\"so-panel widget widget_imartew_separator panel-first-child\" data-index=\"2\" ><div\n\t\t\t\n\t\t\tclass=\"so-widget-imartew_separator so-widget-imartew_separator-default-af0eaef6dfd4-173\"\n\t\t\t\n\t\t><hr class='imarte-separator'\/><\/div><\/div><div id=\"panel-173-2-0-1\" class=\"so-panel widget widget_sow-editor\" data-index=\"3\" ><div\n\t\t\t\n\t\t\tclass=\"so-widget-sow-editor so-widget-sow-editor-base\"\n\t\t\t\n\t\t>\n<div class=\"siteorigin-widget-tinymce textwidget\">\n\t<h3><a href=\"http:\/\/www.ub.edu\/doctorat_eapa\/\">Doctorat en curs<\/a><\/h3>\n<\/div>\n<\/div><\/div><div id=\"panel-173-2-0-2\" class=\"so-panel widget widget_imartew_related_pages_menu panel-last-child\" data-index=\"4\" ><div\n\t\t\t\n\t\t\tclass=\"so-widget-imartew_related_pages_menu so-widget-imartew_related_pages_menu-default-d75171398898-173\"\n\t\t\t\n\t\t><ul class='imarte-page-menu imarte-page-menu--related imarte-page-menu--list'><li class='imarte-page-menu__li imarte-page-menu__li--1'><a class='imarte-page-menu__item' href='https:\/\/www.ub.edu\/imarte\/historic\/doctorats\/doctorats-200507\/'>Doctorats 2005\/07<\/a><\/li><li class='imarte-page-menu__li imarte-page-menu__li--1'><a class='imarte-page-menu__item' href='https:\/\/www.ub.edu\/imarte\/historic\/doctorats\/doctorats-200305\/'>Doctorats 2003\/05<\/a><\/li><li class='imarte-page-menu__li imarte-page-menu__li--1'><a class='imarte-page-menu__item' href='https:\/\/www.ub.edu\/imarte\/historic\/doctorats\/doctorats-200103\/'>Doctorats 2001\/03<\/a><\/li><li class='imarte-page-menu__li imarte-page-menu__li--1'><a class='imarte-page-menu__item' href='https:\/\/www.ub.edu\/imarte\/historic\/doctorats\/doctorats-199901\/'>Doctorats 1999\/01<\/a><\/li><\/ul><\/div><\/div><\/div><\/div><\/div><div id=\"pl-218\"  class=\"panel-layout\" ><div id=\"pg-218-0\"  class=\"panel-grid panel-no-style\" ><div id=\"pgc-218-0-0\"  class=\"panel-grid-cell\" ><div id=\"panel-218-0-0-0\" class=\"so-panel widget widget_imartew_page_title panel-first-child panel-last-child\" data-index=\"0\" ><div\n\t\t\t\n\t\t\tclass=\"so-widget-imartew_page_title so-widget-imartew_page_title-default-0785d86991c3-218\"\n\t\t\t\n\t\t><h2 class='page-title'>Postgraus<\/h1><\/div><\/div><\/div><\/div><div id=\"pg-218-1\"  class=\"panel-grid panel-no-style\" ><div id=\"pgc-218-1-0\"  class=\"panel-grid-cell\" ><div id=\"panel-218-1-0-0\" class=\"so-panel widget widget_sow-editor panel-first-child panel-last-child\" data-index=\"1\" ><div\n\t\t\t\n\t\t\tclass=\"so-widget-sow-editor so-widget-sow-editor-base\"\n\t\t\t\n\t\t>\n<div class=\"siteorigin-widget-tinymce textwidget\">\n\t<p>Presentem en aquest apartat tots els continguts dels postgraus generats des del nostre equip d'investigaci\u00f3, que van significar un gran avan\u00e7 en el coneixement sobre el que seria posteriormnt una de les l\u00ednies d'investigaci\u00f3 dels nostres projectes I+D (Ministeri) i SGR (Generalitat de Catalunya).<\/p>\n<\/div>\n<\/div><\/div><\/div><\/div><div id=\"pg-218-2\"  class=\"panel-grid panel-no-style\" ><div id=\"pgc-218-2-0\"  class=\"panel-grid-cell\" ><div id=\"panel-218-2-0-0\" class=\"so-panel widget widget_imartew_separator panel-first-child panel-last-child\" data-index=\"2\" ><div\n\t\t\t\n\t\t\tclass=\"so-widget-imartew_separator so-widget-imartew_separator-default-af0eaef6dfd4-218\"\n\t\t\t\n\t\t><hr class='imarte-separator'\/><\/div><\/div><\/div><\/div><div id=\"pg-218-3\"  class=\"panel-grid panel-no-style\" ><div id=\"pgc-218-3-0\"  class=\"panel-grid-cell\" ><div id=\"panel-218-3-0-0\" class=\"so-panel widget widget_imartew_related_pages_menu panel-first-child panel-last-child\" data-index=\"3\" ><div\n\t\t\t\n\t\t\tclass=\"so-widget-imartew_related_pages_menu so-widget-imartew_related_pages_menu-default-d75171398898-218\"\n\t\t\t\n\t\t><ul class='imarte-page-menu imarte-page-menu--related imarte-page-menu--list'><li class='imarte-page-menu__li imarte-page-menu__li--1'><a class='imarte-page-menu__item' href='https:\/\/www.ub.edu\/imarte\/historic\/postgraus\/postgrau-1999\/'>Postgrau 1999<\/a><\/li><li class='imarte-page-menu__li imarte-page-menu__li--1'><a class='imarte-page-menu__item' href='https:\/\/www.ub.edu\/imarte\/historic\/postgraus\/postgrau-1998\/'>Postgrau 1998<\/a><\/li><\/ul><\/div><\/div><\/div><\/div><\/div><\/div><\/div><\/div><\/div><\/div>","protected":false},"excerpt":{"rendered":"<p>Presentem en aquest apartat tots els continguts dels postgraus generats des del nostre equip d&#8217;investigaci\u00f3, que van significar un gran avan\u00e7 en el coneixement sobre el que seria posteriormnt una de les l\u00ednies d&#8217;investigaci\u00f3 dels nostres projectes I+D (Ministeri) i SGR (Generalitat de Catalunya).<\/p>\n","protected":false},"author":1,"featured_media":0,"parent":0,"menu_order":12,"comment_status":"closed","ping_status":"closed","template":"","meta":{"_acf_changed":false,"inline_featured_image":false,"footnotes":""},"class_list":["post-13892","page","type-page","status-publish","hentry"," cat-0"],"acf":[],"yoast_head":"<!-- This site is optimized with the Yoast SEO plugin v23.8 - https:\/\/yoast.com\/wordpress\/plugins\/seo\/ -->\n<title>Hist\u00f2ric | Imarte<\/title>\n<meta name=\"robots\" content=\"index, follow, max-snippet:-1, max-image-preview:large, max-video-preview:-1\" \/>\n<link rel=\"canonical\" href=\"https:\/\/www.ub.edu\/imarte\/historic\/\" \/>\n<meta property=\"og:locale\" content=\"ca_ES\" \/>\n<meta property=\"og:type\" content=\"article\" \/>\n<meta property=\"og:title\" content=\"Hist\u00f2ric | Imarte\" \/>\n<meta property=\"og:description\" content=\"Presentem en aquest apartat tots els continguts dels postgraus generats des del nostre equip d&#039;investigaci\u00f3, que van significar un gran avan\u00e7 en el coneixement sobre el que seria posteriormnt una de les l\u00ednies d&#039;investigaci\u00f3 dels nostres projectes I+D (Ministeri) i SGR (Generalitat de Catalunya).\" \/>\n<meta property=\"og:url\" content=\"https:\/\/www.ub.edu\/imarte\/historic\/\" \/>\n<meta property=\"og:site_name\" content=\"Imarte\" \/>\n<meta property=\"article:modified_time\" content=\"2024-10-20T16:03:23+00:00\" \/>\n<meta name=\"twitter:card\" content=\"summary_large_image\" \/>\n<script type=\"application\/ld+json\" class=\"yoast-schema-graph\">{\"@context\":\"https:\/\/schema.org\",\"@graph\":[{\"@type\":\"WebPage\",\"@id\":\"https:\/\/www.ub.edu\/imarte\/historic\/\",\"url\":\"https:\/\/www.ub.edu\/imarte\/historic\/\",\"name\":\"Hist\u00f2ric | Imarte\",\"isPartOf\":{\"@id\":\"https:\/\/www.ub.edu\/imarte\/#website\"},\"datePublished\":\"2024-06-19T08:08:13+00:00\",\"dateModified\":\"2024-10-20T16:03:23+00:00\",\"breadcrumb\":{\"@id\":\"https:\/\/www.ub.edu\/imarte\/historic\/#breadcrumb\"},\"inLanguage\":\"ca\",\"potentialAction\":[{\"@type\":\"ReadAction\",\"target\":[\"https:\/\/www.ub.edu\/imarte\/historic\/\"]}]},{\"@type\":\"BreadcrumbList\",\"@id\":\"https:\/\/www.ub.edu\/imarte\/historic\/#breadcrumb\",\"itemListElement\":[{\"@type\":\"ListItem\",\"position\":1,\"name\":\"Home\",\"item\":\"https:\/\/www.ub.edu\/imarte\/\"},{\"@type\":\"ListItem\",\"position\":2,\"name\":\"Hist\u00f2ric\"}]},{\"@type\":\"WebSite\",\"@id\":\"https:\/\/www.ub.edu\/imarte\/#website\",\"url\":\"https:\/\/www.ub.edu\/imarte\/\",\"name\":\"Imarte\",\"description\":\"Grup d&#039;investigaci\u00f3, art, ci\u00e8ncia i tecnologia.\",\"potentialAction\":[{\"@type\":\"SearchAction\",\"target\":{\"@type\":\"EntryPoint\",\"urlTemplate\":\"https:\/\/www.ub.edu\/imarte\/?s={search_term_string}\"},\"query-input\":{\"@type\":\"PropertyValueSpecification\",\"valueRequired\":true,\"valueName\":\"search_term_string\"}}],\"inLanguage\":\"ca\"}]}<\/script>\n<!-- \/ Yoast SEO plugin. -->","yoast_head_json":{"title":"Hist\u00f2ric | Imarte","robots":{"index":"index","follow":"follow","max-snippet":"max-snippet:-1","max-image-preview":"max-image-preview:large","max-video-preview":"max-video-preview:-1"},"canonical":"https:\/\/www.ub.edu\/imarte\/historic\/","og_locale":"ca_ES","og_type":"article","og_title":"Hist\u00f2ric | Imarte","og_description":"Presentem en aquest apartat tots els continguts dels postgraus generats des del nostre equip d'investigaci\u00f3, que van significar un gran avan\u00e7 en el coneixement sobre el que seria posteriormnt una de les l\u00ednies d'investigaci\u00f3 dels nostres projectes I+D (Ministeri) i SGR (Generalitat de Catalunya).","og_url":"https:\/\/www.ub.edu\/imarte\/historic\/","og_site_name":"Imarte","article_modified_time":"2024-10-20T16:03:23+00:00","twitter_card":"summary_large_image","schema":{"@context":"https:\/\/schema.org","@graph":[{"@type":"WebPage","@id":"https:\/\/www.ub.edu\/imarte\/historic\/","url":"https:\/\/www.ub.edu\/imarte\/historic\/","name":"Hist\u00f2ric | Imarte","isPartOf":{"@id":"https:\/\/www.ub.edu\/imarte\/#website"},"datePublished":"2024-06-19T08:08:13+00:00","dateModified":"2024-10-20T16:03:23+00:00","breadcrumb":{"@id":"https:\/\/www.ub.edu\/imarte\/historic\/#breadcrumb"},"inLanguage":"ca","potentialAction":[{"@type":"ReadAction","target":["https:\/\/www.ub.edu\/imarte\/historic\/"]}]},{"@type":"BreadcrumbList","@id":"https:\/\/www.ub.edu\/imarte\/historic\/#breadcrumb","itemListElement":[{"@type":"ListItem","position":1,"name":"Home","item":"https:\/\/www.ub.edu\/imarte\/"},{"@type":"ListItem","position":2,"name":"Hist\u00f2ric"}]},{"@type":"WebSite","@id":"https:\/\/www.ub.edu\/imarte\/#website","url":"https:\/\/www.ub.edu\/imarte\/","name":"Imarte","description":"Grup d&#039;investigaci\u00f3, art, ci\u00e8ncia i tecnologia.","potentialAction":[{"@type":"SearchAction","target":{"@type":"EntryPoint","urlTemplate":"https:\/\/www.ub.edu\/imarte\/?s={search_term_string}"},"query-input":{"@type":"PropertyValueSpecification","valueRequired":true,"valueName":"search_term_string"}}],"inLanguage":"ca"}]}},"_links":{"self":[{"href":"https:\/\/www.ub.edu\/imarte\/wp-json\/wp\/v2\/pages\/13892"}],"collection":[{"href":"https:\/\/www.ub.edu\/imarte\/wp-json\/wp\/v2\/pages"}],"about":[{"href":"https:\/\/www.ub.edu\/imarte\/wp-json\/wp\/v2\/types\/page"}],"author":[{"embeddable":true,"href":"https:\/\/www.ub.edu\/imarte\/wp-json\/wp\/v2\/users\/1"}],"replies":[{"embeddable":true,"href":"https:\/\/www.ub.edu\/imarte\/wp-json\/wp\/v2\/comments?post=13892"}],"version-history":[{"count":1,"href":"https:\/\/www.ub.edu\/imarte\/wp-json\/wp\/v2\/pages\/13892\/revisions"}],"predecessor-version":[{"id":13893,"href":"https:\/\/www.ub.edu\/imarte\/wp-json\/wp\/v2\/pages\/13892\/revisions\/13893"}],"wp:attachment":[{"href":"https:\/\/www.ub.edu\/imarte\/wp-json\/wp\/v2\/media?parent=13892"}],"curies":[{"name":"wp","href":"https:\/\/api.w.org\/{rel}","templated":true}]}}