{"id":173,"date":"2018-01-17T17:32:03","date_gmt":"2018-01-17T16:32:41","guid":{"rendered":"http:\/\/www.ub.edu\/imarte\/nouwp4812017\/?page_id=173"},"modified":"2024-06-19T10:09:52","modified_gmt":"2024-06-19T09:09:52","slug":"doctorats","status":"publish","type":"page","link":"https:\/\/www.ub.edu\/imarte\/historic\/doctorats\/","title":{"rendered":"Doctorats"},"content":{"rendered":"<div id=\"pl-173\"  class=\"panel-layout\" ><div id=\"pg-173-0\"  class=\"panel-grid panel-no-style\" ><div id=\"pgc-173-0-0\"  class=\"panel-grid-cell\" ><div id=\"panel-173-0-0-0\" class=\"so-panel widget widget_imartew_page_title panel-first-child panel-last-child\" data-index=\"0\" ><div\n\t\t\t\n\t\t\tclass=\"so-widget-imartew_page_title so-widget-imartew_page_title-default-0785d86991c3-173\"\n\t\t\t\n\t\t><h1 class='page-title'>Doctorats<\/h1><\/div><\/div><\/div><\/div><div id=\"pg-173-1\"  class=\"panel-grid panel-no-style\" ><div id=\"pgc-173-1-0\"  class=\"panel-grid-cell\" ><div id=\"panel-173-1-0-0\" class=\"so-panel widget widget_sow-editor panel-first-child panel-last-child\" data-index=\"1\" ><div\n\t\t\t\n\t\t\tclass=\"so-widget-sow-editor so-widget-sow-editor-base\"\n\t\t\t\n\t\t>\n<div class=\"siteorigin-widget-tinymce textwidget\">\n\t<div id=\"c519\" class=\"csc-default\">\n<div id=\"c516\" class=\"csc-default\">\n<div class=\"columnGroup twoColumnGroup\">\n<div class=\"column column-1\">\n<div id=\"c517\" class=\"csc-default\">\n<p>En aquest apartat es concentren els bienis de doctorats des de 1999-2001 fins 2005-2007 realitzats en el Dept. de Pintura. Com a grup hem participat activament en la creaci\u00f3 d'una linia d'investigaci\u00f3 que apost\u00e1 des dels seus inicis per indagar en el coneixement de les tecnologies digitals com estrategies creatives i metodol\u00f3giques en projectes d'art.<\/p>\n<p>Paral\u00b7lelament PROSPECCIONS BIN\u00c0RIES ha estat un nucli important dins d'aquests doctorats en la formaci\u00f3 dinvestigadors, el treball desenvolupat i el seu car\u00e0cter interdisciplinar han donat com a resultat excel\u00b7lents projectes cap a la obtenci\u00f3 del Diploma d'Estudis Avan\u00e7ats (DEA).<\/p>\n<p>Des d'aqu\u00ed seguirem informant sobre els nous doctorats vinculats al M\u00e0ster Oficial\u00a0PRODUCCIONS ART\u00cdSTICAS I RECERCA.<\/p>\n<\/div>\n<\/div>\n<\/div>\n<\/div>\n<\/div>\n<\/div>\n<\/div><\/div><\/div><\/div><div id=\"pg-173-2\"  class=\"panel-grid panel-no-style\" ><div id=\"pgc-173-2-0\"  class=\"panel-grid-cell\" ><div id=\"panel-173-2-0-0\" class=\"so-panel widget widget_imartew_separator panel-first-child\" data-index=\"2\" ><div\n\t\t\t\n\t\t\tclass=\"so-widget-imartew_separator so-widget-imartew_separator-default-af0eaef6dfd4-173\"\n\t\t\t\n\t\t><hr class='imarte-separator'\/><\/div><\/div><div id=\"panel-173-2-0-1\" class=\"so-panel widget widget_sow-editor\" data-index=\"3\" ><div\n\t\t\t\n\t\t\tclass=\"so-widget-sow-editor so-widget-sow-editor-base\"\n\t\t\t\n\t\t>\n<div class=\"siteorigin-widget-tinymce textwidget\">\n\t<h3><a href=\"http:\/\/www.ub.edu\/doctorat_eapa\/\">Doctorat en curs<\/a><\/h3>\n<\/div>\n<\/div><\/div><div id=\"panel-173-2-0-2\" class=\"so-panel widget widget_imartew_related_pages_menu panel-last-child\" data-index=\"4\" ><div\n\t\t\t\n\t\t\tclass=\"so-widget-imartew_related_pages_menu so-widget-imartew_related_pages_menu-default-d75171398898-173\"\n\t\t\t\n\t\t><ul class='imarte-page-menu imarte-page-menu--related imarte-page-menu--list'><li class='imarte-page-menu__li imarte-page-menu__li--1'><a class='imarte-page-menu__item' href='https:\/\/www.ub.edu\/imarte\/historic\/doctorats\/doctorats-200507\/'>Doctorats 2005\/07<\/a><\/li><li class='imarte-page-menu__li imarte-page-menu__li--1'><a class='imarte-page-menu__item' href='https:\/\/www.ub.edu\/imarte\/historic\/doctorats\/doctorats-200305\/'>Doctorats 2003\/05<\/a><\/li><li class='imarte-page-menu__li imarte-page-menu__li--1'><a class='imarte-page-menu__item' href='https:\/\/www.ub.edu\/imarte\/historic\/doctorats\/doctorats-200103\/'>Doctorats 2001\/03<\/a><\/li><li class='imarte-page-menu__li imarte-page-menu__li--1'><a class='imarte-page-menu__item' href='https:\/\/www.ub.edu\/imarte\/historic\/doctorats\/doctorats-199901\/'>Doctorats 1999\/01<\/a><\/li><\/ul><\/div><\/div><\/div><\/div><\/div>","protected":false},"excerpt":{"rendered":"<p>En aquest apartat es concentren els bienis de doctorats des de 1999-2001 fins 2005-2007 realitzats en el Dept. de Pintura. Com a grup hem participat activament en la creaci\u00f3 d&#8217;una linia d&#8217;investigaci\u00f3 que apost\u00e1 des dels seus inicis per indagar en el coneixement de les tecnologies digitals com estrategies creatives i metodol\u00f3giques en projectes d&#8217;art. &hellip; <a href=\"https:\/\/www.ub.edu\/imarte\/historic\/doctorats\/\">Continued<\/a><\/p>\n","protected":false},"author":2,"featured_media":0,"parent":13892,"menu_order":0,"comment_status":"closed","ping_status":"closed","template":"","meta":{"_acf_changed":false,"inline_featured_image":false,"footnotes":""},"class_list":["post-173","page","type-page","status-publish","hentry"," cat-0"],"acf":[],"yoast_head":"<!-- This site is optimized with the Yoast SEO plugin v23.8 - https:\/\/yoast.com\/wordpress\/plugins\/seo\/ -->\n<title>Doctorats | Imarte<\/title>\n<meta name=\"robots\" content=\"index, follow, max-snippet:-1, max-image-preview:large, max-video-preview:-1\" \/>\n<link rel=\"canonical\" href=\"https:\/\/www.ub.edu\/imarte\/historic\/doctorats\/\" \/>\n<meta property=\"og:locale\" content=\"ca_ES\" \/>\n<meta property=\"og:type\" content=\"article\" \/>\n<meta property=\"og:title\" content=\"Doctorats | Imarte\" \/>\n<meta property=\"og:description\" content=\"En aquest apartat es concentren els bienis de doctorats des de 1999-2001 fins 2005-2007 realitzats en el Dept. de Pintura. Com a grup hem participat activament en la creaci\u00f3 d&#039;una linia d&#039;investigaci\u00f3 que apost\u00e1 des dels seus inicis per indagar en el coneixement de les tecnologies digitals com estrategies creatives i metodol\u00f3giques en projectes d&#039;art. &hellip; Continued\" \/>\n<meta property=\"og:url\" content=\"https:\/\/www.ub.edu\/imarte\/historic\/doctorats\/\" \/>\n<meta property=\"og:site_name\" content=\"Imarte\" \/>\n<meta property=\"article:modified_time\" content=\"2024-06-19T09:09:52+00:00\" \/>\n<meta name=\"twitter:card\" content=\"summary_large_image\" \/>\n<meta name=\"twitter:label1\" content=\"Temps estimat de lectura\" \/>\n\t<meta name=\"twitter:data1\" content=\"1 minut\" \/>\n<script type=\"application\/ld+json\" class=\"yoast-schema-graph\">{\"@context\":\"https:\/\/schema.org\",\"@graph\":[{\"@type\":\"WebPage\",\"@id\":\"https:\/\/www.ub.edu\/imarte\/historic\/doctorats\/\",\"url\":\"https:\/\/www.ub.edu\/imarte\/historic\/doctorats\/\",\"name\":\"Doctorats | Imarte\",\"isPartOf\":{\"@id\":\"https:\/\/www.ub.edu\/imarte\/#website\"},\"datePublished\":\"2018-01-17T16:32:41+00:00\",\"dateModified\":\"2024-06-19T09:09:52+00:00\",\"breadcrumb\":{\"@id\":\"https:\/\/www.ub.edu\/imarte\/historic\/doctorats\/#breadcrumb\"},\"inLanguage\":\"ca\",\"potentialAction\":[{\"@type\":\"ReadAction\",\"target\":[\"https:\/\/www.ub.edu\/imarte\/historic\/doctorats\/\"]}]},{\"@type\":\"BreadcrumbList\",\"@id\":\"https:\/\/www.ub.edu\/imarte\/historic\/doctorats\/#breadcrumb\",\"itemListElement\":[{\"@type\":\"ListItem\",\"position\":1,\"name\":\"Home\",\"item\":\"https:\/\/www.ub.edu\/imarte\/\"},{\"@type\":\"ListItem\",\"position\":2,\"name\":\"Hist\u00f2ric\",\"item\":\"https:\/\/www.ub.edu\/imarte\/historic\/\"},{\"@type\":\"ListItem\",\"position\":3,\"name\":\"Doctorats\"}]},{\"@type\":\"WebSite\",\"@id\":\"https:\/\/www.ub.edu\/imarte\/#website\",\"url\":\"https:\/\/www.ub.edu\/imarte\/\",\"name\":\"Imarte\",\"description\":\"Grup d&#039;investigaci\u00f3, art, ci\u00e8ncia i tecnologia.\",\"potentialAction\":[{\"@type\":\"SearchAction\",\"target\":{\"@type\":\"EntryPoint\",\"urlTemplate\":\"https:\/\/www.ub.edu\/imarte\/?s={search_term_string}\"},\"query-input\":{\"@type\":\"PropertyValueSpecification\",\"valueRequired\":true,\"valueName\":\"search_term_string\"}}],\"inLanguage\":\"ca\"}]}<\/script>\n<!-- \/ Yoast SEO plugin. -->","yoast_head_json":{"title":"Doctorats | Imarte","robots":{"index":"index","follow":"follow","max-snippet":"max-snippet:-1","max-image-preview":"max-image-preview:large","max-video-preview":"max-video-preview:-1"},"canonical":"https:\/\/www.ub.edu\/imarte\/historic\/doctorats\/","og_locale":"ca_ES","og_type":"article","og_title":"Doctorats | Imarte","og_description":"En aquest apartat es concentren els bienis de doctorats des de 1999-2001 fins 2005-2007 realitzats en el Dept. de Pintura. Com a grup hem participat activament en la creaci\u00f3 d'una linia d'investigaci\u00f3 que apost\u00e1 des dels seus inicis per indagar en el coneixement de les tecnologies digitals com estrategies creatives i metodol\u00f3giques en projectes d'art. &hellip; Continued","og_url":"https:\/\/www.ub.edu\/imarte\/historic\/doctorats\/","og_site_name":"Imarte","article_modified_time":"2024-06-19T09:09:52+00:00","twitter_card":"summary_large_image","twitter_misc":{"Temps estimat de lectura":"1 minut"},"schema":{"@context":"https:\/\/schema.org","@graph":[{"@type":"WebPage","@id":"https:\/\/www.ub.edu\/imarte\/historic\/doctorats\/","url":"https:\/\/www.ub.edu\/imarte\/historic\/doctorats\/","name":"Doctorats | Imarte","isPartOf":{"@id":"https:\/\/www.ub.edu\/imarte\/#website"},"datePublished":"2018-01-17T16:32:41+00:00","dateModified":"2024-06-19T09:09:52+00:00","breadcrumb":{"@id":"https:\/\/www.ub.edu\/imarte\/historic\/doctorats\/#breadcrumb"},"inLanguage":"ca","potentialAction":[{"@type":"ReadAction","target":["https:\/\/www.ub.edu\/imarte\/historic\/doctorats\/"]}]},{"@type":"BreadcrumbList","@id":"https:\/\/www.ub.edu\/imarte\/historic\/doctorats\/#breadcrumb","itemListElement":[{"@type":"ListItem","position":1,"name":"Home","item":"https:\/\/www.ub.edu\/imarte\/"},{"@type":"ListItem","position":2,"name":"Hist\u00f2ric","item":"https:\/\/www.ub.edu\/imarte\/historic\/"},{"@type":"ListItem","position":3,"name":"Doctorats"}]},{"@type":"WebSite","@id":"https:\/\/www.ub.edu\/imarte\/#website","url":"https:\/\/www.ub.edu\/imarte\/","name":"Imarte","description":"Grup d&#039;investigaci\u00f3, art, ci\u00e8ncia i tecnologia.","potentialAction":[{"@type":"SearchAction","target":{"@type":"EntryPoint","urlTemplate":"https:\/\/www.ub.edu\/imarte\/?s={search_term_string}"},"query-input":{"@type":"PropertyValueSpecification","valueRequired":true,"valueName":"search_term_string"}}],"inLanguage":"ca"}]}},"_links":{"self":[{"href":"https:\/\/www.ub.edu\/imarte\/wp-json\/wp\/v2\/pages\/173"}],"collection":[{"href":"https:\/\/www.ub.edu\/imarte\/wp-json\/wp\/v2\/pages"}],"about":[{"href":"https:\/\/www.ub.edu\/imarte\/wp-json\/wp\/v2\/types\/page"}],"author":[{"embeddable":true,"href":"https:\/\/www.ub.edu\/imarte\/wp-json\/wp\/v2\/users\/2"}],"replies":[{"embeddable":true,"href":"https:\/\/www.ub.edu\/imarte\/wp-json\/wp\/v2\/comments?post=173"}],"version-history":[{"count":5,"href":"https:\/\/www.ub.edu\/imarte\/wp-json\/wp\/v2\/pages\/173\/revisions"}],"predecessor-version":[{"id":13962,"href":"https:\/\/www.ub.edu\/imarte\/wp-json\/wp\/v2\/pages\/173\/revisions\/13962"}],"up":[{"embeddable":true,"href":"https:\/\/www.ub.edu\/imarte\/wp-json\/wp\/v2\/pages\/13892"}],"wp:attachment":[{"href":"https:\/\/www.ub.edu\/imarte\/wp-json\/wp\/v2\/media?parent=173"}],"curies":[{"name":"wp","href":"https:\/\/api.w.org\/{rel}","templated":true}]}}