{"id":253,"date":"2018-01-24T13:10:03","date_gmt":"2018-01-24T12:10:06","guid":{"rendered":"http:\/\/www.ub.edu\/imarte\/nouwp4812017\/?page_id=253"},"modified":"2024-06-19T10:08:11","modified_gmt":"2024-06-19T09:08:11","slug":"postgrau-1999","status":"publish","type":"page","link":"https:\/\/www.ub.edu\/imarte\/historic\/postgraus\/postgrau-1999\/","title":{"rendered":"Postgrau 1999"},"content":{"rendered":"<div id=\"pl-253\"  class=\"panel-layout\" ><div id=\"pg-253-0\"  class=\"panel-grid panel-no-style\" ><div id=\"pgc-253-0-0\"  class=\"panel-grid-cell\" ><div id=\"panel-253-0-0-0\" class=\"so-panel widget widget_imartew_related_pages_menu panel-first-child panel-last-child\" data-index=\"0\" ><div\n\t\t\t\n\t\t\tclass=\"so-widget-imartew_related_pages_menu so-widget-imartew_related_pages_menu-default-d75171398898-253\"\n\t\t\t\n\t\t><nav class='imarte-page-menu imarte-page-menu--related imarte-page-menu--buttons'><a class='imarte-page-menu__item imarte-page-menu__item--btn imarte-btn' href='https:\/\/www.ub.edu\/imarte\/historic\/postgraus\/postgrau-1999\/programa\/'>Programa<\/a><a class='imarte-page-menu__item imarte-page-menu__item--btn imarte-btn' href='https:\/\/www.ub.edu\/imarte\/historic\/postgraus\/postgrau-1999\/conferenciants\/'>Conferenciants<\/a><a class='imarte-page-menu__item imarte-page-menu__item--btn imarte-btn' href='https:\/\/www.ub.edu\/imarte\/historic\/postgraus\/postgrau-1999\/alumnes\/'>Alumnes<\/a><a class='imarte-page-menu__item imarte-page-menu__item--btn imarte-btn' href='https:\/\/www.ub.edu\/imarte\/historic\/postgraus\/postgrau-1999\/professors-i-becaris\/'>Professors i becaris<\/a><\/nav><\/div><\/div><\/div><\/div><div id=\"pg-253-1\"  class=\"panel-grid panel-no-style\" ><div id=\"pgc-253-1-0\"  class=\"panel-grid-cell\" ><div id=\"panel-253-1-0-0\" class=\"so-panel widget widget_sow-editor panel-first-child panel-last-child\" data-index=\"1\" ><div\n\t\t\t\n\t\t\tclass=\"so-widget-sow-editor so-widget-sow-editor-base\"\n\t\t\t\n\t\t>\n<div class=\"siteorigin-widget-tinymce textwidget\">\n\t<div class=\"csc-header csc-header-n1\">\n<h1 class=\"csc-firstHeader centralHeadline\"><span style=\"color: #ff00ff;\">Programa<\/span><\/h1>\n<h3 class=\"csc-firstHeader\">L'Obra gr\u00e0fica avui: De l'empremta gravada a la empremta digital II<\/h3>\n<\/div>\n<div class=\"csc-textpic-text\">\n<p><strong>Del 28 de juny al 3O de juliol de 1999<\/strong><\/p>\n<h5>CURS DE POSTGRAU ORGANITZAT PELS TALLERS DE GRAVAT DEL DEPARTAMENT DE PINTURA DE LA FACULTAT DE BELLES ARTS DE BARCELONA<\/h5>\n<p>El curs de postgrau \"L'obra gr\u00e0fica avui: de l'empremta gravada a l'empremta digital 2\" \u00e9s una aportaci\u00f3 de la Facultat de Belles Arts de Barcelona, al curs de postgrau europeu \"PA&amp;R. European Printmaking Art &amp; Research\" i, est\u00e0 interconnectat amb les seg\u00fcents institucions: \u00c9cole Nationale des Beaux-Arts, Bourges, Fran\u00e7a; Hoschule f\u00fcr Gestaltung, Offenbach am Main, Alemanya; Myndlista-og Handidask\u00f3li \u00edslands. The Icelandic College of Art and Crafts. Reykjav\u00edk, Islandia; Facultat de Belles Arts de Barcelona, Universitat de Barcelona, Barcelona, Espanya; Winchester School of Art, University of Southampton, Winchester, Gran Bretanya.<\/p>\n<h5>Objectius i continguts del curs de postgrau<\/h5>\n<p>Actualment l'obra gr\u00e0fica pren noves vies de resoluci\u00f3 i es despla\u00e7a en altres indrets que no s\u00f3n nom\u00e9s el cos del paper. Arxiu, col\u00b7lecci\u00f3, llibre i exposici\u00f3 virtual s\u00f3n aspectes que les noves tecnologies possibiliten. Aquest nou marc crea l'acc\u00e9s a un m\u00f3n de simulacions interactives on cada \u00e9sser hum\u00e0 pot abocar la seva imaginaci\u00f3 i condensar-la amb l'\u00fas dels nous mitjans.<br \/>Conceptes com ara: l'originalitat, la simulaci\u00f3, la hibridaci\u00f3, la duplicaci\u00f3, l'edici\u00f3, la c\u00f2pia i l'autoria, s\u00f3n elements primordials en el fer gr\u00e0fic que prenen major rellev\u00e0ncia i es q\u00fcestionen de bell nou al relacionar-se amb l'art electr\u00f2nic. Aprofundir en aquests elements que tenen una aparici\u00f3 constant en la nostra tasca art\u00edstica constitueix el focus del nou programa.<\/p>\n<p>Els objectius principals eren:<\/p>\n<ul>\n<li>Continuar desenvolupant un marc de recerca entorn de l'art impr\u00e8s i la tecnologia digital encetat en el curs anterior.<\/li>\n<li>Copsar les interfer\u00e8ncies entre l'obra gr\u00e0fica i l'art digital actual a trav\u00e9s de la pres\u00e8ncia d'especialistes, artistes gr\u00e0fics i artistes multim\u00e8dia.<\/li>\n<li>Realitzaci\u00f3 d'un projecte personal gaudint dels tallers de gravat com un itinerari obert.<\/li>\n<\/ul>\n<h5>Estructura del curs<\/h5>\n<p><strong>1. Temes i debats<\/strong><\/p>\n<ul>\n<li>\"Participaci\u00f3 i interactivitat. Reflexions entorn de l'art electr\u00f2nic\".<br \/>Claudia Giannetti, especialista en Media Art.<\/li>\n<li>\"La imatge digital: All\u00f2 nou ja fet?\"<br \/>Joan Urrios, artista.<\/li>\n<li>\"Tecnologies, \u00e0mbits i estrat\u00e8gies entorn de les accions interactives\".<br \/>Marcel\u00b7l\u00ed Ant\u00fanez, artista multim\u00e8dia.<\/li>\n<\/ul>\n<p><strong>2. Projectes digitals<\/strong><br \/>\u2022 \"Icons, Movies &amp; Words\". Presentaci\u00f3 del mitj\u00e0 digital com a diversificaci\u00f3 de projectes: arxiu, llibre d'artista,<br \/>CD-ROM\u2026 Ricardo Echevarr\u00eda, artista multim\u00e8dia.<br \/>\u2022 Aplicacions infogr\u00e0fiques a projectes serigr\u00e0fics, litogr\u00e0fics i de fotogravat.<\/p>\n<p><strong>3. Tallers oberts<\/strong><br \/>Producci\u00f3 d'obra en un entorn d'experimentaci\u00f3, amb la col\u00b7laboraci\u00f3 dels professors: Eug\u00e8nia Agust\u00ed, Dra. Merc\u00e8 Casanovas, Cristina Past\u00f3, Eloi Puig, Dra. Ant\u00f2nia Vil\u00e0 i Eva Vila.<br \/>Tallers de serigrafia, litografia, gravat i infografia.<\/p>\n<\/div>\n<\/div>\n<\/div><\/div><\/div><\/div><\/div>","protected":false},"excerpt":{"rendered":"<p>Programa L&#8217;Obra gr\u00e0fica avui: De l&#8217;empremta gravada a la empremta digital II Del 28 de juny al 3O de juliol de 1999 CURS DE POSTGRAU ORGANITZAT PELS TALLERS DE GRAVAT DEL DEPARTAMENT DE PINTURA DE LA FACULTAT DE BELLES ARTS DE BARCELONA El curs de postgrau &#8220;L&#8217;obra gr\u00e0fica avui: de l&#8217;empremta gravada a l&#8217;empremta digital &hellip; <a href=\"https:\/\/www.ub.edu\/imarte\/historic\/postgraus\/postgrau-1999\/\">Continued<\/a><\/p>\n","protected":false},"author":2,"featured_media":0,"parent":218,"menu_order":0,"comment_status":"closed","ping_status":"closed","template":"","meta":{"_acf_changed":false,"inline_featured_image":false,"footnotes":""},"class_list":["post-253","page","type-page","status-publish","hentry"," cat-0"],"acf":[],"yoast_head":"<!-- This site is optimized with the Yoast SEO plugin v23.8 - https:\/\/yoast.com\/wordpress\/plugins\/seo\/ -->\n<title>Postgrau 1999 | Imarte<\/title>\n<meta name=\"robots\" content=\"index, follow, max-snippet:-1, max-image-preview:large, max-video-preview:-1\" \/>\n<link rel=\"canonical\" href=\"https:\/\/www.ub.edu\/imarte\/historic\/postgraus\/postgrau-1999\/\" \/>\n<meta property=\"og:locale\" content=\"ca_ES\" \/>\n<meta property=\"og:type\" content=\"article\" \/>\n<meta property=\"og:title\" content=\"Postgrau 1999 | Imarte\" \/>\n<meta property=\"og:description\" content=\"Programa L&#039;Obra gr\u00e0fica avui: De l&#039;empremta gravada a la empremta digital II Del 28 de juny al 3O de juliol de 1999 CURS DE POSTGRAU ORGANITZAT PELS TALLERS DE GRAVAT DEL DEPARTAMENT DE PINTURA DE LA FACULTAT DE BELLES ARTS DE BARCELONA El curs de postgrau &quot;L&#039;obra gr\u00e0fica avui: de l&#039;empremta gravada a l&#039;empremta digital &hellip; Continued\" \/>\n<meta property=\"og:url\" content=\"https:\/\/www.ub.edu\/imarte\/historic\/postgraus\/postgrau-1999\/\" \/>\n<meta property=\"og:site_name\" content=\"Imarte\" \/>\n<meta property=\"article:modified_time\" content=\"2024-06-19T09:08:11+00:00\" \/>\n<meta name=\"twitter:card\" content=\"summary_large_image\" \/>\n<meta name=\"twitter:label1\" content=\"Temps estimat de lectura\" \/>\n\t<meta name=\"twitter:data1\" content=\"3 minuts\" \/>\n<script type=\"application\/ld+json\" class=\"yoast-schema-graph\">{\"@context\":\"https:\/\/schema.org\",\"@graph\":[{\"@type\":\"WebPage\",\"@id\":\"https:\/\/www.ub.edu\/imarte\/historic\/postgraus\/postgrau-1999\/\",\"url\":\"https:\/\/www.ub.edu\/imarte\/historic\/postgraus\/postgrau-1999\/\",\"name\":\"Postgrau 1999 | Imarte\",\"isPartOf\":{\"@id\":\"https:\/\/www.ub.edu\/imarte\/#website\"},\"datePublished\":\"2018-01-24T12:10:06+00:00\",\"dateModified\":\"2024-06-19T09:08:11+00:00\",\"breadcrumb\":{\"@id\":\"https:\/\/www.ub.edu\/imarte\/historic\/postgraus\/postgrau-1999\/#breadcrumb\"},\"inLanguage\":\"ca\",\"potentialAction\":[{\"@type\":\"ReadAction\",\"target\":[\"https:\/\/www.ub.edu\/imarte\/historic\/postgraus\/postgrau-1999\/\"]}]},{\"@type\":\"BreadcrumbList\",\"@id\":\"https:\/\/www.ub.edu\/imarte\/historic\/postgraus\/postgrau-1999\/#breadcrumb\",\"itemListElement\":[{\"@type\":\"ListItem\",\"position\":1,\"name\":\"Home\",\"item\":\"https:\/\/www.ub.edu\/imarte\/\"},{\"@type\":\"ListItem\",\"position\":2,\"name\":\"Hist\u00f2ric\",\"item\":\"https:\/\/www.ub.edu\/imarte\/historic\/\"},{\"@type\":\"ListItem\",\"position\":3,\"name\":\"Postgraus\",\"item\":\"https:\/\/www.ub.edu\/imarte\/historic\/postgraus\/\"},{\"@type\":\"ListItem\",\"position\":4,\"name\":\"Postgrau 1999\"}]},{\"@type\":\"WebSite\",\"@id\":\"https:\/\/www.ub.edu\/imarte\/#website\",\"url\":\"https:\/\/www.ub.edu\/imarte\/\",\"name\":\"Imarte\",\"description\":\"Grup d&#039;investigaci\u00f3, art, ci\u00e8ncia i tecnologia.\",\"potentialAction\":[{\"@type\":\"SearchAction\",\"target\":{\"@type\":\"EntryPoint\",\"urlTemplate\":\"https:\/\/www.ub.edu\/imarte\/?s={search_term_string}\"},\"query-input\":{\"@type\":\"PropertyValueSpecification\",\"valueRequired\":true,\"valueName\":\"search_term_string\"}}],\"inLanguage\":\"ca\"}]}<\/script>\n<!-- \/ Yoast SEO plugin. -->","yoast_head_json":{"title":"Postgrau 1999 | Imarte","robots":{"index":"index","follow":"follow","max-snippet":"max-snippet:-1","max-image-preview":"max-image-preview:large","max-video-preview":"max-video-preview:-1"},"canonical":"https:\/\/www.ub.edu\/imarte\/historic\/postgraus\/postgrau-1999\/","og_locale":"ca_ES","og_type":"article","og_title":"Postgrau 1999 | Imarte","og_description":"Programa L'Obra gr\u00e0fica avui: De l'empremta gravada a la empremta digital II Del 28 de juny al 3O de juliol de 1999 CURS DE POSTGRAU ORGANITZAT PELS TALLERS DE GRAVAT DEL DEPARTAMENT DE PINTURA DE LA FACULTAT DE BELLES ARTS DE BARCELONA El curs de postgrau \"L'obra gr\u00e0fica avui: de l'empremta gravada a l'empremta digital &hellip; Continued","og_url":"https:\/\/www.ub.edu\/imarte\/historic\/postgraus\/postgrau-1999\/","og_site_name":"Imarte","article_modified_time":"2024-06-19T09:08:11+00:00","twitter_card":"summary_large_image","twitter_misc":{"Temps estimat de lectura":"3 minuts"},"schema":{"@context":"https:\/\/schema.org","@graph":[{"@type":"WebPage","@id":"https:\/\/www.ub.edu\/imarte\/historic\/postgraus\/postgrau-1999\/","url":"https:\/\/www.ub.edu\/imarte\/historic\/postgraus\/postgrau-1999\/","name":"Postgrau 1999 | Imarte","isPartOf":{"@id":"https:\/\/www.ub.edu\/imarte\/#website"},"datePublished":"2018-01-24T12:10:06+00:00","dateModified":"2024-06-19T09:08:11+00:00","breadcrumb":{"@id":"https:\/\/www.ub.edu\/imarte\/historic\/postgraus\/postgrau-1999\/#breadcrumb"},"inLanguage":"ca","potentialAction":[{"@type":"ReadAction","target":["https:\/\/www.ub.edu\/imarte\/historic\/postgraus\/postgrau-1999\/"]}]},{"@type":"BreadcrumbList","@id":"https:\/\/www.ub.edu\/imarte\/historic\/postgraus\/postgrau-1999\/#breadcrumb","itemListElement":[{"@type":"ListItem","position":1,"name":"Home","item":"https:\/\/www.ub.edu\/imarte\/"},{"@type":"ListItem","position":2,"name":"Hist\u00f2ric","item":"https:\/\/www.ub.edu\/imarte\/historic\/"},{"@type":"ListItem","position":3,"name":"Postgraus","item":"https:\/\/www.ub.edu\/imarte\/historic\/postgraus\/"},{"@type":"ListItem","position":4,"name":"Postgrau 1999"}]},{"@type":"WebSite","@id":"https:\/\/www.ub.edu\/imarte\/#website","url":"https:\/\/www.ub.edu\/imarte\/","name":"Imarte","description":"Grup d&#039;investigaci\u00f3, art, ci\u00e8ncia i tecnologia.","potentialAction":[{"@type":"SearchAction","target":{"@type":"EntryPoint","urlTemplate":"https:\/\/www.ub.edu\/imarte\/?s={search_term_string}"},"query-input":{"@type":"PropertyValueSpecification","valueRequired":true,"valueName":"search_term_string"}}],"inLanguage":"ca"}]}},"_links":{"self":[{"href":"https:\/\/www.ub.edu\/imarte\/wp-json\/wp\/v2\/pages\/253"}],"collection":[{"href":"https:\/\/www.ub.edu\/imarte\/wp-json\/wp\/v2\/pages"}],"about":[{"href":"https:\/\/www.ub.edu\/imarte\/wp-json\/wp\/v2\/types\/page"}],"author":[{"embeddable":true,"href":"https:\/\/www.ub.edu\/imarte\/wp-json\/wp\/v2\/users\/2"}],"replies":[{"embeddable":true,"href":"https:\/\/www.ub.edu\/imarte\/wp-json\/wp\/v2\/comments?post=253"}],"version-history":[{"count":1,"href":"https:\/\/www.ub.edu\/imarte\/wp-json\/wp\/v2\/pages\/253\/revisions"}],"predecessor-version":[{"id":13970,"href":"https:\/\/www.ub.edu\/imarte\/wp-json\/wp\/v2\/pages\/253\/revisions\/13970"}],"up":[{"embeddable":true,"href":"https:\/\/www.ub.edu\/imarte\/wp-json\/wp\/v2\/pages\/218"}],"wp:attachment":[{"href":"https:\/\/www.ub.edu\/imarte\/wp-json\/wp\/v2\/media?parent=253"}],"curies":[{"name":"wp","href":"https:\/\/api.w.org\/{rel}","templated":true}]}}