{"id":266,"date":"2018-01-24T13:16:44","date_gmt":"2018-01-24T12:16:44","guid":{"rendered":"http:\/\/www.ub.edu\/imarte\/nouwp4812017\/postgraus\/postgrau-1999\/programa-2\/"},"modified":"2018-01-24T13:33:03","modified_gmt":"2018-01-24T12:33:03","slug":"conferenciants","status":"publish","type":"page","link":"https:\/\/www.ub.edu\/imarte\/historic\/postgraus\/postgrau-1999\/conferenciants\/","title":{"rendered":"Conferenciants"},"content":{"rendered":"<div id=\"pl-266\"  class=\"panel-layout\" ><div id=\"pg-266-0\"  class=\"panel-grid panel-no-style\" ><div id=\"pgc-266-0-0\"  class=\"panel-grid-cell\" ><div id=\"panel-266-0-0-0\" class=\"so-panel widget widget_imartew_related_pages_menu panel-first-child\" data-index=\"0\" ><div\n\t\t\t\n\t\t\tclass=\"so-widget-imartew_related_pages_menu so-widget-imartew_related_pages_menu-default-d75171398898-266\"\n\t\t\t\n\t\t><nav class='imarte-page-menu imarte-page-menu--related imarte-page-menu--buttons'><a class='imarte-page-menu__item imarte-page-menu__item--btn imarte-btn' href='https:\/\/www.ub.edu\/imarte\/historic\/postgraus\/postgrau-1999\/programa\/'>Programa<\/a><a class='imarte-page-menu__item imarte-page-menu__item--btn imarte-btn' href='https:\/\/www.ub.edu\/imarte\/historic\/postgraus\/postgrau-1999\/conferenciants\/'>Conferenciants<\/a><a class='imarte-page-menu__item imarte-page-menu__item--btn imarte-btn' href='https:\/\/www.ub.edu\/imarte\/historic\/postgraus\/postgrau-1999\/alumnes\/'>Alumnes<\/a><a class='imarte-page-menu__item imarte-page-menu__item--btn imarte-btn' href='https:\/\/www.ub.edu\/imarte\/historic\/postgraus\/postgrau-1999\/professors-i-becaris\/'>Professors i becaris<\/a><\/nav><\/div><\/div><div id=\"panel-266-0-0-1\" class=\"so-panel widget widget_sow-editor\" data-index=\"1\" ><div\n\t\t\t\n\t\t\tclass=\"so-widget-sow-editor so-widget-sow-editor-base\"\n\t\t\t\n\t\t>\n<div class=\"siteorigin-widget-tinymce textwidget\">\n\t<h1 class=\"csc-firstHeader centralHeadline\"><span style=\"color: #ff00ff;\">Conferenciants<\/span><\/h1>\n<\/div>\n<\/div><\/div><div id=\"panel-266-0-0-2\" class=\"so-panel widget widget_sow-editor panel-last-child\" data-index=\"2\" ><div\n\t\t\t\n\t\t\tclass=\"so-widget-sow-editor so-widget-sow-editor-base\"\n\t\t\t\n\t\t>\n<div class=\"siteorigin-widget-tinymce textwidget\">\n\t<div class=\"csc-header csc-header-n1\">\n<h3 class=\"csc-firstHeader\">De l'empremta gravada a la empremta digital II<\/h3>\n<\/div>\n<div class=\"csc-textpic-text\">\n<h6><strong>1. Temes i debats<\/strong><\/h6>\n<ul>\n<li>Participaci\u00f3 i interactivitat. Reflexions entorn de l'art electr\u00f2nic\".<br \/><strong>Claudia Giannetti<\/strong>, especialista en Media Art.<\/li>\n<\/ul>\n<ul>\n<li>\"La imatge digital: All\u00f2 nou ja fet?\"<br \/><strong>Joan Urrios<\/strong>, artista.<\/li>\n<\/ul>\n<ul>\n<li>\"Tecnologies, \u00e0mbits i estrat\u00e8gies entorn de les accions interactives\".<br \/><strong>Marcel\u00b7l\u00ed Ant\u00fanez<\/strong>, artista multim\u00e8dia.<\/li>\n<\/ul>\n<h6><strong>2. Projectes digitals<\/strong><\/h6>\n<ul>\n<li>\"Icons, Movies &amp; Words\". Presentaci\u00f3 del mitj\u00e0 digital com a diversificaci\u00f3 de projectes: arxiu, llibre d'artista, CD-ROM\u2026\u00a0<br \/><strong>Ricardo Echevarr\u00eda<\/strong>, artista multim\u00e8dia.<\/li>\n<\/ul>\n<ul>\n<li>Aplicacions infogr\u00e0fiques a projectes serigr\u00e0fics, litogr\u00e0fics i de fotogravat.<\/li>\n<\/ul>\n<\/div>\n<div class=\"csc-textpic-text\">\n<p><strong>2. Projectes digitals<\/strong><br \/>\u2022 \"Icons, Movies &amp; Words\". Presentaci\u00f3 del mitj\u00e0 digital com a diversificaci\u00f3 de projectes: arxiu, llibre d'artista,<br \/>CD-ROM\u2026 Ricardo Echevarr\u00eda, artista multim\u00e8dia.<br \/>\u2022 Aplicacions infogr\u00e0fiques a projectes serigr\u00e0fics, litogr\u00e0fics i de fotogravat.<\/p>\n<p><strong>3. Tallers oberts<\/strong><br \/>Producci\u00f3 d'obra en un entorn d'experimentaci\u00f3, amb la col\u00b7laboraci\u00f3 dels professors: Eug\u00e8nia Agust\u00ed, Dra. Merc\u00e8 Casanovas, Cristina Past\u00f3, Eloi Puig, Dra. Ant\u00f2nia Vil\u00e0 i Eva Vila.<br \/>Tallers de serigrafia, litografia, gravat i infografia.<\/p>\n<\/div>\n<\/div>\n<\/div><\/div><\/div><\/div><\/div>","protected":false},"excerpt":{"rendered":"<p>Conferenciants De l&#8217;empremta gravada a la empremta digital II 1. Temes i debats Participaci\u00f3 i interactivitat. Reflexions entorn de l&#8217;art electr\u00f2nic&#8221;.Claudia Giannetti, especialista en Media Art. &#8220;La imatge digital: All\u00f2 nou ja fet?&#8221;Joan Urrios, artista. &#8220;Tecnologies, \u00e0mbits i estrat\u00e8gies entorn de les accions interactives&#8221;.Marcel\u00b7l\u00ed Ant\u00fanez, artista multim\u00e8dia. 2. Projectes digitals &#8220;Icons, Movies &amp; Words&#8221;. Presentaci\u00f3 &hellip; <a href=\"https:\/\/www.ub.edu\/imarte\/historic\/postgraus\/postgrau-1999\/conferenciants\/\">Continued<\/a><\/p>\n","protected":false},"author":3,"featured_media":0,"parent":253,"menu_order":1,"comment_status":"closed","ping_status":"closed","template":"","meta":{"_acf_changed":false,"inline_featured_image":false,"footnotes":""},"class_list":["post-266","page","type-page","status-publish","hentry"," cat-0"],"acf":[],"yoast_head":"<!-- This site is optimized with the Yoast SEO plugin v23.8 - https:\/\/yoast.com\/wordpress\/plugins\/seo\/ -->\n<title>Conferenciants | Imarte<\/title>\n<meta name=\"robots\" content=\"index, follow, max-snippet:-1, max-image-preview:large, max-video-preview:-1\" \/>\n<link rel=\"canonical\" href=\"https:\/\/www.ub.edu\/imarte\/historic\/postgraus\/postgrau-1999\/conferenciants\/\" \/>\n<meta property=\"og:locale\" content=\"ca_ES\" \/>\n<meta property=\"og:type\" content=\"article\" \/>\n<meta property=\"og:title\" content=\"Conferenciants | Imarte\" \/>\n<meta property=\"og:description\" content=\"Conferenciants De l&#039;empremta gravada a la empremta digital II 1. Temes i debats Participaci\u00f3 i interactivitat. Reflexions entorn de l&#039;art electr\u00f2nic&quot;.Claudia Giannetti, especialista en Media Art. &quot;La imatge digital: All\u00f2 nou ja fet?&quot;Joan Urrios, artista. &quot;Tecnologies, \u00e0mbits i estrat\u00e8gies entorn de les accions interactives&quot;.Marcel\u00b7l\u00ed Ant\u00fanez, artista multim\u00e8dia. 2. Projectes digitals &quot;Icons, Movies &amp; Words&quot;. Presentaci\u00f3 &hellip; Continued\" \/>\n<meta property=\"og:url\" content=\"https:\/\/www.ub.edu\/imarte\/historic\/postgraus\/postgrau-1999\/conferenciants\/\" \/>\n<meta property=\"og:site_name\" content=\"Imarte\" \/>\n<meta property=\"article:modified_time\" content=\"2018-01-24T12:33:03+00:00\" \/>\n<meta name=\"twitter:card\" content=\"summary_large_image\" \/>\n<meta name=\"twitter:label1\" content=\"Temps estimat de lectura\" \/>\n\t<meta name=\"twitter:data1\" content=\"2 minuts\" \/>\n<script type=\"application\/ld+json\" class=\"yoast-schema-graph\">{\"@context\":\"https:\/\/schema.org\",\"@graph\":[{\"@type\":\"WebPage\",\"@id\":\"https:\/\/www.ub.edu\/imarte\/historic\/postgraus\/postgrau-1999\/conferenciants\/\",\"url\":\"https:\/\/www.ub.edu\/imarte\/historic\/postgraus\/postgrau-1999\/conferenciants\/\",\"name\":\"Conferenciants | Imarte\",\"isPartOf\":{\"@id\":\"https:\/\/www.ub.edu\/imarte\/#website\"},\"datePublished\":\"2018-01-24T12:16:44+00:00\",\"dateModified\":\"2018-01-24T12:33:03+00:00\",\"breadcrumb\":{\"@id\":\"https:\/\/www.ub.edu\/imarte\/historic\/postgraus\/postgrau-1999\/conferenciants\/#breadcrumb\"},\"inLanguage\":\"ca\",\"potentialAction\":[{\"@type\":\"ReadAction\",\"target\":[\"https:\/\/www.ub.edu\/imarte\/historic\/postgraus\/postgrau-1999\/conferenciants\/\"]}]},{\"@type\":\"BreadcrumbList\",\"@id\":\"https:\/\/www.ub.edu\/imarte\/historic\/postgraus\/postgrau-1999\/conferenciants\/#breadcrumb\",\"itemListElement\":[{\"@type\":\"ListItem\",\"position\":1,\"name\":\"Home\",\"item\":\"https:\/\/www.ub.edu\/imarte\/\"},{\"@type\":\"ListItem\",\"position\":2,\"name\":\"Hist\u00f2ric\",\"item\":\"https:\/\/www.ub.edu\/imarte\/historic\/\"},{\"@type\":\"ListItem\",\"position\":3,\"name\":\"Postgraus\",\"item\":\"https:\/\/www.ub.edu\/imarte\/historic\/postgraus\/\"},{\"@type\":\"ListItem\",\"position\":4,\"name\":\"Postgrau 1999\",\"item\":\"https:\/\/www.ub.edu\/imarte\/historic\/postgraus\/postgrau-1999\/\"},{\"@type\":\"ListItem\",\"position\":5,\"name\":\"Conferenciants\"}]},{\"@type\":\"WebSite\",\"@id\":\"https:\/\/www.ub.edu\/imarte\/#website\",\"url\":\"https:\/\/www.ub.edu\/imarte\/\",\"name\":\"Imarte\",\"description\":\"Grup d&#039;investigaci\u00f3, art, ci\u00e8ncia i tecnologia.\",\"potentialAction\":[{\"@type\":\"SearchAction\",\"target\":{\"@type\":\"EntryPoint\",\"urlTemplate\":\"https:\/\/www.ub.edu\/imarte\/?s={search_term_string}\"},\"query-input\":{\"@type\":\"PropertyValueSpecification\",\"valueRequired\":true,\"valueName\":\"search_term_string\"}}],\"inLanguage\":\"ca\"}]}<\/script>\n<!-- \/ Yoast SEO plugin. -->","yoast_head_json":{"title":"Conferenciants | Imarte","robots":{"index":"index","follow":"follow","max-snippet":"max-snippet:-1","max-image-preview":"max-image-preview:large","max-video-preview":"max-video-preview:-1"},"canonical":"https:\/\/www.ub.edu\/imarte\/historic\/postgraus\/postgrau-1999\/conferenciants\/","og_locale":"ca_ES","og_type":"article","og_title":"Conferenciants | Imarte","og_description":"Conferenciants De l'empremta gravada a la empremta digital II 1. Temes i debats Participaci\u00f3 i interactivitat. Reflexions entorn de l'art electr\u00f2nic\".Claudia Giannetti, especialista en Media Art. \"La imatge digital: All\u00f2 nou ja fet?\"Joan Urrios, artista. \"Tecnologies, \u00e0mbits i estrat\u00e8gies entorn de les accions interactives\".Marcel\u00b7l\u00ed Ant\u00fanez, artista multim\u00e8dia. 2. Projectes digitals \"Icons, Movies &amp; Words\". Presentaci\u00f3 &hellip; Continued","og_url":"https:\/\/www.ub.edu\/imarte\/historic\/postgraus\/postgrau-1999\/conferenciants\/","og_site_name":"Imarte","article_modified_time":"2018-01-24T12:33:03+00:00","twitter_card":"summary_large_image","twitter_misc":{"Temps estimat de lectura":"2 minuts"},"schema":{"@context":"https:\/\/schema.org","@graph":[{"@type":"WebPage","@id":"https:\/\/www.ub.edu\/imarte\/historic\/postgraus\/postgrau-1999\/conferenciants\/","url":"https:\/\/www.ub.edu\/imarte\/historic\/postgraus\/postgrau-1999\/conferenciants\/","name":"Conferenciants | Imarte","isPartOf":{"@id":"https:\/\/www.ub.edu\/imarte\/#website"},"datePublished":"2018-01-24T12:16:44+00:00","dateModified":"2018-01-24T12:33:03+00:00","breadcrumb":{"@id":"https:\/\/www.ub.edu\/imarte\/historic\/postgraus\/postgrau-1999\/conferenciants\/#breadcrumb"},"inLanguage":"ca","potentialAction":[{"@type":"ReadAction","target":["https:\/\/www.ub.edu\/imarte\/historic\/postgraus\/postgrau-1999\/conferenciants\/"]}]},{"@type":"BreadcrumbList","@id":"https:\/\/www.ub.edu\/imarte\/historic\/postgraus\/postgrau-1999\/conferenciants\/#breadcrumb","itemListElement":[{"@type":"ListItem","position":1,"name":"Home","item":"https:\/\/www.ub.edu\/imarte\/"},{"@type":"ListItem","position":2,"name":"Hist\u00f2ric","item":"https:\/\/www.ub.edu\/imarte\/historic\/"},{"@type":"ListItem","position":3,"name":"Postgraus","item":"https:\/\/www.ub.edu\/imarte\/historic\/postgraus\/"},{"@type":"ListItem","position":4,"name":"Postgrau 1999","item":"https:\/\/www.ub.edu\/imarte\/historic\/postgraus\/postgrau-1999\/"},{"@type":"ListItem","position":5,"name":"Conferenciants"}]},{"@type":"WebSite","@id":"https:\/\/www.ub.edu\/imarte\/#website","url":"https:\/\/www.ub.edu\/imarte\/","name":"Imarte","description":"Grup d&#039;investigaci\u00f3, art, ci\u00e8ncia i tecnologia.","potentialAction":[{"@type":"SearchAction","target":{"@type":"EntryPoint","urlTemplate":"https:\/\/www.ub.edu\/imarte\/?s={search_term_string}"},"query-input":{"@type":"PropertyValueSpecification","valueRequired":true,"valueName":"search_term_string"}}],"inLanguage":"ca"}]}},"_links":{"self":[{"href":"https:\/\/www.ub.edu\/imarte\/wp-json\/wp\/v2\/pages\/266"}],"collection":[{"href":"https:\/\/www.ub.edu\/imarte\/wp-json\/wp\/v2\/pages"}],"about":[{"href":"https:\/\/www.ub.edu\/imarte\/wp-json\/wp\/v2\/types\/page"}],"author":[{"embeddable":true,"href":"https:\/\/www.ub.edu\/imarte\/wp-json\/wp\/v2\/users\/3"}],"replies":[{"embeddable":true,"href":"https:\/\/www.ub.edu\/imarte\/wp-json\/wp\/v2\/comments?post=266"}],"version-history":[{"count":0,"href":"https:\/\/www.ub.edu\/imarte\/wp-json\/wp\/v2\/pages\/266\/revisions"}],"up":[{"embeddable":true,"href":"https:\/\/www.ub.edu\/imarte\/wp-json\/wp\/v2\/pages\/253"}],"wp:attachment":[{"href":"https:\/\/www.ub.edu\/imarte\/wp-json\/wp\/v2\/media?parent=266"}],"curies":[{"name":"wp","href":"https:\/\/api.w.org\/{rel}","templated":true}]}}