{"id":268,"date":"2018-01-24T13:16:44","date_gmt":"2018-01-24T12:16:44","guid":{"rendered":"http:\/\/www.ub.edu\/imarte\/nouwp4812017\/postgraus\/postgrau-1999\/programa-4\/"},"modified":"2018-01-24T13:36:13","modified_gmt":"2018-01-24T12:36:13","slug":"professors-i-becaris","status":"publish","type":"page","link":"https:\/\/www.ub.edu\/imarte\/historic\/postgraus\/postgrau-1999\/professors-i-becaris\/","title":{"rendered":"Professors i becaris"},"content":{"rendered":"<div id=\"pl-268\"  class=\"panel-layout\" ><div id=\"pg-268-0\"  class=\"panel-grid panel-no-style\" ><div id=\"pgc-268-0-0\"  class=\"panel-grid-cell\" ><div id=\"panel-268-0-0-0\" class=\"so-panel widget widget_imartew_related_pages_menu panel-first-child\" data-index=\"0\" ><div\n\t\t\t\n\t\t\tclass=\"so-widget-imartew_related_pages_menu so-widget-imartew_related_pages_menu-default-d75171398898-268\"\n\t\t\t\n\t\t><nav class='imarte-page-menu imarte-page-menu--related imarte-page-menu--buttons'><a class='imarte-page-menu__item imarte-page-menu__item--btn imarte-btn' href='https:\/\/www.ub.edu\/imarte\/historic\/postgraus\/postgrau-1999\/programa\/'>Programa<\/a><a class='imarte-page-menu__item imarte-page-menu__item--btn imarte-btn' href='https:\/\/www.ub.edu\/imarte\/historic\/postgraus\/postgrau-1999\/conferenciants\/'>Conferenciants<\/a><a class='imarte-page-menu__item imarte-page-menu__item--btn imarte-btn' href='https:\/\/www.ub.edu\/imarte\/historic\/postgraus\/postgrau-1999\/alumnes\/'>Alumnes<\/a><a class='imarte-page-menu__item imarte-page-menu__item--btn imarte-btn' href='https:\/\/www.ub.edu\/imarte\/historic\/postgraus\/postgrau-1999\/professors-i-becaris\/'>Professors i becaris<\/a><\/nav><\/div><\/div><div id=\"panel-268-0-0-1\" class=\"so-panel widget widget_sow-editor\" data-index=\"1\" ><div\n\t\t\t\n\t\t\tclass=\"so-widget-sow-editor so-widget-sow-editor-base\"\n\t\t\t\n\t\t>\n<div class=\"siteorigin-widget-tinymce textwidget\">\n\t<h1 class=\"csc-firstHeader centralHeadline\"><span style=\"color: #ff00ff;\">Professors i becaris<\/span><\/h1>\n<\/div>\n<\/div><\/div><div id=\"panel-268-0-0-2\" class=\"so-panel widget widget_sow-editor panel-last-child\" data-index=\"2\" ><div\n\t\t\t\n\t\t\tclass=\"so-widget-sow-editor so-widget-sow-editor-base\"\n\t\t\t\n\t\t>\n<div class=\"siteorigin-widget-tinymce textwidget\">\n\t<div class=\"csc-header csc-header-n1\">\n<h3 class=\"csc-firstHeader\">De l'empremta gravada a la empremta digital II<\/h3>\n<\/div>\n<div class=\"csc-textpic-text\">\n<p><strong>Del 28 de juny al 3O de juliol de 1999<\/strong><\/p>\n<h4>CURS DE POSTGRAU ORGANITZAT PELS TALLERS DE GRAVAT<br \/>DEL DEPARTAMENT DE PINTURA DE LA FACULTAT DE BELLES ARTS DE BARCELONA<\/h4>\n<p><strong>Direcci\u00f3:<\/strong>\u00a0Dra. Ant\u00f2nia Vil\u00e0<br \/><strong>Coordinaci\u00f3:<\/strong>\u00a0Dra. Alicia Vela, Eug\u00e8nia Agust\u00ed, Cristina Past\u00f3, Eloi Puig i Eva Vila<br \/><strong>Secretaria:<\/strong>\u00a0Prof.Eva Vila<br \/><strong>E-mail:<\/strong>\u00a0anvila@trivium.gh.ub.es<br \/><strong>Professors dels tallers:<\/strong>\u00a0Eug\u00e8nia Agust\u00ed, Dra. Merc\u00e8 Casanovas, Dr. Francesc Orenes, Cristina Past\u00f3, Eloi Puig, Dra. Alicia Vela, Dra. Ant\u00f2nia Vil\u00e0 i Eva Vila.<br \/><strong>Tallers oberts:<\/strong>\u00a0serigrafia, litografia, gravat calcogr\u00e0fic i infografia.<\/p>\n<p><strong>Becaris assistents:<\/strong>\u00a0Daniel Sanllehi, Joan Morey, Montse Carre\u00f1o, Carme Romero<\/p>\n<p><strong>Requisits:<\/strong><br \/>Aquest curs de postgrau anava adre\u00e7at a artistes i llicenciats en Belles Arts, i altres llicenciatures que tinguessin coneixements<br \/>de gravat.<br \/>Els criteris d'admissi\u00f3 per la pre-inscripci\u00f3 van ser:<\/p>\n<ul>\n<li>Curr\u00edculum vitae.<\/li>\n<li>Dossier fotogr\u00e0fic d'obra.<\/li>\n<li>Mem\u00f2ria del projecte personal a desenvolupar.<\/li>\n<\/ul>\n<p><strong>Nombre d'alumnes:<\/strong>\u00a0un m\u00ednim de 22 i un m\u00e0xim de 30.<br \/><strong>Avaluaci\u00f3:\u00a0<\/strong>presentaci\u00f3 i realitzaci\u00f3 del projecte.<br \/><strong>T\u00edtol:<\/strong>\u00a0Diploma de postgrau expedit per la Universitat de Barcelona.<\/p>\n<\/div>\n<\/div>\n<\/div><\/div><\/div><\/div><\/div>","protected":false},"excerpt":{"rendered":"<p>Professors i becaris De l&#8217;empremta gravada a la empremta digital II Del 28 de juny al 3O de juliol de 1999 CURS DE POSTGRAU ORGANITZAT PELS TALLERS DE GRAVATDEL DEPARTAMENT DE PINTURA DE LA FACULTAT DE BELLES ARTS DE BARCELONA Direcci\u00f3:\u00a0Dra. Ant\u00f2nia Vil\u00e0Coordinaci\u00f3:\u00a0Dra. Alicia Vela, Eug\u00e8nia Agust\u00ed, Cristina Past\u00f3, Eloi Puig i Eva VilaSecretaria:\u00a0Prof.Eva VilaE-mail:\u00a0anvila@trivium.gh.ub.esProfessors &hellip; <a href=\"https:\/\/www.ub.edu\/imarte\/historic\/postgraus\/postgrau-1999\/professors-i-becaris\/\">Continued<\/a><\/p>\n","protected":false},"author":3,"featured_media":0,"parent":253,"menu_order":3,"comment_status":"closed","ping_status":"closed","template":"","meta":{"_acf_changed":false,"inline_featured_image":false,"footnotes":""},"class_list":["post-268","page","type-page","status-publish","hentry"," cat-0"],"acf":[],"yoast_head":"<!-- This site is optimized with the Yoast SEO plugin v23.8 - https:\/\/yoast.com\/wordpress\/plugins\/seo\/ -->\n<title>Professors i becaris | Imarte<\/title>\n<meta name=\"robots\" content=\"index, follow, max-snippet:-1, max-image-preview:large, max-video-preview:-1\" \/>\n<link rel=\"canonical\" href=\"https:\/\/www.ub.edu\/imarte\/historic\/postgraus\/postgrau-1999\/professors-i-becaris\/\" \/>\n<meta property=\"og:locale\" content=\"ca_ES\" \/>\n<meta property=\"og:type\" content=\"article\" \/>\n<meta property=\"og:title\" content=\"Professors i becaris | Imarte\" \/>\n<meta property=\"og:description\" content=\"Professors i becaris De l&#039;empremta gravada a la empremta digital II Del 28 de juny al 3O de juliol de 1999 CURS DE POSTGRAU ORGANITZAT PELS TALLERS DE GRAVATDEL DEPARTAMENT DE PINTURA DE LA FACULTAT DE BELLES ARTS DE BARCELONA Direcci\u00f3:\u00a0Dra. Ant\u00f2nia Vil\u00e0Coordinaci\u00f3:\u00a0Dra. Alicia Vela, Eug\u00e8nia Agust\u00ed, Cristina Past\u00f3, Eloi Puig i Eva VilaSecretaria:\u00a0Prof.Eva VilaE-mail:\u00a0anvila@trivium.gh.ub.esProfessors &hellip; Continued\" \/>\n<meta property=\"og:url\" content=\"https:\/\/www.ub.edu\/imarte\/historic\/postgraus\/postgrau-1999\/professors-i-becaris\/\" \/>\n<meta property=\"og:site_name\" content=\"Imarte\" \/>\n<meta property=\"article:modified_time\" content=\"2018-01-24T12:36:13+00:00\" \/>\n<meta name=\"twitter:card\" content=\"summary_large_image\" \/>\n<meta name=\"twitter:label1\" content=\"Temps estimat de lectura\" \/>\n\t<meta name=\"twitter:data1\" content=\"2 minuts\" \/>\n<script type=\"application\/ld+json\" class=\"yoast-schema-graph\">{\"@context\":\"https:\/\/schema.org\",\"@graph\":[{\"@type\":\"WebPage\",\"@id\":\"https:\/\/www.ub.edu\/imarte\/historic\/postgraus\/postgrau-1999\/professors-i-becaris\/\",\"url\":\"https:\/\/www.ub.edu\/imarte\/historic\/postgraus\/postgrau-1999\/professors-i-becaris\/\",\"name\":\"Professors i becaris | Imarte\",\"isPartOf\":{\"@id\":\"https:\/\/www.ub.edu\/imarte\/#website\"},\"datePublished\":\"2018-01-24T12:16:44+00:00\",\"dateModified\":\"2018-01-24T12:36:13+00:00\",\"breadcrumb\":{\"@id\":\"https:\/\/www.ub.edu\/imarte\/historic\/postgraus\/postgrau-1999\/professors-i-becaris\/#breadcrumb\"},\"inLanguage\":\"ca\",\"potentialAction\":[{\"@type\":\"ReadAction\",\"target\":[\"https:\/\/www.ub.edu\/imarte\/historic\/postgraus\/postgrau-1999\/professors-i-becaris\/\"]}]},{\"@type\":\"BreadcrumbList\",\"@id\":\"https:\/\/www.ub.edu\/imarte\/historic\/postgraus\/postgrau-1999\/professors-i-becaris\/#breadcrumb\",\"itemListElement\":[{\"@type\":\"ListItem\",\"position\":1,\"name\":\"Home\",\"item\":\"https:\/\/www.ub.edu\/imarte\/\"},{\"@type\":\"ListItem\",\"position\":2,\"name\":\"Hist\u00f2ric\",\"item\":\"https:\/\/www.ub.edu\/imarte\/historic\/\"},{\"@type\":\"ListItem\",\"position\":3,\"name\":\"Postgraus\",\"item\":\"https:\/\/www.ub.edu\/imarte\/historic\/postgraus\/\"},{\"@type\":\"ListItem\",\"position\":4,\"name\":\"Postgrau 1999\",\"item\":\"https:\/\/www.ub.edu\/imarte\/historic\/postgraus\/postgrau-1999\/\"},{\"@type\":\"ListItem\",\"position\":5,\"name\":\"Professors i becaris\"}]},{\"@type\":\"WebSite\",\"@id\":\"https:\/\/www.ub.edu\/imarte\/#website\",\"url\":\"https:\/\/www.ub.edu\/imarte\/\",\"name\":\"Imarte\",\"description\":\"Grup d&#039;investigaci\u00f3, art, ci\u00e8ncia i tecnologia.\",\"potentialAction\":[{\"@type\":\"SearchAction\",\"target\":{\"@type\":\"EntryPoint\",\"urlTemplate\":\"https:\/\/www.ub.edu\/imarte\/?s={search_term_string}\"},\"query-input\":{\"@type\":\"PropertyValueSpecification\",\"valueRequired\":true,\"valueName\":\"search_term_string\"}}],\"inLanguage\":\"ca\"}]}<\/script>\n<!-- \/ Yoast SEO plugin. -->","yoast_head_json":{"title":"Professors i becaris | Imarte","robots":{"index":"index","follow":"follow","max-snippet":"max-snippet:-1","max-image-preview":"max-image-preview:large","max-video-preview":"max-video-preview:-1"},"canonical":"https:\/\/www.ub.edu\/imarte\/historic\/postgraus\/postgrau-1999\/professors-i-becaris\/","og_locale":"ca_ES","og_type":"article","og_title":"Professors i becaris | Imarte","og_description":"Professors i becaris De l'empremta gravada a la empremta digital II Del 28 de juny al 3O de juliol de 1999 CURS DE POSTGRAU ORGANITZAT PELS TALLERS DE GRAVATDEL DEPARTAMENT DE PINTURA DE LA FACULTAT DE BELLES ARTS DE BARCELONA Direcci\u00f3:\u00a0Dra. Ant\u00f2nia Vil\u00e0Coordinaci\u00f3:\u00a0Dra. Alicia Vela, Eug\u00e8nia Agust\u00ed, Cristina Past\u00f3, Eloi Puig i Eva VilaSecretaria:\u00a0Prof.Eva VilaE-mail:\u00a0anvila@trivium.gh.ub.esProfessors &hellip; Continued","og_url":"https:\/\/www.ub.edu\/imarte\/historic\/postgraus\/postgrau-1999\/professors-i-becaris\/","og_site_name":"Imarte","article_modified_time":"2018-01-24T12:36:13+00:00","twitter_card":"summary_large_image","twitter_misc":{"Temps estimat de lectura":"2 minuts"},"schema":{"@context":"https:\/\/schema.org","@graph":[{"@type":"WebPage","@id":"https:\/\/www.ub.edu\/imarte\/historic\/postgraus\/postgrau-1999\/professors-i-becaris\/","url":"https:\/\/www.ub.edu\/imarte\/historic\/postgraus\/postgrau-1999\/professors-i-becaris\/","name":"Professors i becaris | Imarte","isPartOf":{"@id":"https:\/\/www.ub.edu\/imarte\/#website"},"datePublished":"2018-01-24T12:16:44+00:00","dateModified":"2018-01-24T12:36:13+00:00","breadcrumb":{"@id":"https:\/\/www.ub.edu\/imarte\/historic\/postgraus\/postgrau-1999\/professors-i-becaris\/#breadcrumb"},"inLanguage":"ca","potentialAction":[{"@type":"ReadAction","target":["https:\/\/www.ub.edu\/imarte\/historic\/postgraus\/postgrau-1999\/professors-i-becaris\/"]}]},{"@type":"BreadcrumbList","@id":"https:\/\/www.ub.edu\/imarte\/historic\/postgraus\/postgrau-1999\/professors-i-becaris\/#breadcrumb","itemListElement":[{"@type":"ListItem","position":1,"name":"Home","item":"https:\/\/www.ub.edu\/imarte\/"},{"@type":"ListItem","position":2,"name":"Hist\u00f2ric","item":"https:\/\/www.ub.edu\/imarte\/historic\/"},{"@type":"ListItem","position":3,"name":"Postgraus","item":"https:\/\/www.ub.edu\/imarte\/historic\/postgraus\/"},{"@type":"ListItem","position":4,"name":"Postgrau 1999","item":"https:\/\/www.ub.edu\/imarte\/historic\/postgraus\/postgrau-1999\/"},{"@type":"ListItem","position":5,"name":"Professors i becaris"}]},{"@type":"WebSite","@id":"https:\/\/www.ub.edu\/imarte\/#website","url":"https:\/\/www.ub.edu\/imarte\/","name":"Imarte","description":"Grup d&#039;investigaci\u00f3, art, ci\u00e8ncia i tecnologia.","potentialAction":[{"@type":"SearchAction","target":{"@type":"EntryPoint","urlTemplate":"https:\/\/www.ub.edu\/imarte\/?s={search_term_string}"},"query-input":{"@type":"PropertyValueSpecification","valueRequired":true,"valueName":"search_term_string"}}],"inLanguage":"ca"}]}},"_links":{"self":[{"href":"https:\/\/www.ub.edu\/imarte\/wp-json\/wp\/v2\/pages\/268"}],"collection":[{"href":"https:\/\/www.ub.edu\/imarte\/wp-json\/wp\/v2\/pages"}],"about":[{"href":"https:\/\/www.ub.edu\/imarte\/wp-json\/wp\/v2\/types\/page"}],"author":[{"embeddable":true,"href":"https:\/\/www.ub.edu\/imarte\/wp-json\/wp\/v2\/users\/3"}],"replies":[{"embeddable":true,"href":"https:\/\/www.ub.edu\/imarte\/wp-json\/wp\/v2\/comments?post=268"}],"version-history":[{"count":0,"href":"https:\/\/www.ub.edu\/imarte\/wp-json\/wp\/v2\/pages\/268\/revisions"}],"up":[{"embeddable":true,"href":"https:\/\/www.ub.edu\/imarte\/wp-json\/wp\/v2\/pages\/253"}],"wp:attachment":[{"href":"https:\/\/www.ub.edu\/imarte\/wp-json\/wp\/v2\/media?parent=268"}],"curies":[{"name":"wp","href":"https:\/\/api.w.org\/{rel}","templated":true}]}}