{"id":491,"date":"2018-01-30T12:23:44","date_gmt":"2018-01-30T11:23:32","guid":{"rendered":"http:\/\/www.ub.edu\/imarte\/nouwp4812017\/?page_id=491"},"modified":"2019-03-19T15:32:32","modified_gmt":"2019-03-19T14:32:32","slug":"programa","status":"publish","type":"page","link":"https:\/\/www.ub.edu\/imarte\/historic\/postgraus\/postgrau-1998\/programa\/","title":{"rendered":"Programa"},"content":{"rendered":"<div id=\"pl-491\"  class=\"panel-layout\" ><div id=\"pg-491-0\"  class=\"panel-grid panel-no-style\" ><div id=\"pgc-491-0-0\"  class=\"panel-grid-cell\" ><div id=\"panel-491-0-0-0\" class=\"so-panel widget widget_imartew_related_pages_menu panel-first-child\" data-index=\"0\" ><div\n\t\t\t\n\t\t\tclass=\"so-widget-imartew_related_pages_menu so-widget-imartew_related_pages_menu-default-d75171398898-491\"\n\t\t\t\n\t\t><nav class='imarte-page-menu imarte-page-menu--related imarte-page-menu--buttons'><a class='imarte-page-menu__item imarte-page-menu__item--btn imarte-btn' href='https:\/\/www.ub.edu\/imarte\/historic\/postgraus\/postgrau-1998\/programa\/'>Programa<\/a><a class='imarte-page-menu__item imarte-page-menu__item--btn imarte-btn' href='https:\/\/www.ub.edu\/imarte\/historic\/postgraus\/postgrau-1998\/conferenciants\/'>Conferenciants<\/a><a class='imarte-page-menu__item imarte-page-menu__item--btn imarte-btn' href='https:\/\/www.ub.edu\/imarte\/historic\/postgraus\/postgrau-1998\/alumnes\/'>Alumnes<\/a><a class='imarte-page-menu__item imarte-page-menu__item--btn imarte-btn' href='https:\/\/www.ub.edu\/imarte\/historic\/postgraus\/postgrau-1998\/professors-i-becaris\/'>Professors i becaris<\/a><\/nav><\/div><\/div><div id=\"panel-491-0-0-1\" class=\"so-panel widget widget_imartew_page_title\" data-index=\"1\" ><div\n\t\t\t\n\t\t\tclass=\"so-widget-imartew_page_title so-widget-imartew_page_title-default-0785d86991c3-491\"\n\t\t\t\n\t\t><h1 class='page-title'>Programa<\/h1><\/div><\/div><div id=\"panel-491-0-0-2\" class=\"so-panel widget widget_sow-editor panel-last-child\" data-index=\"2\" ><div\n\t\t\t\n\t\t\tclass=\"so-widget-sow-editor so-widget-sow-editor-base\"\n\t\t\t\n\t\t>\n<div class=\"siteorigin-widget-tinymce textwidget\">\n\t<h3 class=\"csc-firstHeader centralHeadline\">L'Obra gr\u00e0fica avui: De l'empremta gravada a la empremta digital I<\/h3>\n<div id=\"c416\" class=\"csc-default\">\n<div class=\"columnGroup twoColumnGroup\">\n<div class=\"column column-1 threeQuarter\">\n<div id=\"c417\" class=\"csc-default\">\n<div class=\"csc-textpic-text\">\n<p><strong>Del 28 de juny al 3O d'agost de 1998<\/strong><\/p>\n<h5>CURS DE POSTGRAU ORGANITZAT PELS TALLERS DE GRAVAT DEL DEPARTAMENT DE PINTURA DE LA FACULTAT DE BELLES ARTS DE BARCELONA<\/h5>\n<p>El prop\u00f2sit d\u2019aquest curs de postgrau ha estat explorar el fenomen de l\u2019art impr\u00e8s avui i la seva influ\u00e8ncia en els diferents \u00e0mbits art\u00edstics. La dissoluci\u00f3 de les fronteres entre disciplines est\u00e0 marcant la cru\u00eflla de fi de segle, per aix\u00f2, la interacci\u00f3 entre art i tecnologia (especialment les opcions digitals) constitueix, avui dia, un focus de debat tant cr\u00edtic com est\u00e8tic. El di\u00e0leg entre art impr\u00e8s i tecnologia descriu -podr\u00edem dir- de bell nou, la natura del gravat contemporani, on la imatge generada per ordinador t\u00e9 un lloc, per dret, a trav\u00e9s de cada gravat, de cada litografia, de cada serigrafia\u2026<\/p>\n<p>Els nous mitjans tecnol\u00f2gics, doncs, fan del gravat contemporani un territori excitant, on es lliguen els valors gr\u00e0fics ja consolidats per la seva hist\u00f2ria amb els nous elements interactius de la imatge. Per tant, la producci\u00f3 d\u2019obra gr\u00e0fica s\u2019afirma en una creativa interrelaci\u00f3 dels processos de les arts.<\/p>\n<p>Per definici\u00f3 el gravat \u00e9s un centre neurol\u00f2gic de manipulaci\u00f3 d\u2019imatge i text, on l\u2019edici\u00f3 ja es vincula a \u00e0rees que van des de l\u2019ordinador al v\u00eddeo. Aquests elements es combinen id\u00f2niament al taller de gravat i impressi\u00f3 i el converteixen en un terreny excel\u00b7lent de recerca i producci\u00f3 d\u2019obra art\u00edstica contempor\u00e0nia.<br \/>El curs de postgrau L'obra gr\u00e0fica avui: de l'empremta gravada a l'empremta digital \u00e9s una aportaci\u00f3 de la Facultat de Belles Arts de Barcelona, al curs de postgrau europeu \"PA&amp;R. European Pritmaking Art &amp; Research\" i, est\u00e0 interconnectat amb les seg\u00fcents institucions: \u00c9cole Nationale des Beaux-Arts, Bourges, Fran\u00e7a; Hoschule f\u00fcr Gestaltung, Offenbach am Main, Alemanya; Myndlista-og Handidask\u00f3li \u00edslands. The Icelandic College of Art and Crafts. Reykjav\u00edk, Islandia; Facultat de Belles Arts de Barcelona, Universitat de Barcelona, Barcelona, Espanya; Winchester School of Art, University of Southampton, Winchester, Gran Bretanya.<\/p>\n<p>Els objectius principals del curs han estat:<\/p>\n<ul>\n<li>Obrir un marc de di\u00e0leg i recerca entorn de l'art impr\u00e8s i la tecnologia digital.<\/li>\n<\/ul>\n<ul>\n<li>Copsar l'obra gr\u00e0fica contempor\u00e0nia des del punt de vista dels artistes, cr\u00edtics, museus i mercat.<\/li>\n<\/ul>\n<ul>\n<li>Realitzar un projecte personal gaudint dels tallers de gravat com un itinerari obert.<\/li>\n<\/ul>\n<p>Aquest curs de postgrau ha coordinat la pres\u00e8ncia de professors i especialistes que han analitzat el canvi perceptual dels nous marcs d'influ\u00e8ncia en l'art.<\/p>\n<\/div>\n<\/div>\n<\/div>\n<\/div>\n<\/div>\n<\/div>\n<\/div><\/div><\/div><\/div><\/div>","protected":false},"excerpt":{"rendered":"<p>L&#8217;Obra gr\u00e0fica avui: De l&#8217;empremta gravada a la empremta digital I Del 28 de juny al 3O d&#8217;agost de 1998 CURS DE POSTGRAU ORGANITZAT PELS TALLERS DE GRAVAT DEL DEPARTAMENT DE PINTURA DE LA FACULTAT DE BELLES ARTS DE BARCELONA El prop\u00f2sit d\u2019aquest curs de postgrau ha estat explorar el fenomen de l\u2019art impr\u00e8s avui &hellip; <a href=\"https:\/\/www.ub.edu\/imarte\/historic\/postgraus\/postgrau-1998\/programa\/\">Continued<\/a><\/p>\n","protected":false},"author":2,"featured_media":0,"parent":484,"menu_order":0,"comment_status":"closed","ping_status":"closed","template":"","meta":{"_acf_changed":false,"inline_featured_image":false,"footnotes":""},"class_list":["post-491","page","type-page","status-publish","hentry"," cat-0"],"acf":[],"yoast_head":"<!-- This site is optimized with the Yoast SEO plugin v23.8 - https:\/\/yoast.com\/wordpress\/plugins\/seo\/ -->\n<title>Programa | Imarte<\/title>\n<meta name=\"robots\" content=\"index, follow, max-snippet:-1, max-image-preview:large, max-video-preview:-1\" \/>\n<link rel=\"canonical\" href=\"https:\/\/www.ub.edu\/imarte\/historic\/postgraus\/postgrau-1998\/programa\/\" \/>\n<meta property=\"og:locale\" content=\"ca_ES\" \/>\n<meta property=\"og:type\" content=\"article\" \/>\n<meta property=\"og:title\" content=\"Programa | Imarte\" \/>\n<meta property=\"og:description\" content=\"L&#039;Obra gr\u00e0fica avui: De l&#039;empremta gravada a la empremta digital I Del 28 de juny al 3O d&#039;agost de 1998 CURS DE POSTGRAU ORGANITZAT PELS TALLERS DE GRAVAT DEL DEPARTAMENT DE PINTURA DE LA FACULTAT DE BELLES ARTS DE BARCELONA El prop\u00f2sit d\u2019aquest curs de postgrau ha estat explorar el fenomen de l\u2019art impr\u00e8s avui &hellip; Continued\" \/>\n<meta property=\"og:url\" content=\"https:\/\/www.ub.edu\/imarte\/historic\/postgraus\/postgrau-1998\/programa\/\" \/>\n<meta property=\"og:site_name\" content=\"Imarte\" \/>\n<meta property=\"article:modified_time\" content=\"2019-03-19T14:32:32+00:00\" \/>\n<meta name=\"twitter:card\" content=\"summary_large_image\" \/>\n<meta name=\"twitter:label1\" content=\"Temps estimat de lectura\" \/>\n\t<meta name=\"twitter:data1\" content=\"2 minuts\" \/>\n<script type=\"application\/ld+json\" class=\"yoast-schema-graph\">{\"@context\":\"https:\/\/schema.org\",\"@graph\":[{\"@type\":\"WebPage\",\"@id\":\"https:\/\/www.ub.edu\/imarte\/historic\/postgraus\/postgrau-1998\/programa\/\",\"url\":\"https:\/\/www.ub.edu\/imarte\/historic\/postgraus\/postgrau-1998\/programa\/\",\"name\":\"Programa | Imarte\",\"isPartOf\":{\"@id\":\"https:\/\/www.ub.edu\/imarte\/#website\"},\"datePublished\":\"2018-01-30T11:23:32+00:00\",\"dateModified\":\"2019-03-19T14:32:32+00:00\",\"breadcrumb\":{\"@id\":\"https:\/\/www.ub.edu\/imarte\/historic\/postgraus\/postgrau-1998\/programa\/#breadcrumb\"},\"inLanguage\":\"ca\",\"potentialAction\":[{\"@type\":\"ReadAction\",\"target\":[\"https:\/\/www.ub.edu\/imarte\/historic\/postgraus\/postgrau-1998\/programa\/\"]}]},{\"@type\":\"BreadcrumbList\",\"@id\":\"https:\/\/www.ub.edu\/imarte\/historic\/postgraus\/postgrau-1998\/programa\/#breadcrumb\",\"itemListElement\":[{\"@type\":\"ListItem\",\"position\":1,\"name\":\"Home\",\"item\":\"https:\/\/www.ub.edu\/imarte\/\"},{\"@type\":\"ListItem\",\"position\":2,\"name\":\"Hist\u00f2ric\",\"item\":\"https:\/\/www.ub.edu\/imarte\/historic\/\"},{\"@type\":\"ListItem\",\"position\":3,\"name\":\"Postgraus\",\"item\":\"https:\/\/www.ub.edu\/imarte\/historic\/postgraus\/\"},{\"@type\":\"ListItem\",\"position\":4,\"name\":\"Postgrau 1998\",\"item\":\"https:\/\/www.ub.edu\/imarte\/historic\/postgraus\/postgrau-1998\/\"},{\"@type\":\"ListItem\",\"position\":5,\"name\":\"Programa\"}]},{\"@type\":\"WebSite\",\"@id\":\"https:\/\/www.ub.edu\/imarte\/#website\",\"url\":\"https:\/\/www.ub.edu\/imarte\/\",\"name\":\"Imarte\",\"description\":\"Grup d&#039;investigaci\u00f3, art, ci\u00e8ncia i tecnologia.\",\"potentialAction\":[{\"@type\":\"SearchAction\",\"target\":{\"@type\":\"EntryPoint\",\"urlTemplate\":\"https:\/\/www.ub.edu\/imarte\/?s={search_term_string}\"},\"query-input\":{\"@type\":\"PropertyValueSpecification\",\"valueRequired\":true,\"valueName\":\"search_term_string\"}}],\"inLanguage\":\"ca\"}]}<\/script>\n<!-- \/ Yoast SEO plugin. -->","yoast_head_json":{"title":"Programa | Imarte","robots":{"index":"index","follow":"follow","max-snippet":"max-snippet:-1","max-image-preview":"max-image-preview:large","max-video-preview":"max-video-preview:-1"},"canonical":"https:\/\/www.ub.edu\/imarte\/historic\/postgraus\/postgrau-1998\/programa\/","og_locale":"ca_ES","og_type":"article","og_title":"Programa | Imarte","og_description":"L'Obra gr\u00e0fica avui: De l'empremta gravada a la empremta digital I Del 28 de juny al 3O d'agost de 1998 CURS DE POSTGRAU ORGANITZAT PELS TALLERS DE GRAVAT DEL DEPARTAMENT DE PINTURA DE LA FACULTAT DE BELLES ARTS DE BARCELONA El prop\u00f2sit d\u2019aquest curs de postgrau ha estat explorar el fenomen de l\u2019art impr\u00e8s avui &hellip; Continued","og_url":"https:\/\/www.ub.edu\/imarte\/historic\/postgraus\/postgrau-1998\/programa\/","og_site_name":"Imarte","article_modified_time":"2019-03-19T14:32:32+00:00","twitter_card":"summary_large_image","twitter_misc":{"Temps estimat de lectura":"2 minuts"},"schema":{"@context":"https:\/\/schema.org","@graph":[{"@type":"WebPage","@id":"https:\/\/www.ub.edu\/imarte\/historic\/postgraus\/postgrau-1998\/programa\/","url":"https:\/\/www.ub.edu\/imarte\/historic\/postgraus\/postgrau-1998\/programa\/","name":"Programa | Imarte","isPartOf":{"@id":"https:\/\/www.ub.edu\/imarte\/#website"},"datePublished":"2018-01-30T11:23:32+00:00","dateModified":"2019-03-19T14:32:32+00:00","breadcrumb":{"@id":"https:\/\/www.ub.edu\/imarte\/historic\/postgraus\/postgrau-1998\/programa\/#breadcrumb"},"inLanguage":"ca","potentialAction":[{"@type":"ReadAction","target":["https:\/\/www.ub.edu\/imarte\/historic\/postgraus\/postgrau-1998\/programa\/"]}]},{"@type":"BreadcrumbList","@id":"https:\/\/www.ub.edu\/imarte\/historic\/postgraus\/postgrau-1998\/programa\/#breadcrumb","itemListElement":[{"@type":"ListItem","position":1,"name":"Home","item":"https:\/\/www.ub.edu\/imarte\/"},{"@type":"ListItem","position":2,"name":"Hist\u00f2ric","item":"https:\/\/www.ub.edu\/imarte\/historic\/"},{"@type":"ListItem","position":3,"name":"Postgraus","item":"https:\/\/www.ub.edu\/imarte\/historic\/postgraus\/"},{"@type":"ListItem","position":4,"name":"Postgrau 1998","item":"https:\/\/www.ub.edu\/imarte\/historic\/postgraus\/postgrau-1998\/"},{"@type":"ListItem","position":5,"name":"Programa"}]},{"@type":"WebSite","@id":"https:\/\/www.ub.edu\/imarte\/#website","url":"https:\/\/www.ub.edu\/imarte\/","name":"Imarte","description":"Grup d&#039;investigaci\u00f3, art, ci\u00e8ncia i tecnologia.","potentialAction":[{"@type":"SearchAction","target":{"@type":"EntryPoint","urlTemplate":"https:\/\/www.ub.edu\/imarte\/?s={search_term_string}"},"query-input":{"@type":"PropertyValueSpecification","valueRequired":true,"valueName":"search_term_string"}}],"inLanguage":"ca"}]}},"_links":{"self":[{"href":"https:\/\/www.ub.edu\/imarte\/wp-json\/wp\/v2\/pages\/491"}],"collection":[{"href":"https:\/\/www.ub.edu\/imarte\/wp-json\/wp\/v2\/pages"}],"about":[{"href":"https:\/\/www.ub.edu\/imarte\/wp-json\/wp\/v2\/types\/page"}],"author":[{"embeddable":true,"href":"https:\/\/www.ub.edu\/imarte\/wp-json\/wp\/v2\/users\/2"}],"replies":[{"embeddable":true,"href":"https:\/\/www.ub.edu\/imarte\/wp-json\/wp\/v2\/comments?post=491"}],"version-history":[{"count":0,"href":"https:\/\/www.ub.edu\/imarte\/wp-json\/wp\/v2\/pages\/491\/revisions"}],"up":[{"embeddable":true,"href":"https:\/\/www.ub.edu\/imarte\/wp-json\/wp\/v2\/pages\/484"}],"wp:attachment":[{"href":"https:\/\/www.ub.edu\/imarte\/wp-json\/wp\/v2\/media?parent=491"}],"curies":[{"name":"wp","href":"https:\/\/api.w.org\/{rel}","templated":true}]}}