{"id":595,"date":"2018-02-06T13:12:51","date_gmt":"2018-02-06T12:12:35","guid":{"rendered":"http:\/\/www.ub.edu\/imarte\/nouwp4812017\/?page_id=595"},"modified":"2025-10-29T21:18:38","modified_gmt":"2025-10-29T20:18:38","slug":"imarte","status":"publish","type":"page","link":"https:\/\/www.ub.edu\/imarte\/imarte\/","title":{"rendered":"Imarte"},"content":{"rendered":"<div id=\"pl-595\"  class=\"panel-layout\" ><div id=\"pg-595-0\"  class=\"panel-grid panel-no-style\" ><div id=\"pgc-595-0-0\"  class=\"panel-grid-cell\" ><div id=\"panel-595-0-0-0\" class=\"so-panel widget widget_imartew_sectitle panel-first-child panel-last-child\" data-index=\"0\" ><div\n\t\t\t\n\t\t\tclass=\"so-widget-imartew_sectitle so-widget-imartew_sectitle-default-0de72d6fd67c-595\"\n\t\t\t\n\t\t><h2 class='imarte-page-title'>Presentaci\u00f3<\/h2><\/div><\/div><\/div><\/div><div id=\"pg-595-1\"  class=\"panel-grid panel-no-style\" ><div id=\"pgc-595-1-0\"  class=\"panel-grid-cell\" ><div id=\"panel-595-1-0-0\" class=\"so-panel widget widget_sow-editor panel-first-child panel-last-child\" data-index=\"1\" ><div\n\t\t\t\n\t\t\tclass=\"so-widget-sow-editor so-widget-sow-editor-base\"\n\t\t\t\n\t\t>\n<div class=\"siteorigin-widget-tinymce textwidget\">\n\t<p>L'equip de recerca <strong>Imarte<\/strong>\u00a0inicia la seva participaci\u00f3 en projectes competitius l'any 2000, permetent crear varies l\u00ednies d'investigaci\u00f3 que prenen com a base les produccions art\u00edstiques, per analitzar els canvis de sentit i influ\u00e8ncies de les tecnologies digitals en els seus processos. La investigaci\u00f3 art\u00edstica avui estableix un codi compartit que no es limita a un sol model sin\u00f3 que implica un espai din\u00e0mic en qu\u00e8 intervenen diferents metodologies, contribuint aix\u00ed a l'acumulaci\u00f3 de coneixement. En el context de l'art contemporani sorgeixen debats que plantegen reptes importants sobre els canvis que s'esdevenen en les noves formes de les pr\u00e0ctiques art\u00edstiques. Aix\u00f2 ens ha portat a analitzar noves eines, metodologies i idees que com a estrat\u00e8gies creatives han obert les seg\u00fcents l\u00ednies de recerca:<\/p>\n<p><strong>Prospeccions bin\u00e0ries. (2000-2003) <\/strong>Produccions art\u00edstiques, art tecnologia i impressi\u00f3. (BHA2000-0734)<strong><br \/>\n<\/strong><strong>Prospeccions<\/strong><strong> bin\u00e0ries2. (2003-2006)<\/strong> Produccions art\u00edstiques, art tecnologia i impressi\u00f3. (BHA2003-02938)<br \/>\n<strong>Impressi\u00f3<\/strong><strong> expandida. (2007-2009)<\/strong> Art i impressi\u00f3, la repercussi\u00f3 dels mitjans digitals en el context de l'Art Impr\u00e8s. (HUM2007-64757\/ARTE)<br \/>\n<strong>Metam\u00e8tode.<\/strong> <strong>(2010-2013) <\/strong>Metodolog\u00edes compartides i processos art\u00edstics a la societat del coneixement. (HAR2010-18453. Subprograma ARTE)<br \/>\n<strong>Metam\u00e8tode2.<\/strong> <strong>(2013-2015) <\/strong>Metodologies compartides en processos de recerca i noves pr\u00e0ctiques art\u00edstiques. (HAR2012-39378-C03-01)<\/p>\n<\/div>\n<\/div><\/div><\/div><div id=\"pgc-595-1-1\"  class=\"panel-grid-cell\" ><div id=\"panel-595-1-1-0\" class=\"so-panel widget widget_sow-editor panel-first-child panel-last-child\" data-index=\"2\" ><div\n\t\t\t\n\t\t\tclass=\"so-widget-sow-editor so-widget-sow-editor-base\"\n\t\t\t\n\t\t>\n<div class=\"siteorigin-widget-tinymce textwidget\">\n\t<p><strong>IN&gt;TRA. (2016-2019). <\/strong>La pr\u00e0ctica art\u00edstica col\u00b7laborativa com a model d'experi\u00e8ncia: Noves formes i prototips en els processos de recerca. (HAR2015-63952-C3-1-P)<br \/>\n<strong>COSSOS CONNECTATS<\/strong> <strong>(2018-2020).<\/strong> Recerca I+D. Projecte de Recerca: COSSOS CONNECTATS. Art i cartografies identit\u00e0ries en la societat transm\u00e8dia (HAR2017-84915-R)<br \/>\n<strong>IN&gt;TRA2<\/strong><em><strong>. <\/strong><\/em><strong>(2019-2021). <\/strong>La lectura com a pr\u00e0ctica art\u00edstica: nous models de decodificaci\u00f3 creativa. (PGC2018-093862-B-C21)<br \/>\n<b><strong>COSSOS CONNECTATS<\/strong> 2 (2021-2024).<\/b> Nous processos de creaci\u00f3 i difusi\u00f3 de les pr\u00e0ctiques art\u00edstiques identit\u00e0ries en la no-presencialitat. (PID2020-116999RB-I00)<br \/>\n<strong><b>MUSAE (2022-2025)<\/b>. <\/strong>Una f\u00e0brica centrada en l'\u00e9sser hum\u00e0 per a un futur desenvolupament tecnol\u00f2gic sostenible impulsat per les arts. (HORIZON-CL4-2021-HUMAN-01)<strong><br \/>\nIMARTE (2022-2025).<\/strong> Investigaci\u00f3 en processos art\u00edstics i noves tecnologies. Coordinador: Eloi Puig. (SGR 01090)<br \/>\n<strong>Cossos Connectats 3<\/strong>. <b>(2025-2028)<\/b>. Espais latents de la Intel\u00b7lig\u00e8ncia Artificial en la creaci\u00f3 audiovisual. (PID2024-158060OB-100)<br \/>\n<strong>Resid\u00e8ncies Temporals Situades (RTS) (2025-2028)<\/strong>. Canvis de paradigma en els processos de recerca i producci\u00f3 art\u00edstica. (PID2024-161055NB-I00)<\/p>\n<\/div>\n<\/div><\/div><\/div><\/div><div id=\"pg-595-2\"  class=\"panel-grid panel-no-style\" ><div id=\"pgc-595-2-0\"  class=\"panel-grid-cell\" ><div id=\"panel-595-2-0-0\" class=\"so-panel widget widget_imartew_sectitle panel-first-child\" data-index=\"3\" ><div\n\t\t\t\n\t\t\tclass=\"so-widget-imartew_sectitle so-widget-imartew_sectitle-default-0de72d6fd67c-595\"\n\t\t\t\n\t\t><h2 class='imarte-page-title'>Equip Imarte<\/h2><\/div><\/div><div id=\"panel-595-2-0-1\" class=\"so-panel widget widget_imartew_member_list\" data-index=\"4\" ><div\n\t\t\t\n\t\t\tclass=\"so-widget-imartew_member_list so-widget-imartew_member_list-default-d75171398898-595\"\n\t\t\t\n\t\t><ul class='imarte-member-list imarte-member-list--3'><li class='imarte-member-list__li imarte-member-list__li--3'><a href='https:\/\/www.ub.edu\/imarte\/membres\/dra-eugenia-agusti\/'>Dra. Eug\u00e8nia Agust\u00ed<\/a><\/li><li class='imarte-member-list__li imarte-member-list__li--3'><a href='https:\/\/www.ub.edu\/imarte\/membres\/dr-albert-alcoz\/'>Dr. Albert Alcoz<\/a><\/li><li class='imarte-member-list__li imarte-member-list__li--3'><a href='https:\/\/www.ub.edu\/imarte\/membres\/dr-marc-angles\/'>Dr. Marc Angl\u00e8s<\/a><\/li><li class='imarte-member-list__li imarte-member-list__li--3'><a href='https:\/\/www.ub.edu\/imarte\/membres\/dra-laura-baigorri\/'>Dra. Laura Baigorri<\/a><\/li><li class='imarte-member-list__li imarte-member-list__li--3'><a href='https:\/\/www.ub.edu\/imarte\/membres\/joana-burd\/'>Joana Burd<\/a><\/li><li class='imarte-member-list__li imarte-member-list__li--3'><a href='https:\/\/www.ub.edu\/imarte\/membres\/dr-joaquim-cantalozella\/'>Dr. Joaquim Cantalozella<\/a><\/li><li class='imarte-member-list__li imarte-member-list__li--3'><a href='https:\/\/www.ub.edu\/imarte\/membres\/dra-montse-carreno\/'>Dra. Montse Carre\u00f1o<\/a><\/li><li class='imarte-member-list__li imarte-member-list__li--3'><a href='https:\/\/www.ub.edu\/imarte\/membres\/dra-antonia-coll\/'>Dra. Ant\u00f2nia Coll<\/a><\/li><li class='imarte-member-list__li imarte-member-list__li--3'><a href='https:\/\/www.ub.edu\/imarte\/membres\/dra-mireia-feliu\/'>Dra. Mireia Feliu<\/a><\/li><li class='imarte-member-list__li imarte-member-list__li--3'><a href='https:\/\/www.ub.edu\/imarte\/membres\/dr-lluis-fernandez-pons\/'>Dr. Llu\u00eds Fern\u00e1ndez Pons<\/a><\/li><li class='imarte-member-list__li imarte-member-list__li--3'><a href='https:\/\/www.ub.edu\/imarte\/membres\/dra-elena-fraj\/'>Dra. Elena Fraj<\/a><\/li><li class='imarte-member-list__li imarte-member-list__li--3'><a href='https:\/\/www.ub.edu\/imarte\/membres\/dra-matilde-grau\/'>Dra. Matilde Grau<\/a><\/li><li class='imarte-member-list__li imarte-member-list__li--3'><a href='https:\/\/www.ub.edu\/imarte\/membres\/dr-javier-lozano\/'>Dr. Javier Lozano<\/a><\/li><li class='imarte-member-list__li imarte-member-list__li--3'><a href='https:\/\/www.ub.edu\/imarte\/membres\/dr-vitor-magalhaes\/'>Dr. Vitor Magalhaes<\/a><\/li><li class='imarte-member-list__li imarte-member-list__li--3'><a href='https:\/\/www.ub.edu\/imarte\/membres\/dr-diego-marchante\/'>Dr. Diego Marchante<\/a><\/li><li class='imarte-member-list__li imarte-member-list__li--3'><a href='https:\/\/www.ub.edu\/imarte\/membres\/dra-eva-marin\/'>Dra. Eva Mar\u00edn<\/a><\/li><li class='imarte-member-list__li imarte-member-list__li--3'><a href='https:\/\/www.ub.edu\/imarte\/membres\/dra-jo-milne\/'>Dra. Jo Milne<\/a><\/li><li class='imarte-member-list__li imarte-member-list__li--3'><a href='https:\/\/www.ub.edu\/imarte\/membres\/dr-jordi-morell\/'>Dr. Jordi Morell<\/a><\/li><li class='imarte-member-list__li imarte-member-list__li--3'><a href='https:\/\/www.ub.edu\/imarte\/membres\/laia-moreto\/'>Laia Moret\u00f3<\/a><\/li><li class='imarte-member-list__li imarte-member-list__li--3'><a href='https:\/\/www.ub.edu\/imarte\/membres\/dra-marta-negre\/'>Dra. Marta Negre<\/a><\/li><li class='imarte-member-list__li imarte-member-list__li--3'><a href='https:\/\/www.ub.edu\/imarte\/membres\/dr-oscar-padilla\/'>Dr. Oscar Padilla<\/a><\/li><li class='imarte-member-list__li imarte-member-list__li--3'><a href='https:\/\/www.ub.edu\/imarte\/membres\/dr-ramon-parramon\/'>Dr. Ram\u00f3n Parram\u00f3n<\/a><\/li><li class='imarte-member-list__li imarte-member-list__li--3'><a href='https:\/\/www.ub.edu\/imarte\/membres\/dra-cristina-pasto\/'>Dra. Cristina Past\u00f3<\/a><\/li><li class='imarte-member-list__li imarte-member-list__li--3'><a href='https:\/\/www.ub.edu\/imarte\/membres\/mireia-plans\/'>Mireia Plans<\/a><\/li><li class='imarte-member-list__li imarte-member-list__li--3'><a href='https:\/\/www.ub.edu\/imarte\/membres\/dr-eloi-puig\/'>Dr. Eloi Puig<\/a><\/li><li class='imarte-member-list__li imarte-member-list__li--3'><a href='https:\/\/www.ub.edu\/imarte\/membres\/dr-txuma-sanchez\/'>Dr. Txuma S\u00e1nchez<\/a><\/li><li class='imarte-member-list__li imarte-member-list__li--3'><a href='https:\/\/www.ub.edu\/imarte\/membres\/dra-ana-urroz\/'>Dra. Ana Urroz<\/a><\/li><li class='imarte-member-list__li imarte-member-list__li--3'><a href='https:\/\/www.ub.edu\/imarte\/membres\/dra-angels-viladomiu\/'>Dra. \u00c0ngels Viladomiu<\/a><\/li><\/ul><\/div><\/div><div id=\"panel-595-2-0-2\" class=\"so-panel widget widget_imartew_sectitle\" data-index=\"5\" ><div\n\t\t\t\n\t\t\tclass=\"so-widget-imartew_sectitle so-widget-imartew_sectitle-default-0de72d6fd67c-595\"\n\t\t\t\n\t\t><h2 class='imarte-page-title'>Antics membres<\/h2><\/div><\/div><div id=\"panel-595-2-0-3\" class=\"so-panel widget widget_imartew_member_list panel-last-child\" data-index=\"6\" ><div\n\t\t\t\n\t\t\tclass=\"so-widget-imartew_member_list so-widget-imartew_member_list-default-d75171398898-595\"\n\t\t\t\n\t\t><ul class='imarte-member-list imarte-member-list--4'><li class='imarte-member-list__li imarte-member-list__li--4'><a href='https:\/\/www.ub.edu\/imarte\/membres\/dr-carles-ameller\/'>Dr. Carles Ameller<\/a><\/li><li class='imarte-member-list__li imarte-member-list__li--4'><a href='https:\/\/www.ub.edu\/imarte\/membres\/dra-lali-barriere\/'>Dra. Lali Barriere<\/a><\/li><li class='imarte-member-list__li imarte-member-list__li--4'><a href='https:\/\/www.ub.edu\/imarte\/membres\/jordi-bielsa\/'>Jordi Bielsa<\/a><\/li><li class='imarte-member-list__li imarte-member-list__li--4'><a href='https:\/\/www.ub.edu\/imarte\/membres\/dra-teresa-blanch\/'>Dra. Teresa Blanch<\/a><\/li><li class='imarte-member-list__li imarte-member-list__li--4'><a href='https:\/\/www.ub.edu\/imarte\/membres\/dra-pilar-bonet\/'>Dra. Pilar Bonet<\/a><\/li><li class='imarte-member-list__li imarte-member-list__li--4'><a href='https:\/\/www.ub.edu\/imarte\/membres\/luz-broto\/'>Luz Broto<\/a><\/li><li class='imarte-member-list__li imarte-member-list__li--4'><a href='https:\/\/www.ub.edu\/imarte\/membres\/dr-david-casacuberta\/'>Dr. David Casacuberta<\/a><\/li><li class='imarte-member-list__li imarte-member-list__li--4'><a href='https:\/\/www.ub.edu\/imarte\/membres\/dra-merce-casanovas\/'>Dra. Merc\u00e8 Casanovas<\/a><\/li><li class='imarte-member-list__li imarte-member-list__li--4'><a href='https:\/\/www.ub.edu\/imarte\/membres\/dra-lua-coderch\/'>Dra. L\u00faa Coderch<\/a><\/li><li class='imarte-member-list__li imarte-member-list__li--4'><a href='https:\/\/www.ub.edu\/imarte\/membres\/monica-febrer-martin\/'>M\u00f2nica Febrer Mart\u00edn<\/a><\/li><li class='imarte-member-list__li imarte-member-list__li--4'><a href='https:\/\/www.ub.edu\/imarte\/membres\/dr-salvador-juanpere\/'>Dr. Salvador Juanpere<\/a><\/li><li class='imarte-member-list__li imarte-member-list__li--4'><a href='https:\/\/www.ub.edu\/imarte\/membres\/alejandra-lopez-gabrielidis\/'>Alejandra L\u00f3pez Gabrielidis<\/a><\/li><li class='imarte-member-list__li imarte-member-list__li--4'><a href='https:\/\/www.ub.edu\/imarte\/membres\/josefina-lopez\/'>Josefina L\u00f3pez<\/a><\/li><li class='imarte-member-list__li imarte-member-list__li--4'><a href='https:\/\/www.ub.edu\/imarte\/membres\/dr-enrique-martinez-leal\/'>Dr. Enrique Mart\u00ednez Leal<\/a><\/li><li class='imarte-member-list__li imarte-member-list__li--4'><a href='https:\/\/www.ub.edu\/imarte\/membres\/dra-esther-monivas\/'>Dra. Esther Mo\u00f1ivas<\/a><\/li><li class='imarte-member-list__li imarte-member-list__li--4'><a href='https:\/\/www.ub.edu\/imarte\/membres\/dra-montserrat-morcate\/'>Dra. Montserrat Morcate<\/a><\/li><li class='imarte-member-list__li imarte-member-list__li--4'><a href='https:\/\/www.ub.edu\/imarte\/membres\/fina-padros\/'>Fina Padr\u00f3s<\/a><\/li><li class='imarte-member-list__li imarte-member-list__li--4'><a href='https:\/\/www.ub.edu\/imarte\/membres\/dra-pilar-palomer\/'>Dra. Pilar Palomer<\/a><\/li><li class='imarte-member-list__li imarte-member-list__li--4'><a href='https:\/\/www.ub.edu\/imarte\/membres\/mercedes-pimiento\/'>Mercedes Pimiento<\/a><\/li><li class='imarte-member-list__li imarte-member-list__li--4'><a href='https:\/\/www.ub.edu\/imarte\/membres\/montserrat-ras\/'>Montserrat Ras<\/a><\/li><li class='imarte-member-list__li imarte-member-list__li--4'><a href='https:\/\/www.ub.edu\/imarte\/membres\/beatriz-regueira-pons\/'>Beatriz Regueira Pons<\/a><\/li><li class='imarte-member-list__li imarte-member-list__li--4'><a href='https:\/\/www.ub.edu\/imarte\/membres\/dr-marti-ruiz\/'>Dr. Mart\u00ed Ruiz<\/a><\/li><li class='imarte-member-list__li imarte-member-list__li--4'><a href='https:\/\/www.ub.edu\/imarte\/membres\/mana-salehi\/'>Mana Salehi<\/a><\/li><li class='imarte-member-list__li imarte-member-list__li--4'><a href='https:\/\/www.ub.edu\/imarte\/membres\/anja-steidinger\/'>Anja Steidinger<\/a><\/li><li class='imarte-member-list__li imarte-member-list__li--4'><a href='https:\/\/www.ub.edu\/imarte\/membres\/dr-albert-valera\/'>Dr. Albert Valera<\/a><\/li><li class='imarte-member-list__li imarte-member-list__li--4'><a href='https:\/\/www.ub.edu\/imarte\/membres\/dra-stella-veciana\/'>Dra. Stella Veciana<\/a><\/li><li class='imarte-member-list__li imarte-member-list__li--4'><a href='https:\/\/www.ub.edu\/imarte\/membres\/dra-alicia-vela\/'>Dra. Alicia Vela<\/a><\/li><li class='imarte-member-list__li imarte-member-list__li--4'><a href='https:\/\/www.ub.edu\/imarte\/membres\/eva-vila-pou\/'>Eva Vila Pou<\/a><\/li><li class='imarte-member-list__li imarte-member-list__li--4'><a href='https:\/\/www.ub.edu\/imarte\/membres\/dra-antonia-vila\/'>Dra. Ant\u00f2nia Vil\u00e0<\/a><\/li><\/ul><\/div><\/div><\/div><\/div><\/div>","protected":false},"excerpt":{"rendered":"<p>L&#8217;equip de recerca Imarte\u00a0inicia la seva participaci\u00f3 en projectes competitius l&#8217;any 2000, permetent crear varies l\u00ednies d&#8217;investigaci\u00f3 que prenen com a base les produccions art\u00edstiques, per analitzar els canvis de sentit i influ\u00e8ncies de les tecnologies digitals en els seus processos. La investigaci\u00f3 art\u00edstica avui estableix un codi compartit que no es limita a un &hellip; <a href=\"https:\/\/www.ub.edu\/imarte\/imarte\/\">Continued<\/a><\/p>\n","protected":false},"author":2,"featured_media":0,"parent":0,"menu_order":1,"comment_status":"closed","ping_status":"closed","template":"","meta":{"_acf_changed":false,"inline_featured_image":false,"footnotes":""},"class_list":["post-595","page","type-page","status-publish","hentry"," cat-0"],"acf":[],"yoast_head":"<!-- This site is optimized with the Yoast SEO plugin v23.8 - https:\/\/yoast.com\/wordpress\/plugins\/seo\/ -->\n<title>Imarte | Imarte<\/title>\n<meta name=\"robots\" content=\"index, follow, max-snippet:-1, max-image-preview:large, max-video-preview:-1\" \/>\n<link rel=\"canonical\" href=\"https:\/\/www.ub.edu\/imarte\/imarte\/\" \/>\n<meta property=\"og:locale\" content=\"ca_ES\" \/>\n<meta property=\"og:type\" content=\"article\" \/>\n<meta property=\"og:title\" content=\"Imarte | Imarte\" \/>\n<meta property=\"og:description\" content=\"L&#039;equip de recerca Imarte\u00a0inicia la seva participaci\u00f3 en projectes competitius l&#039;any 2000, permetent crear varies l\u00ednies d&#039;investigaci\u00f3 que prenen com a base les produccions art\u00edstiques, per analitzar els canvis de sentit i influ\u00e8ncies de les tecnologies digitals en els seus processos. La investigaci\u00f3 art\u00edstica avui estableix un codi compartit que no es limita a un &hellip; Continued\" \/>\n<meta property=\"og:url\" content=\"https:\/\/www.ub.edu\/imarte\/imarte\/\" \/>\n<meta property=\"og:site_name\" content=\"Imarte\" \/>\n<meta property=\"article:modified_time\" content=\"2025-10-29T20:18:38+00:00\" \/>\n<meta name=\"twitter:card\" content=\"summary_large_image\" \/>\n<meta name=\"twitter:label1\" content=\"Temps estimat de lectura\" \/>\n\t<meta name=\"twitter:data1\" content=\"2 minuts\" \/>\n<script type=\"application\/ld+json\" class=\"yoast-schema-graph\">{\"@context\":\"https:\/\/schema.org\",\"@graph\":[{\"@type\":\"WebPage\",\"@id\":\"https:\/\/www.ub.edu\/imarte\/imarte\/\",\"url\":\"https:\/\/www.ub.edu\/imarte\/imarte\/\",\"name\":\"Imarte | Imarte\",\"isPartOf\":{\"@id\":\"https:\/\/www.ub.edu\/imarte\/#website\"},\"datePublished\":\"2018-02-06T12:12:35+00:00\",\"dateModified\":\"2025-10-29T20:18:38+00:00\",\"breadcrumb\":{\"@id\":\"https:\/\/www.ub.edu\/imarte\/imarte\/#breadcrumb\"},\"inLanguage\":\"ca\",\"potentialAction\":[{\"@type\":\"ReadAction\",\"target\":[\"https:\/\/www.ub.edu\/imarte\/imarte\/\"]}]},{\"@type\":\"BreadcrumbList\",\"@id\":\"https:\/\/www.ub.edu\/imarte\/imarte\/#breadcrumb\",\"itemListElement\":[{\"@type\":\"ListItem\",\"position\":1,\"name\":\"Home\",\"item\":\"https:\/\/www.ub.edu\/imarte\/\"},{\"@type\":\"ListItem\",\"position\":2,\"name\":\"Imarte\"}]},{\"@type\":\"WebSite\",\"@id\":\"https:\/\/www.ub.edu\/imarte\/#website\",\"url\":\"https:\/\/www.ub.edu\/imarte\/\",\"name\":\"Imarte\",\"description\":\"Grup d&#039;investigaci\u00f3, art, ci\u00e8ncia i tecnologia.\",\"potentialAction\":[{\"@type\":\"SearchAction\",\"target\":{\"@type\":\"EntryPoint\",\"urlTemplate\":\"https:\/\/www.ub.edu\/imarte\/?s={search_term_string}\"},\"query-input\":{\"@type\":\"PropertyValueSpecification\",\"valueRequired\":true,\"valueName\":\"search_term_string\"}}],\"inLanguage\":\"ca\"}]}<\/script>\n<!-- \/ Yoast SEO plugin. -->","yoast_head_json":{"title":"Imarte | Imarte","robots":{"index":"index","follow":"follow","max-snippet":"max-snippet:-1","max-image-preview":"max-image-preview:large","max-video-preview":"max-video-preview:-1"},"canonical":"https:\/\/www.ub.edu\/imarte\/imarte\/","og_locale":"ca_ES","og_type":"article","og_title":"Imarte | Imarte","og_description":"L'equip de recerca Imarte\u00a0inicia la seva participaci\u00f3 en projectes competitius l'any 2000, permetent crear varies l\u00ednies d'investigaci\u00f3 que prenen com a base les produccions art\u00edstiques, per analitzar els canvis de sentit i influ\u00e8ncies de les tecnologies digitals en els seus processos. La investigaci\u00f3 art\u00edstica avui estableix un codi compartit que no es limita a un &hellip; Continued","og_url":"https:\/\/www.ub.edu\/imarte\/imarte\/","og_site_name":"Imarte","article_modified_time":"2025-10-29T20:18:38+00:00","twitter_card":"summary_large_image","twitter_misc":{"Temps estimat de lectura":"2 minuts"},"schema":{"@context":"https:\/\/schema.org","@graph":[{"@type":"WebPage","@id":"https:\/\/www.ub.edu\/imarte\/imarte\/","url":"https:\/\/www.ub.edu\/imarte\/imarte\/","name":"Imarte | Imarte","isPartOf":{"@id":"https:\/\/www.ub.edu\/imarte\/#website"},"datePublished":"2018-02-06T12:12:35+00:00","dateModified":"2025-10-29T20:18:38+00:00","breadcrumb":{"@id":"https:\/\/www.ub.edu\/imarte\/imarte\/#breadcrumb"},"inLanguage":"ca","potentialAction":[{"@type":"ReadAction","target":["https:\/\/www.ub.edu\/imarte\/imarte\/"]}]},{"@type":"BreadcrumbList","@id":"https:\/\/www.ub.edu\/imarte\/imarte\/#breadcrumb","itemListElement":[{"@type":"ListItem","position":1,"name":"Home","item":"https:\/\/www.ub.edu\/imarte\/"},{"@type":"ListItem","position":2,"name":"Imarte"}]},{"@type":"WebSite","@id":"https:\/\/www.ub.edu\/imarte\/#website","url":"https:\/\/www.ub.edu\/imarte\/","name":"Imarte","description":"Grup d&#039;investigaci\u00f3, art, ci\u00e8ncia i tecnologia.","potentialAction":[{"@type":"SearchAction","target":{"@type":"EntryPoint","urlTemplate":"https:\/\/www.ub.edu\/imarte\/?s={search_term_string}"},"query-input":{"@type":"PropertyValueSpecification","valueRequired":true,"valueName":"search_term_string"}}],"inLanguage":"ca"}]}},"_links":{"self":[{"href":"https:\/\/www.ub.edu\/imarte\/wp-json\/wp\/v2\/pages\/595"}],"collection":[{"href":"https:\/\/www.ub.edu\/imarte\/wp-json\/wp\/v2\/pages"}],"about":[{"href":"https:\/\/www.ub.edu\/imarte\/wp-json\/wp\/v2\/types\/page"}],"author":[{"embeddable":true,"href":"https:\/\/www.ub.edu\/imarte\/wp-json\/wp\/v2\/users\/2"}],"replies":[{"embeddable":true,"href":"https:\/\/www.ub.edu\/imarte\/wp-json\/wp\/v2\/comments?post=595"}],"version-history":[{"count":17,"href":"https:\/\/www.ub.edu\/imarte\/wp-json\/wp\/v2\/pages\/595\/revisions"}],"predecessor-version":[{"id":15976,"href":"https:\/\/www.ub.edu\/imarte\/wp-json\/wp\/v2\/pages\/595\/revisions\/15976"}],"wp:attachment":[{"href":"https:\/\/www.ub.edu\/imarte\/wp-json\/wp\/v2\/media?parent=595"}],"curies":[{"name":"wp","href":"https:\/\/api.w.org\/{rel}","templated":true}]}}