{"id":25869,"date":"2021-05-12T10:15:52","date_gmt":"2021-05-12T08:15:52","guid":{"rendered":"https:\/\/www.ub.edu\/in2ub_temp\/?page_id=25869"},"modified":"2021-05-12T10:19:45","modified_gmt":"2021-05-12T08:19:45","slug":"sobre-lin2ub","status":"publish","type":"page","link":"https:\/\/www.ub.edu\/in2ub\/ca\/sobre-lin2ub\/","title":{"rendered":"Sobre l&#8217;IN2UB"},"content":{"rendered":"<section class=\"l-section wpb_row height_auto width_full zindex\"><div class=\"l-section-h i-cf\"><div class=\"g-cols vc_row type_default valign_top\"><div class=\"vc_col-sm-12 wpb_column vc_column_container\"><div class=\"vc_column-inner\"><div class=\"wpb_wrapper\"><style data-type=\"us_custom-css\">.w-separator.size_small.with_line.width_30.thick_3.style_solid.color_secondary.align_center {\r\n    margin-left: 0!important;\r\n    margin-bottom: 1rem;\r\n    height: 1rem;\r\n    color: #d68b36;\r\n}<\/style><section class=\"l-section wpb_row us_custom_6c796549 height_small width_full with_slider with_overlay\"><div class=\"l-section-slider\"><div class=\"w-slider style_none fit_cover\"><div class=\"w-slider-h\"><div class=\"royalSlider\"><div class=\"rsContent\"><a class=\"rsImg\" data-rsw=\"1920\" data-rsh=\"1080\" href=\"https:\/\/www.ub.edu\/in2ub\/wp-content\/uploads\/2020\/11\/in2ub-back-3.jpg\"><span data-alt=\"\"><\/span><\/a><\/div><div class=\"rsContent\"><a class=\"rsImg\" data-rsw=\"1920\" data-rsh=\"960\" href=\"https:\/\/www.ub.edu\/in2ub\/wp-content\/uploads\/2020\/11\/in2ub-back-4.jpg\"><span data-alt=\"\"><\/span><\/a><\/div><div class=\"rsContent\"><a class=\"rsImg\" data-rsw=\"1920\" data-rsh=\"1440\" href=\"https:\/\/www.ub.edu\/in2ub\/wp-content\/uploads\/2020\/11\/in2ub-back-2.jpg\"><span data-alt=\"\"><\/span><\/a><\/div><div class=\"rsContent\"><a class=\"rsImg\" data-rsw=\"1920\" data-rsh=\"1280\" href=\"https:\/\/www.ub.edu\/in2ub\/wp-content\/uploads\/2020\/11\/in2ub-back-1.jpg\"><span data-alt=\"\"><\/span><\/a><\/div><div class=\"rsContent\"><a class=\"rsImg\" data-rsw=\"1246\" data-rsh=\"901\" href=\"https:\/\/www.ub.edu\/in2ub\/wp-content\/uploads\/2021\/07\/Gold-nanocups-copia-6.jpg\"><span data-alt=\"\"><\/span><\/a><\/div><\/div><img decoding=\"async\" src=\"https:\/\/www.ub.edu\/in2ub\/wp-content\/uploads\/2020\/11\/in2ub-back-3.jpg\" width=\"1920\" height=\"1080\" alt loading=\"lazy\"><\/div><div class=\"w-slider-json\" onclick='return {&quot;loop&quot;:true,&quot;fadeInLoadedSlide&quot;:false,&quot;slidesSpacing&quot;:0,&quot;imageScalePadding&quot;:0,&quot;numImagesToPreload&quot;:2,&quot;arrowsNav&quot;:false,&quot;arrowsNavAutoHide&quot;:false,&quot;transitionType&quot;:&quot;move&quot;,&quot;transitionSpeed&quot;:1000,&quot;block&quot;:{&quot;moveEffect&quot;:&quot;none&quot;,&quot;speed&quot;:300},&quot;controlNavigation&quot;:&quot;none&quot;,&quot;autoplay&quot;:{&quot;enabled&quot;:true,&quot;pauseOnHover&quot;:false,&quot;delay&quot;:3000},&quot;imageScaleMode&quot;:&quot;fill&quot;,&quot;autoScaleSlider&quot;:true,&quot;autoScaleSliderWidth&quot;:1920,&quot;autoScaleSliderHeight&quot;:1080,&quot;fitInViewport&quot;:false}'><\/div><\/div><\/div><div class=\"l-section-overlay\" style=\"background: linear-gradient(90deg, rgba(255,255,255,1) 0%, rgba(255,255,255,0.20) 100%)\"><\/div><div class=\"l-section-h i-cf\"><div class=\"g-cols vc_row type_default valign_top\"><div class=\"vc_col-sm-12 wpb_column vc_column_container\"><div class=\"vc_column-inner\"><div class=\"wpb_wrapper\"><div class=\"g-cols wpb_row  type_boxes valign_top vc_inner\"><div class=\"vc_col-sm-2\/5 wpb_column vc_column_container\"><div class=\"vc_column-inner\"><div class=\"wpb_wrapper\"><div class=\"w-separator size_small\"><\/div><div class=\"wpb_text_column\" ><div class=\"wpb_wrapper\"><h2 style=\"text-align: left;\"><strong>Institut de Nanoci\u00e8ncia<br \/>\ni Nanotecnologia<\/strong><\/h2>\n<\/div><\/div><div class=\"wpb_text_column\" ><div class=\"wpb_wrapper\"><h2 style=\"text-align: left;\"><strong>Universitat de Barcelona<\/strong><\/h2>\n<\/div><\/div><div class=\"w-separator size_small with_line width_30 thick_3 style_solid color_secondary align_center\"><div class=\"w-separator-h\"><\/div><\/div><h1 class=\"w-post-elm post_title entry-title color_link_inherit\">Sobre l&#8217;IN2UB<\/h1><\/div><\/div><\/div><div class=\"vc_col-sm-3\/5 wpb_column vc_column_container\"><div class=\"vc_column-inner\"><div class=\"wpb_wrapper\"><\/div><\/div><\/div><\/div><\/div><\/div><\/div><\/div><\/div><\/section>\n<\/div><\/div><\/div><\/div><\/div><\/section><section class=\"l-section wpb_row us_custom_86a5168b height_medium\"><div class=\"l-section-h i-cf\"><div class=\"g-cols vc_row type_boxes valign_top\"><div class=\"vc_col-sm-12 wpb_column vc_column_container\"><div class=\"vc_column-inner\"><div class=\"wpb_wrapper\"><div class=\"g-cols wpb_row  type_default valign_top vc_inner\"><div class=\"vc_col-sm-3 wpb_column vc_column_container animate_afl\" style=\"animation-delay:0.4s\"><div class=\"vc_column-inner\"><div class=\"wpb_wrapper\"><div class=\"w-separator size_medium\"><\/div><div class=\"w-iconbox iconpos_top style_default color_custom align_center no_text titol-amb-icona icontype_img\"><div class=\"w-iconbox-icon\" style=\"font-size:72px;color:#8CABD4;\"><img loading=\"lazy\" decoding=\"async\" width=\"641\" height=\"640\" src=\"https:\/\/www.ub.edu\/in2ub\/wp-content\/uploads\/2021\/03\/Nanoscience.png\" class=\"attachment-full size-full\" alt=\"\" srcset=\"https:\/\/www.ub.edu\/in2ub\/wp-content\/uploads\/2021\/03\/Nanoscience.png 641w, https:\/\/www.ub.edu\/in2ub\/wp-content\/uploads\/2021\/03\/Nanoscience-300x300.png 300w, https:\/\/www.ub.edu\/in2ub\/wp-content\/uploads\/2021\/03\/Nanoscience-150x150.png 150w\" sizes=\"(max-width: 641px) 100vw, 641px\" \/><\/div><div class=\"w-iconbox-meta\"><h4 class=\"w-iconbox-title\">La Nanoci\u00e8ncia i la Nanotecnologia<\/h4><\/div><\/div><\/div><\/div><\/div><div class=\"vc_col-sm-1 wpb_column vc_column_container has-fill\"><div class=\"vc_column-inner us_custom_4fb9e5a3\"><div class=\"wpb_wrapper\"><\/div><\/div><\/div><div class=\"vc_col-sm-8 wpb_column vc_column_container has-fill\"><div class=\"vc_column-inner us_custom_4fb9e5a3\"><div class=\"wpb_wrapper\"><div class=\"wpb_text_column\" ><div class=\"wpb_wrapper\"><div>\n<p>Les propietats de la mat\u00e8ria es regeixen, per sota d\u2019unes dimensions cr\u00edtiques, per la mec\u00e0nica qu\u00e0ntica i els efectes de grand\u00e0ria finita. Els materials que tenen la seva estructura modificada a escala nanom\u00e8trica poden presentar propietats molt diferents de les que presentarien al m\u00f3n macrosc\u00f2pic i constitueixen, doncs, un nou paradigma cient\u00edfic.<\/p>\n<p>El bagatge de qu\u00e8 disposem pel que fa a teories i models per entendre el comportament de la mat\u00e8ria tant a nivell at\u00f2mic i molecular com a nivell microsc\u00f2pic \u00e9s extens. Hi ha, en canvi, tot un camp encara per explorar just al mig, on les dimensions dels sistemes s\u00f3n similars a les longituds caracter\u00edstiques de molts fen\u00f2mens i processos, com ara els que observem en la cat\u00e0lisi, biologia molecular, l\u2019electr\u00f2nica, el magnetisme, o l\u2019\u00f2ptica, al voltant o per sota dels cent nan\u00f2metres. Una extensa gamma de propietats provinents de processos que tenen lloc en aquestes longituds d\u2019escala poden ser modificades: cal nom\u00e9s controlar l\u2019estructura dels sistemes a escala nanom\u00e8trica. La fabricaci\u00f3 i l\u2019estudi de nanosistemes amb noves propietats funcionals \u00e9s doncs el gran repte de les NC&amp;T, i per assolir-lo comptem amb un ample ventall de coneixements i metodologies.<\/p>\n<p>Les NC&amp;T s\u2019apliquen a gran nombre de sectors tecnol\u00f2gics, com ara la biomedicina i la biotecnologia, les tecnologies de la informaci\u00f3, la producci\u00f3 i l\u2019emmagatzematge d\u2019energia, la ci\u00e8ncia de materials, la recerca aliment\u00e0ria i del medi ambient, o les aplicacions catal\u00edtiques. Entre totes aquestes aplicacions cal no oblidar ni el disseny dels instruments necessaris per a l\u2019estudi de les propietats de la mat\u00e8ria ni les t\u00e8cniques de producci\u00f3 de nanomaterials a escala nanom\u00e8trica. Alguns dels camps d\u2019aplicaci\u00f3 m\u00e9s prometedors de la NC&amp;T s\u00f3n:<\/p>\n<\/div>\n<\/div><\/div><div class=\"w-iconbox iconpos_left style_default color_custom align_left no_text\"><div class=\"w-iconbox-icon\" style=\"font-size:16px;color:#D68B36;\"><i class=\"fas fa-check\"><\/i><\/div><div class=\"w-iconbox-meta\"><p class=\"w-iconbox-title\">Aplicacions biom\u00e8diques i biotecnol\u00f2giques<\/p><\/div><\/div><div class=\"w-iconbox iconpos_left style_default color_custom align_left no_text\"><div class=\"w-iconbox-icon\" style=\"font-size:16px;color:#D68B36;\"><i class=\"fas fa-check\"><\/i><\/div><div class=\"w-iconbox-meta\"><p class=\"w-iconbox-title\">Tecnologies de la informaci\u00f3<\/p><\/div><\/div><div class=\"w-iconbox iconpos_left style_default color_custom align_left no_text\"><div class=\"w-iconbox-icon\" style=\"font-size:16px;color:#D68B36;\"><i class=\"fas fa-check\"><\/i><\/div><div class=\"w-iconbox-meta\"><p class=\"w-iconbox-title\">Producci\u00f3 i emmagatzematge d\u2019energia<\/p><\/div><\/div><div class=\"w-iconbox iconpos_left style_default color_custom align_left no_text\"><div class=\"w-iconbox-icon\" style=\"font-size:16px;color:#D68B36;\"><i class=\"fas fa-check\"><\/i><\/div><div class=\"w-iconbox-meta\"><p class=\"w-iconbox-title\">Ci\u00e8ncia de materials<\/p><\/div><\/div><div class=\"w-iconbox iconpos_left style_default color_custom align_left no_text\"><div class=\"w-iconbox-icon\" style=\"font-size:16px;color:#D68B36;\"><i class=\"fas fa-check\"><\/i><\/div><div class=\"w-iconbox-meta\"><p class=\"w-iconbox-title\">Fabricaci\u00f3 a la nanoescala<\/p><\/div><\/div><div class=\"w-iconbox iconpos_left style_default color_custom align_left no_text\"><div class=\"w-iconbox-icon\" style=\"font-size:16px;color:#D68B36;\"><i class=\"fas fa-check\"><\/i><\/div><div class=\"w-iconbox-meta\"><p class=\"w-iconbox-title\">Fabricaci\u00f3 d\u2019instruments<\/p><\/div><\/div><div class=\"w-iconbox iconpos_left style_default color_custom align_left no_text\"><div class=\"w-iconbox-icon\" style=\"font-size:16px;color:#D68B36;\"><i class=\"fas fa-check\"><\/i><\/div><div class=\"w-iconbox-meta\"><p class=\"w-iconbox-title\">Recerca sobre aliments, aigua i medi ambient<\/p><\/div><\/div><div class=\"w-iconbox iconpos_left style_default color_custom align_left no_text\"><div class=\"w-iconbox-icon\" style=\"font-size:16px;color:#D68B36;\"><i class=\"fas fa-check\"><\/i><\/div><div class=\"w-iconbox-meta\"><p class=\"w-iconbox-title\">Sistemes de seguretat<\/p><\/div><\/div><div class=\"w-iconbox iconpos_left style_default color_custom align_left no_text\"><div class=\"w-iconbox-icon\" style=\"font-size:16px;color:#D68B36;\"><i class=\"fas fa-check\"><\/i><\/div><div class=\"w-iconbox-meta\"><p class=\"w-iconbox-title\">Aplicacions catal\u00edtiques<\/p><\/div><\/div><\/div><\/div><\/div><\/div><div class=\"g-cols wpb_row  type_default valign_top vc_inner\"><div class=\"vc_col-sm-12 wpb_column vc_column_container\"><div class=\"vc_column-inner\"><div class=\"wpb_wrapper\"><div class=\"w-separator size_small\"><\/div><\/div><\/div><\/div><\/div><div class=\"g-cols wpb_row  type_default valign_top vc_inner\"><div class=\"vc_col-sm-3 wpb_column vc_column_container animate_afl item-padding\" style=\"animation-delay:0.4s\"><div class=\"vc_column-inner\"><div class=\"wpb_wrapper\"><div class=\"w-separator size_medium\"><\/div><div class=\"w-iconbox iconpos_top style_default color_custom align_center no_text titol-amb-icona icontype_img\"><div class=\"w-iconbox-icon\" style=\"font-size:72px;color:#8CABD4;\"><img loading=\"lazy\" decoding=\"async\" width=\"641\" height=\"640\" src=\"https:\/\/www.ub.edu\/in2ub\/wp-content\/uploads\/2021\/03\/Our-aims.png\" class=\"attachment-full size-full\" alt=\"\" srcset=\"https:\/\/www.ub.edu\/in2ub\/wp-content\/uploads\/2021\/03\/Our-aims.png 641w, https:\/\/www.ub.edu\/in2ub\/wp-content\/uploads\/2021\/03\/Our-aims-300x300.png 300w, https:\/\/www.ub.edu\/in2ub\/wp-content\/uploads\/2021\/03\/Our-aims-150x150.png 150w\" sizes=\"(max-width: 641px) 100vw, 641px\" \/><\/div><div class=\"w-iconbox-meta\"><h4 class=\"w-iconbox-title\">Objectius<\/h4><\/div><\/div><\/div><\/div><\/div><div class=\"vc_col-sm-1 wpb_column vc_column_container has-fill\"><div class=\"vc_column-inner us_custom_4fb9e5a3\"><div class=\"wpb_wrapper\"><\/div><\/div><\/div><div class=\"vc_col-sm-8 wpb_column vc_column_container has-fill\"><div class=\"vc_column-inner us_custom_4fb9e5a3\"><div class=\"wpb_wrapper\"><div class=\"wpb_text_column\" ><div class=\"wpb_wrapper\"><p><strong>Els Objectius de l\u2019IN2UB s\u00f3n:<\/strong><\/p>\n<\/div><\/div><div class=\"w-iconbox iconpos_left style_default color_custom align_left no_text\"><div class=\"w-iconbox-icon\" style=\"font-size:16px;color:#D68B36;\"><i class=\"fas fa-check\"><\/i><\/div><div class=\"w-iconbox-meta\"><p class=\"w-iconbox-title\">Generar les sin\u00e8rgies adients entre els investigadors mitjan\u00e7ant el foment d\u2019activitats interdisciplin\u00e0ries que permetin abordar nous projectes en la frontera del coneixement.<\/p><\/div><\/div><div class=\"w-separator size_custom\" style=\"height:10px\"><\/div><div class=\"w-iconbox iconpos_left style_default color_custom align_left no_text\"><div class=\"w-iconbox-icon\" style=\"font-size:16px;color:#D68B36;\"><i class=\"fas fa-check\"><\/i><\/div><div class=\"w-iconbox-meta\"><p class=\"w-iconbox-title\">Afavorir la relaci\u00f3 entre els investigadors i les empreses interessades en les diferents aplicacions de les nanotecnologies, tot impulsant la realitzaci\u00f3 de projectes conjunts, orientats a satisfer la demanda tecnol\u00f2gica del sector empresarial.<\/p><\/div><\/div><\/div><\/div><\/div><\/div><div class=\"g-cols wpb_row  type_default valign_top vc_inner\"><div class=\"vc_col-sm-12 wpb_column vc_column_container\"><div class=\"vc_column-inner\"><div class=\"wpb_wrapper\"><div class=\"w-separator size_small\"><\/div><\/div><\/div><\/div><\/div><div class=\"g-cols wpb_row  type_default valign_top vc_inner\"><div class=\"vc_col-sm-3 wpb_column vc_column_container animate_afl item-padding\" style=\"animation-delay:0.4s\"><div class=\"vc_column-inner\"><div class=\"wpb_wrapper\"><div class=\"w-separator size_medium\"><\/div><div class=\"w-iconbox iconpos_top style_default color_custom align_center no_text titol-amb-icona icontype_img\"><div class=\"w-iconbox-icon\" style=\"font-size:72px;color:#8CABD4;\"><img loading=\"lazy\" decoding=\"async\" width=\"641\" height=\"640\" src=\"https:\/\/www.ub.edu\/in2ub\/wp-content\/uploads\/2021\/03\/Our-background.png\" class=\"attachment-full size-full\" alt=\"\" srcset=\"https:\/\/www.ub.edu\/in2ub\/wp-content\/uploads\/2021\/03\/Our-background.png 641w, https:\/\/www.ub.edu\/in2ub\/wp-content\/uploads\/2021\/03\/Our-background-300x300.png 300w, https:\/\/www.ub.edu\/in2ub\/wp-content\/uploads\/2021\/03\/Our-background-150x150.png 150w\" sizes=\"(max-width: 641px) 100vw, 641px\" \/><\/div><div class=\"w-iconbox-meta\"><h4 class=\"w-iconbox-title\">Els or\u00edgens de l&#8217;IN2UB<\/h4><\/div><\/div><\/div><\/div><\/div><div class=\"vc_col-sm-1 wpb_column vc_column_container has-fill\"><div class=\"vc_column-inner us_custom_4fb9e5a3\"><div class=\"wpb_wrapper\"><\/div><\/div><\/div><div class=\"vc_col-sm-8 wpb_column vc_column_container has-fill\"><div class=\"vc_column-inner us_custom_4fb9e5a3\"><div class=\"wpb_wrapper\"><div class=\"wpb_text_column\" ><div class=\"wpb_wrapper\"><p>Els instituts de recerca, creats amb l\u2019objectiu d\u2019impulsar les activitats de recerca i donar-les a con\u00e8ixer a la societat, constitueixen avui dia una de les majors unitats organitzatives de la recerca. Moltes administracions p\u00fabliques i d\u2019altres organismes oficials arreu del m\u00f3n fomenten la recerca i el desenvolupament en l\u2019\u00e0mbit de les nanotecnologies mitjan\u00e7ant la creaci\u00f3 d\u2019instituts de recerca especialitzats. Amb la voluntat de seguir aquest model organitzatiu, i com a eina coordinadora de les activitats de recerca multidisciplinar que duen a terme diferents grups en el seu si, la Universitat de Barcelona va crear l\u2019any 2006 Institut de Nanoci\u00e8ncia i Nanotecnologia (IN<sup>2<\/sup>UB). L\u2019institut vol contribuir al progr\u00e9s de la ci\u00e8ncia i la innovaci\u00f3 i esperonar, alhora, la competitivitat del sector empresarial. Els investigadors que integren l\u2019IN<sup>2<\/sup>UB provenen de disciplines molt diferents, com ara la f\u00edsica, la qu\u00edmica, la farm\u00e0cia, la bioqu\u00edmica o la medicina, perqu\u00e8 l\u2019IN<sup>2<\/sup>UB vol fomentar al m\u00e0xim la col\u00b7laboraci\u00f3 entre diferent grups i centres de recerca, tan a nivell nacional com a nivell internacional, i contribuir a potenciar les activitats interdisciplinars de recercar b\u00e0sica i aplicada.<\/p>\n<\/div><\/div><\/div><\/div><\/div><\/div><\/div><\/div><\/div><\/div><\/div><\/section>\n","protected":false},"excerpt":{"rendered":"Institut de Nanoci\u00e8ncia i Nanotecnologia Universitat de Barcelona Sobre l&#8217;IN2UB La Nanoci\u00e8ncia i la Nanotecnologia Les propietats de la mat\u00e8ria es regeixen, per sota d\u2019unes dimensions cr\u00edtiques, per la mec\u00e0nica qu\u00e0ntica i els efectes de grand\u00e0ria finita. Els materials que tenen la seva estructura modificada a escala nanom\u00e8trica poden presentar propietats molt diferents de les...","protected":false},"author":1,"featured_media":0,"parent":0,"menu_order":0,"comment_status":"closed","ping_status":"closed","template":"","meta":{"footnotes":""},"yoast_head":"<!-- This site is optimized with the Yoast SEO plugin v23.5 - https:\/\/yoast.com\/wordpress\/plugins\/seo\/ -->\n<title>Sobre l&#039;IN2UB - IN\u00b2UB<\/title>\n<meta name=\"robots\" content=\"index, follow, max-snippet:-1, max-image-preview:large, max-video-preview:-1\" \/>\n<link rel=\"canonical\" href=\"https:\/\/www.ub.edu\/in2ub\/ca\/sobre-lin2ub\/\" \/>\n<meta property=\"og:locale\" content=\"ca_ES\" \/>\n<meta property=\"og:type\" content=\"article\" \/>\n<meta property=\"og:title\" content=\"Sobre l&#039;IN2UB - IN\u00b2UB\" \/>\n<meta property=\"og:url\" content=\"https:\/\/www.ub.edu\/in2ub\/ca\/sobre-lin2ub\/\" \/>\n<meta property=\"og:site_name\" content=\"IN\u00b2UB\" \/>\n<meta property=\"article:modified_time\" content=\"2021-05-12T08:19:45+00:00\" \/>\n<meta name=\"twitter:card\" content=\"summary_large_image\" \/>\n<meta name=\"twitter:label1\" content=\"Temps estimat de lectura\" \/>\n\t<meta name=\"twitter:data1\" content=\"6 minuts\" \/>\n<script type=\"application\/ld+json\" class=\"yoast-schema-graph\">{\"@context\":\"https:\/\/schema.org\",\"@graph\":[{\"@type\":\"WebPage\",\"@id\":\"https:\/\/www.ub.edu\/in2ub\/ca\/sobre-lin2ub\/\",\"url\":\"https:\/\/www.ub.edu\/in2ub\/ca\/sobre-lin2ub\/\",\"name\":\"Sobre l'IN2UB - IN\u00b2UB\",\"isPartOf\":{\"@id\":\"https:\/\/www.ub.edu\/in2ub\/#website\"},\"datePublished\":\"2021-05-12T08:15:52+00:00\",\"dateModified\":\"2021-05-12T08:19:45+00:00\",\"breadcrumb\":{\"@id\":\"https:\/\/www.ub.edu\/in2ub\/ca\/sobre-lin2ub\/#breadcrumb\"},\"inLanguage\":\"ca\",\"potentialAction\":[{\"@type\":\"ReadAction\",\"target\":[\"https:\/\/www.ub.edu\/in2ub\/ca\/sobre-lin2ub\/\"]}]},{\"@type\":\"BreadcrumbList\",\"@id\":\"https:\/\/www.ub.edu\/in2ub\/ca\/sobre-lin2ub\/#breadcrumb\",\"itemListElement\":[{\"@type\":\"ListItem\",\"position\":1,\"name\":\"Inici\",\"item\":\"https:\/\/www.ub.edu\/in2ub\/ca\/\"},{\"@type\":\"ListItem\",\"position\":2,\"name\":\"Sobre l&#8217;IN2UB\"}]},{\"@type\":\"WebSite\",\"@id\":\"https:\/\/www.ub.edu\/in2ub\/#website\",\"url\":\"https:\/\/www.ub.edu\/in2ub\/\",\"name\":\"IN\u00b2UB\",\"description\":\"Institut de Nanoci\u00e8ncia i Nanotecnologia - Universitat de Barcelona\",\"potentialAction\":[{\"@type\":\"SearchAction\",\"target\":{\"@type\":\"EntryPoint\",\"urlTemplate\":\"https:\/\/www.ub.edu\/in2ub\/?s={search_term_string}\"},\"query-input\":{\"@type\":\"PropertyValueSpecification\",\"valueRequired\":true,\"valueName\":\"search_term_string\"}}],\"inLanguage\":\"ca\"}]}<\/script>\n<!-- \/ Yoast SEO plugin. -->","yoast_head_json":{"title":"Sobre l'IN2UB - IN\u00b2UB","robots":{"index":"index","follow":"follow","max-snippet":"max-snippet:-1","max-image-preview":"max-image-preview:large","max-video-preview":"max-video-preview:-1"},"canonical":"https:\/\/www.ub.edu\/in2ub\/ca\/sobre-lin2ub\/","og_locale":"ca_ES","og_type":"article","og_title":"Sobre l'IN2UB - IN\u00b2UB","og_url":"https:\/\/www.ub.edu\/in2ub\/ca\/sobre-lin2ub\/","og_site_name":"IN\u00b2UB","article_modified_time":"2021-05-12T08:19:45+00:00","twitter_card":"summary_large_image","twitter_misc":{"Temps estimat de lectura":"6 minuts"},"schema":{"@context":"https:\/\/schema.org","@graph":[{"@type":"WebPage","@id":"https:\/\/www.ub.edu\/in2ub\/ca\/sobre-lin2ub\/","url":"https:\/\/www.ub.edu\/in2ub\/ca\/sobre-lin2ub\/","name":"Sobre l'IN2UB - IN\u00b2UB","isPartOf":{"@id":"https:\/\/www.ub.edu\/in2ub\/#website"},"datePublished":"2021-05-12T08:15:52+00:00","dateModified":"2021-05-12T08:19:45+00:00","breadcrumb":{"@id":"https:\/\/www.ub.edu\/in2ub\/ca\/sobre-lin2ub\/#breadcrumb"},"inLanguage":"ca","potentialAction":[{"@type":"ReadAction","target":["https:\/\/www.ub.edu\/in2ub\/ca\/sobre-lin2ub\/"]}]},{"@type":"BreadcrumbList","@id":"https:\/\/www.ub.edu\/in2ub\/ca\/sobre-lin2ub\/#breadcrumb","itemListElement":[{"@type":"ListItem","position":1,"name":"Inici","item":"https:\/\/www.ub.edu\/in2ub\/ca\/"},{"@type":"ListItem","position":2,"name":"Sobre l&#8217;IN2UB"}]},{"@type":"WebSite","@id":"https:\/\/www.ub.edu\/in2ub\/#website","url":"https:\/\/www.ub.edu\/in2ub\/","name":"IN\u00b2UB","description":"Institut de Nanoci\u00e8ncia i Nanotecnologia - Universitat de Barcelona","potentialAction":[{"@type":"SearchAction","target":{"@type":"EntryPoint","urlTemplate":"https:\/\/www.ub.edu\/in2ub\/?s={search_term_string}"},"query-input":{"@type":"PropertyValueSpecification","valueRequired":true,"valueName":"search_term_string"}}],"inLanguage":"ca"}]}},"_links":{"self":[{"href":"https:\/\/www.ub.edu\/in2ub\/ca\/wp-json\/wp\/v2\/pages\/25869"}],"collection":[{"href":"https:\/\/www.ub.edu\/in2ub\/ca\/wp-json\/wp\/v2\/pages"}],"about":[{"href":"https:\/\/www.ub.edu\/in2ub\/ca\/wp-json\/wp\/v2\/types\/page"}],"author":[{"embeddable":true,"href":"https:\/\/www.ub.edu\/in2ub\/ca\/wp-json\/wp\/v2\/users\/1"}],"replies":[{"embeddable":true,"href":"https:\/\/www.ub.edu\/in2ub\/ca\/wp-json\/wp\/v2\/comments?post=25869"}],"version-history":[{"count":4,"href":"https:\/\/www.ub.edu\/in2ub\/ca\/wp-json\/wp\/v2\/pages\/25869\/revisions"}],"predecessor-version":[{"id":25885,"href":"https:\/\/www.ub.edu\/in2ub\/ca\/wp-json\/wp\/v2\/pages\/25869\/revisions\/25885"}],"wp:attachment":[{"href":"https:\/\/www.ub.edu\/in2ub\/ca\/wp-json\/wp\/v2\/media?parent=25869"}],"curies":[{"name":"wp","href":"https:\/\/api.w.org\/{rel}","templated":true}]}}