{"id":26085,"date":"2021-05-18T12:55:36","date_gmt":"2021-05-18T10:55:36","guid":{"rendered":"https:\/\/www.ub.edu\/in2ub_temp\/?page_id=26085"},"modified":"2021-05-18T12:55:37","modified_gmt":"2021-05-18T10:55:37","slug":"contactans","status":"publish","type":"page","link":"https:\/\/www.ub.edu\/in2ub\/ca\/contactans\/","title":{"rendered":"Contacta&#8217;ns"},"content":{"rendered":"<section class=\"l-section wpb_row height_auto width_full zindex\"><div class=\"l-section-h i-cf\"><div class=\"g-cols vc_row type_default valign_top\"><div class=\"vc_col-sm-12 wpb_column vc_column_container\"><div class=\"vc_column-inner\"><div class=\"wpb_wrapper\"><style data-type=\"us_custom-css\">.w-separator.size_small.with_line.width_30.thick_3.style_solid.color_secondary.align_center {\r\n    margin-left: 0!important;\r\n    margin-bottom: 1rem;\r\n    height: 1rem;\r\n    color: #d68b36;\r\n}<\/style><section class=\"l-section wpb_row us_custom_6c796549 height_small width_full with_slider with_overlay\"><div class=\"l-section-slider\"><div class=\"w-slider style_none fit_cover\"><div class=\"w-slider-h\"><div class=\"royalSlider\"><div class=\"rsContent\"><a class=\"rsImg\" data-rsw=\"1920\" data-rsh=\"1080\" href=\"https:\/\/www.ub.edu\/in2ub\/wp-content\/uploads\/2020\/11\/in2ub-back-3.jpg\"><span data-alt=\"\"><\/span><\/a><\/div><div class=\"rsContent\"><a class=\"rsImg\" data-rsw=\"1920\" data-rsh=\"960\" href=\"https:\/\/www.ub.edu\/in2ub\/wp-content\/uploads\/2020\/11\/in2ub-back-4.jpg\"><span data-alt=\"\"><\/span><\/a><\/div><div class=\"rsContent\"><a class=\"rsImg\" data-rsw=\"1920\" data-rsh=\"1440\" href=\"https:\/\/www.ub.edu\/in2ub\/wp-content\/uploads\/2020\/11\/in2ub-back-2.jpg\"><span data-alt=\"\"><\/span><\/a><\/div><div class=\"rsContent\"><a class=\"rsImg\" data-rsw=\"1920\" data-rsh=\"1280\" href=\"https:\/\/www.ub.edu\/in2ub\/wp-content\/uploads\/2020\/11\/in2ub-back-1.jpg\"><span data-alt=\"\"><\/span><\/a><\/div><div class=\"rsContent\"><a class=\"rsImg\" data-rsw=\"1246\" data-rsh=\"901\" href=\"https:\/\/www.ub.edu\/in2ub\/wp-content\/uploads\/2021\/07\/Gold-nanocups-copia-6.jpg\"><span data-alt=\"\"><\/span><\/a><\/div><\/div><img decoding=\"async\" src=\"https:\/\/www.ub.edu\/in2ub\/wp-content\/uploads\/2020\/11\/in2ub-back-3.jpg\" width=\"1920\" height=\"1080\" alt loading=\"lazy\"><\/div><div class=\"w-slider-json\" onclick='return {&quot;loop&quot;:true,&quot;fadeInLoadedSlide&quot;:false,&quot;slidesSpacing&quot;:0,&quot;imageScalePadding&quot;:0,&quot;numImagesToPreload&quot;:2,&quot;arrowsNav&quot;:false,&quot;arrowsNavAutoHide&quot;:false,&quot;transitionType&quot;:&quot;move&quot;,&quot;transitionSpeed&quot;:1000,&quot;block&quot;:{&quot;moveEffect&quot;:&quot;none&quot;,&quot;speed&quot;:300},&quot;controlNavigation&quot;:&quot;none&quot;,&quot;autoplay&quot;:{&quot;enabled&quot;:true,&quot;pauseOnHover&quot;:false,&quot;delay&quot;:3000},&quot;imageScaleMode&quot;:&quot;fill&quot;,&quot;autoScaleSlider&quot;:true,&quot;autoScaleSliderWidth&quot;:1920,&quot;autoScaleSliderHeight&quot;:1080,&quot;fitInViewport&quot;:false}'><\/div><\/div><\/div><div class=\"l-section-overlay\" style=\"background: linear-gradient(90deg, rgba(255,255,255,1) 0%, rgba(255,255,255,0.20) 100%)\"><\/div><div class=\"l-section-h i-cf\"><div class=\"g-cols vc_row type_default valign_top\"><div class=\"vc_col-sm-12 wpb_column vc_column_container\"><div class=\"vc_column-inner\"><div class=\"wpb_wrapper\"><div class=\"g-cols wpb_row  type_boxes valign_top vc_inner\"><div class=\"vc_col-sm-2\/5 wpb_column vc_column_container\"><div class=\"vc_column-inner\"><div class=\"wpb_wrapper\"><div class=\"w-separator size_small\"><\/div><div class=\"wpb_text_column\" ><div class=\"wpb_wrapper\"><h2 style=\"text-align: left;\"><strong>Institut de Nanoci\u00e8ncia<br \/>\ni Nanotecnologia<\/strong><\/h2>\n<\/div><\/div><div class=\"wpb_text_column\" ><div class=\"wpb_wrapper\"><h2 style=\"text-align: left;\"><strong>Universitat de Barcelona<\/strong><\/h2>\n<\/div><\/div><div class=\"w-separator size_small with_line width_30 thick_3 style_solid color_secondary align_center\"><div class=\"w-separator-h\"><\/div><\/div><h1 class=\"w-post-elm post_title entry-title color_link_inherit\">Contacta&#8217;ns<\/h1><\/div><\/div><\/div><div class=\"vc_col-sm-3\/5 wpb_column vc_column_container\"><div class=\"vc_column-inner\"><div class=\"wpb_wrapper\"><\/div><\/div><\/div><\/div><\/div><\/div><\/div><\/div><\/div><\/section>\n<\/div><\/div><\/div><\/div><\/div><\/section><section class=\"l-section wpb_row us_custom_86a5168b height_medium\"><div class=\"l-section-h i-cf\"><div class=\"g-cols vc_row type_boxes valign_top\"><div class=\"vc_col-sm-12 wpb_column vc_column_container\"><div class=\"vc_column-inner\"><div class=\"wpb_wrapper\"><div class=\"g-cols wpb_row  us_custom_4fb9e5a3 type_default valign_top vc_inner\"><div class=\"vc_col-sm-4 wpb_column vc_column_container\"><div class=\"vc_column-inner\"><div class=\"wpb_wrapper\"><div class=\"w-separator size_small\"><\/div><div class=\"wpb_text_column\" ><div class=\"wpb_wrapper\"><p><strong><img loading=\"lazy\" decoding=\"async\" class=\"alignnone size-medium wp-image-19646\" src=\"https:\/\/ub.edu\/in2ub\/wp-content\/uploads\/2021\/02\/IN2-1-300x69.png\" alt=\"\" width=\"300\" height=\"69\" srcset=\"https:\/\/www.ub.edu\/in2ub\/wp-content\/uploads\/2021\/02\/IN2-1-300x69.png 300w, https:\/\/www.ub.edu\/in2ub\/wp-content\/uploads\/2021\/02\/IN2-1.png 921w\" sizes=\"(max-width: 300px) 100vw, 300px\" \/><\/strong><\/p>\n<p>Adre\u00e7a: Diagonal 645<br \/>\n(08028) Barcelona<\/p>\n<p><strong>Tel\u00e8fon: <\/strong><a href=\"tel:+34934021266\">93 402 12 66<\/a><br \/>\n<strong>Email:<\/strong> <a href=\"mailto:in2ub@ub.edu\">in2ub@ub.edu<\/a><\/p>\n<\/div><\/div>[vc_raw_html]JTNDaWZyYW1lJTIwc3JjJTNEJTIyaHR0cHMlM0ElMkYlMkZ3d3cuZ29vZ2xlLmNvbSUyRm1hcHMlMkZlbWJlZCUzRnBiJTNEJTIxMW0xOCUyMTFtMTIlMjExbTMlMjExZDEyMjguODM2MjcxMDAyMTUzOCUyMTJkMi4xMTcwOTc5NzU2MzU1MzglMjEzZDQxLjM4NTgzMTkzNjA1NDYyJTIxMm0zJTIxMWYwJTIxMmYwJTIxM2YwJTIxM20yJTIxMWkxMDI0JTIxMmk3NjglMjE0ZjEzLjElMjEzbTMlMjExbTIlMjExczB4MTJhNDk4NTk5ODBjZTFjNSUyNTNBMHg0ZmFlOWIwYWYyYWU3ODQlMjEyc0ZhY3VsdGF0JTI1MjBkZSUyNTIwUXUlMjVDMyUyNUFEbWljYSUyNTIwLSUyNTIwVW5pdmVyc2l0YXQlMjUyMGRlJTI1MjBCYXJjZWxvbmElMjE1ZTAlMjEzbTIlMjExc2NhJTIxMnNlcyUyMTR2MTYxNTIwODM0MDE4NyUyMTVtMiUyMTFzY2ElMjEyc2VzJTIyJTIwd2lkdGglM0QlMjI0MDAlMjIlMjBoZWlnaHQlM0QlMjIzMDAlMjIlMjBzdHlsZSUzRCUyMmJvcmRlciUzQTAlM0IlMjIlMjBhbGxvd2Z1bGxzY3JlZW4lM0QlMjIlMjIlMjBsb2FkaW5nJTNEJTIybGF6eSUyMiUzRSUzQyUyRmlmcmFtZSUzRQ==[\/vc_raw_html]<div class=\"w-separator size_small\"><\/div><\/div><\/div><\/div><div class=\"vc_col-sm-8 wpb_column vc_column_container\"><div class=\"vc_column-inner\"><div class=\"wpb_wrapper\"><div class=\"w-separator size_small\"><\/div><div class=\"wpb_text_column\" ><div class=\"wpb_wrapper\"><h2>Formulari de contacte<\/h2>\n<\/div><\/div><div class=\"w-separator size_small with_line width_default thick_1 style_solid color_border align_center\"><div class=\"w-separator-h\"><\/div><\/div><div class=\"wpb_text_column\" ><div class=\"wpb_wrapper\">\n<div class=\"wpcf7 no-js\" id=\"wpcf7-f26088-o1\" lang=\"en-US\" dir=\"ltr\">\n<div class=\"screen-reader-response\"><p role=\"status\" aria-live=\"polite\" aria-atomic=\"true\"><\/p> <ul><\/ul><\/div>\n<form action=\"\/in2ub\/ca\/wp-json\/wp\/v2\/pages\/26085#wpcf7-f26088-o1\" method=\"post\" class=\"wpcf7-form init\" aria-label=\"Contact form\" novalidate=\"novalidate\" data-status=\"init\">\n<div style=\"display: none;\">\n<input type=\"hidden\" name=\"_wpcf7\" value=\"26088\" \/>\n<input type=\"hidden\" name=\"_wpcf7_version\" value=\"5.9.8\" \/>\n<input type=\"hidden\" name=\"_wpcf7_locale\" value=\"en_US\" \/>\n<input type=\"hidden\" name=\"_wpcf7_unit_tag\" value=\"wpcf7-f26088-o1\" \/>\n<input type=\"hidden\" name=\"_wpcf7_container_post\" value=\"0\" \/>\n<input type=\"hidden\" name=\"_wpcf7_posted_data_hash\" value=\"\" \/>\n<\/div>\n<div style=\"display: inline-block;width: 49%;\">\n\t<p><label> El teu nom<br \/>\n<span class=\"wpcf7-form-control-wrap\" data-name=\"your-name\"><input size=\"40\" maxlength=\"400\" class=\"wpcf7-form-control wpcf7-text wpcf7-validates-as-required\" aria-required=\"true\" aria-invalid=\"false\" value=\"\" type=\"text\" name=\"your-name\" \/><\/span> <\/label>\n\t<\/p>\n<\/div>\n<div style=\"display: inline-block;width: 49%;\">\n\t<p><label> El teu correu electr\u00f2nic<br \/>\n<span class=\"wpcf7-form-control-wrap\" data-name=\"your-email\"><input size=\"40\" maxlength=\"400\" class=\"wpcf7-form-control wpcf7-email wpcf7-validates-as-required wpcf7-text wpcf7-validates-as-email\" aria-required=\"true\" aria-invalid=\"false\" value=\"\" type=\"email\" name=\"your-email\" \/><\/span> <\/label>\n\t<\/p>\n<\/div>\n<p><label> El teu missatge<br \/>\n<span class=\"wpcf7-form-control-wrap\" data-name=\"your-message\"><textarea cols=\"40\" rows=\"10\" maxlength=\"2000\" class=\"wpcf7-form-control wpcf7-textarea\" aria-invalid=\"false\" name=\"your-message\"><\/textarea><\/span> <\/label>\n<\/p>\n<p>(1) El responsable del tractament de les vostres dades personals \u00e9s la Secretaria General de la Universitat de Barcelona. (2) La finalitat del tractament \u00e9s gestionar la vostra consulta. (3) Teniu dret a accedir a les vostres dades, rectificar-les, suprimir-les, oposar-vos al seu tractament, sol\u00b7licitar la portabilitat i la limitaci\u00f3 dels tractaments, en determinades circumst\u00e0ncies. (4) Tamb\u00e9 podeu consultar la informaci\u00f3 detallada dels tractaments mencionats a la <a href=\"https:\/\/www.ub.edu\/in2ub\/ca\/privacy-policy\/\"> pol\u00edtica de privacitat<\/a>\n<\/p>\n<p><span class=\"wpcf7-form-control-wrap\" data-name=\"acceptance-348\"><span class=\"wpcf7-form-control wpcf7-acceptance\"><span class=\"wpcf7-list-item\"><label><input type=\"checkbox\" name=\"acceptance-348\" value=\"1\" aria-invalid=\"false\" \/><span class=\"wpcf7-list-item-label\">Declaro que he llegit el dret d\u2019informaci\u00f3 i consento el tractament de les meves dades personals en els termes indicats.<\/span><\/label><\/span><\/span><\/span>\n<\/p>\n<p><span class=\"wpcf7-form-control-wrap wpcaptcha-189\"><p class=\"c4wp-display-captcha-form\"><label for=\"Solve Captcha*\">Solve Captcha*<\/label><img decoding=\"async\" src=\"https:\/\/www.ub.edu\/in2ub\/wp-admin\/admin-ajax.php?action=c4wp_refresh_captcha&c4wp_random_input_captcha=95439\" class=\"c4wp_image\"\/><br\/><a href=\"javascript:void(0);\" class=\"refresh_captcha\" data-imgsrc=\"https:\/\/www.ub.edu\/in2ub\/wp-admin\/admin-ajax.php?action=c4wp_refresh_captcha&c4wp_random_input_captcha=9003\"><img decoding=\"async\" src=\"https:\/\/www.ub.edu\/in2ub\/wp-content\/plugins\/wp-captcha\/\/assets\/images\/c4wp-refresh-captcha.png\" class=\"c4wp-refresh-captcha\"\/><\/a><br \/><br \/><strong>Enter Captcha Here : <\/strong><input id=\"c4wp_user_input_captcha\" name=\"c4wp_user_input_captcha\" class=\"c4wp_user_input_captcha\" type=\"text\" autocomplete=\"off\"><\/p><\/span><input type=\"hidden\" name=\"wpcaptcha-189-sn\" \/>\n<\/p>\n<p><input class=\"wpcf7-form-control wpcf7-submit has-spinner\" type=\"submit\" value=\"Submit\" \/>\n<\/p><div class=\"wpcf7-response-output\" aria-hidden=\"true\"><\/div>\n<\/form>\n<\/div>\n\n<\/div><\/div><div class=\"w-separator size_small\"><\/div><\/div><\/div><\/div><\/div><\/div><\/div><\/div><\/div><\/div><\/section>\n","protected":false},"excerpt":{"rendered":"Institut de Nanoci\u00e8ncia i Nanotecnologia Universitat de Barcelona Contacta&#8217;ns Adre\u00e7a: Diagonal 645 (08028) Barcelona Tel\u00e8fon: 93 402 12 66 Email: in2ub@ub.edu [vc_raw_html]JTNDaWZyYW1lJTIwc3JjJTNEJTIyaHR0cHMlM0ElMkYlMkZ3d3cuZ29vZ2xlLmNvbSUyRm1hcHMlMkZlbWJlZCUzRnBiJTNEJTIxMW0xOCUyMTFtMTIlMjExbTMlMjExZDEyMjguODM2MjcxMDAyMTUzOCUyMTJkMi4xMTcwOTc5NzU2MzU1MzglMjEzZDQxLjM4NTgzMTkzNjA1NDYyJTIxMm0zJTIxMWYwJTIxMmYwJTIxM2YwJTIxM20yJTIxMWkxMDI0JTIxMmk3NjglMjE0ZjEzLjElMjEzbTMlMjExbTIlMjExczB4MTJhNDk4NTk5ODBjZTFjNSUyNTNBMHg0ZmFlOWIwYWYyYWU3ODQlMjEyc0ZhY3VsdGF0JTI1MjBkZSUyNTIwUXUlMjVDMyUyNUFEbWljYSUyNTIwLSUyNTIwVW5pdmVyc2l0YXQlMjUyMGRlJTI1MjBCYXJjZWxvbmElMjE1ZTAlMjEzbTIlMjExc2NhJTIxMnNlcyUyMTR2MTYxNTIwODM0MDE4NyUyMTVtMiUyMTFzY2ElMjEyc2VzJTIyJTIwd2lkdGglM0QlMjI0MDAlMjIlMjBoZWlnaHQlM0QlMjIzMDAlMjIlMjBzdHlsZSUzRCUyMmJvcmRlciUzQTAlM0IlMjIlMjBhbGxvd2Z1bGxzY3JlZW4lM0QlMjIlMjIlMjBsb2FkaW5nJTNEJTIybGF6eSUyMiUzRSUzQyUyRmlmcmFtZSUzRQ==[\/vc_raw_html]Formulari de contacte El teu nom El teu correu electr\u00f2nic El teu missatge (1) El responsable del tractament de les vostres dades personals \u00e9s la Secretaria General de la Universitat de Barcelona. (2) La...","protected":false},"author":1,"featured_media":0,"parent":0,"menu_order":0,"comment_status":"closed","ping_status":"closed","template":"","meta":{"footnotes":""},"yoast_head":"<!-- This site is optimized with the Yoast SEO plugin v23.5 - https:\/\/yoast.com\/wordpress\/plugins\/seo\/ -->\n<title>Contacta&#039;ns - IN\u00b2UB<\/title>\n<meta name=\"robots\" content=\"index, follow, max-snippet:-1, max-image-preview:large, max-video-preview:-1\" \/>\n<link rel=\"canonical\" href=\"https:\/\/www.ub.edu\/in2ub\/ca\/contactans\/\" \/>\n<meta property=\"og:locale\" content=\"ca_ES\" \/>\n<meta property=\"og:type\" content=\"article\" \/>\n<meta property=\"og:title\" content=\"Contacta&#039;ns - IN\u00b2UB\" \/>\n<meta property=\"og:url\" content=\"https:\/\/www.ub.edu\/in2ub\/ca\/contactans\/\" \/>\n<meta property=\"og:site_name\" content=\"IN\u00b2UB\" \/>\n<meta property=\"article:modified_time\" content=\"2021-05-18T10:55:37+00:00\" \/>\n<meta property=\"og:image\" content=\"https:\/\/ub.edu\/in2ub\/wp-content\/uploads\/2021\/02\/IN2-1-300x69.png\" \/>\n<meta name=\"twitter:card\" content=\"summary_large_image\" \/>\n<meta name=\"twitter:label1\" content=\"Temps estimat de lectura\" \/>\n\t<meta name=\"twitter:data1\" content=\"1 minut\" \/>\n<script type=\"application\/ld+json\" class=\"yoast-schema-graph\">{\"@context\":\"https:\/\/schema.org\",\"@graph\":[{\"@type\":\"WebPage\",\"@id\":\"https:\/\/www.ub.edu\/in2ub\/ca\/contactans\/\",\"url\":\"https:\/\/www.ub.edu\/in2ub\/ca\/contactans\/\",\"name\":\"Contacta'ns - IN\u00b2UB\",\"isPartOf\":{\"@id\":\"https:\/\/www.ub.edu\/in2ub\/#website\"},\"primaryImageOfPage\":{\"@id\":\"https:\/\/www.ub.edu\/in2ub\/ca\/contactans\/#primaryimage\"},\"image\":{\"@id\":\"https:\/\/www.ub.edu\/in2ub\/ca\/contactans\/#primaryimage\"},\"thumbnailUrl\":\"https:\/\/ub.edu\/in2ub\/wp-content\/uploads\/2021\/02\/IN2-1-300x69.png\",\"datePublished\":\"2021-05-18T10:55:36+00:00\",\"dateModified\":\"2021-05-18T10:55:37+00:00\",\"breadcrumb\":{\"@id\":\"https:\/\/www.ub.edu\/in2ub\/ca\/contactans\/#breadcrumb\"},\"inLanguage\":\"ca\",\"potentialAction\":[{\"@type\":\"ReadAction\",\"target\":[\"https:\/\/www.ub.edu\/in2ub\/ca\/contactans\/\"]}]},{\"@type\":\"ImageObject\",\"inLanguage\":\"ca\",\"@id\":\"https:\/\/www.ub.edu\/in2ub\/ca\/contactans\/#primaryimage\",\"url\":\"https:\/\/ub.edu\/in2ub\/wp-content\/uploads\/2021\/02\/IN2-1-300x69.png\",\"contentUrl\":\"https:\/\/ub.edu\/in2ub\/wp-content\/uploads\/2021\/02\/IN2-1-300x69.png\"},{\"@type\":\"BreadcrumbList\",\"@id\":\"https:\/\/www.ub.edu\/in2ub\/ca\/contactans\/#breadcrumb\",\"itemListElement\":[{\"@type\":\"ListItem\",\"position\":1,\"name\":\"Inici\",\"item\":\"https:\/\/www.ub.edu\/in2ub\/ca\/\"},{\"@type\":\"ListItem\",\"position\":2,\"name\":\"Contacta&#8217;ns\"}]},{\"@type\":\"WebSite\",\"@id\":\"https:\/\/www.ub.edu\/in2ub\/#website\",\"url\":\"https:\/\/www.ub.edu\/in2ub\/\",\"name\":\"IN\u00b2UB\",\"description\":\"Institut de Nanoci\u00e8ncia i Nanotecnologia - Universitat de Barcelona\",\"potentialAction\":[{\"@type\":\"SearchAction\",\"target\":{\"@type\":\"EntryPoint\",\"urlTemplate\":\"https:\/\/www.ub.edu\/in2ub\/?s={search_term_string}\"},\"query-input\":{\"@type\":\"PropertyValueSpecification\",\"valueRequired\":true,\"valueName\":\"search_term_string\"}}],\"inLanguage\":\"ca\"}]}<\/script>\n<!-- \/ Yoast SEO plugin. -->","yoast_head_json":{"title":"Contacta'ns - IN\u00b2UB","robots":{"index":"index","follow":"follow","max-snippet":"max-snippet:-1","max-image-preview":"max-image-preview:large","max-video-preview":"max-video-preview:-1"},"canonical":"https:\/\/www.ub.edu\/in2ub\/ca\/contactans\/","og_locale":"ca_ES","og_type":"article","og_title":"Contacta'ns - IN\u00b2UB","og_url":"https:\/\/www.ub.edu\/in2ub\/ca\/contactans\/","og_site_name":"IN\u00b2UB","article_modified_time":"2021-05-18T10:55:37+00:00","og_image":[{"url":"https:\/\/ub.edu\/in2ub\/wp-content\/uploads\/2021\/02\/IN2-1-300x69.png"}],"twitter_card":"summary_large_image","twitter_misc":{"Temps estimat de lectura":"1 minut"},"schema":{"@context":"https:\/\/schema.org","@graph":[{"@type":"WebPage","@id":"https:\/\/www.ub.edu\/in2ub\/ca\/contactans\/","url":"https:\/\/www.ub.edu\/in2ub\/ca\/contactans\/","name":"Contacta'ns - IN\u00b2UB","isPartOf":{"@id":"https:\/\/www.ub.edu\/in2ub\/#website"},"primaryImageOfPage":{"@id":"https:\/\/www.ub.edu\/in2ub\/ca\/contactans\/#primaryimage"},"image":{"@id":"https:\/\/www.ub.edu\/in2ub\/ca\/contactans\/#primaryimage"},"thumbnailUrl":"https:\/\/ub.edu\/in2ub\/wp-content\/uploads\/2021\/02\/IN2-1-300x69.png","datePublished":"2021-05-18T10:55:36+00:00","dateModified":"2021-05-18T10:55:37+00:00","breadcrumb":{"@id":"https:\/\/www.ub.edu\/in2ub\/ca\/contactans\/#breadcrumb"},"inLanguage":"ca","potentialAction":[{"@type":"ReadAction","target":["https:\/\/www.ub.edu\/in2ub\/ca\/contactans\/"]}]},{"@type":"ImageObject","inLanguage":"ca","@id":"https:\/\/www.ub.edu\/in2ub\/ca\/contactans\/#primaryimage","url":"https:\/\/ub.edu\/in2ub\/wp-content\/uploads\/2021\/02\/IN2-1-300x69.png","contentUrl":"https:\/\/ub.edu\/in2ub\/wp-content\/uploads\/2021\/02\/IN2-1-300x69.png"},{"@type":"BreadcrumbList","@id":"https:\/\/www.ub.edu\/in2ub\/ca\/contactans\/#breadcrumb","itemListElement":[{"@type":"ListItem","position":1,"name":"Inici","item":"https:\/\/www.ub.edu\/in2ub\/ca\/"},{"@type":"ListItem","position":2,"name":"Contacta&#8217;ns"}]},{"@type":"WebSite","@id":"https:\/\/www.ub.edu\/in2ub\/#website","url":"https:\/\/www.ub.edu\/in2ub\/","name":"IN\u00b2UB","description":"Institut de Nanoci\u00e8ncia i Nanotecnologia - Universitat de Barcelona","potentialAction":[{"@type":"SearchAction","target":{"@type":"EntryPoint","urlTemplate":"https:\/\/www.ub.edu\/in2ub\/?s={search_term_string}"},"query-input":{"@type":"PropertyValueSpecification","valueRequired":true,"valueName":"search_term_string"}}],"inLanguage":"ca"}]}},"_links":{"self":[{"href":"https:\/\/www.ub.edu\/in2ub\/ca\/wp-json\/wp\/v2\/pages\/26085"}],"collection":[{"href":"https:\/\/www.ub.edu\/in2ub\/ca\/wp-json\/wp\/v2\/pages"}],"about":[{"href":"https:\/\/www.ub.edu\/in2ub\/ca\/wp-json\/wp\/v2\/types\/page"}],"author":[{"embeddable":true,"href":"https:\/\/www.ub.edu\/in2ub\/ca\/wp-json\/wp\/v2\/users\/1"}],"replies":[{"embeddable":true,"href":"https:\/\/www.ub.edu\/in2ub\/ca\/wp-json\/wp\/v2\/comments?post=26085"}],"version-history":[{"count":2,"href":"https:\/\/www.ub.edu\/in2ub\/ca\/wp-json\/wp\/v2\/pages\/26085\/revisions"}],"predecessor-version":[{"id":26090,"href":"https:\/\/www.ub.edu\/in2ub\/ca\/wp-json\/wp\/v2\/pages\/26085\/revisions\/26090"}],"wp:attachment":[{"href":"https:\/\/www.ub.edu\/in2ub\/ca\/wp-json\/wp\/v2\/media?parent=26085"}],"curies":[{"name":"wp","href":"https:\/\/api.w.org\/{rel}","templated":true}]}}