{"id":12,"date":"2020-11-04T09:57:35","date_gmt":"2020-11-04T07:57:35","guid":{"rendered":"https:\/\/www.ub.edu\/in2ub_temp\/?page_id=12"},"modified":"2024-12-18T14:13:11","modified_gmt":"2024-12-18T13:13:11","slug":"organization","status":"publish","type":"page","link":"https:\/\/www.ub.edu\/in2ub\/organization\/","title":{"rendered":"Organization"},"content":{"rendered":"<section class=\"l-section wpb_row height_auto width_full zindex\"><div class=\"l-section-h i-cf\"><div class=\"g-cols vc_row type_default valign_top\"><div class=\"vc_col-sm-12 wpb_column vc_column_container\"><div class=\"vc_column-inner\"><div class=\"wpb_wrapper\"><style data-type=\"us_custom-css\">.w-separator.size_small.with_line.width_30.thick_3.style_solid.color_secondary.align_center {\r\n    margin-left: 0!important;\r\n    margin-bottom: 1rem;\r\n    height: 1rem;\r\n    color: #d68b36;\r\n}<\/style><section class=\"l-section wpb_row us_custom_6c796549 height_small width_full with_slider with_overlay\"><div class=\"l-section-slider\"><div class=\"w-slider style_none fit_cover\"><div class=\"w-slider-h\"><div class=\"royalSlider\"><div class=\"rsContent\"><a class=\"rsImg\" data-rsw=\"1246\" data-rsh=\"901\" href=\"https:\/\/www.ub.edu\/in2ub\/wp-content\/uploads\/2021\/07\/Gold-nanocups-copia-5.jpg\"><span data-alt=\"\"><\/span><\/a><\/div><div class=\"rsContent\"><a class=\"rsImg\" data-rsw=\"1920\" data-rsh=\"1080\" href=\"https:\/\/www.ub.edu\/in2ub\/wp-content\/uploads\/2020\/11\/in2ub-back-3.jpg\"><span data-alt=\"\"><\/span><\/a><\/div><div class=\"rsContent\"><a class=\"rsImg\" data-rsw=\"1920\" data-rsh=\"960\" href=\"https:\/\/www.ub.edu\/in2ub\/wp-content\/uploads\/2020\/11\/in2ub-back-4.jpg\"><span data-alt=\"\"><\/span><\/a><\/div><div class=\"rsContent\"><a class=\"rsImg\" data-rsw=\"1920\" data-rsh=\"1440\" href=\"https:\/\/www.ub.edu\/in2ub\/wp-content\/uploads\/2020\/11\/in2ub-back-2.jpg\"><span data-alt=\"\"><\/span><\/a><\/div><div class=\"rsContent\"><a class=\"rsImg\" data-rsw=\"1920\" data-rsh=\"1280\" href=\"https:\/\/www.ub.edu\/in2ub\/wp-content\/uploads\/2020\/11\/in2ub-back-1.jpg\"><span data-alt=\"\"><\/span><\/a><\/div><\/div><img decoding=\"async\" src=\"https:\/\/www.ub.edu\/in2ub\/wp-content\/uploads\/2021\/07\/Gold-nanocups-copia-5.jpg\" width=\"1246\" height=\"901\" alt loading=\"lazy\"><\/div><div class=\"w-slider-json\" onclick='return {&quot;loop&quot;:true,&quot;fadeInLoadedSlide&quot;:false,&quot;slidesSpacing&quot;:0,&quot;imageScalePadding&quot;:0,&quot;numImagesToPreload&quot;:2,&quot;arrowsNav&quot;:false,&quot;arrowsNavAutoHide&quot;:false,&quot;transitionType&quot;:&quot;move&quot;,&quot;transitionSpeed&quot;:1000,&quot;block&quot;:{&quot;moveEffect&quot;:&quot;none&quot;,&quot;speed&quot;:300},&quot;controlNavigation&quot;:&quot;none&quot;,&quot;autoplay&quot;:{&quot;enabled&quot;:true,&quot;pauseOnHover&quot;:false,&quot;delay&quot;:3000},&quot;imageScaleMode&quot;:&quot;fill&quot;,&quot;autoScaleSlider&quot;:true,&quot;autoScaleSliderWidth&quot;:1246,&quot;autoScaleSliderHeight&quot;:901,&quot;fitInViewport&quot;:false}'><\/div><\/div><\/div><div class=\"l-section-overlay\" style=\"background: linear-gradient(90deg, rgba(255,255,255,1) 0%, rgba(255,255,255,0.20) 100%)\"><\/div><div class=\"l-section-h i-cf\"><div class=\"g-cols vc_row type_default valign_top\"><div class=\"vc_col-sm-12 wpb_column vc_column_container\"><div class=\"vc_column-inner\"><div class=\"wpb_wrapper\"><div class=\"g-cols wpb_row  type_boxes valign_top vc_inner\"><div class=\"vc_col-sm-2\/5 wpb_column vc_column_container\"><div class=\"vc_column-inner\"><div class=\"wpb_wrapper\"><div class=\"w-separator size_small\"><\/div><div class=\"wpb_text_column\" ><div class=\"wpb_wrapper\"><h2 style=\"text-align: left;\"><strong>Institute of Nanoscience and Nanotechnology<\/strong><\/h2>\n<\/div><\/div><div class=\"wpb_text_column\" ><div class=\"wpb_wrapper\"><h2 style=\"text-align: left;\"><strong>University of Barcelona<\/strong><\/h2>\n<\/div><\/div><div class=\"w-separator size_small with_line width_30 thick_3 style_solid color_secondary align_center\"><div class=\"w-separator-h\"><\/div><\/div><h1 class=\"w-post-elm post_title entry-title color_link_inherit\">Organization<\/h1><\/div><\/div><\/div><div class=\"vc_col-sm-3\/5 wpb_column vc_column_container\"><div class=\"vc_column-inner\"><div class=\"wpb_wrapper\"><\/div><\/div><\/div><\/div><\/div><\/div><\/div><\/div><\/div><\/section>\n<\/div><\/div><\/div><\/div><\/div><\/section><section class=\"l-section wpb_row us_custom_86a5168b height_medium\"><div class=\"l-section-h i-cf\"><div class=\"g-cols vc_row type_default valign_top\"><div class=\"vc_col-sm-12 wpb_column vc_column_container\"><div class=\"vc_column-inner\"><div class=\"wpb_wrapper\"><div class=\"wpb_text_column\" ><div class=\"wpb_wrapper\"><h2>Organization<\/h2>\n<\/div><\/div><div class=\"w-separator size_small with_line width_default thick_1 style_solid color_border align_center\"><div class=\"w-separator-h\"><\/div><\/div><div class=\"g-cols wpb_row  us_custom_6618e26b type_default valign_top gap-1rem vc_inner\"><style>.g-cols.gap-1rem{margin:0 calc(-1.5rem - 1rem)}.gap-1rem > .vc_column_container {padding:1rem}<\/style><div class=\"vc_col-sm-3 wpb_column vc_column_container card\"><div class=\"vc_column-inner\"><div class=\"wpb_wrapper\"><div class=\"wpb_text_column\" ><div class=\"wpb_wrapper\"><p>Dr. Guillem Arom\u00ed Bedmar<br \/>\n<strong>Director<\/strong><\/p>\n<\/div><\/div><\/div><\/div><\/div><div class=\"vc_col-sm-3 wpb_column vc_column_container card\"><div class=\"vc_column-inner\"><div class=\"wpb_wrapper\"><div class=\"wpb_text_column\" ><div class=\"wpb_wrapper\"><p>Dr. Mart\u00ed Duocastella Sol\u00e0<br \/>\n<strong>Deputy Director<\/strong><\/p>\n<\/div><\/div><\/div><\/div><\/div><div class=\"vc_col-sm-3 wpb_column vc_column_container\"><div class=\"vc_column-inner\"><div class=\"wpb_wrapper\"><\/div><\/div><\/div><div class=\"vc_col-sm-3 wpb_column vc_column_container\"><div class=\"vc_column-inner\"><div class=\"wpb_wrapper\"><\/div><\/div><\/div><\/div><div class=\"w-separator size_medium\"><\/div><div class=\"wpb_text_column\" ><div class=\"wpb_wrapper\"><h2>Steering Committee<\/h2>\n<\/div><\/div><div class=\"w-separator size_small\"><\/div><div class=\"g-cols wpb_row  us_custom_6618e26b type_default valign_top gap-1rem vc_inner\"><style>.g-cols.gap-1rem{margin:0 calc(-1.5rem - 1rem)}.gap-1rem > .vc_column_container {padding:1rem}<\/style><div class=\"vc_col-sm-3 wpb_column vc_column_container card\"><div class=\"vc_column-inner\"><div class=\"wpb_wrapper\"><div class=\"wpb_text_column\" ><div class=\"wpb_wrapper\"><p>Dr. Xavier Batlle Gelabert<\/p>\n<\/div><\/div><\/div><\/div><\/div><div class=\"vc_col-sm-3 wpb_column vc_column_container card\"><div class=\"vc_column-inner\"><div class=\"wpb_wrapper\"><div class=\"wpb_text_column\" ><div class=\"wpb_wrapper\"><p>Dr. Oscar Casta\u00f1o Linares<\/p>\n<\/div><\/div><\/div><\/div><\/div><div class=\"vc_col-sm-3 wpb_column vc_column_container card\"><div class=\"vc_column-inner\"><div class=\"wpb_wrapper\"><div class=\"wpb_text_column\" ><div class=\"wpb_wrapper\"><p>Dra. S\u00f2nia Estrad\u00e9 Albiol<\/p>\n<\/div><\/div><\/div><\/div><\/div><div class=\"vc_col-sm-3 wpb_column vc_column_container card\"><div class=\"vc_column-inner\"><div class=\"wpb_wrapper\"><div class=\"wpb_text_column\" ><div class=\"wpb_wrapper\"><p>Dr. Arantxa Fraile Rodriguez<\/p>\n<\/div><\/div><\/div><\/div><\/div><\/div><div class=\"g-cols wpb_row  us_custom_6618e26b type_default valign_top gap-1rem vc_inner\"><style>.g-cols.gap-1rem{margin:0 calc(-1.5rem - 1rem)}.gap-1rem > .vc_column_container {padding:1rem}<\/style><div class=\"vc_col-sm-3 wpb_column vc_column_container card\"><div class=\"vc_column-inner\"><div class=\"wpb_wrapper\"><div class=\"wpb_text_column\" ><div class=\"wpb_wrapper\"><p>Dr. Giancarlo Franzese<\/p>\n<\/div><\/div><\/div><\/div><\/div><div class=\"vc_col-sm-3 wpb_column vc_column_container card\"><div class=\"vc_column-inner\"><div class=\"wpb_wrapper\"><div class=\"wpb_text_column\" ><div class=\"wpb_wrapper\"><p>Dr. Maria Jos\u00e9 Garc\u00eda Celma<\/p>\n<\/div><\/div><\/div><\/div><\/div><div class=\"vc_col-sm-3 wpb_column vc_column_container card\"><div class=\"vc_column-inner\"><div class=\"wpb_wrapper\"><div class=\"wpb_text_column\" ><div class=\"wpb_wrapper\"><p>Dr. Sergi Hern\u00e1ndez M\u00e1rquez<\/p>\n<\/div><\/div><\/div><\/div><\/div><div class=\"vc_col-sm-3 wpb_column vc_column_container card\"><div class=\"vc_column-inner\"><div class=\"wpb_wrapper\"><div class=\"wpb_text_column\" ><div class=\"wpb_wrapper\"><p>Dr. Narc\u00eds Homs Mart\u00ed<\/p>\n<\/div><\/div><\/div><\/div><\/div><\/div><div class=\"g-cols wpb_row  us_custom_6618e26b type_default valign_top gap-1rem vc_inner\"><style>.g-cols.gap-1rem{margin:0 calc(-1.5rem - 1rem)}.gap-1rem > .vc_column_container {padding:1rem}<\/style><div class=\"vc_col-sm-3 wpb_column vc_column_container card\"><div class=\"vc_column-inner\"><div class=\"wpb_wrapper\"><div class=\"wpb_text_column\" ><div class=\"wpb_wrapper\"><p>Dr.\u00a0<span class=\"cf0\">Daniel Navarro Urrios<\/span><\/p>\n<\/div><\/div><\/div><\/div><\/div><div class=\"vc_col-sm-3 wpb_column vc_column_container card\"><div class=\"vc_column-inner\"><div class=\"wpb_wrapper\"><div class=\"wpb_text_column\" ><div class=\"wpb_wrapper\"><p>Dr. Francesca Peir\u00f3 Mart\u00ednez<\/p>\n<\/div><\/div><\/div><\/div><\/div><div class=\"vc_col-sm-3 wpb_column vc_column_container card\"><div class=\"vc_column-inner\"><div class=\"wpb_wrapper\"><div class=\"wpb_text_column\" ><div class=\"wpb_wrapper\"><p>Dra. Eva Carolina Sa\u00f1udo Zotes<\/p>\n<\/div><\/div><\/div><\/div><\/div><\/div><div class=\"w-separator size_medium\"><\/div><div class=\"wpb_text_column\" ><div class=\"wpb_wrapper\"><h2>Research Areas Coordinators<\/h2>\n<\/div><\/div><div class=\"w-separator size_small with_line width_default thick_1 style_solid color_border align_center\"><div class=\"w-separator-h\"><\/div><\/div><div class=\"g-cols wpb_row  us_custom_6618e26b type_default valign_top gap-1rem vc_inner\"><style>.g-cols.gap-1rem{margin:0 calc(-1.5rem - 1rem)}.gap-1rem > .vc_column_container {padding:1rem}<\/style><div class=\"vc_col-sm-3 wpb_column vc_column_container card\"><div class=\"vc_column-inner\"><div class=\"wpb_wrapper\"><div class=\"wpb_text_column\" ><div class=\"wpb_wrapper\"><p>Dr. Francesca Peir\u00f3 Mart\u00ednez<br \/>\n<strong>NanoMet<\/strong><\/p>\n<\/div><\/div><\/div><\/div><\/div><div class=\"vc_col-sm-3 wpb_column vc_column_container card\"><div class=\"vc_column-inner\"><div class=\"wpb_wrapper\"><div class=\"wpb_text_column\" ><div class=\"wpb_wrapper\"><p>Dr. N\u00faria Gavara Casas<br \/>\n<strong>NanoBio<\/strong><\/p>\n<\/div><\/div><\/div><\/div><\/div><div class=\"vc_col-sm-3 wpb_column vc_column_container card\"><div class=\"vc_column-inner\"><div class=\"wpb_wrapper\"><div class=\"wpb_text_column\" ><div class=\"wpb_wrapper\"><p>Dr. Maria Jos\u00e9 Garc\u00eda Celma<br \/>\n<strong>NanoPharmaMed<\/strong><\/p>\n<\/div><\/div><\/div><\/div><\/div><div class=\"vc_col-sm-3 wpb_column vc_column_container card\"><div class=\"vc_column-inner\"><div class=\"wpb_wrapper\"><div class=\"wpb_text_column\" ><div class=\"wpb_wrapper\"><p>Dr. Xavier Batlle Gelabert<br \/>\n<strong>NanoMagnetics<\/strong><\/p>\n<\/div><\/div><\/div><\/div><\/div><\/div><div class=\"w-separator size_small\"><\/div><div class=\"g-cols wpb_row  us_custom_6618e26b type_default valign_top gap-1rem vc_inner\"><style>.g-cols.gap-1rem{margin:0 calc(-1.5rem - 1rem)}.gap-1rem > .vc_column_container {padding:1rem}<\/style><div class=\"vc_col-sm-3 wpb_column vc_column_container card\"><div class=\"vc_column-inner\"><div class=\"wpb_wrapper\"><div class=\"wpb_text_column\" ><div class=\"wpb_wrapper\"><p>Dr. Mart\u00ed Duocastella Sol\u00e0<br \/>\n<strong>NanoPhotoElectro<\/strong><\/p>\n<\/div><\/div><\/div><\/div><\/div><div class=\"vc_col-sm-3 wpb_column vc_column_container card\"><div class=\"vc_column-inner\"><div class=\"wpb_wrapper\"><div class=\"wpb_text_column\" ><div class=\"wpb_wrapper\"><p>Dr. Enric Bertran Serra<br \/>\n<strong>NanosMat<\/strong><\/p>\n<\/div><\/div><\/div><\/div><\/div><div class=\"vc_col-sm-3 wpb_column vc_column_container card\"><div class=\"vc_column-inner\"><div class=\"wpb_wrapper\"><div class=\"wpb_text_column\" ><div class=\"wpb_wrapper\"><p>Dr. Narc\u00eds Homs Mart\u00ed<br \/>\n<strong>NanoEnergy<\/strong><\/p>\n<\/div><\/div><\/div><\/div><\/div><div class=\"vc_col-sm-3 wpb_column vc_column_container\"><div class=\"vc_column-inner\"><div class=\"wpb_wrapper\"><\/div><\/div><\/div><\/div><div class=\"w-separator size_medium\"><\/div><div class=\"wpb_text_column\" ><div class=\"wpb_wrapper\"><h2>Scientific Board Intern<\/h2>\n<\/div><\/div><div class=\"w-separator size_small with_line width_default thick_1 style_solid color_border align_center\"><div class=\"w-separator-h\"><\/div><\/div><div class=\"g-cols wpb_row  us_custom_6618e26b type_default valign_top gap-1rem vc_inner\"><style>.g-cols.gap-1rem{margin:0 calc(-1.5rem - 1rem)}.gap-1rem > .vc_column_container {padding:1rem}<\/style><div class=\"vc_col-sm-3 wpb_column vc_column_container card\"><div class=\"vc_column-inner\"><div class=\"wpb_wrapper\"><div class=\"wpb_text_column\" ><div class=\"wpb_wrapper\"><p>Dr. Maria Pilar Vinardell Martinez Hidalgo<br \/>\n<strong>President<\/strong><\/p>\n<\/div><\/div><\/div><\/div><\/div><div class=\"vc_col-sm-3 wpb_column vc_column_container card\"><div class=\"vc_column-inner\"><div class=\"wpb_wrapper\"><div class=\"wpb_text_column\" ><div class=\"wpb_wrapper\"><p>Dr. Ramon Farre Ventura<\/p>\n<\/div><\/div><\/div><\/div><\/div><div class=\"vc_col-sm-3 wpb_column vc_column_container card\"><div class=\"vc_column-inner\"><div class=\"wpb_wrapper\"><div class=\"wpb_text_column\" ><div class=\"wpb_wrapper\"><p>Dr. Am\u00edlcar Labarta Rodr\u00edguez<\/p>\n<\/div><\/div><\/div><\/div><\/div><div class=\"vc_col-sm-3 wpb_column vc_column_container card\"><div class=\"vc_column-inner\"><div class=\"wpb_wrapper\"><div class=\"wpb_text_column\" ><div class=\"wpb_wrapper\"><p>Dr. Francesc Sagu\u00e9s Mestre<\/p>\n<\/div><\/div><\/div><\/div><\/div><\/div><div class=\"w-separator size_medium\"><\/div><div class=\"wpb_text_column\" ><div class=\"wpb_wrapper\"><h2>Scientific Advisory Board<\/h2>\n<\/div><\/div><div class=\"w-separator size_small with_line width_default thick_1 style_solid color_border align_center\"><div class=\"w-separator-h\"><\/div><\/div><div class=\"g-cols wpb_row  us_custom_6618e26b type_default valign_top gap-1rem vc_inner\"><style>.g-cols.gap-1rem{margin:0 calc(-1.5rem - 1rem)}.gap-1rem > .vc_column_container {padding:1rem}<\/style><div class=\"vc_col-sm-3 wpb_column vc_column_container card-extern\"><div class=\"vc_column-inner\"><div class=\"wpb_wrapper\"><div class=\"wpb_text_column\" ><div class=\"wpb_wrapper\"><p>Dr. Ivan Schuller<br \/>\n<em>UC San Diego<\/em><br \/>\n<strong>President<\/strong><\/p>\n<\/div><\/div><\/div><\/div><\/div><div class=\"vc_col-sm-3 wpb_column vc_column_container card-extern\"><div class=\"vc_column-inner\"><div class=\"wpb_wrapper\"><div class=\"wpb_text_column\" ><div class=\"wpb_wrapper\"><p>Dr. Kenneth Dawson<br \/>\n<em>UC Dublin<\/em><\/p>\n<\/div><\/div><\/div><\/div><\/div><div class=\"vc_col-sm-3 wpb_column vc_column_container card-extern\"><div class=\"vc_column-inner\"><div class=\"wpb_wrapper\"><div class=\"wpb_text_column\" ><div class=\"wpb_wrapper\"><p>Dr. Katja Schenke-Layland<br \/>\n<em>Eberhard Karls University T\u00fcbingen<\/em><\/p>\n<\/div><\/div><\/div><\/div><\/div><div class=\"vc_col-sm-3 wpb_column vc_column_container card-extern\"><div class=\"vc_column-inner\"><div class=\"wpb_wrapper\"><div class=\"wpb_text_column\" ><div class=\"wpb_wrapper\"><p>Dr. Mar\u00eda Jes\u00fas Vicent<br \/>\n<em>Centro de Investigaci\u00f3n Pr\u00edncipe Felipe<\/em><\/p>\n<\/div><\/div><\/div><\/div><\/div><\/div><div class=\"w-separator size_medium\"><\/div><div class=\"wpb_text_column\" ><div class=\"wpb_wrapper\"><h2 class=\"top-card-layout__headline\">Research Management and Promotion<\/h2>\n<\/div><\/div><div class=\"w-separator size_small with_line width_default thick_1 style_solid color_border align_center\"><div class=\"w-separator-h\"><\/div><\/div><div class=\"g-cols wpb_row  us_custom_6618e26b type_default valign_top gap-1rem vc_inner\"><style>.g-cols.gap-1rem{margin:0 calc(-1.5rem - 1rem)}.gap-1rem > .vc_column_container {padding:1rem}<\/style><div class=\"vc_col-sm-3 wpb_column vc_column_container card\"><div class=\"vc_column-inner\"><div class=\"wpb_wrapper\"><div class=\"wpb_text_column\" ><div class=\"wpb_wrapper\"><p>Dr. Ifig\u00e8nia Saborit Villarroya<\/p>\n<\/div><\/div><\/div><\/div><\/div><div class=\"vc_col-sm-3 wpb_column vc_column_container\"><div class=\"vc_column-inner\"><div class=\"wpb_wrapper\"><\/div><\/div><\/div><div class=\"vc_col-sm-3 wpb_column vc_column_container\"><div class=\"vc_column-inner\"><div class=\"wpb_wrapper\"><\/div><\/div><\/div><div class=\"vc_col-sm-3 wpb_column vc_column_container\"><div class=\"vc_column-inner\"><div class=\"wpb_wrapper\"><\/div><\/div><\/div><\/div><div class=\"w-separator size_medium\"><\/div><div class=\"wpb_text_column\" ><div class=\"wpb_wrapper\"><h2>Outreach Commission<\/h2>\n<\/div><\/div><div class=\"w-separator size_small with_line width_default thick_1 style_solid color_border align_center\"><div class=\"w-separator-h\"><\/div><\/div><div class=\"wpb_text_column\" ><div class=\"wpb_wrapper\"><p>Ourteach Comission: \u00a0Dr. Jordi D\u00edaz (Coordinator); Dr. Xavier Batlle; Dr. Francesca Peir\u00f3; Dra. Mar\u00eda Aranzaz\u00fa Fraile; Dr. Elena S\u00e1nchez; Dr. Ana Bel\u00e9n Caballero; Dr. Carles Calero; Dr. Ferran Maci\u00e0; Dr. Lorena Bonilla; Dr. J. Antonio Padilla; Gerard Esteruelas.<\/p>\n<p>in2ub-divulga(at)ub.edu<\/p>\n<\/div><\/div><div class=\"w-separator size_medium\"><\/div><div class=\"wpb_text_column\" ><div class=\"wpb_wrapper\"><h2>Equal Opportunities Committee<\/h2>\n<\/div><\/div><div class=\"w-separator size_small with_line width_default thick_1 style_solid color_border align_center\"><div class=\"w-separator-h\"><\/div><\/div><div class=\"wpb_text_column\" ><div class=\"wpb_wrapper\"><p>Executive Equal Opportunities Committee: Dr. Mar\u00eda Aranzaz\u00fa Fraile (Coordinator), Dr. Marta Estrader, Dr. Carolina Sa\u00f1udo, Dr. Ferran Maci\u00e0, Dr. S\u00f2nia Estrad\u00e9.<\/p>\n<p>in2ub.igualtat(at)ub.edu<\/p>\n<\/div><\/div><div class=\"w-separator size_small with_line width_default thick_1 style_solid color_border align_center\"><div class=\"w-separator-h\"><\/div><\/div><div class=\"g-cols wpb_row  type_default valign_top vc_inner\"><div class=\"vc_col-sm-12 wpb_column vc_column_container\"><div class=\"vc_column-inner\"><div class=\"wpb_wrapper\"><div class=\"wpb_text_column\" ><div class=\"wpb_wrapper\"><h2>Internal regulations<\/h2>\n<\/div><\/div><div class=\"w-btn-wrapper width_auto align_left\"><a class=\"w-btn us-btn-style_1\" title=\"Internal Regulation\" target=\"_blank\" href=\"https:\/\/www.ub.edu\/in2ub\/wp-content\/uploads\/2022\/06\/Reglament_IN2UB-13.05.22.pdf\" rel=\"noopener\"><span class=\"w-btn-label\">See our internal regulation document<\/span><\/a><\/div><\/div><\/div><\/div><\/div><\/div><\/div><\/div><\/div><\/div><\/section>\n","protected":false},"excerpt":{"rendered":"Institute of Nanoscience and Nanotechnology University of Barcelona Organization Organization Dr. Guillem Arom\u00ed Bedmar Director Dr. Mart\u00ed Duocastella Sol\u00e0 Deputy Director Steering Committee Dr. Xavier Batlle Gelabert Dr. Oscar Casta\u00f1o Linares Dra. S\u00f2nia Estrad\u00e9 Albiol Dr. Arantxa Fraile Rodriguez Dr. Giancarlo Franzese Dr. Maria Jos\u00e9 Garc\u00eda Celma Dr. Sergi Hern\u00e1ndez M\u00e1rquez Dr. Narc\u00eds Homs Mart\u00ed...","protected":false},"author":1,"featured_media":0,"parent":0,"menu_order":0,"comment_status":"closed","ping_status":"closed","template":"","meta":{"footnotes":""},"yoast_head":"<!-- This site is optimized with the Yoast SEO plugin v23.5 - https:\/\/yoast.com\/wordpress\/plugins\/seo\/ -->\n<title>Organization - IN\u00b2UB<\/title>\n<meta name=\"robots\" content=\"index, follow, max-snippet:-1, max-image-preview:large, max-video-preview:-1\" \/>\n<link rel=\"canonical\" href=\"https:\/\/www.ub.edu\/in2ub\/organization\/\" \/>\n<meta property=\"og:locale\" content=\"en_US\" \/>\n<meta property=\"og:type\" content=\"article\" \/>\n<meta property=\"og:title\" content=\"Organization - IN\u00b2UB\" \/>\n<meta property=\"og:url\" content=\"https:\/\/www.ub.edu\/in2ub\/organization\/\" \/>\n<meta property=\"og:site_name\" content=\"IN\u00b2UB\" \/>\n<meta property=\"article:modified_time\" content=\"2024-12-18T13:13:11+00:00\" \/>\n<meta name=\"twitter:card\" content=\"summary_large_image\" \/>\n<meta name=\"twitter:label1\" content=\"Est. reading time\" \/>\n\t<meta name=\"twitter:data1\" content=\"2 minutes\" \/>\n<script type=\"application\/ld+json\" class=\"yoast-schema-graph\">{\"@context\":\"https:\/\/schema.org\",\"@graph\":[{\"@type\":\"WebPage\",\"@id\":\"https:\/\/www.ub.edu\/in2ub\/organization\/\",\"url\":\"https:\/\/www.ub.edu\/in2ub\/organization\/\",\"name\":\"Organization - IN\u00b2UB\",\"isPartOf\":{\"@id\":\"https:\/\/www.ub.edu\/in2ub\/#website\"},\"datePublished\":\"2020-11-04T07:57:35+00:00\",\"dateModified\":\"2024-12-18T13:13:11+00:00\",\"breadcrumb\":{\"@id\":\"https:\/\/www.ub.edu\/in2ub\/organization\/#breadcrumb\"},\"inLanguage\":\"en-US\",\"potentialAction\":[{\"@type\":\"ReadAction\",\"target\":[\"https:\/\/www.ub.edu\/in2ub\/organization\/\"]}]},{\"@type\":\"BreadcrumbList\",\"@id\":\"https:\/\/www.ub.edu\/in2ub\/organization\/#breadcrumb\",\"itemListElement\":[{\"@type\":\"ListItem\",\"position\":1,\"name\":\"Inici\",\"item\":\"https:\/\/www.ub.edu\/in2ub\/\"},{\"@type\":\"ListItem\",\"position\":2,\"name\":\"Organization\"}]},{\"@type\":\"WebSite\",\"@id\":\"https:\/\/www.ub.edu\/in2ub\/#website\",\"url\":\"https:\/\/www.ub.edu\/in2ub\/\",\"name\":\"IN\u00b2UB\",\"description\":\"Institut de Nanoci\u00e8ncia i Nanotecnologia - Universitat de Barcelona\",\"potentialAction\":[{\"@type\":\"SearchAction\",\"target\":{\"@type\":\"EntryPoint\",\"urlTemplate\":\"https:\/\/www.ub.edu\/in2ub\/?s={search_term_string}\"},\"query-input\":{\"@type\":\"PropertyValueSpecification\",\"valueRequired\":true,\"valueName\":\"search_term_string\"}}],\"inLanguage\":\"en-US\"}]}<\/script>\n<!-- \/ Yoast SEO plugin. -->","yoast_head_json":{"title":"Organization - IN\u00b2UB","robots":{"index":"index","follow":"follow","max-snippet":"max-snippet:-1","max-image-preview":"max-image-preview:large","max-video-preview":"max-video-preview:-1"},"canonical":"https:\/\/www.ub.edu\/in2ub\/organization\/","og_locale":"en_US","og_type":"article","og_title":"Organization - IN\u00b2UB","og_url":"https:\/\/www.ub.edu\/in2ub\/organization\/","og_site_name":"IN\u00b2UB","article_modified_time":"2024-12-18T13:13:11+00:00","twitter_card":"summary_large_image","twitter_misc":{"Est. reading time":"2 minutes"},"schema":{"@context":"https:\/\/schema.org","@graph":[{"@type":"WebPage","@id":"https:\/\/www.ub.edu\/in2ub\/organization\/","url":"https:\/\/www.ub.edu\/in2ub\/organization\/","name":"Organization - IN\u00b2UB","isPartOf":{"@id":"https:\/\/www.ub.edu\/in2ub\/#website"},"datePublished":"2020-11-04T07:57:35+00:00","dateModified":"2024-12-18T13:13:11+00:00","breadcrumb":{"@id":"https:\/\/www.ub.edu\/in2ub\/organization\/#breadcrumb"},"inLanguage":"en-US","potentialAction":[{"@type":"ReadAction","target":["https:\/\/www.ub.edu\/in2ub\/organization\/"]}]},{"@type":"BreadcrumbList","@id":"https:\/\/www.ub.edu\/in2ub\/organization\/#breadcrumb","itemListElement":[{"@type":"ListItem","position":1,"name":"Inici","item":"https:\/\/www.ub.edu\/in2ub\/"},{"@type":"ListItem","position":2,"name":"Organization"}]},{"@type":"WebSite","@id":"https:\/\/www.ub.edu\/in2ub\/#website","url":"https:\/\/www.ub.edu\/in2ub\/","name":"IN\u00b2UB","description":"Institut de Nanoci\u00e8ncia i Nanotecnologia - Universitat de Barcelona","potentialAction":[{"@type":"SearchAction","target":{"@type":"EntryPoint","urlTemplate":"https:\/\/www.ub.edu\/in2ub\/?s={search_term_string}"},"query-input":{"@type":"PropertyValueSpecification","valueRequired":true,"valueName":"search_term_string"}}],"inLanguage":"en-US"}]}},"_links":{"self":[{"href":"https:\/\/www.ub.edu\/in2ub\/wp-json\/wp\/v2\/pages\/12"}],"collection":[{"href":"https:\/\/www.ub.edu\/in2ub\/wp-json\/wp\/v2\/pages"}],"about":[{"href":"https:\/\/www.ub.edu\/in2ub\/wp-json\/wp\/v2\/types\/page"}],"author":[{"embeddable":true,"href":"https:\/\/www.ub.edu\/in2ub\/wp-json\/wp\/v2\/users\/1"}],"replies":[{"embeddable":true,"href":"https:\/\/www.ub.edu\/in2ub\/wp-json\/wp\/v2\/comments?post=12"}],"version-history":[{"count":75,"href":"https:\/\/www.ub.edu\/in2ub\/wp-json\/wp\/v2\/pages\/12\/revisions"}],"predecessor-version":[{"id":51312,"href":"https:\/\/www.ub.edu\/in2ub\/wp-json\/wp\/v2\/pages\/12\/revisions\/51312"}],"wp:attachment":[{"href":"https:\/\/www.ub.edu\/in2ub\/wp-json\/wp\/v2\/media?parent=12"}],"curies":[{"name":"wp","href":"https:\/\/api.w.org\/{rel}","templated":true}]}}