{"id":29,"date":"2020-11-04T10:06:17","date_gmt":"2020-11-04T08:06:17","guid":{"rendered":"https:\/\/www.ub.edu\/in2ub_temp\/?page_id=29"},"modified":"2024-12-17T12:33:43","modified_gmt":"2024-12-17T11:33:43","slug":"outreach","status":"publish","type":"page","link":"https:\/\/www.ub.edu\/in2ub\/outreach\/","title":{"rendered":"Outreach"},"content":{"rendered":"<section class=\"l-section wpb_row height_auto width_full zindex\"><div class=\"l-section-h i-cf\"><div class=\"g-cols vc_row type_default valign_top\"><div class=\"vc_col-sm-12 wpb_column vc_column_container\"><div class=\"vc_column-inner\"><div class=\"wpb_wrapper\"><style data-type=\"us_custom-css\">.w-separator.size_small.with_line.width_30.thick_3.style_solid.color_secondary.align_center {\r\n    margin-left: 0!important;\r\n    margin-bottom: 1rem;\r\n    height: 1rem;\r\n    color: #d68b36;\r\n}<\/style><section class=\"l-section wpb_row us_custom_6c796549 height_small width_full with_slider with_overlay\"><div class=\"l-section-slider\"><div class=\"w-slider style_none fit_cover\"><div class=\"w-slider-h\"><div class=\"royalSlider\"><div class=\"rsContent\"><a class=\"rsImg\" data-rsw=\"1246\" data-rsh=\"901\" href=\"https:\/\/www.ub.edu\/in2ub\/wp-content\/uploads\/2021\/07\/Gold-nanocups-copia-5.jpg\"><span data-alt=\"\"><\/span><\/a><\/div><div class=\"rsContent\"><a class=\"rsImg\" data-rsw=\"1920\" data-rsh=\"1080\" href=\"https:\/\/www.ub.edu\/in2ub\/wp-content\/uploads\/2020\/11\/in2ub-back-3.jpg\"><span data-alt=\"\"><\/span><\/a><\/div><div class=\"rsContent\"><a class=\"rsImg\" data-rsw=\"1920\" data-rsh=\"960\" href=\"https:\/\/www.ub.edu\/in2ub\/wp-content\/uploads\/2020\/11\/in2ub-back-4.jpg\"><span data-alt=\"\"><\/span><\/a><\/div><div class=\"rsContent\"><a class=\"rsImg\" data-rsw=\"1920\" data-rsh=\"1440\" href=\"https:\/\/www.ub.edu\/in2ub\/wp-content\/uploads\/2020\/11\/in2ub-back-2.jpg\"><span data-alt=\"\"><\/span><\/a><\/div><div class=\"rsContent\"><a class=\"rsImg\" data-rsw=\"1920\" data-rsh=\"1280\" href=\"https:\/\/www.ub.edu\/in2ub\/wp-content\/uploads\/2020\/11\/in2ub-back-1.jpg\"><span data-alt=\"\"><\/span><\/a><\/div><\/div><img decoding=\"async\" src=\"https:\/\/www.ub.edu\/in2ub\/wp-content\/uploads\/2021\/07\/Gold-nanocups-copia-5.jpg\" width=\"1246\" height=\"901\" alt loading=\"lazy\"><\/div><div class=\"w-slider-json\" onclick='return {&quot;loop&quot;:true,&quot;fadeInLoadedSlide&quot;:false,&quot;slidesSpacing&quot;:0,&quot;imageScalePadding&quot;:0,&quot;numImagesToPreload&quot;:2,&quot;arrowsNav&quot;:false,&quot;arrowsNavAutoHide&quot;:false,&quot;transitionType&quot;:&quot;move&quot;,&quot;transitionSpeed&quot;:1000,&quot;block&quot;:{&quot;moveEffect&quot;:&quot;none&quot;,&quot;speed&quot;:300},&quot;controlNavigation&quot;:&quot;none&quot;,&quot;autoplay&quot;:{&quot;enabled&quot;:true,&quot;pauseOnHover&quot;:false,&quot;delay&quot;:3000},&quot;imageScaleMode&quot;:&quot;fill&quot;,&quot;autoScaleSlider&quot;:true,&quot;autoScaleSliderWidth&quot;:1246,&quot;autoScaleSliderHeight&quot;:901,&quot;fitInViewport&quot;:false}'><\/div><\/div><\/div><div class=\"l-section-overlay\" style=\"background: linear-gradient(90deg, rgba(255,255,255,1) 0%, rgba(255,255,255,0.20) 100%)\"><\/div><div class=\"l-section-h i-cf\"><div class=\"g-cols vc_row type_default valign_top\"><div class=\"vc_col-sm-12 wpb_column vc_column_container\"><div class=\"vc_column-inner\"><div class=\"wpb_wrapper\"><div class=\"g-cols wpb_row  type_boxes valign_top vc_inner\"><div class=\"vc_col-sm-2\/5 wpb_column vc_column_container\"><div class=\"vc_column-inner\"><div class=\"wpb_wrapper\"><div class=\"w-separator size_small\"><\/div><div class=\"wpb_text_column\" ><div class=\"wpb_wrapper\"><h2 style=\"text-align: left;\"><strong>Institute of Nanoscience and Nanotechnology<\/strong><\/h2>\n<\/div><\/div><div class=\"wpb_text_column\" ><div class=\"wpb_wrapper\"><h2 style=\"text-align: left;\"><strong>University of Barcelona<\/strong><\/h2>\n<\/div><\/div><div class=\"w-separator size_small with_line width_30 thick_3 style_solid color_secondary align_center\"><div class=\"w-separator-h\"><\/div><\/div><h1 class=\"w-post-elm post_title entry-title color_link_inherit\">Outreach<\/h1><\/div><\/div><\/div><div class=\"vc_col-sm-3\/5 wpb_column vc_column_container\"><div class=\"vc_column-inner\"><div class=\"wpb_wrapper\"><\/div><\/div><\/div><\/div><\/div><\/div><\/div><\/div><\/div><\/section>\n<\/div><\/div><\/div><\/div><\/div><\/section><section class=\"l-section wpb_row us_custom_86a5168b height_medium width_full\"><div class=\"l-section-h i-cf\"><div class=\"g-cols vc_row type_boxes valign_top\"><div class=\"vc_col-sm-3 wpb_column vc_column_container\"><div class=\"vc_column-inner type_sticky\"><div class=\"wpb_wrapper\"><div class=\"w-iconbox iconpos_top style_default color_custom align_center no_text titol-amb-icona icontype_img\"><div class=\"w-iconbox-icon\" style=\"font-size:64px;color:#8CABD4;\"><img loading=\"lazy\" decoding=\"async\" width=\"641\" height=\"640\" src=\"https:\/\/www.ub.edu\/in2ub\/wp-content\/uploads\/2021\/03\/Outreach.png\" class=\"attachment-full size-full\" alt=\"\" srcset=\"https:\/\/www.ub.edu\/in2ub\/wp-content\/uploads\/2021\/03\/Outreach.png 641w, https:\/\/www.ub.edu\/in2ub\/wp-content\/uploads\/2021\/03\/Outreach-300x300.png 300w, https:\/\/www.ub.edu\/in2ub\/wp-content\/uploads\/2021\/03\/Outreach-150x150.png 150w\" sizes=\"(max-width: 641px) 100vw, 641px\" \/><\/div><div class=\"w-iconbox-meta\"><h4 class=\"w-iconbox-title\">Outreach<\/h4><\/div><\/div><\/div><\/div><\/div><div class=\"vc_col-sm-9 wpb_column vc_column_container\"><div class=\"vc_column-inner\"><div class=\"wpb_wrapper\"><div class=\"w-grid type_grid layout_13415 cols_3 overflow_hidden\" id=\"us_grid_1\" data-filterable=\"true\"><style id=\"us_grid_1_css\">#us_grid_1 .w-grid-item{padding:1.5rem}#us_grid_1 .w-grid-list{margin:-1.5rem}.w-grid + #us_grid_1 .w-grid-list{margin-top:1.5rem}@media (max-width:899px){#us_grid_1 .w-grid-item{width:50.0000%}}@media (max-width:599px){#us_grid_1 .w-grid-list{margin:0}#us_grid_1 .w-grid-item{width:100.0000%;padding:0;margin-bottom:1.5rem}}<\/style><style>.layout_13415 .w-grid-item-h{background:#f5f5f5;color:#333;box-shadow:0 0.15rem 0.30rem rgba(0,0,0,0.1),0 0.50rem 1.50rem rgba(0,0,0,0.1);transition-duration:0.3s}.layout_13415 .usg_vwrapper_1{padding:1.5rem 2.5rem 2.5rem 2.5rem!important}.layout_13415 .usg_post_title_1{font-size:1.2rem!important}.layout_13415 .usg_hwrapper_2{color:#999!important;font-size:0.9rem!important}<\/style><div class=\"w-grid-list\" >\t<article class=\"w-grid-item size_1x1 post-52006 post type-post status-publish format-standard has-post-thumbnail hentry category-events category-news category-outreach\" data-id=\"52006\">\n\t\t<div class=\"w-grid-item-h\">\n\t\t\t\t\t\t<div class=\"w-post-elm post_image usg_post_image_1 stretched\"><a href=\"https:\/\/www.ub.edu\/in2ub\/xi-festival-iberoamerica-10alamenos-a-cosmocaixa\/\" aria-label=\"XI Festival Iberoameric\u00e0 10alamenos al Cosmocaixa &#8211; 9 de maig 2026\"><img loading=\"lazy\" decoding=\"async\" width=\"860\" height=\"555\" src=\"https:\/\/www.ub.edu\/in2ub\/wp-content\/uploads\/2026\/04\/A-CC-06198-0005-PG_spa.webp\" class=\"attachment-large size-large wp-post-image\" alt=\"\" srcset=\"https:\/\/www.ub.edu\/in2ub\/wp-content\/uploads\/2026\/04\/A-CC-06198-0005-PG_spa.webp 860w, https:\/\/www.ub.edu\/in2ub\/wp-content\/uploads\/2026\/04\/A-CC-06198-0005-PG_spa-300x194.webp 300w\" sizes=\"(max-width: 860px) 100vw, 860px\" \/><\/a><\/div><div class=\"w-vwrapper usg_vwrapper_1 align_center valign_top\"><h2 class=\"w-post-elm post_title usg_post_title_1 entry-title color_link_inherit\"><a href=\"https:\/\/www.ub.edu\/in2ub\/xi-festival-iberoamerica-10alamenos-a-cosmocaixa\/\">XI Festival Iberoameric\u00e0 10alamenos al Cosmocaixa &#8211; 9 de maig 2026<\/a><\/h2><div class=\"w-hwrapper usg_hwrapper_2 align_center valign_top wrap\"><\/div><\/div>\t\t<\/div>\n\t<\/article>\n\t<article class=\"w-grid-item size_1x1 post-51974 post type-post status-publish format-standard hentry category-events category-news category-outreach\" data-id=\"51974\">\n\t\t<div class=\"w-grid-item-h\">\n\t\t\t\t\t\t<div class=\"w-vwrapper usg_vwrapper_1 align_center valign_top\"><h2 class=\"w-post-elm post_title usg_post_title_1 entry-title color_link_inherit\"><a href=\"https:\/\/www.ub.edu\/in2ub\/vermut-de-nanociencia-a-la-festa-de-la-ciencia-de-barcelona\/\">Vermut de Nanoci\u00e8ncia a la Festa de la Ci\u00e8ncia de Barcelona<\/a><\/h2><div class=\"w-hwrapper usg_hwrapper_2 align_center valign_top wrap\"><\/div><\/div>\t\t<\/div>\n\t<\/article>\n\t<article class=\"w-grid-item size_1x1 post-51862 post type-post status-publish format-standard hentry category-news category-outreach\" data-id=\"51862\">\n\t\t<div class=\"w-grid-item-h\">\n\t\t\t\t\t\t<div class=\"w-vwrapper usg_vwrapper_1 align_center valign_top\"><h2 class=\"w-post-elm post_title usg_post_title_1 entry-title color_link_inherit\"><a href=\"https:\/\/www.ub.edu\/in2ub\/development-of-the-application-quantum-tycoon\/\">Development of the application Quantum Tycoon<\/a><\/h2><div class=\"w-hwrapper usg_hwrapper_2 align_center valign_top wrap\"><\/div><\/div>\t\t<\/div>\n\t<\/article>\n\t<article class=\"w-grid-item size_1x1 post-51848 post type-post status-publish format-standard hentry category-news category-outreach\" data-id=\"51848\">\n\t\t<div class=\"w-grid-item-h\">\n\t\t\t\t\t\t<div class=\"w-vwrapper usg_vwrapper_1 align_center valign_top\"><h2 class=\"w-post-elm post_title usg_post_title_1 entry-title color_link_inherit\"><a href=\"https:\/\/www.ub.edu\/in2ub\/in%c2%b2ub-outreach-coordination-at-nanomentes-costa-rica\/\">IN\u00b2UB Outreach Coordination at \u201cNanoMentes\u201d (Costa Rica)<\/a><\/h2><div class=\"w-hwrapper usg_hwrapper_2 align_center valign_top wrap\"><\/div><\/div>\t\t<\/div>\n\t<\/article>\n\t<article class=\"w-grid-item size_1x1 post-51738 post type-post status-publish format-standard has-post-thumbnail hentry category-news category-outreach\" data-id=\"51738\">\n\t\t<div class=\"w-grid-item-h\">\n\t\t\t\t\t\t<div class=\"w-post-elm post_image usg_post_image_1 stretched\"><a href=\"https:\/\/www.ub.edu\/in2ub\/el-iii-libro-blanco-de-las-nanotecnologias-marca-el-rumbo-hacia-un-futuro-mas-sostenible\/\" aria-label=\"El III Libro Blanco de las Nanotecnolog\u00edas Marca el Rumbo Hacia un Futuro m\u00e1s Sostenible\"><img loading=\"lazy\" decoding=\"async\" width=\"581\" height=\"183\" src=\"https:\/\/www.ub.edu\/in2ub\/wp-content\/uploads\/2025\/10\/III_LB_NN.png\" class=\"attachment-large size-large wp-post-image\" alt=\"\" srcset=\"https:\/\/www.ub.edu\/in2ub\/wp-content\/uploads\/2025\/10\/III_LB_NN.png 581w, https:\/\/www.ub.edu\/in2ub\/wp-content\/uploads\/2025\/10\/III_LB_NN-300x94.png 300w\" sizes=\"(max-width: 581px) 100vw, 581px\" \/><\/a><\/div><div class=\"w-vwrapper usg_vwrapper_1 align_center valign_top\"><h2 class=\"w-post-elm post_title usg_post_title_1 entry-title color_link_inherit\"><a href=\"https:\/\/www.ub.edu\/in2ub\/el-iii-libro-blanco-de-las-nanotecnologias-marca-el-rumbo-hacia-un-futuro-mas-sostenible\/\">El III Libro Blanco de las Nanotecnolog\u00edas Marca el Rumbo Hacia un Futuro m\u00e1s Sostenible<\/a><\/h2><div class=\"w-hwrapper usg_hwrapper_2 align_center valign_top wrap\"><\/div><\/div>\t\t<\/div>\n\t<\/article>\n\t<article class=\"w-grid-item size_1x1 post-51698 post type-post status-publish format-standard has-post-thumbnail hentry category-events category-news category-outreach\" data-id=\"51698\">\n\t\t<div class=\"w-grid-item-h\">\n\t\t\t\t\t\t<div class=\"w-post-elm post_image usg_post_image_1 stretched\"><a href=\"https:\/\/www.ub.edu\/in2ub\/vermuts-de-nanociencia-25\/\" aria-label=\"&#8216;Vermuts de nanoci\u00e8ncia&#8217;\"><img loading=\"lazy\" decoding=\"async\" width=\"314\" height=\"274\" src=\"https:\/\/www.ub.edu\/in2ub\/wp-content\/uploads\/2024\/04\/Outreach_IN2UB.b.png\" class=\"attachment-large size-large wp-post-image\" alt=\"\" srcset=\"https:\/\/www.ub.edu\/in2ub\/wp-content\/uploads\/2024\/04\/Outreach_IN2UB.b.png 314w, https:\/\/www.ub.edu\/in2ub\/wp-content\/uploads\/2024\/04\/Outreach_IN2UB.b-300x262.png 300w\" sizes=\"(max-width: 314px) 100vw, 314px\" \/><\/a><\/div><div class=\"w-vwrapper usg_vwrapper_1 align_center valign_top\"><h2 class=\"w-post-elm post_title usg_post_title_1 entry-title color_link_inherit\"><a href=\"https:\/\/www.ub.edu\/in2ub\/vermuts-de-nanociencia-25\/\">&#8216;Vermuts de nanoci\u00e8ncia&#8217;<\/a><\/h2><div class=\"w-hwrapper usg_hwrapper_2 align_center valign_top wrap\"><\/div><\/div>\t\t<\/div>\n\t<\/article>\n\t<article class=\"w-grid-item size_1x1 post-51525 post type-post status-publish format-standard has-post-thumbnail hentry category-events category-news category-outreach\" data-id=\"51525\">\n\t\t<div class=\"w-grid-item-h\">\n\t\t\t\t\t\t<div class=\"w-post-elm post_image usg_post_image_1 stretched\"><a href=\"https:\/\/www.ub.edu\/in2ub\/lin2ub-al-festival-10alamenos9-programa-cosmocaixa-9-i-10-maig-2025\/\" aria-label=\"L&#8217;IN2UB al Festival 10alamenos9 &#8211; Programa CosmoCaixa &#8211; 9 i 10 maig 2025\"><img loading=\"lazy\" decoding=\"async\" width=\"1024\" height=\"940\" src=\"https:\/\/www.ub.edu\/in2ub\/wp-content\/uploads\/2025\/04\/10-9_25-1024x940.png\" class=\"attachment-large size-large wp-post-image\" alt=\"\" srcset=\"https:\/\/www.ub.edu\/in2ub\/wp-content\/uploads\/2025\/04\/10-9_25-1024x940.png 1024w, https:\/\/www.ub.edu\/in2ub\/wp-content\/uploads\/2025\/04\/10-9_25-300x275.png 300w, https:\/\/www.ub.edu\/in2ub\/wp-content\/uploads\/2025\/04\/10-9_25.png 1040w\" sizes=\"(max-width: 1024px) 100vw, 1024px\" \/><\/a><\/div><div class=\"w-vwrapper usg_vwrapper_1 align_center valign_top\"><h2 class=\"w-post-elm post_title usg_post_title_1 entry-title color_link_inherit\"><a href=\"https:\/\/www.ub.edu\/in2ub\/lin2ub-al-festival-10alamenos9-programa-cosmocaixa-9-i-10-maig-2025\/\">L&#8217;IN2UB al Festival 10alamenos9 &#8211; Programa CosmoCaixa &#8211; 9 i 10 maig 2025<\/a><\/h2><div class=\"w-hwrapper usg_hwrapper_2 align_center valign_top wrap\"><\/div><\/div>\t\t<\/div>\n\t<\/article>\n\t<article class=\"w-grid-item size_1x1 post-51457 post type-post status-publish format-standard has-post-thumbnail hentry category-events category-news category-outreach\" data-id=\"51457\">\n\t\t<div class=\"w-grid-item-h\">\n\t\t\t\t\t\t<div class=\"w-post-elm post_image usg_post_image_1 stretched\"><a href=\"https:\/\/www.ub.edu\/in2ub\/iii-trobada-divulga-in2ub-4-nov-25-fontsere\/\" aria-label=\"III Trobada de Divulgaci\u00f3 de l\u2019IN2UB &#8211; 4 novembre 2025 &#8211; Sala de Graus Eduard Fontser\u00e8\"><img loading=\"lazy\" decoding=\"async\" width=\"1024\" height=\"576\" src=\"https:\/\/www.ub.edu\/in2ub\/wp-content\/uploads\/2025\/03\/III_trobada_Divulgacio_IN2UB_4_nov_2025-2-1024x576.jpg\" class=\"attachment-large size-large wp-post-image\" alt=\"\" srcset=\"https:\/\/www.ub.edu\/in2ub\/wp-content\/uploads\/2025\/03\/III_trobada_Divulgacio_IN2UB_4_nov_2025-2-1024x576.jpg 1024w, https:\/\/www.ub.edu\/in2ub\/wp-content\/uploads\/2025\/03\/III_trobada_Divulgacio_IN2UB_4_nov_2025-2-300x169.jpg 300w, https:\/\/www.ub.edu\/in2ub\/wp-content\/uploads\/2025\/03\/III_trobada_Divulgacio_IN2UB_4_nov_2025-2.jpg 1280w\" sizes=\"(max-width: 1024px) 100vw, 1024px\" \/><\/a><\/div><div class=\"w-vwrapper usg_vwrapper_1 align_center valign_top\"><h2 class=\"w-post-elm post_title usg_post_title_1 entry-title color_link_inherit\"><a href=\"https:\/\/www.ub.edu\/in2ub\/iii-trobada-divulga-in2ub-4-nov-25-fontsere\/\">III Trobada de Divulgaci\u00f3 de l\u2019IN2UB &#8211; 4 novembre 2025 &#8211; Sala de Graus Eduard Fontser\u00e8<\/a><\/h2><div class=\"w-hwrapper usg_hwrapper_2 align_center valign_top wrap\"><\/div><\/div>\t\t<\/div>\n\t<\/article>\n\t<article class=\"w-grid-item size_1x1 post-46955 post type-post status-publish format-standard has-post-thumbnail hentry category-events category-news category-outreach\" data-id=\"46955\">\n\t\t<div class=\"w-grid-item-h\">\n\t\t\t\t\t\t<div class=\"w-post-elm post_image usg_post_image_1 stretched\"><a href=\"https:\/\/www.ub.edu\/in2ub\/acte-final-concurs-nanorelats-10alamenos9\/\" aria-label=\"Acte final: Concurs Nanorelats 10alamenos9\"><img loading=\"lazy\" decoding=\"async\" width=\"760\" height=\"440\" src=\"https:\/\/www.ub.edu\/in2ub\/wp-content\/uploads\/2024\/06\/logo-10alamenos9.jpg\" class=\"attachment-large size-large wp-post-image\" alt=\"\" srcset=\"https:\/\/www.ub.edu\/in2ub\/wp-content\/uploads\/2024\/06\/logo-10alamenos9.jpg 760w, https:\/\/www.ub.edu\/in2ub\/wp-content\/uploads\/2024\/06\/logo-10alamenos9-300x174.jpg 300w\" sizes=\"(max-width: 760px) 100vw, 760px\" \/><\/a><\/div><div class=\"w-vwrapper usg_vwrapper_1 align_center valign_top\"><h2 class=\"w-post-elm post_title usg_post_title_1 entry-title color_link_inherit\"><a href=\"https:\/\/www.ub.edu\/in2ub\/acte-final-concurs-nanorelats-10alamenos9\/\">Acte final: Concurs Nanorelats 10alamenos9<\/a><\/h2><div class=\"w-hwrapper usg_hwrapper_2 align_center valign_top wrap\"><\/div><\/div>\t\t<\/div>\n\t<\/article>\n\t<article class=\"w-grid-item size_1x1 post-46888 post type-post status-publish format-standard has-post-thumbnail hentry category-news category-outreach\" data-id=\"46888\">\n\t\t<div class=\"w-grid-item-h\">\n\t\t\t\t\t\t<div class=\"w-post-elm post_image usg_post_image_1 stretched\"><a href=\"https:\/\/www.ub.edu\/in2ub\/lin%c2%b2ub-protagonista-del-ix-festival-10alamenos9\/\" aria-label=\"L&#8217;IN\u00b2UB protagonista del IX Festival 10alamenos9\"><img loading=\"lazy\" decoding=\"async\" width=\"314\" height=\"274\" src=\"https:\/\/www.ub.edu\/in2ub\/wp-content\/uploads\/2024\/04\/Outreach_IN2UB.b.png\" class=\"attachment-large size-large wp-post-image\" alt=\"\" srcset=\"https:\/\/www.ub.edu\/in2ub\/wp-content\/uploads\/2024\/04\/Outreach_IN2UB.b.png 314w, https:\/\/www.ub.edu\/in2ub\/wp-content\/uploads\/2024\/04\/Outreach_IN2UB.b-300x262.png 300w\" sizes=\"(max-width: 314px) 100vw, 314px\" \/><\/a><\/div><div class=\"w-vwrapper usg_vwrapper_1 align_center valign_top\"><h2 class=\"w-post-elm post_title usg_post_title_1 entry-title color_link_inherit\"><a href=\"https:\/\/www.ub.edu\/in2ub\/lin%c2%b2ub-protagonista-del-ix-festival-10alamenos9\/\">L&#8217;IN\u00b2UB protagonista del IX Festival 10alamenos9<\/a><\/h2><div class=\"w-hwrapper usg_hwrapper_2 align_center valign_top wrap\"><\/div><\/div>\t\t<\/div>\n\t<\/article>\n<\/div><div class=\"w-grid-preloader\"><div class=\"g-preloader type_1\">\n\t<div><\/div>\n<\/div>\n<\/div>\t<div class=\"w-grid-json hidden\" onclick='return {&quot;action&quot;:&quot;us_ajax_grid&quot;,&quot;ajax_url&quot;:&quot;https:\\\/\\\/www.ub.edu\\\/in2ub\\\/wp-admin\\\/admin-ajax.php&quot;,&quot;infinite_scroll&quot;:0,&quot;max_num_pages&quot;:4,&quot;pagination&quot;:&quot;none&quot;,&quot;permalink_url&quot;:&quot;https:\\\/\\\/www.ub.edu\\\/in2ub\\\/wp-json\\\/wp\\\/v2\\\/pages\\\/29&quot;,&quot;template_vars&quot;:{&quot;columns&quot;:&quot;3&quot;,&quot;exclude_items&quot;:&quot;none&quot;,&quot;img_size&quot;:&quot;default&quot;,&quot;ignore_items_size&quot;:false,&quot;items_layout&quot;:&quot;13415&quot;,&quot;items_offset&quot;:&quot;1&quot;,&quot;load_animation&quot;:&quot;none&quot;,&quot;overriding_link&quot;:&quot;none&quot;,&quot;post_id&quot;:29,&quot;query_args&quot;:{&quot;post_type&quot;:[&quot;post&quot;],&quot;tax_query&quot;:[{&quot;taxonomy&quot;:&quot;category&quot;,&quot;field&quot;:&quot;slug&quot;,&quot;terms&quot;:[&quot;outreach&quot;]}],&quot;post_status&quot;:[&quot;publish&quot;],&quot;posts_per_page&quot;:&quot;10&quot;},&quot;orderby_query_args&quot;:{&quot;orderby&quot;:{&quot;date&quot;:&quot;DESC&quot;}},&quot;type&quot;:&quot;grid&quot;,&quot;us_grid_ajax_index&quot;:1,&quot;us_grid_filter_params&quot;:null,&quot;us_grid_index&quot;:1,&quot;_us_grid_post_type&quot;:&quot;post&quot;}}'><\/div>\n\t<\/div><\/div><\/div><\/div><\/div><\/div><\/section><section class=\"l-section wpb_row height_medium\"><div class=\"l-section-h i-cf\"><div class=\"g-cols vc_row type_default valign_top\"><div class=\"vc_col-sm-12 wpb_column vc_column_container\"><div class=\"vc_column-inner\"><div class=\"wpb_wrapper\"><div class=\"wpb_text_column\" ><div class=\"wpb_wrapper\"><div class=\"wpb_text_column\">\n<div class=\"wpb_wrapper\">\n<p>Ourteach Comission: Dr. Jordi D\u00edaz (Coordinator); Dr. Xavier Batlle; Dr. Francesca Peir\u00f3; Dr. Mar\u00eda Aranzaz\u00fa Fraile; Dra Elena S\u00e1nchez; Dr. Ana Bel\u00e9n Caballero; Dr. Carles Calero; Dr. Ferran Maci\u00e0; Dr. Lorena Bonilla; Dr. J. Antonio Padilla; Gerard Esteruelas.<\/p>\n<p>in2ub-divulga(at)ub.edu<\/p>\n<\/div>\n<\/div>\n<\/div><\/div><\/div><\/div><\/div><\/div><\/div><\/section>\n","protected":false},"excerpt":{"rendered":"L'IN\u00b2UB protagonista del IX Festival 10alamenos9 Centenars alumnes de secund\u00e0ria i batxillerat han tingut l\u2019oportunitat de participar en el Festival Nacional de Nanoci\u00e8ncia i Nanotecnologia 10alamenos9, que enguany arriba a la novena edici\u00f3. Les activitats realitzades pel nostre Institut de Nanoci\u00e8ncia i Nanotecnologia han estat variades i impactants: Concurs de Nanorelats: Amb 99 nanorelats rebuts,...","protected":false},"author":1,"featured_media":0,"parent":0,"menu_order":0,"comment_status":"closed","ping_status":"closed","template":"","meta":{"footnotes":""},"yoast_head":"<!-- This site is optimized with the Yoast SEO plugin v23.5 - https:\/\/yoast.com\/wordpress\/plugins\/seo\/ -->\n<title>Outreach - IN\u00b2UB<\/title>\n<meta name=\"robots\" content=\"index, follow, max-snippet:-1, max-image-preview:large, max-video-preview:-1\" \/>\n<link rel=\"canonical\" href=\"https:\/\/www.ub.edu\/in2ub\/outreach\/\" \/>\n<meta property=\"og:locale\" content=\"en_US\" \/>\n<meta property=\"og:type\" content=\"article\" \/>\n<meta property=\"og:title\" content=\"Outreach - IN\u00b2UB\" \/>\n<meta property=\"og:url\" content=\"https:\/\/www.ub.edu\/in2ub\/outreach\/\" \/>\n<meta property=\"og:site_name\" content=\"IN\u00b2UB\" \/>\n<meta property=\"article:modified_time\" content=\"2024-12-17T11:33:43+00:00\" \/>\n<meta name=\"twitter:card\" content=\"summary_large_image\" \/>\n<meta name=\"twitter:label1\" content=\"Est. reading time\" \/>\n\t<meta name=\"twitter:data1\" content=\"1 minute\" \/>\n<script type=\"application\/ld+json\" class=\"yoast-schema-graph\">{\"@context\":\"https:\/\/schema.org\",\"@graph\":[{\"@type\":\"WebPage\",\"@id\":\"https:\/\/www.ub.edu\/in2ub\/outreach\/\",\"url\":\"https:\/\/www.ub.edu\/in2ub\/outreach\/\",\"name\":\"Outreach - IN\u00b2UB\",\"isPartOf\":{\"@id\":\"https:\/\/www.ub.edu\/in2ub\/#website\"},\"datePublished\":\"2020-11-04T08:06:17+00:00\",\"dateModified\":\"2024-12-17T11:33:43+00:00\",\"breadcrumb\":{\"@id\":\"https:\/\/www.ub.edu\/in2ub\/outreach\/#breadcrumb\"},\"inLanguage\":\"en-US\",\"potentialAction\":[{\"@type\":\"ReadAction\",\"target\":[\"https:\/\/www.ub.edu\/in2ub\/outreach\/\"]}]},{\"@type\":\"BreadcrumbList\",\"@id\":\"https:\/\/www.ub.edu\/in2ub\/outreach\/#breadcrumb\",\"itemListElement\":[{\"@type\":\"ListItem\",\"position\":1,\"name\":\"Inici\",\"item\":\"https:\/\/www.ub.edu\/in2ub\/\"},{\"@type\":\"ListItem\",\"position\":2,\"name\":\"Outreach\"}]},{\"@type\":\"WebSite\",\"@id\":\"https:\/\/www.ub.edu\/in2ub\/#website\",\"url\":\"https:\/\/www.ub.edu\/in2ub\/\",\"name\":\"IN\u00b2UB\",\"description\":\"Institut de Nanoci\u00e8ncia i Nanotecnologia - Universitat de Barcelona\",\"potentialAction\":[{\"@type\":\"SearchAction\",\"target\":{\"@type\":\"EntryPoint\",\"urlTemplate\":\"https:\/\/www.ub.edu\/in2ub\/?s={search_term_string}\"},\"query-input\":{\"@type\":\"PropertyValueSpecification\",\"valueRequired\":true,\"valueName\":\"search_term_string\"}}],\"inLanguage\":\"en-US\"}]}<\/script>\n<!-- \/ Yoast SEO plugin. -->","yoast_head_json":{"title":"Outreach - IN\u00b2UB","robots":{"index":"index","follow":"follow","max-snippet":"max-snippet:-1","max-image-preview":"max-image-preview:large","max-video-preview":"max-video-preview:-1"},"canonical":"https:\/\/www.ub.edu\/in2ub\/outreach\/","og_locale":"en_US","og_type":"article","og_title":"Outreach - IN\u00b2UB","og_url":"https:\/\/www.ub.edu\/in2ub\/outreach\/","og_site_name":"IN\u00b2UB","article_modified_time":"2024-12-17T11:33:43+00:00","twitter_card":"summary_large_image","twitter_misc":{"Est. reading time":"1 minute"},"schema":{"@context":"https:\/\/schema.org","@graph":[{"@type":"WebPage","@id":"https:\/\/www.ub.edu\/in2ub\/outreach\/","url":"https:\/\/www.ub.edu\/in2ub\/outreach\/","name":"Outreach - IN\u00b2UB","isPartOf":{"@id":"https:\/\/www.ub.edu\/in2ub\/#website"},"datePublished":"2020-11-04T08:06:17+00:00","dateModified":"2024-12-17T11:33:43+00:00","breadcrumb":{"@id":"https:\/\/www.ub.edu\/in2ub\/outreach\/#breadcrumb"},"inLanguage":"en-US","potentialAction":[{"@type":"ReadAction","target":["https:\/\/www.ub.edu\/in2ub\/outreach\/"]}]},{"@type":"BreadcrumbList","@id":"https:\/\/www.ub.edu\/in2ub\/outreach\/#breadcrumb","itemListElement":[{"@type":"ListItem","position":1,"name":"Inici","item":"https:\/\/www.ub.edu\/in2ub\/"},{"@type":"ListItem","position":2,"name":"Outreach"}]},{"@type":"WebSite","@id":"https:\/\/www.ub.edu\/in2ub\/#website","url":"https:\/\/www.ub.edu\/in2ub\/","name":"IN\u00b2UB","description":"Institut de Nanoci\u00e8ncia i Nanotecnologia - Universitat de Barcelona","potentialAction":[{"@type":"SearchAction","target":{"@type":"EntryPoint","urlTemplate":"https:\/\/www.ub.edu\/in2ub\/?s={search_term_string}"},"query-input":{"@type":"PropertyValueSpecification","valueRequired":true,"valueName":"search_term_string"}}],"inLanguage":"en-US"}]}},"_links":{"self":[{"href":"https:\/\/www.ub.edu\/in2ub\/wp-json\/wp\/v2\/pages\/29"}],"collection":[{"href":"https:\/\/www.ub.edu\/in2ub\/wp-json\/wp\/v2\/pages"}],"about":[{"href":"https:\/\/www.ub.edu\/in2ub\/wp-json\/wp\/v2\/types\/page"}],"author":[{"embeddable":true,"href":"https:\/\/www.ub.edu\/in2ub\/wp-json\/wp\/v2\/users\/1"}],"replies":[{"embeddable":true,"href":"https:\/\/www.ub.edu\/in2ub\/wp-json\/wp\/v2\/comments?post=29"}],"version-history":[{"count":46,"href":"https:\/\/www.ub.edu\/in2ub\/wp-json\/wp\/v2\/pages\/29\/revisions"}],"predecessor-version":[{"id":51298,"href":"https:\/\/www.ub.edu\/in2ub\/wp-json\/wp\/v2\/pages\/29\/revisions\/51298"}],"wp:attachment":[{"href":"https:\/\/www.ub.edu\/in2ub\/wp-json\/wp\/v2\/media?parent=29"}],"curies":[{"name":"wp","href":"https:\/\/api.w.org\/{rel}","templated":true}]}}