{"id":46829,"date":"2024-05-13T10:43:13","date_gmt":"2024-05-13T08:43:13","guid":{"rendered":"https:\/\/www.ub.edu\/in2ub\/?page_id=46829"},"modified":"2024-05-13T13:15:37","modified_gmt":"2024-05-13T11:15:37","slug":"transfer-indicators","status":"publish","type":"page","link":"https:\/\/www.ub.edu\/in2ub\/transfer-indicators\/","title":{"rendered":"Transfer Indicators"},"content":{"rendered":"<section class=\"l-section wpb_row height_medium\"><div class=\"l-section-h i-cf\"><div class=\"g-cols vc_row type_default valign_top\"><div class=\"vc_col-sm-12 wpb_column vc_column_container\"><div class=\"vc_column-inner\"><div class=\"wpb_wrapper\"><style data-type=\"us_custom-css\">.w-separator.size_small.with_line.width_30.thick_3.style_solid.color_secondary.align_center {\r\n    margin-left: 0!important;\r\n    margin-bottom: 1rem;\r\n    height: 1rem;\r\n    color: #d68b36;\r\n}<\/style><section class=\"l-section wpb_row us_custom_6c796549 height_small with_slider with_overlay\"><div class=\"l-section-slider\"><div class=\"w-slider style_none fit_cover\"><div class=\"w-slider-h\"><div class=\"royalSlider\"><div class=\"rsContent\"><a class=\"rsImg\" data-rsw=\"1246\" data-rsh=\"901\" href=\"https:\/\/www.ub.edu\/in2ub\/wp-content\/uploads\/2021\/07\/Gold-nanocups-copia-5.jpg\"><span data-alt=\"\"><\/span><\/a><\/div><div class=\"rsContent\"><a class=\"rsImg\" data-rsw=\"1920\" data-rsh=\"1080\" href=\"https:\/\/www.ub.edu\/in2ub\/wp-content\/uploads\/2020\/11\/in2ub-back-3.jpg\"><span data-alt=\"\"><\/span><\/a><\/div><div class=\"rsContent\"><a class=\"rsImg\" data-rsw=\"1920\" data-rsh=\"960\" href=\"https:\/\/www.ub.edu\/in2ub\/wp-content\/uploads\/2020\/11\/in2ub-back-4.jpg\"><span data-alt=\"\"><\/span><\/a><\/div><div class=\"rsContent\"><a class=\"rsImg\" data-rsw=\"1920\" data-rsh=\"1440\" href=\"https:\/\/www.ub.edu\/in2ub\/wp-content\/uploads\/2020\/11\/in2ub-back-2.jpg\"><span data-alt=\"\"><\/span><\/a><\/div><div class=\"rsContent\"><a class=\"rsImg\" data-rsw=\"1920\" data-rsh=\"1280\" href=\"https:\/\/www.ub.edu\/in2ub\/wp-content\/uploads\/2020\/11\/in2ub-back-1.jpg\"><span data-alt=\"\"><\/span><\/a><\/div><\/div><img decoding=\"async\" src=\"https:\/\/www.ub.edu\/in2ub\/wp-content\/uploads\/2021\/07\/Gold-nanocups-copia-5.jpg\" width=\"1246\" height=\"901\" alt loading=\"lazy\"><\/div><div class=\"w-slider-json\" onclick='return {&quot;loop&quot;:true,&quot;fadeInLoadedSlide&quot;:false,&quot;slidesSpacing&quot;:0,&quot;imageScalePadding&quot;:0,&quot;numImagesToPreload&quot;:2,&quot;arrowsNav&quot;:false,&quot;arrowsNavAutoHide&quot;:false,&quot;transitionType&quot;:&quot;move&quot;,&quot;transitionSpeed&quot;:1000,&quot;block&quot;:{&quot;moveEffect&quot;:&quot;none&quot;,&quot;speed&quot;:300},&quot;controlNavigation&quot;:&quot;none&quot;,&quot;autoplay&quot;:{&quot;enabled&quot;:true,&quot;pauseOnHover&quot;:false,&quot;delay&quot;:3000},&quot;imageScaleMode&quot;:&quot;fill&quot;,&quot;autoScaleSlider&quot;:true,&quot;autoScaleSliderWidth&quot;:1246,&quot;autoScaleSliderHeight&quot;:901,&quot;fitInViewport&quot;:false}'><\/div><\/div><\/div><div class=\"l-section-overlay\" style=\"background: linear-gradient(90deg, rgba(255,255,255,1) 0%, rgba(255,255,255,0.20) 100%)\"><\/div><div class=\"l-section-h i-cf\"><div class=\"g-cols vc_row type_default valign_top\"><div class=\"vc_col-sm-12 wpb_column vc_column_container\"><div class=\"vc_column-inner\"><div class=\"wpb_wrapper\"><div class=\"g-cols wpb_row  type_boxes valign_top vc_inner\"><div class=\"vc_col-sm-2\/5 wpb_column vc_column_container\"><div class=\"vc_column-inner\"><div class=\"wpb_wrapper\"><div class=\"w-separator size_small\"><\/div><div class=\"wpb_text_column\" ><div class=\"wpb_wrapper\"><h2 style=\"text-align: left;\"><strong>Institute of Nanoscience and Nanotechnology<\/strong><\/h2>\n<\/div><\/div><div class=\"wpb_text_column\" ><div class=\"wpb_wrapper\"><h2 style=\"text-align: left;\"><strong>University of Barcelona<\/strong><\/h2>\n<\/div><\/div><div class=\"w-separator size_small with_line width_30 thick_3 style_solid color_secondary align_center\"><div class=\"w-separator-h\"><\/div><\/div><h1 class=\"w-post-elm post_title entry-title color_link_inherit\">Transfer Indicators<\/h1><\/div><\/div><\/div><div class=\"vc_col-sm-3\/5 wpb_column vc_column_container\"><div class=\"vc_column-inner\"><div class=\"wpb_wrapper\"><\/div><\/div><\/div><\/div><\/div><\/div><\/div><\/div><\/div><\/section>\n<\/div><\/div><\/div><\/div><\/div><\/section><section class=\"l-section wpb_row height_medium\"><div class=\"l-section-h i-cf\"><div class=\"g-cols vc_row type_default valign_top\"><div class=\"vc_col-sm-12 wpb_column vc_column_container\"><div class=\"vc_column-inner\"><div class=\"wpb_wrapper\"><div class=\"wpb_text_column\" ><div class=\"wpb_wrapper\"><p>Transfer Indicators<\/p>\n<p>A relevant indicator is the number of spin-off companies emerged from IN<sup>2<\/sup>UB. The Institute has 7 spin-offs:<\/p>\n<ul>\n<li>Nimble Diagnostics, a newly created (2022) UB, IGTP and UPC spin-off,\u00a0founded to monitor stent using microwave technology, being\u00a0Dr. Javier Tejada Palacios\u00a0a co-founder of this newly created spin-off.<\/li>\n<li>ColorSensing, S.L, created in 2018 by Dr. Juan Daniel Prades Garc\u00eda, devoted to smart packaging for food processing efficiency, quality, and safety.<\/li>\n<li>Enlighting Technologies (Kumux), created in 2017 by Dr. Blas Garrido Fern\u00e1ndez and Dr. Sergi Hern\u00e1ndez M\u00e1rquez. It aims at achieving a more comfortable and adaptable light to each need and situation. They have developed the FLEXILIGHT-UB technology, which is able to reproduce any spectrum of light accurately and imitate any kind of light.<\/li>\n<li>Impetux Optics, S.L., created in 2012 lead by Dr. Mario Montes Usategui. Impetux Optics focuses its activity on Design, Manufacturing and Marketing of optical force measurement systems for Optical Tweezers. The company makes available a patented technology that overcomes existing limitations, providing clear advantages when measuring optical forces. The systems developed, allow force measurements in experiments where trap stiffness calibration is difficult or impossible.<\/li>\n<li>Advanced Nanotechnologies, S.L., created in 2012 by Dr. Enric Bertran Serra, Dr. Esther Pascual Miralles and Dr. Jos\u00e9 Lu\u00eds And\u00fajar Bella. Advanced Nanotechnologies S.L. is devoted to materials and surface applications addressed to general consumers and to the business market. It supports R&amp;D projects by developing specific processes and equipment for each application. The company offers innovative solutions based on nanotechnology adapted to specific developments of the costumers, related to the manufacturing of nanostructured materials. It offers also consultancy services.<\/li>\n<li>Smalle Technologies, S.L. (by Dr. Christophe Serre and Dr. Alejandro P\u00e9rez Rodr\u00edguez), created in 2012. Smalle Technologies is a company that develops new methods for maximizing the benefits from renewable and sustainable energy sources in order to address energy supply shortages of off-grid devices. Smalle Technologies develops generators that transform the energy contained in the waves into electricity to supply power to off-shore devices.<\/li>\n<li>EndoASIC, S.L. (2013) (Dr. Angel Dieguez Barrientos, Dr. Oscar Alonso Casanovas and Dr. Ana Vil\u00e0 Arbon\u00e9s, members of the entrepreneurial group). This company develops, using micro and nanotechnologies, autonomous minimally invasive systems for the substitution of gastrointestinal endoscopic systems.<\/li>\n<\/ul>\n<p>During 2023 period, IN<sup>2<\/sup>UB has applied for 33 patents.<\/p>\n<\/div><\/div><\/div><\/div><\/div><\/div><\/div><\/section>\n","protected":false},"excerpt":{"rendered":"Institute of Nanoscience and Nanotechnology University of Barcelona Transfer Indicators Transfer Indicators A relevant indicator is the number of spin-off companies emerged from IN2UB. The Institute has 7 spin-offs: Nimble Diagnostics, a newly created (2022) UB, IGTP and UPC spin-off,\u00a0founded to monitor stent using microwave technology, being\u00a0Dr. Javier Tejada Palacios\u00a0a co-founder of this newly created...","protected":false},"author":2,"featured_media":0,"parent":0,"menu_order":0,"comment_status":"closed","ping_status":"closed","template":"","meta":{"footnotes":""},"yoast_head":"<!-- This site is optimized with the Yoast SEO plugin v23.5 - https:\/\/yoast.com\/wordpress\/plugins\/seo\/ -->\n<title>Transfer Indicators - IN\u00b2UB<\/title>\n<meta name=\"robots\" content=\"index, follow, max-snippet:-1, max-image-preview:large, max-video-preview:-1\" \/>\n<link rel=\"canonical\" href=\"https:\/\/www.ub.edu\/in2ub\/transfer-indicators\/\" \/>\n<meta property=\"og:locale\" content=\"en_US\" \/>\n<meta property=\"og:type\" content=\"article\" \/>\n<meta property=\"og:title\" content=\"Transfer Indicators - IN\u00b2UB\" \/>\n<meta property=\"og:url\" content=\"https:\/\/www.ub.edu\/in2ub\/transfer-indicators\/\" \/>\n<meta property=\"og:site_name\" content=\"IN\u00b2UB\" \/>\n<meta property=\"article:modified_time\" content=\"2024-05-13T11:15:37+00:00\" \/>\n<meta name=\"twitter:card\" content=\"summary_large_image\" \/>\n<meta name=\"twitter:label1\" content=\"Est. reading time\" \/>\n\t<meta name=\"twitter:data1\" content=\"2 minutes\" \/>\n<script type=\"application\/ld+json\" class=\"yoast-schema-graph\">{\"@context\":\"https:\/\/schema.org\",\"@graph\":[{\"@type\":\"WebPage\",\"@id\":\"https:\/\/www.ub.edu\/in2ub\/transfer-indicators\/\",\"url\":\"https:\/\/www.ub.edu\/in2ub\/transfer-indicators\/\",\"name\":\"Transfer Indicators - IN\u00b2UB\",\"isPartOf\":{\"@id\":\"https:\/\/www.ub.edu\/in2ub\/#website\"},\"datePublished\":\"2024-05-13T08:43:13+00:00\",\"dateModified\":\"2024-05-13T11:15:37+00:00\",\"breadcrumb\":{\"@id\":\"https:\/\/www.ub.edu\/in2ub\/transfer-indicators\/#breadcrumb\"},\"inLanguage\":\"en-US\",\"potentialAction\":[{\"@type\":\"ReadAction\",\"target\":[\"https:\/\/www.ub.edu\/in2ub\/transfer-indicators\/\"]}]},{\"@type\":\"BreadcrumbList\",\"@id\":\"https:\/\/www.ub.edu\/in2ub\/transfer-indicators\/#breadcrumb\",\"itemListElement\":[{\"@type\":\"ListItem\",\"position\":1,\"name\":\"Inici\",\"item\":\"https:\/\/www.ub.edu\/in2ub\/\"},{\"@type\":\"ListItem\",\"position\":2,\"name\":\"Transfer Indicators\"}]},{\"@type\":\"WebSite\",\"@id\":\"https:\/\/www.ub.edu\/in2ub\/#website\",\"url\":\"https:\/\/www.ub.edu\/in2ub\/\",\"name\":\"IN\u00b2UB\",\"description\":\"Institut de Nanoci\u00e8ncia i Nanotecnologia - Universitat de Barcelona\",\"potentialAction\":[{\"@type\":\"SearchAction\",\"target\":{\"@type\":\"EntryPoint\",\"urlTemplate\":\"https:\/\/www.ub.edu\/in2ub\/?s={search_term_string}\"},\"query-input\":{\"@type\":\"PropertyValueSpecification\",\"valueRequired\":true,\"valueName\":\"search_term_string\"}}],\"inLanguage\":\"en-US\"}]}<\/script>\n<!-- \/ Yoast SEO plugin. -->","yoast_head_json":{"title":"Transfer Indicators - IN\u00b2UB","robots":{"index":"index","follow":"follow","max-snippet":"max-snippet:-1","max-image-preview":"max-image-preview:large","max-video-preview":"max-video-preview:-1"},"canonical":"https:\/\/www.ub.edu\/in2ub\/transfer-indicators\/","og_locale":"en_US","og_type":"article","og_title":"Transfer Indicators - IN\u00b2UB","og_url":"https:\/\/www.ub.edu\/in2ub\/transfer-indicators\/","og_site_name":"IN\u00b2UB","article_modified_time":"2024-05-13T11:15:37+00:00","twitter_card":"summary_large_image","twitter_misc":{"Est. reading time":"2 minutes"},"schema":{"@context":"https:\/\/schema.org","@graph":[{"@type":"WebPage","@id":"https:\/\/www.ub.edu\/in2ub\/transfer-indicators\/","url":"https:\/\/www.ub.edu\/in2ub\/transfer-indicators\/","name":"Transfer Indicators - IN\u00b2UB","isPartOf":{"@id":"https:\/\/www.ub.edu\/in2ub\/#website"},"datePublished":"2024-05-13T08:43:13+00:00","dateModified":"2024-05-13T11:15:37+00:00","breadcrumb":{"@id":"https:\/\/www.ub.edu\/in2ub\/transfer-indicators\/#breadcrumb"},"inLanguage":"en-US","potentialAction":[{"@type":"ReadAction","target":["https:\/\/www.ub.edu\/in2ub\/transfer-indicators\/"]}]},{"@type":"BreadcrumbList","@id":"https:\/\/www.ub.edu\/in2ub\/transfer-indicators\/#breadcrumb","itemListElement":[{"@type":"ListItem","position":1,"name":"Inici","item":"https:\/\/www.ub.edu\/in2ub\/"},{"@type":"ListItem","position":2,"name":"Transfer Indicators"}]},{"@type":"WebSite","@id":"https:\/\/www.ub.edu\/in2ub\/#website","url":"https:\/\/www.ub.edu\/in2ub\/","name":"IN\u00b2UB","description":"Institut de Nanoci\u00e8ncia i Nanotecnologia - Universitat de Barcelona","potentialAction":[{"@type":"SearchAction","target":{"@type":"EntryPoint","urlTemplate":"https:\/\/www.ub.edu\/in2ub\/?s={search_term_string}"},"query-input":{"@type":"PropertyValueSpecification","valueRequired":true,"valueName":"search_term_string"}}],"inLanguage":"en-US"}]}},"_links":{"self":[{"href":"https:\/\/www.ub.edu\/in2ub\/wp-json\/wp\/v2\/pages\/46829"}],"collection":[{"href":"https:\/\/www.ub.edu\/in2ub\/wp-json\/wp\/v2\/pages"}],"about":[{"href":"https:\/\/www.ub.edu\/in2ub\/wp-json\/wp\/v2\/types\/page"}],"author":[{"embeddable":true,"href":"https:\/\/www.ub.edu\/in2ub\/wp-json\/wp\/v2\/users\/2"}],"replies":[{"embeddable":true,"href":"https:\/\/www.ub.edu\/in2ub\/wp-json\/wp\/v2\/comments?post=46829"}],"version-history":[{"count":5,"href":"https:\/\/www.ub.edu\/in2ub\/wp-json\/wp\/v2\/pages\/46829\/revisions"}],"predecessor-version":[{"id":46853,"href":"https:\/\/www.ub.edu\/in2ub\/wp-json\/wp\/v2\/pages\/46829\/revisions\/46853"}],"wp:attachment":[{"href":"https:\/\/www.ub.edu\/in2ub\/wp-json\/wp\/v2\/media?parent=46829"}],"curies":[{"name":"wp","href":"https:\/\/api.w.org\/{rel}","templated":true}]}}