{"id":177,"date":"2016-04-13T09:33:18","date_gmt":"2016-04-13T09:33:18","guid":{"rendered":"http:\/\/www.ub.edu\/informaticapersonalINT\/programari\/?page_id=177"},"modified":"2019-05-15T11:46:55","modified_gmt":"2019-05-15T09:46:55","slug":"que-fem","status":"publish","type":"page","link":"https:\/\/www.ub.edu\/informaticapersonalINT\/programari\/que-fem\/","title":{"rendered":"Qu\u00e8 oferim?"},"content":{"rendered":"<p>L&#8217;\u00c0rea de Tecnologies (TIC) gestiona el <strong>cicle de vida de\u00a0 programari<\/strong> que ofereix la Universitat de Barcelona.<\/p>\n<p><strong>Al cat\u00e0leg de Programari UB<\/strong> \u00a0es mostren les llic\u00e8ncies i serveis de programari disponibles als membres de la Universitat de Barcelona . <strong>S\u2019inclouen les llic\u00e8ncies o serveis gestionats per l\u2019\u00c0rea TIC, aix\u00ed com altres contractes o serveis gestionats per altres unitats.<\/strong> Aquelles unitats o serveis que disposin d\u2019un contracte o servei de programari poden, si aix\u00ed ho consideren, integrar-lo dins del Cat\u00e0leg de Programari UB facilitant-ne la cerca i l&#8217;acc\u00e9s a la comunitat UB.<\/p>\n<p>A programari UB tamb\u00e9 realitzem l&#8217;assessorament sobre el llicenciament de qualsevol necessitat de programari f\u00f3ra del seu cat\u00e0leg i la cerca d&#8217;ofertes i pressupostos. Els usuaris tamb\u00e9 poden demanar a l&#8217;\u00c0rea TIC allotjament per a les seves llic\u00e8ncies en xarxa o concurrents.<\/p>\n<p>&nbsp;<\/p>\n<div class=\"row\">\n<div class=\"col-md-offset-1 col-md-10\"><a aria-controls=\"collapseExample\" aria-expanded=\"false\" class=\"btn btn-primary btn-block\" href=\"#areaTIC\" data-toggle=\"collapse\">Distribu\u00eft per l&#8217;\u00c0rea TIC<br \/>\n<\/a><\/p>\n<div class=\"collapse\" id=\"areaTIC\">\n<div class=\"voffset3 list-group\">\n<div class=\"list-group-item\">\n<h4 class=\"list-group-item-heading\">Llic\u00e8ncia <em>Upgrade<\/em> a Windows Enterprise<\/h4>\n<p class=\"list-group-item-text\">La UB disposa d&#8217;un Campus Educacional de Microsoft que permet la instal\u00b7laci\u00f3 del sistema operatiu MS Windows Enterprise Edition en els equips del campus universitari. \u00c9s una llic\u00e8ncia tipus <em>Upgrade, <\/em>per tant, els usuaris han de garantir que l&#8217;equip disposa pr\u00e8viament d&#8217;una llic\u00e8ncia Windows <em>Completa<\/em>.<\/p>\n<\/div>\n<div class=\"list-group-item\">\n<h4 class=\"list-group-item-heading\">Programari de productivitat (ofim\u00e0tica, estad\u00edstica, CAD&#8230;)<\/h4>\n<p class=\"list-group-item-text\">Consulteu el <a href=\"http:\/\/www.ub.edu\/iub\/programariub\" target=\"_blank\">cat\u00e0leg de programari amb llic\u00e8ncia UB<\/a>.<\/p>\n<\/div>\n<div class=\"list-group-item\">\n<h4 class=\"list-group-item-heading\">Antivirus<\/h4>\n<p class=\"list-group-item-text\">La UB disposa de llic\u00e8ncia corporativa de l\u2019 antivirus <a href=\"http:\/\/www.ub.edu\/informaticapersonalINT\/antivirics\/\"><strong>SOPHOS<\/strong> <strong>Endpoint Security and Control<\/strong>.<\/a><\/p>\n<\/div>\n<\/div>\n<\/div>\n<p><a aria-controls=\"collapseExample\" aria-expanded=\"false\" class=\"btn btn-primary btn-block\" href=\"#noareaTIC\" data-toggle=\"collapse\">No distribu\u00eft per l&#8217;\u00c0rea TIC<\/a><\/p>\n<div class=\"collapse\" id=\"noareaTIC\">\n<div class=\"voffset3 list-group\">\n<div class=\"list-group-item\">\n<h4 class=\"list-group-item-heading\">Sistemes Operatius (MacOS X, Linux)<\/h4>\n<p>La UB no est\u00e0 autoritzada a distribuir ni actualitzar llic\u00e8ncies de Mac OS X per \u00fas corporatiu. L&#8217;usuari haur\u00e0 de fer-ho mitjan\u00e7ant un distribu\u00efdor autoritzat.<\/p>\n<p>La UB no disposa de cap distribuci\u00f3 de Linux pr\u00f2pia. L&#8217;usuari ha d&#8217;aconseguir la distribuci\u00f3 Linux que consideri m\u00e9s convenient.<\/p>\n<\/div>\n<div class=\"list-group-item\">\n<h4 class=\"list-group-item-heading\">Programari de productivitat (ofim\u00e0tica, estad\u00edstica, CAD&#8230;)<\/h4>\n<p class=\"list-group-item-text\">Si necessiteu un programari i no est\u00e0 incl\u00f2s al\u00a0 cat\u00e0leg de programari,\u00a0 us facilitarem acc\u00e9s al canal de compra corresponent, fabricant, distribu\u00efdor. Us informarem sobre el tipus de llicenciament disponible i cercarem ofertes. <a href=\"https:\/\/www.ub.edu\/informaticapersonalINT\/programari\/llicenciesub\/no-trobeu-el-programari\/\">M\u00e9s informaci\u00f3<\/a>.<\/p>\n<\/div>\n<div class=\"list-group-item\">\n<h4 class=\"list-group-item-heading\">Programari de lliure distribuci\u00f3<\/h4>\n<p class=\"list-group-item-text\">A l&#8217;apartat<a href=\"https:\/\/www.ub.edu\/informaticapersonalINT\/programarilliure\" target=\"_blank\"> Programari lliure distribuci\u00f3 o gratu\u00eft<\/a> hi trobareu enlla\u00e7os a diverses p\u00e0gines de desc\u00e0rrega i informaci\u00f3 sobre algunes opcions interessants.<\/p>\n<\/div>\n<\/div>\n<\/div>\n<p><a aria-controls=\"collapseExample\" aria-expanded=\"false\" class=\"btn btn-primary btn-block\" href=\"#renting\" data-toggle=\"collapse\">Programari base en equips de r\u00e8nting<\/a><\/p>\n<div class=\"collapse\" id=\"renting\">\n<div class=\"voffset3 list-group\">\n<div class=\"list-group-item\">\n<p class=\"Estilo2\">Els equips de r\u00e8nting que es faciliten des de l&#8217;\u00c0rea TIC es serveixen amb el Sistema operatiu Windows Enterprise activat i porten instal\u00b7lats i pre-configurats l&#8217;antivirus, el MS Office\u00a0 i el client de correu Outlook.<\/p>\n<p class=\"Estilo2\"><img loading=\"lazy\" decoding=\"async\" src=\"http:\/\/www.ub.edu\/iub\/serveis\/imatges\/info.png\" alt=\"\" width=\"16\" height=\"16\" \/> Per con\u00e8ixer amb detall el programari instal\u00b7lat en cada edici\u00f3 de Renting, consulteu <a href=\"http:\/\/www.ub.edu\/informaticapersonalINT\/renting\/\" target=\"_blank\">la p\u00e0gina d&#8217;Equips de r\u00e8nting<\/a>.<\/p>\n<\/div>\n<\/div>\n<\/div>\n<p><a aria-controls=\"collapseExample\" aria-expanded=\"false\" class=\"btn btn-primary btn-block\" href=\"#altres\" data-toggle=\"collapse\">Altres serveis de programari<\/a><\/p>\n<div class=\"collapse\" id=\"altres\">\n<div class=\"voffset3 list-group\">\n<div class=\"list-group-item\">\n<h4 class=\"list-group-item-heading\">Assessorament en llicenciament i pressupostos<\/h4>\n<p class=\"list-group-item-text\">Digueu-nos quin software necessiteu i us informarem sobre el tipus de llicenciament disponible i cercarem les millors ofertes. <a href=\"https:\/\/www.ub.edu\/informaticapersonalINT\/programari\/no-trobeu-el-programari\/\">M\u00e9s informaci\u00f3<\/a>.<\/p>\n<\/div>\n<div class=\"list-group-item\">\n<h4 class=\"list-group-item-heading\">Allotjament de llic\u00e8ncies en xarxa<\/h4>\n<p class=\"list-group-item-text\">Allotgem en els nostres servidors les vostres llic\u00e8ncies en xarxa o concurrents.<a href=\"https:\/\/www.ub.edu\/informaticapersonalINT\/programari\/llicenciesub\/allotjament-de-llicencies-en-xarxa\/\"> M\u00e9s informaci\u00f3.<\/a><\/p>\n<\/div>\n<\/div>\n<\/div>\n<\/div>\n<\/div>\n<p>&nbsp;<\/p>\n","protected":false},"excerpt":{"rendered":"<p>L&#8217;\u00c0rea de Tecnologies (TIC) gestiona el cicle de vida de\u00a0 programari que ofereix la Universitat de Barcelona. Al cat\u00e0leg de Programari UB \u00a0es mostren les llic\u00e8ncies i serveis de programari disponibles als membres de la Universitat de Barcelona . S\u2019inclouen les llic\u00e8ncies o serveis gestionats per l\u2019\u00c0rea TIC, aix\u00ed com altres contractes o serveis gestionats [&hellip;]<\/p>\n","protected":false},"author":1,"featured_media":0,"parent":0,"menu_order":0,"comment_status":"closed","ping_status":"closed","template":"","meta":{"footnotes":""},"_links":{"self":[{"href":"https:\/\/www.ub.edu\/informaticapersonalINT\/programari\/wp-json\/wp\/v2\/pages\/177"}],"collection":[{"href":"https:\/\/www.ub.edu\/informaticapersonalINT\/programari\/wp-json\/wp\/v2\/pages"}],"about":[{"href":"https:\/\/www.ub.edu\/informaticapersonalINT\/programari\/wp-json\/wp\/v2\/types\/page"}],"author":[{"embeddable":true,"href":"https:\/\/www.ub.edu\/informaticapersonalINT\/programari\/wp-json\/wp\/v2\/users\/1"}],"replies":[{"embeddable":true,"href":"https:\/\/www.ub.edu\/informaticapersonalINT\/programari\/wp-json\/wp\/v2\/comments?post=177"}],"version-history":[{"count":54,"href":"https:\/\/www.ub.edu\/informaticapersonalINT\/programari\/wp-json\/wp\/v2\/pages\/177\/revisions"}],"predecessor-version":[{"id":1098,"href":"https:\/\/www.ub.edu\/informaticapersonalINT\/programari\/wp-json\/wp\/v2\/pages\/177\/revisions\/1098"}],"wp:attachment":[{"href":"https:\/\/www.ub.edu\/informaticapersonalINT\/programari\/wp-json\/wp\/v2\/media?parent=177"}],"curies":[{"name":"wp","href":"https:\/\/api.w.org\/{rel}","templated":true}]}}