{"id":250,"date":"2016-04-22T10:50:59","date_gmt":"2016-04-22T10:50:59","guid":{"rendered":"http:\/\/www.ub.edu\/informaticapersonalINT\/programari\/?page_id=250"},"modified":"2017-06-08T14:25:28","modified_gmt":"2017-06-08T12:25:28","slug":"grup-ub","status":"publish","type":"page","link":"https:\/\/www.ub.edu\/informaticapersonalINT\/programari\/grup-ub\/","title":{"rendered":"Grup UB"},"content":{"rendered":"<p>La Universitat de Barcelona ofereix al seu col\u00b7lectiu llic\u00e8ncies de programari segons els contractes signats amb diferents fabricants.<\/p>\n<p>Alguns d&#8217;aquests contractes tamb\u00e9 ens permeten legalment proveir llic\u00e8ncies al PAS de les entitats que formen el Grup UB. <strong>El responsable de TIC de cada entitat,<\/strong> o a qui autoritzi, pot accedir i sol\u00b7licitar les llic\u00e8ncies des del\u00a0 <a href=\"http:\/\/www.ub.edu\/iub\/programariub\/\" target=\"_blank\">Cat\u00e0leg de Programari UB<\/a> autenticant-se com a gestors de Grup UB autoritzats.<\/p>\n<p>En d&#8217;altres casos, els fabricants ofereixen acords de llic\u00e8ncies que poden ser extensibles a les entitats del Grup UB.<\/p>\n<p>Consulteu amb l&#8217;\u00c0rea TIC quins s\u00f3n els acords i les condicions.<\/p>\n<p>&nbsp;<\/p>\n<p>&nbsp;<\/p>\n<p>&nbsp;<\/p>\n","protected":false},"excerpt":{"rendered":"<p>La Universitat de Barcelona ofereix al seu col\u00b7lectiu llic\u00e8ncies de programari segons els contractes signats amb diferents fabricants. Alguns d&#8217;aquests contractes tamb\u00e9 ens permeten legalment proveir llic\u00e8ncies al PAS de les entitats que formen el Grup UB. El responsable de TIC de cada entitat, o a qui autoritzi, pot accedir i sol\u00b7licitar les llic\u00e8ncies des [&hellip;]<\/p>\n","protected":false},"author":1,"featured_media":0,"parent":0,"menu_order":0,"comment_status":"closed","ping_status":"closed","template":"","meta":{"footnotes":""},"_links":{"self":[{"href":"https:\/\/www.ub.edu\/informaticapersonalINT\/programari\/wp-json\/wp\/v2\/pages\/250"}],"collection":[{"href":"https:\/\/www.ub.edu\/informaticapersonalINT\/programari\/wp-json\/wp\/v2\/pages"}],"about":[{"href":"https:\/\/www.ub.edu\/informaticapersonalINT\/programari\/wp-json\/wp\/v2\/types\/page"}],"author":[{"embeddable":true,"href":"https:\/\/www.ub.edu\/informaticapersonalINT\/programari\/wp-json\/wp\/v2\/users\/1"}],"replies":[{"embeddable":true,"href":"https:\/\/www.ub.edu\/informaticapersonalINT\/programari\/wp-json\/wp\/v2\/comments?post=250"}],"version-history":[{"count":8,"href":"https:\/\/www.ub.edu\/informaticapersonalINT\/programari\/wp-json\/wp\/v2\/pages\/250\/revisions"}],"predecessor-version":[{"id":797,"href":"https:\/\/www.ub.edu\/informaticapersonalINT\/programari\/wp-json\/wp\/v2\/pages\/250\/revisions\/797"}],"wp:attachment":[{"href":"https:\/\/www.ub.edu\/informaticapersonalINT\/programari\/wp-json\/wp\/v2\/media?parent=250"}],"curies":[{"name":"wp","href":"https:\/\/api.w.org\/{rel}","templated":true}]}}